{"id":1965,"date":"2026-03-24T14:39:59","date_gmt":"2026-03-24T14:39:59","guid":{"rendered":"https:\/\/socialclubmallorca.com\/private-buchung\/"},"modified":"2026-04-08T12:48:29","modified_gmt":"2026-04-08T12:48:29","slug":"private-buchung","status":"publish","type":"page","link":"https:\/\/socialclubmallorca.com\/de\/private-buchung\/","title":{"rendered":"Private Buchung"},"content":{"rendered":"\t\t<div data-elementor-type=\"wp-page\" data-elementor-id=\"1965\" class=\"elementor elementor-1965 elementor-1931\" data-elementor-post-type=\"page\">\n\t\t\t\t<div class=\"elementor-element elementor-element-0c69c0a e-flex e-con-boxed e-con e-parent\" data-id=\"0c69c0a\" data-element_type=\"container\" data-e-type=\"container\" data-settings=\"{&quot;background_background&quot;:&quot;classic&quot;,&quot;jet_parallax_layout_list&quot;:[]}\">\n\t\t\t\t\t<div class=\"e-con-inner\">\n\t\t\t\t<div class=\"elementor-element elementor-element-6523b04 elementor-invisible elementor-widget elementor-widget-heading\" data-id=\"6523b04\" data-element_type=\"widget\" data-e-type=\"widget\" data-settings=\"{&quot;_animation&quot;:&quot;fadeIn&quot;}\" data-widget_type=\"heading.default\">\n\t\t\t\t<div class=\"elementor-widget-container\">\n\t\t\t\t\t<h1 class=\"elementor-heading-title elementor-size-default\">Exklusive Vermietung &amp; Firmenevents<\/h1>\t\t\t\t<\/div>\n\t\t\t\t<\/div>\n\t\t\t\t<div class=\"elementor-element elementor-element-6f3e065 elementor-widget-divider--view-line elementor-invisible elementor-widget elementor-widget-divider\" data-id=\"6f3e065\" data-element_type=\"widget\" data-e-type=\"widget\" data-settings=\"{&quot;_animation&quot;:&quot;fadeInDown&quot;}\" data-widget_type=\"divider.default\">\n\t\t\t\t<div class=\"elementor-widget-container\">\n\t\t\t\t\t\t\t<div class=\"elementor-divider\">\n\t\t\t<span class=\"elementor-divider-separator\">\n\t\t\t\t\t\t<\/span>\n\t\t<\/div>\n\t\t\t\t\t\t<\/div>\n\t\t\t\t<\/div>\n\t\t\t\t\t<\/div>\n\t\t\t\t<\/div>\n\t\t<div class=\"elementor-element elementor-element-e7d4484 e-flex e-con-boxed e-con e-parent\" data-id=\"e7d4484\" data-element_type=\"container\" data-e-type=\"container\" data-settings=\"{&quot;jet_parallax_layout_list&quot;:[]}\">\n\t\t\t\t\t<div class=\"e-con-inner\">\n\t\t\t\t<div class=\"elementor-element elementor-element-2111606 elementor-invisible elementor-widget elementor-widget-text-editor\" data-id=\"2111606\" data-element_type=\"widget\" data-e-type=\"widget\" data-settings=\"{&quot;_animation&quot;:&quot;fadeIn&quot;}\" data-widget_type=\"text-editor.default\">\n\t\t\t\t<div class=\"elementor-widget-container\">\n\t\t\t\t\t\t\t\t\t<div>Der Social Club bietet ein exklusives Umfeld f\u00fcr Marken, Partner und Privatkunden, die Erlebnisse in gro\u00dfem Stil schaffen m\u00f6chten.<\/div><div>Mehr als nur ein Veranstaltungsort \u2013 es ist eine voll funktionsf\u00e4hige Nightlife-Plattform, die erstklassigen Sound, Produktion und Raumdesign mit einem Format kombiniert, das auf Energie, Flow und Wirkung ausgelegt ist.<\/div><div> <\/div><div>Die R\u00e4umlichkeiten k\u00f6nnen f\u00fcr eine Vielzahl von Formaten konfiguriert werden, darunter Firmenevents, Kundenbewirtung, Produkteinf\u00fchrungen, Konferenzgruppen, Markenaktivierungen und private Feiern.<\/div><div> <\/div><div>Definierte VIP-Bereiche, ein zentraler Dancefloor und erh\u00f6hte Bereiche wie die Social Suite erm\u00f6glichen vielf\u00e4ltige Erlebnisebenen in einer einzigen Umgebung.<\/div><div>Die exklusive Miete der gesamten Location bietet die vollst\u00e4ndige Kontrolle \u00fcber Programmgestaltung, Branding und die Guest Journey \u2013 und verwandelt den Club in eine immersive, ma\u00dfgeschneiderte Umgebung.<\/div><div>Unterst\u00fctzt von einem erfahrenen Team und einem musikzentrierten Fundament liefert der Social Club Events, die nicht nur reibungslos ablaufen, sondern auf der ganzen Insel ihresgleichen suchen.<\/div><div> <\/div><div>Ein Raum f\u00fcr Marken und Kunden, die den Wert von Atmosph\u00e4re, Energie und Pr\u00e4senz zu sch\u00e4tzen wissen.<\/div>\t\t\t\t\t\t\t\t<\/div>\n\t\t\t\t<\/div>\n\t\t\t\t<div class=\"elementor-element elementor-element-02af2f8 elementor-align-center elementor-invisible elementor-widget elementor-widget-button\" data-id=\"02af2f8\" data-element_type=\"widget\" data-e-type=\"widget\" data-settings=\"{&quot;_animation&quot;:&quot;fadeIn&quot;}\" data-widget_type=\"button.default\">\n\t\t\t\t<div class=\"elementor-widget-container\">\n\t\t\t\t\t\t\t\t\t<div class=\"elementor-button-wrapper\">\n\t\t\t\t\t<a class=\"elementor-button elementor-button-link elementor-size-sm\" href=\"https:\/\/socialclubmallorca.com\/wp-content\/uploads\/2026\/04\/Social_Club_Dossier_EN-1_compressed.pdf\" target=\"_blank\">\n\t\t\t\t\t\t<span class=\"elementor-button-content-wrapper\">\n\t\t\t\t\t\t\t\t\t<span class=\"elementor-button-text\">Dossier herunterladen<\/span>\n\t\t\t\t\t<\/span>\n\t\t\t\t\t<\/a>\n\t\t\t\t<\/div>\n\t\t\t\t\t\t\t\t<\/div>\n\t\t\t\t<\/div>\n\t\t\t\t\t<\/div>\n\t\t\t\t<\/div>\n\t\t<div class=\"elementor-element elementor-element-b3de387 e-flex e-con-boxed e-con e-parent\" data-id=\"b3de387\" data-element_type=\"container\" data-e-type=\"container\" data-settings=\"{&quot;jet_parallax_layout_list&quot;:[]}\">\n\t\t\t\t\t<div class=\"e-con-inner\">\n\t\t\t\t<div class=\"elementor-element elementor-element-489a952 elementor-invisible elementor-widget elementor-widget-heading\" data-id=\"489a952\" data-element_type=\"widget\" data-e-type=\"widget\" data-settings=\"{&quot;_animation&quot;:&quot;fadeIn&quot;}\" data-widget_type=\"heading.default\">\n\t\t\t\t<div class=\"elementor-widget-container\">\n\t\t\t\t\t<h3 class=\"elementor-heading-title elementor-size-default\">Kontakt<\/h3>\t\t\t\t<\/div>\n\t\t\t\t<\/div>\n\t\t<div class=\"elementor-element elementor-element-9588d8f e-con-full e-flex elementor-invisible e-con e-child\" data-id=\"9588d8f\" data-element_type=\"container\" data-e-type=\"container\" data-settings=\"{&quot;jet_parallax_layout_list&quot;:[],&quot;animation&quot;:&quot;fadeIn&quot;}\">\n\t\t\t\t<div class=\"elementor-element elementor-element-4facaa0 elementor-align-justify elementor-widget elementor-widget-button\" data-id=\"4facaa0\" data-element_type=\"widget\" data-e-type=\"widget\" data-widget_type=\"button.default\">\n\t\t\t\t<div class=\"elementor-widget-container\">\n\t\t\t\t\t\t\t\t\t<div class=\"elementor-button-wrapper\">\n\t\t\t\t\t<a class=\"elementor-button elementor-button-link elementor-size-sm\" href=\"mailto:events@socialclubmallorca.com\">\n\t\t\t\t\t\t<span class=\"elementor-button-content-wrapper\">\n\t\t\t\t\t\t<span class=\"elementor-button-icon\">\n\t\t\t\t<svg aria-hidden=\"true\" class=\"e-font-icon-svg e-far-envelope-open\" viewBox=\"0 0 512 512\" xmlns=\"http:\/\/www.w3.org\/2000\/svg\"><path d=\"M494.586 164.516c-4.697-3.883-111.723-89.95-135.251-108.657C337.231 38.191 299.437 0 256 0c-43.205 0-80.636 37.717-103.335 55.859-24.463 19.45-131.07 105.195-135.15 108.549A48.004 48.004 0 0 0 0 201.485V464c0 26.51 21.49 48 48 48h416c26.51 0 48-21.49 48-48V201.509a48 48 0 0 0-17.414-36.993zM464 458a6 6 0 0 1-6 6H54a6 6 0 0 1-6-6V204.347c0-1.813.816-3.526 2.226-4.665 15.87-12.814 108.793-87.554 132.364-106.293C200.755 78.88 232.398 48 256 48c23.693 0 55.857 31.369 73.41 45.389 23.573 18.741 116.503 93.493 132.366 106.316a5.99 5.99 0 0 1 2.224 4.663V458zm-31.991-187.704c4.249 5.159 3.465 12.795-1.745 16.981-28.975 23.283-59.274 47.597-70.929 56.863C336.636 362.283 299.205 400 256 400c-43.452 0-81.287-38.237-103.335-55.86-11.279-8.967-41.744-33.413-70.927-56.865-5.21-4.187-5.993-11.822-1.745-16.981l15.258-18.528c4.178-5.073 11.657-5.843 16.779-1.726 28.618 23.001 58.566 47.035 70.56 56.571C200.143 320.631 232.307 352 256 352c23.602 0 55.246-30.88 73.41-45.389 11.994-9.535 41.944-33.57 70.563-56.568 5.122-4.116 12.601-3.346 16.778 1.727l15.258 18.526z\"><\/path><\/svg>\t\t\t<\/span>\n\t\t\t\t\t\t\t\t\t<span class=\"elementor-button-text\">events@socialclubmallorca.com<\/span>\n\t\t\t\t\t<\/span>\n\t\t\t\t\t<\/a>\n\t\t\t\t<\/div>\n\t\t\t\t\t\t\t\t<\/div>\n\t\t\t\t<\/div>\n\t\t\t\t<div class=\"elementor-element elementor-element-be7da9b elementor-align-justify elementor-widget elementor-widget-button\" data-id=\"be7da9b\" data-element_type=\"widget\" data-e-type=\"widget\" data-widget_type=\"button.default\">\n\t\t\t\t<div class=\"elementor-widget-container\">\n\t\t\t\t\t\t\t\t\t<div class=\"elementor-button-wrapper\">\n\t\t\t\t\t<a class=\"elementor-button elementor-button-link elementor-size-sm\" href=\"https:\/\/wa.me\/message\/KYGCCOJMNE5TH1\">\n\t\t\t\t\t\t<span class=\"elementor-button-content-wrapper\">\n\t\t\t\t\t\t<span class=\"elementor-button-icon\">\n\t\t\t\t<svg aria-hidden=\"true\" class=\"e-font-icon-svg e-fab-whatsapp\" viewBox=\"0 0 448 512\" xmlns=\"http:\/\/www.w3.org\/2000\/svg\"><path d=\"M380.9 97.1C339 55.1 283.2 32 223.9 32c-122.4 0-222 99.6-222 222 0 39.1 10.2 77.3 29.6 111L0 480l117.7-30.9c32.4 17.7 68.9 27 106.1 27h.1c122.3 0 224.1-99.6 224.1-222 0-59.3-25.2-115-67.1-157zm-157 341.6c-33.2 0-65.7-8.9-94-25.7l-6.7-4-69.8 18.3L72 359.2l-4.4-7c-18.5-29.4-28.2-63.3-28.2-98.2 0-101.7 82.8-184.5 184.6-184.5 49.3 0 95.6 19.2 130.4 54.1 34.8 34.9 56.2 81.2 56.1 130.5 0 101.8-84.9 184.6-186.6 184.6zm101.2-138.2c-5.5-2.8-32.8-16.2-37.9-18-5.1-1.9-8.8-2.8-12.5 2.8-3.7 5.6-14.3 18-17.6 21.8-3.2 3.7-6.5 4.2-12 1.4-32.6-16.3-54-29.1-75.5-66-5.7-9.8 5.7-9.1 16.3-30.3 1.8-3.7.9-6.9-.5-9.7-1.4-2.8-12.5-30.1-17.1-41.2-4.5-10.8-9.1-9.3-12.5-9.5-3.2-.2-6.9-.2-10.6-.2-3.7 0-9.7 1.4-14.8 6.9-5.1 5.6-19.4 19-19.4 46.3 0 27.3 19.9 53.7 22.6 57.4 2.8 3.7 39.1 59.7 94.8 83.8 35.2 15.2 49 16.5 66.6 13.9 10.7-1.6 32.8-13.4 37.4-26.4 4.6-13 4.6-24.1 3.2-26.4-1.3-2.5-5-3.9-10.5-6.6z\"><\/path><\/svg>\t\t\t<\/span>\n\t\t\t\t\t\t\t\t\t<span class=\"elementor-button-text\">+34 697 847 246<\/span>\n\t\t\t\t\t<\/span>\n\t\t\t\t\t<\/a>\n\t\t\t\t<\/div>\n\t\t\t\t\t\t\t\t<\/div>\n\t\t\t\t<\/div>\n\t\t\t\t<\/div>\n\t\t\t\t\t<\/div>\n\t\t\t\t<\/div>\n\t\t\t\t<\/div>\n\t\t","protected":false},"excerpt":{"rendered":"<p>Exklusive Vermietung &amp; Firmenevents Der Social Club bietet ein exklusives Umfeld f\u00fcr Marken, Partner und Privatkunden, die Erlebnisse in gro\u00dfem Stil schaffen m\u00f6chten.Mehr als nur ein Veranstaltungsort \u2013 es ist eine voll funktionsf\u00e4hige Nightlife-Plattform, die erstklassigen Sound, Produktion und Raumdesign mit einem Format kombiniert, das auf Energie, Flow und Wirkung ausgelegt ist. Die R\u00e4umlichkeiten k\u00f6nnen [&hellip;]<\/p>\n","protected":false},"author":1,"featured_media":446,"parent":0,"menu_order":0,"comment_status":"closed","ping_status":"closed","template":"","meta":{"footnotes":""},"class_list":["post-1965","page","type-page","status-publish","has-post-thumbnail","hentry"],"blocksy_meta":[],"yoast_head":"<!-- This site is optimized with the Yoast SEO plugin v26.9 - https:\/\/yoast.com\/product\/yoast-seo-wordpress\/ -->\n<title>Private Buchung | Social Club Mallorca<\/title>\n<meta name=\"description\" content=\"Der Social Club bietet ein exklusives Umfeld f\u00fcr Marken, Partner und Privatkunden, die Erlebnisse in gro\u00dfem Stil schaffen m\u00f6chten.\" \/>\n<meta name=\"robots\" content=\"index, follow, max-snippet:-1, max-image-preview:large, max-video-preview:-1\" \/>\n<link rel=\"canonical\" href=\"https:\/\/socialclubmallorca.com\/de\/private-buchung\/\" \/>\n<meta property=\"og:locale\" content=\"de_DE\" \/>\n<meta property=\"og:type\" content=\"article\" \/>\n<meta property=\"og:title\" content=\"Private Buchung | Social Club Mallorca\" \/>\n<meta property=\"og:description\" content=\"Der Social Club bietet ein exklusives Umfeld f\u00fcr Marken, Partner und Privatkunden, die Erlebnisse in gro\u00dfem Stil schaffen m\u00f6chten.\" \/>\n<meta property=\"og:url\" content=\"https:\/\/socialclubmallorca.com\/de\/private-buchung\/\" \/>\n<meta property=\"og:site_name\" content=\"Social Club Mallorca\" \/>\n<meta property=\"article:modified_time\" content=\"2026-04-08T12:48:29+00:00\" \/>\n<meta property=\"og:image\" content=\"https:\/\/socialclubmallorca.com\/wp-content\/uploads\/2025\/06\/dj.jpg\" \/>\n\t<meta property=\"og:image:width\" content=\"427\" \/>\n\t<meta property=\"og:image:height\" content=\"640\" \/>\n\t<meta property=\"og:image:type\" content=\"image\/jpeg\" \/>\n<meta name=\"twitter:card\" content=\"summary_large_image\" \/>\n<meta name=\"twitter:label1\" content=\"Gesch\u00e4tzte Lesezeit\" \/>\n\t<meta name=\"twitter:data1\" content=\"1\u00a0Minute\" \/>\n<script type=\"application\/ld+json\" class=\"yoast-schema-graph\">{\"@context\":\"https:\/\/schema.org\",\"@graph\":[{\"@type\":\"WebPage\",\"@id\":\"https:\/\/socialclubmallorca.com\/de\/private-buchung\/\",\"url\":\"https:\/\/socialclubmallorca.com\/de\/private-buchung\/\",\"name\":\"Private Buchung | Social Club Mallorca\",\"isPartOf\":{\"@id\":\"https:\/\/socialclubmallorca.com\/de\/#website\"},\"primaryImageOfPage\":{\"@id\":\"https:\/\/socialclubmallorca.com\/de\/private-buchung\/#primaryimage\"},\"image\":{\"@id\":\"https:\/\/socialclubmallorca.com\/de\/private-buchung\/#primaryimage\"},\"thumbnailUrl\":\"https:\/\/socialclubmallorca.com\/wp-content\/uploads\/2025\/06\/dj.jpg\",\"datePublished\":\"2026-03-24T14:39:59+00:00\",\"dateModified\":\"2026-04-08T12:48:29+00:00\",\"description\":\"Der Social Club bietet ein exklusives Umfeld f\u00fcr Marken, Partner und Privatkunden, die Erlebnisse in gro\u00dfem Stil schaffen m\u00f6chten.\",\"breadcrumb\":{\"@id\":\"https:\/\/socialclubmallorca.com\/de\/private-buchung\/#breadcrumb\"},\"inLanguage\":\"de\",\"potentialAction\":[{\"@type\":\"ReadAction\",\"target\":[\"https:\/\/socialclubmallorca.com\/de\/private-buchung\/\"]}]},{\"@type\":\"ImageObject\",\"inLanguage\":\"de\",\"@id\":\"https:\/\/socialclubmallorca.com\/de\/private-buchung\/#primaryimage\",\"url\":\"https:\/\/socialclubmallorca.com\/wp-content\/uploads\/2025\/06\/dj.jpg\",\"contentUrl\":\"https:\/\/socialclubmallorca.com\/wp-content\/uploads\/2025\/06\/dj.jpg\",\"width\":427,\"height\":640,\"caption\":\"Social Club Mallorca\"},{\"@type\":\"BreadcrumbList\",\"@id\":\"https:\/\/socialclubmallorca.com\/de\/private-buchung\/#breadcrumb\",\"itemListElement\":[{\"@type\":\"ListItem\",\"position\":1,\"name\":\"Home\",\"item\":\"https:\/\/socialclubmallorca.com\/de\/social-club\/\"},{\"@type\":\"ListItem\",\"position\":2,\"name\":\"Private Buchung\"}]},{\"@type\":\"WebSite\",\"@id\":\"https:\/\/socialclubmallorca.com\/de\/#website\",\"url\":\"https:\/\/socialclubmallorca.com\/de\/\",\"name\":\"Social Club Mallorca\",\"description\":\"\",\"publisher\":{\"@id\":\"https:\/\/socialclubmallorca.com\/de\/#organization\"},\"potentialAction\":[{\"@type\":\"SearchAction\",\"target\":{\"@type\":\"EntryPoint\",\"urlTemplate\":\"https:\/\/socialclubmallorca.com\/de\/?s={search_term_string}\"},\"query-input\":{\"@type\":\"PropertyValueSpecification\",\"valueRequired\":true,\"valueName\":\"search_term_string\"}}],\"inLanguage\":\"de\"},{\"@type\":\"Organization\",\"@id\":\"https:\/\/socialclubmallorca.com\/de\/#organization\",\"name\":\"Social Club\",\"url\":\"https:\/\/socialclubmallorca.com\/de\/\",\"logo\":{\"@type\":\"ImageObject\",\"inLanguage\":\"de\",\"@id\":\"https:\/\/socialclubmallorca.com\/de\/#\/schema\/logo\/image\/\",\"url\":\"https:\/\/socialclubmallorca.com\/wp-content\/uploads\/2026\/03\/symbol_.png\",\"contentUrl\":\"https:\/\/socialclubmallorca.com\/wp-content\/uploads\/2026\/03\/symbol_.png\",\"width\":918,\"height\":836,\"caption\":\"Social Club\"},\"image\":{\"@id\":\"https:\/\/socialclubmallorca.com\/de\/#\/schema\/logo\/image\/\"}}]}<\/script>\n<!-- \/ Yoast SEO plugin. -->","yoast_head_json":{"title":"Private Buchung | Social Club Mallorca","description":"Der Social Club bietet ein exklusives Umfeld f\u00fcr Marken, Partner und Privatkunden, die Erlebnisse in gro\u00dfem Stil schaffen m\u00f6chten.","robots":{"index":"index","follow":"follow","max-snippet":"max-snippet:-1","max-image-preview":"max-image-preview:large","max-video-preview":"max-video-preview:-1"},"canonical":"https:\/\/socialclubmallorca.com\/de\/private-buchung\/","og_locale":"de_DE","og_type":"article","og_title":"Private Buchung | Social Club Mallorca","og_description":"Der Social Club bietet ein exklusives Umfeld f\u00fcr Marken, Partner und Privatkunden, die Erlebnisse in gro\u00dfem Stil schaffen m\u00f6chten.","og_url":"https:\/\/socialclubmallorca.com\/de\/private-buchung\/","og_site_name":"Social Club Mallorca","article_modified_time":"2026-04-08T12:48:29+00:00","og_image":[{"width":427,"height":640,"url":"https:\/\/socialclubmallorca.com\/wp-content\/uploads\/2025\/06\/dj.jpg","type":"image\/jpeg"}],"twitter_card":"summary_large_image","twitter_misc":{"Gesch\u00e4tzte Lesezeit":"1\u00a0Minute"},"schema":{"@context":"https:\/\/schema.org","@graph":[{"@type":"WebPage","@id":"https:\/\/socialclubmallorca.com\/de\/private-buchung\/","url":"https:\/\/socialclubmallorca.com\/de\/private-buchung\/","name":"Private Buchung | Social Club Mallorca","isPartOf":{"@id":"https:\/\/socialclubmallorca.com\/de\/#website"},"primaryImageOfPage":{"@id":"https:\/\/socialclubmallorca.com\/de\/private-buchung\/#primaryimage"},"image":{"@id":"https:\/\/socialclubmallorca.com\/de\/private-buchung\/#primaryimage"},"thumbnailUrl":"https:\/\/socialclubmallorca.com\/wp-content\/uploads\/2025\/06\/dj.jpg","datePublished":"2026-03-24T14:39:59+00:00","dateModified":"2026-04-08T12:48:29+00:00","description":"Der Social Club bietet ein exklusives Umfeld f\u00fcr Marken, Partner und Privatkunden, die Erlebnisse in gro\u00dfem Stil schaffen m\u00f6chten.","breadcrumb":{"@id":"https:\/\/socialclubmallorca.com\/de\/private-buchung\/#breadcrumb"},"inLanguage":"de","potentialAction":[{"@type":"ReadAction","target":["https:\/\/socialclubmallorca.com\/de\/private-buchung\/"]}]},{"@type":"ImageObject","inLanguage":"de","@id":"https:\/\/socialclubmallorca.com\/de\/private-buchung\/#primaryimage","url":"https:\/\/socialclubmallorca.com\/wp-content\/uploads\/2025\/06\/dj.jpg","contentUrl":"https:\/\/socialclubmallorca.com\/wp-content\/uploads\/2025\/06\/dj.jpg","width":427,"height":640,"caption":"Social Club Mallorca"},{"@type":"BreadcrumbList","@id":"https:\/\/socialclubmallorca.com\/de\/private-buchung\/#breadcrumb","itemListElement":[{"@type":"ListItem","position":1,"name":"Home","item":"https:\/\/socialclubmallorca.com\/de\/social-club\/"},{"@type":"ListItem","position":2,"name":"Private Buchung"}]},{"@type":"WebSite","@id":"https:\/\/socialclubmallorca.com\/de\/#website","url":"https:\/\/socialclubmallorca.com\/de\/","name":"Social Club Mallorca","description":"","publisher":{"@id":"https:\/\/socialclubmallorca.com\/de\/#organization"},"potentialAction":[{"@type":"SearchAction","target":{"@type":"EntryPoint","urlTemplate":"https:\/\/socialclubmallorca.com\/de\/?s={search_term_string}"},"query-input":{"@type":"PropertyValueSpecification","valueRequired":true,"valueName":"search_term_string"}}],"inLanguage":"de"},{"@type":"Organization","@id":"https:\/\/socialclubmallorca.com\/de\/#organization","name":"Social Club","url":"https:\/\/socialclubmallorca.com\/de\/","logo":{"@type":"ImageObject","inLanguage":"de","@id":"https:\/\/socialclubmallorca.com\/de\/#\/schema\/logo\/image\/","url":"https:\/\/socialclubmallorca.com\/wp-content\/uploads\/2026\/03\/symbol_.png","contentUrl":"https:\/\/socialclubmallorca.com\/wp-content\/uploads\/2026\/03\/symbol_.png","width":918,"height":836,"caption":"Social Club"},"image":{"@id":"https:\/\/socialclubmallorca.com\/de\/#\/schema\/logo\/image\/"}}]}},"_links":{"self":[{"href":"https:\/\/socialclubmallorca.com\/de\/wp-json\/wp\/v2\/pages\/1965","targetHints":{"allow":["GET"]}}],"collection":[{"href":"https:\/\/socialclubmallorca.com\/de\/wp-json\/wp\/v2\/pages"}],"about":[{"href":"https:\/\/socialclubmallorca.com\/de\/wp-json\/wp\/v2\/types\/page"}],"author":[{"embeddable":true,"href":"https:\/\/socialclubmallorca.com\/de\/wp-json\/wp\/v2\/users\/1"}],"replies":[{"embeddable":true,"href":"https:\/\/socialclubmallorca.com\/de\/wp-json\/wp\/v2\/comments?post=1965"}],"version-history":[{"count":8,"href":"https:\/\/socialclubmallorca.com\/de\/wp-json\/wp\/v2\/pages\/1965\/revisions"}],"predecessor-version":[{"id":2511,"href":"https:\/\/socialclubmallorca.com\/de\/wp-json\/wp\/v2\/pages\/1965\/revisions\/2511"}],"wp:featuredmedia":[{"embeddable":true,"href":"https:\/\/socialclubmallorca.com\/de\/wp-json\/wp\/v2\/media\/446"}],"wp:attachment":[{"href":"https:\/\/socialclubmallorca.com\/de\/wp-json\/wp\/v2\/media?parent=1965"}],"curies":[{"name":"wp","href":"https:\/\/api.w.org\/{rel}","templated":true}]}}