{"id":1973,"date":"2026-03-24T14:52:26","date_gmt":"2026-03-24T14:52:26","guid":{"rendered":"https:\/\/socialclubmallorca.com\/vip\/"},"modified":"2026-03-27T14:50:03","modified_gmt":"2026-03-27T14:50:03","slug":"vip","status":"publish","type":"page","link":"https:\/\/socialclubmallorca.com\/de\/vip\/","title":{"rendered":"VIP"},"content":{"rendered":"\t\t<div data-elementor-type=\"wp-page\" data-elementor-id=\"1973\" class=\"elementor elementor-1973 elementor-1945\" data-elementor-post-type=\"page\">\n\t\t\t\t<div class=\"elementor-element elementor-element-d70152d e-flex e-con-boxed e-con e-parent\" data-id=\"d70152d\" data-element_type=\"container\" data-e-type=\"container\" data-settings=\"{&quot;background_background&quot;:&quot;classic&quot;,&quot;jet_parallax_layout_list&quot;:[]}\">\n\t\t\t\t\t<div class=\"e-con-inner\">\n\t\t\t\t<div class=\"elementor-element elementor-element-588fced elementor-invisible elementor-widget elementor-widget-heading\" data-id=\"588fced\" data-element_type=\"widget\" data-e-type=\"widget\" data-settings=\"{&quot;_animation&quot;:&quot;fadeIn&quot;}\" data-widget_type=\"heading.default\">\n\t\t\t\t<div class=\"elementor-widget-container\">\n\t\t\t\t\t<h1 class=\"elementor-heading-title elementor-size-default\">VIP<\/h1>\t\t\t\t<\/div>\n\t\t\t\t<\/div>\n\t\t\t\t<div class=\"elementor-element elementor-element-0be4c2c elementor-widget-divider--view-line elementor-invisible elementor-widget elementor-widget-divider\" data-id=\"0be4c2c\" data-element_type=\"widget\" data-e-type=\"widget\" data-settings=\"{&quot;_animation&quot;:&quot;fadeInDown&quot;}\" data-widget_type=\"divider.default\">\n\t\t\t\t<div class=\"elementor-widget-container\">\n\t\t\t\t\t\t\t<div class=\"elementor-divider\">\n\t\t\t<span class=\"elementor-divider-separator\">\n\t\t\t\t\t\t<\/span>\n\t\t<\/div>\n\t\t\t\t\t\t<\/div>\n\t\t\t\t<\/div>\n\t\t\t\t\t<\/div>\n\t\t\t\t<\/div>\n\t\t<div class=\"elementor-element elementor-element-84b4146 e-flex e-con-boxed e-con e-parent\" data-id=\"84b4146\" data-element_type=\"container\" data-e-type=\"container\" data-settings=\"{&quot;jet_parallax_layout_list&quot;:[]}\">\n\t\t\t\t\t<div class=\"e-con-inner\">\n\t\t<div class=\"elementor-element elementor-element-14e9eb4 e-con-full e-flex e-con e-child\" data-id=\"14e9eb4\" data-element_type=\"container\" data-e-type=\"container\" data-settings=\"{&quot;jet_parallax_layout_list&quot;:[],&quot;animation&quot;:&quot;none&quot;}\">\n\t\t\t\t<div class=\"elementor-element elementor-element-119d223 elementor-invisible elementor-widget elementor-widget-text-editor\" data-id=\"119d223\" data-element_type=\"widget\" data-e-type=\"widget\" data-settings=\"{&quot;_animation&quot;:&quot;fadeIn&quot;}\" data-widget_type=\"text-editor.default\">\n\t\t\t\t<div class=\"elementor-widget-container\">\n\t\t\t\t\t\t\t\t\t<div>Das VIP-Erlebnis im Social Club ist auf N\u00e4he, Positionierung und Kontrolle ausgelegt \u2013 und bietet mehrere M\u00f6glichkeiten, den Raum auf einem h\u00f6heren Level zu erleben. <\/div><div> <\/div><div>Im Zentrum des Clubs platzieren die DJ Tables die G\u00e4ste direkt in der Booth \u2013 komplett eingetaucht in die Energie des Artists. Als zentralste Tische der Location bieten sie eine direkte Verbindung zur Musik und zum Moment. <\/div><div> <\/div><div>Rundherum sorgen VIP Dancefloor und VIP Lounge f\u00fcr die Balance zwischen Intensit\u00e4t und Komfort \u2013 so bleibst du mitten in der Atmosph\u00e4re und genie\u00dft gleichzeitig mehr Platz, Service und Sicht \u00fcber den gesamten Raum.<\/div>\t\t\t\t\t\t\t\t<\/div>\n\t\t\t\t<\/div>\n\t\t\t\t<\/div>\n\t\t<div class=\"elementor-element elementor-element-c827966 e-con-full e-flex elementor-invisible e-con e-child\" data-id=\"c827966\" data-element_type=\"container\" data-e-type=\"container\" data-settings=\"{&quot;background_background&quot;:&quot;video&quot;,&quot;jet_parallax_layout_list&quot;:[],&quot;animation&quot;:&quot;fadeInRight&quot;,&quot;background_video_link&quot;:&quot;https:\\\/\\\/socialclubmallorca.com\\\/wp-content\\\/uploads\\\/2026\\\/03\\\/WhatsApp-Video-2026-03-24-at-20.40.00.mp4&quot;,&quot;background_play_on_mobile&quot;:&quot;yes&quot;}\">\n\t\t<div class=\"elementor-background-video-container\">\n\t\t\t\t\t\t\t<video class=\"elementor-background-video-hosted\" role=\"presentation\" autoplay muted playsinline loop><\/video>\n\t\t\t\t\t<\/div>\t\t<\/div>\n\t\t\t\t\t<\/div>\n\t\t\t\t<\/div>\n\t\t<div class=\"elementor-element elementor-element-33437b5 e-flex e-con-boxed e-con e-parent\" data-id=\"33437b5\" data-element_type=\"container\" data-e-type=\"container\" data-settings=\"{&quot;jet_parallax_layout_list&quot;:[]}\">\n\t\t\t\t\t<div class=\"e-con-inner\">\n\t\t\t\t<div class=\"elementor-element elementor-element-378a4ec elementor-invisible elementor-widget elementor-widget-heading\" data-id=\"378a4ec\" data-element_type=\"widget\" data-e-type=\"widget\" data-settings=\"{&quot;_animation&quot;:&quot;fadeIn&quot;}\" data-widget_type=\"heading.default\">\n\t\t\t\t<div class=\"elementor-widget-container\">\n\t\t\t\t\t<h2 class=\"elementor-heading-title elementor-size-default\">\u201eBei einem <span class=\"highlight-word\">gro\u00dfartigen Club <\/span> geht es darum, eine <span class=\"highlight-word\">Welt <\/span> zu schaffen, die die Leute nicht verlassen wollen.\u201c<\/h2>\t\t\t\t<\/div>\n\t\t\t\t<\/div>\n\t\t\t\t<div class=\"elementor-element elementor-element-71f9f5f elementor-invisible elementor-widget elementor-widget-heading\" data-id=\"71f9f5f\" data-element_type=\"widget\" data-e-type=\"widget\" data-settings=\"{&quot;_animation&quot;:&quot;fadeIn&quot;,&quot;_animation_delay&quot;:400}\" data-widget_type=\"heading.default\">\n\t\t\t\t<div class=\"elementor-widget-container\">\n\t\t\t\t\t<div class=\"elementor-heading-title elementor-size-default\">Solomun<\/div>\t\t\t\t<\/div>\n\t\t\t\t<\/div>\n\t\t\t\t\t<\/div>\n\t\t\t\t<\/div>\n\t\t<div class=\"elementor-element elementor-element-bb823a3 e-flex e-con-boxed e-con e-parent\" data-id=\"bb823a3\" data-element_type=\"container\" data-e-type=\"container\" data-settings=\"{&quot;jet_parallax_layout_list&quot;:[]}\">\n\t\t\t\t\t<div class=\"e-con-inner\">\n\t\t<div class=\"elementor-element elementor-element-75aae71 e-con-full e-flex e-con e-child\" data-id=\"75aae71\" data-element_type=\"container\" data-e-type=\"container\" data-settings=\"{&quot;jet_parallax_layout_list&quot;:[],&quot;animation&quot;:&quot;none&quot;}\">\n\t\t\t\t<div class=\"elementor-element elementor-element-1adae14 elementor-invisible elementor-widget elementor-widget-text-editor\" data-id=\"1adae14\" data-element_type=\"widget\" data-e-type=\"widget\" data-settings=\"{&quot;_animation&quot;:&quot;fadeIn&quot;}\" data-widget_type=\"text-editor.default\">\n\t\t\t\t<div class=\"elementor-widget-container\">\n\t\t\t\t\t\t\t\t\t<div><div>F\u00fcr ein noch exklusiveres und privateres Erlebnis bietet die Suite im Social ein privates, erh\u00f6htes Setting f\u00fcr bis zu 15 G\u00e4ste. Oberhalb des VIP-Bereichs positioniert, mit eigenem Blick \u00fcber den Club, liefert sie Privatsph\u00e4re ohne Abkapselung \u2013 ein in sich geschlossener Bereich innerhalb der gesamten Energie der Location. <\/div><div> <\/div><div>In allen Bereichen ist der Service nahtlos und aufmerksam \u2013 mit eigenen Hosts, einer Premium-Auswahl an Flaschen und kuratierten Snacks, die die ganze Nacht \u00fcber verf\u00fcgbar sind.<\/div><div> <\/div><div>VIP-G\u00e4ste profitieren von einem separaten Eingang, einem Empfangsbereich, einer eigenen Bar und VIP-Toiletten. Ein VIP-Shuttle-Service ist auf Anfrage verf\u00fcgbar, je nach Verf\u00fcgbarkeit.  <\/div><\/div>\t\t\t\t\t\t\t\t<\/div>\n\t\t\t\t<\/div>\n\t\t\t\t<\/div>\n\t\t<div class=\"elementor-element elementor-element-d15a723 e-con-full e-flex elementor-invisible e-con e-child\" data-id=\"d15a723\" data-element_type=\"container\" data-e-type=\"container\" data-settings=\"{&quot;background_background&quot;:&quot;classic&quot;,&quot;jet_parallax_layout_list&quot;:[],&quot;animation&quot;:&quot;fadeInLeft&quot;}\">\n\t\t\t\t<\/div>\n\t\t\t\t\t<\/div>\n\t\t\t\t<\/div>\n\t\t<div class=\"elementor-element elementor-element-3bb7a1a e-flex e-con-boxed e-con e-parent\" data-id=\"3bb7a1a\" data-element_type=\"container\" data-e-type=\"container\" data-settings=\"{&quot;jet_parallax_layout_list&quot;:[]}\">\n\t\t\t\t\t<div class=\"e-con-inner\">\n\t\t\t\t<div class=\"elementor-element elementor-element-d1fe86a elementor-invisible elementor-widget elementor-widget-text-editor\" data-id=\"d1fe86a\" data-element_type=\"widget\" data-e-type=\"widget\" data-settings=\"{&quot;_animation&quot;:&quot;fadeIn&quot;}\" data-widget_type=\"text-editor.default\">\n\t\t\t\t<div class=\"elementor-widget-container\">\n\t\t\t\t\t\t\t\t\t<div>Gemacht f\u00fcr alle, die die Nacht nach ihren eigenen Regeln erleben wollen \u2013 ohne sich davon zu entfernen.<\/div>\t\t\t\t\t\t\t\t<\/div>\n\t\t\t\t<\/div>\n\t\t\t\t<div class=\"elementor-element elementor-element-afb6b9c elementor-widget elementor-widget-heading\" data-id=\"afb6b9c\" data-element_type=\"widget\" data-e-type=\"widget\" data-widget_type=\"heading.default\">\n\t\t\t\t<div class=\"elementor-widget-container\">\n\t\t\t\t\t<h3 class=\"elementor-heading-title elementor-size-default\">Kontakt<\/h3>\t\t\t\t<\/div>\n\t\t\t\t<\/div>\n\t\t\t\t<div class=\"elementor-element elementor-element-f760934 elementor-invisible elementor-widget elementor-widget-text-editor\" data-id=\"f760934\" data-element_type=\"widget\" data-e-type=\"widget\" data-settings=\"{&quot;_animation&quot;:&quot;fadeIn&quot;}\" data-widget_type=\"text-editor.default\">\n\t\t\t\t<div class=\"elementor-widget-container\">\n\t\t\t\t\t\t\t\t\t<p class=\"p1\"><a href=\"mailto:events@socialclubmallorca.com\">events@socialclubmallorca.com<\/a><\/p>\t\t\t\t\t\t\t\t<\/div>\n\t\t\t\t<\/div>\n\t\t\t\t\t<\/div>\n\t\t\t\t<\/div>\n\t\t\t\t<\/div>\n\t\t","protected":false},"excerpt":{"rendered":"<p>VIP Das VIP-Erlebnis im Social Club ist auf N\u00e4he, Positionierung und Kontrolle ausgelegt \u2013 und bietet mehrere M\u00f6glichkeiten, den Raum auf einem h\u00f6heren Level zu erleben. Im Zentrum des Clubs platzieren die DJ Tables die G\u00e4ste direkt in der Booth \u2013 komplett eingetaucht in die Energie des Artists. Als zentralste Tische der Location bieten sie [&hellip;]<\/p>\n","protected":false},"author":1,"featured_media":881,"parent":0,"menu_order":0,"comment_status":"closed","ping_status":"closed","template":"","meta":{"footnotes":""},"class_list":["post-1973","page","type-page","status-publish","has-post-thumbnail","hentry"],"blocksy_meta":[],"yoast_head":"<!-- This site is optimized with the Yoast SEO plugin v26.9 - https:\/\/yoast.com\/product\/yoast-seo-wordpress\/ -->\n<title>VIP | Social Club Mallorca<\/title>\n<meta name=\"description\" content=\"Das VIP-Erlebnis im Social Club ist auf N\u00e4he, Positionierung und Kontrolle ausgelegt \u2013 und bietet mehrere M\u00f6glichkeiten, den Raum auf einem h\u00f6heren Level zu erleben.\" \/>\n<meta name=\"robots\" content=\"index, follow, max-snippet:-1, max-image-preview:large, max-video-preview:-1\" \/>\n<link rel=\"canonical\" href=\"https:\/\/socialclubmallorca.com\/de\/vip\/\" \/>\n<meta property=\"og:locale\" content=\"de_DE\" \/>\n<meta property=\"og:type\" content=\"article\" \/>\n<meta property=\"og:title\" content=\"VIP | Social Club Mallorca\" \/>\n<meta property=\"og:description\" content=\"Das VIP-Erlebnis im Social Club ist auf N\u00e4he, Positionierung und Kontrolle ausgelegt \u2013 und bietet mehrere M\u00f6glichkeiten, den Raum auf einem h\u00f6heren Level zu erleben.\" \/>\n<meta property=\"og:url\" content=\"https:\/\/socialclubmallorca.com\/de\/vip\/\" \/>\n<meta property=\"og:site_name\" content=\"Social Club Mallorca\" \/>\n<meta property=\"article:modified_time\" content=\"2026-03-27T14:50:03+00:00\" \/>\n<meta property=\"og:image\" content=\"https:\/\/socialclubmallorca.com\/wp-content\/uploads\/2026\/01\/P1076424.jpg\" \/>\n\t<meta property=\"og:image:width\" content=\"1537\" \/>\n\t<meta property=\"og:image:height\" content=\"2048\" \/>\n\t<meta property=\"og:image:type\" content=\"image\/jpeg\" \/>\n<meta name=\"twitter:card\" content=\"summary_large_image\" \/>\n<meta name=\"twitter:label1\" content=\"Gesch\u00e4tzte Lesezeit\" \/>\n\t<meta name=\"twitter:data1\" content=\"1\u00a0Minute\" \/>\n<script type=\"application\/ld+json\" class=\"yoast-schema-graph\">{\"@context\":\"https:\/\/schema.org\",\"@graph\":[{\"@type\":\"WebPage\",\"@id\":\"https:\/\/socialclubmallorca.com\/de\/vip\/\",\"url\":\"https:\/\/socialclubmallorca.com\/de\/vip\/\",\"name\":\"VIP | Social Club Mallorca\",\"isPartOf\":{\"@id\":\"https:\/\/socialclubmallorca.com\/de\/#website\"},\"primaryImageOfPage\":{\"@id\":\"https:\/\/socialclubmallorca.com\/de\/vip\/#primaryimage\"},\"image\":{\"@id\":\"https:\/\/socialclubmallorca.com\/de\/vip\/#primaryimage\"},\"thumbnailUrl\":\"https:\/\/socialclubmallorca.com\/wp-content\/uploads\/2026\/01\/P1076424.jpg\",\"datePublished\":\"2026-03-24T14:52:26+00:00\",\"dateModified\":\"2026-03-27T14:50:03+00:00\",\"description\":\"Das VIP-Erlebnis im Social Club ist auf N\u00e4he, Positionierung und Kontrolle ausgelegt \u2013 und bietet mehrere M\u00f6glichkeiten, den Raum auf einem h\u00f6heren Level zu erleben.\",\"breadcrumb\":{\"@id\":\"https:\/\/socialclubmallorca.com\/de\/vip\/#breadcrumb\"},\"inLanguage\":\"de\",\"potentialAction\":[{\"@type\":\"ReadAction\",\"target\":[\"https:\/\/socialclubmallorca.com\/de\/vip\/\"]}]},{\"@type\":\"ImageObject\",\"inLanguage\":\"de\",\"@id\":\"https:\/\/socialclubmallorca.com\/de\/vip\/#primaryimage\",\"url\":\"https:\/\/socialclubmallorca.com\/wp-content\/uploads\/2026\/01\/P1076424.jpg\",\"contentUrl\":\"https:\/\/socialclubmallorca.com\/wp-content\/uploads\/2026\/01\/P1076424.jpg\",\"width\":1537,\"height\":2048,\"caption\":\"Drinks at social club mallorca\"},{\"@type\":\"BreadcrumbList\",\"@id\":\"https:\/\/socialclubmallorca.com\/de\/vip\/#breadcrumb\",\"itemListElement\":[{\"@type\":\"ListItem\",\"position\":1,\"name\":\"Home\",\"item\":\"https:\/\/socialclubmallorca.com\/de\/social-club\/\"},{\"@type\":\"ListItem\",\"position\":2,\"name\":\"VIP\"}]},{\"@type\":\"WebSite\",\"@id\":\"https:\/\/socialclubmallorca.com\/de\/#website\",\"url\":\"https:\/\/socialclubmallorca.com\/de\/\",\"name\":\"Social Club Mallorca\",\"description\":\"\",\"publisher\":{\"@id\":\"https:\/\/socialclubmallorca.com\/de\/#organization\"},\"potentialAction\":[{\"@type\":\"SearchAction\",\"target\":{\"@type\":\"EntryPoint\",\"urlTemplate\":\"https:\/\/socialclubmallorca.com\/de\/?s={search_term_string}\"},\"query-input\":{\"@type\":\"PropertyValueSpecification\",\"valueRequired\":true,\"valueName\":\"search_term_string\"}}],\"inLanguage\":\"de\"},{\"@type\":\"Organization\",\"@id\":\"https:\/\/socialclubmallorca.com\/de\/#organization\",\"name\":\"Social Club\",\"url\":\"https:\/\/socialclubmallorca.com\/de\/\",\"logo\":{\"@type\":\"ImageObject\",\"inLanguage\":\"de\",\"@id\":\"https:\/\/socialclubmallorca.com\/de\/#\/schema\/logo\/image\/\",\"url\":\"https:\/\/socialclubmallorca.com\/wp-content\/uploads\/2026\/03\/symbol_.png\",\"contentUrl\":\"https:\/\/socialclubmallorca.com\/wp-content\/uploads\/2026\/03\/symbol_.png\",\"width\":918,\"height\":836,\"caption\":\"Social Club\"},\"image\":{\"@id\":\"https:\/\/socialclubmallorca.com\/de\/#\/schema\/logo\/image\/\"}}]}<\/script>\n<!-- \/ Yoast SEO plugin. -->","yoast_head_json":{"title":"VIP | Social Club Mallorca","description":"Das VIP-Erlebnis im Social Club ist auf N\u00e4he, Positionierung und Kontrolle ausgelegt \u2013 und bietet mehrere M\u00f6glichkeiten, den Raum auf einem h\u00f6heren Level zu erleben.","robots":{"index":"index","follow":"follow","max-snippet":"max-snippet:-1","max-image-preview":"max-image-preview:large","max-video-preview":"max-video-preview:-1"},"canonical":"https:\/\/socialclubmallorca.com\/de\/vip\/","og_locale":"de_DE","og_type":"article","og_title":"VIP | Social Club Mallorca","og_description":"Das VIP-Erlebnis im Social Club ist auf N\u00e4he, Positionierung und Kontrolle ausgelegt \u2013 und bietet mehrere M\u00f6glichkeiten, den Raum auf einem h\u00f6heren Level zu erleben.","og_url":"https:\/\/socialclubmallorca.com\/de\/vip\/","og_site_name":"Social Club Mallorca","article_modified_time":"2026-03-27T14:50:03+00:00","og_image":[{"width":1537,"height":2048,"url":"https:\/\/socialclubmallorca.com\/wp-content\/uploads\/2026\/01\/P1076424.jpg","type":"image\/jpeg"}],"twitter_card":"summary_large_image","twitter_misc":{"Gesch\u00e4tzte Lesezeit":"1\u00a0Minute"},"schema":{"@context":"https:\/\/schema.org","@graph":[{"@type":"WebPage","@id":"https:\/\/socialclubmallorca.com\/de\/vip\/","url":"https:\/\/socialclubmallorca.com\/de\/vip\/","name":"VIP | Social Club Mallorca","isPartOf":{"@id":"https:\/\/socialclubmallorca.com\/de\/#website"},"primaryImageOfPage":{"@id":"https:\/\/socialclubmallorca.com\/de\/vip\/#primaryimage"},"image":{"@id":"https:\/\/socialclubmallorca.com\/de\/vip\/#primaryimage"},"thumbnailUrl":"https:\/\/socialclubmallorca.com\/wp-content\/uploads\/2026\/01\/P1076424.jpg","datePublished":"2026-03-24T14:52:26+00:00","dateModified":"2026-03-27T14:50:03+00:00","description":"Das VIP-Erlebnis im Social Club ist auf N\u00e4he, Positionierung und Kontrolle ausgelegt \u2013 und bietet mehrere M\u00f6glichkeiten, den Raum auf einem h\u00f6heren Level zu erleben.","breadcrumb":{"@id":"https:\/\/socialclubmallorca.com\/de\/vip\/#breadcrumb"},"inLanguage":"de","potentialAction":[{"@type":"ReadAction","target":["https:\/\/socialclubmallorca.com\/de\/vip\/"]}]},{"@type":"ImageObject","inLanguage":"de","@id":"https:\/\/socialclubmallorca.com\/de\/vip\/#primaryimage","url":"https:\/\/socialclubmallorca.com\/wp-content\/uploads\/2026\/01\/P1076424.jpg","contentUrl":"https:\/\/socialclubmallorca.com\/wp-content\/uploads\/2026\/01\/P1076424.jpg","width":1537,"height":2048,"caption":"Drinks at social club mallorca"},{"@type":"BreadcrumbList","@id":"https:\/\/socialclubmallorca.com\/de\/vip\/#breadcrumb","itemListElement":[{"@type":"ListItem","position":1,"name":"Home","item":"https:\/\/socialclubmallorca.com\/de\/social-club\/"},{"@type":"ListItem","position":2,"name":"VIP"}]},{"@type":"WebSite","@id":"https:\/\/socialclubmallorca.com\/de\/#website","url":"https:\/\/socialclubmallorca.com\/de\/","name":"Social Club Mallorca","description":"","publisher":{"@id":"https:\/\/socialclubmallorca.com\/de\/#organization"},"potentialAction":[{"@type":"SearchAction","target":{"@type":"EntryPoint","urlTemplate":"https:\/\/socialclubmallorca.com\/de\/?s={search_term_string}"},"query-input":{"@type":"PropertyValueSpecification","valueRequired":true,"valueName":"search_term_string"}}],"inLanguage":"de"},{"@type":"Organization","@id":"https:\/\/socialclubmallorca.com\/de\/#organization","name":"Social Club","url":"https:\/\/socialclubmallorca.com\/de\/","logo":{"@type":"ImageObject","inLanguage":"de","@id":"https:\/\/socialclubmallorca.com\/de\/#\/schema\/logo\/image\/","url":"https:\/\/socialclubmallorca.com\/wp-content\/uploads\/2026\/03\/symbol_.png","contentUrl":"https:\/\/socialclubmallorca.com\/wp-content\/uploads\/2026\/03\/symbol_.png","width":918,"height":836,"caption":"Social Club"},"image":{"@id":"https:\/\/socialclubmallorca.com\/de\/#\/schema\/logo\/image\/"}}]}},"_links":{"self":[{"href":"https:\/\/socialclubmallorca.com\/de\/wp-json\/wp\/v2\/pages\/1973","targetHints":{"allow":["GET"]}}],"collection":[{"href":"https:\/\/socialclubmallorca.com\/de\/wp-json\/wp\/v2\/pages"}],"about":[{"href":"https:\/\/socialclubmallorca.com\/de\/wp-json\/wp\/v2\/types\/page"}],"author":[{"embeddable":true,"href":"https:\/\/socialclubmallorca.com\/de\/wp-json\/wp\/v2\/users\/1"}],"replies":[{"embeddable":true,"href":"https:\/\/socialclubmallorca.com\/de\/wp-json\/wp\/v2\/comments?post=1973"}],"version-history":[{"count":6,"href":"https:\/\/socialclubmallorca.com\/de\/wp-json\/wp\/v2\/pages\/1973\/revisions"}],"predecessor-version":[{"id":2369,"href":"https:\/\/socialclubmallorca.com\/de\/wp-json\/wp\/v2\/pages\/1973\/revisions\/2369"}],"wp:featuredmedia":[{"embeddable":true,"href":"https:\/\/socialclubmallorca.com\/de\/wp-json\/wp\/v2\/media\/881"}],"wp:attachment":[{"href":"https:\/\/socialclubmallorca.com\/de\/wp-json\/wp\/v2\/media?parent=1973"}],"curies":[{"name":"wp","href":"https:\/\/api.w.org\/{rel}","templated":true}]}}