{"id":2019,"date":"2026-03-24T14:42:07","date_gmt":"2026-03-24T14:42:07","guid":{"rendered":"https:\/\/socialclubmallorca.com\/gruppen-feiern\/"},"modified":"2026-03-27T14:37:19","modified_gmt":"2026-03-27T14:37:19","slug":"gruppen-feiern","status":"publish","type":"page","link":"https:\/\/socialclubmallorca.com\/de\/gruppen-feiern\/","title":{"rendered":"Gruppen &amp; Feiern"},"content":{"rendered":"\t\t<div data-elementor-type=\"wp-page\" data-elementor-id=\"2019\" class=\"elementor elementor-2019 elementor-1936\" data-elementor-post-type=\"page\">\n\t\t\t\t<div class=\"elementor-element elementor-element-af9023c e-flex e-con-boxed e-con e-parent\" data-id=\"af9023c\" data-element_type=\"container\" data-e-type=\"container\" data-settings=\"{&quot;background_background&quot;:&quot;classic&quot;,&quot;jet_parallax_layout_list&quot;:[]}\">\n\t\t\t\t\t<div class=\"e-con-inner\">\n\t\t\t\t<div class=\"elementor-element elementor-element-dc36961 elementor-invisible elementor-widget elementor-widget-heading\" data-id=\"dc36961\" data-element_type=\"widget\" data-e-type=\"widget\" data-settings=\"{&quot;_animation&quot;:&quot;fadeIn&quot;}\" data-widget_type=\"heading.default\">\n\t\t\t\t<div class=\"elementor-widget-container\">\n\t\t\t\t\t<h1 class=\"elementor-heading-title elementor-size-default\">Gruppen &amp; Feiern<\/h1>\t\t\t\t<\/div>\n\t\t\t\t<\/div>\n\t\t\t\t<div class=\"elementor-element elementor-element-6247af3 elementor-widget-divider--view-line elementor-invisible elementor-widget elementor-widget-divider\" data-id=\"6247af3\" data-element_type=\"widget\" data-e-type=\"widget\" data-settings=\"{&quot;_animation&quot;:&quot;fadeInDown&quot;}\" data-widget_type=\"divider.default\">\n\t\t\t\t<div class=\"elementor-widget-container\">\n\t\t\t\t\t\t\t<div class=\"elementor-divider\">\n\t\t\t<span class=\"elementor-divider-separator\">\n\t\t\t\t\t\t<\/span>\n\t\t<\/div>\n\t\t\t\t\t\t<\/div>\n\t\t\t\t<\/div>\n\t\t\t\t\t<\/div>\n\t\t\t\t<\/div>\n\t\t<div class=\"elementor-element elementor-element-cf498f1 e-flex e-con-boxed e-con e-parent\" data-id=\"cf498f1\" data-element_type=\"container\" data-e-type=\"container\" data-settings=\"{&quot;jet_parallax_layout_list&quot;:[]}\">\n\t\t\t\t\t<div class=\"e-con-inner\">\n\t\t<div class=\"elementor-element elementor-element-a53940a e-con-full e-flex e-con e-child\" data-id=\"a53940a\" data-element_type=\"container\" data-e-type=\"container\" data-settings=\"{&quot;jet_parallax_layout_list&quot;:[],&quot;animation&quot;:&quot;none&quot;}\">\n\t\t\t\t<div class=\"elementor-element elementor-element-603dd0d elementor-invisible elementor-widget elementor-widget-text-editor\" data-id=\"603dd0d\" data-element_type=\"widget\" data-e-type=\"widget\" data-settings=\"{&quot;_animation&quot;:&quot;fadeIn&quot;}\" data-widget_type=\"text-editor.default\">\n\t\t\t\t<div class=\"elementor-widget-container\">\n\t\t\t\t\t\t\t\t\t<div>Social Club bietet ma\u00dfgeschneiderte Erlebnisse f\u00fcr Gruppen jeder Gr\u00f6\u00dfe \u2013 von intimen Feiern bis hin zu gr\u00f6\u00dferen, komplett kuratierten N\u00e4chten.<\/div><div>Egal, ob du einen Tisch im Hauptraum buchst oder mehrere Bereiche kombinierst, um ein privateres Setting zu schaffen \u2013 jedes Gruppenerlebnis ist mit Fokus auf Ablauf, Service und Atmosph\u00e4re konzipiert.<\/div><div> <\/div><div>Geburtstage, Feiern und besondere Anl\u00e4sse f\u00fcgen sich nahtlos in die Energie des Clubs ein \u2013 so genie\u00dfen G\u00e4ste ein personalisiertes Erlebnis, ohne die Verbindung zum restlichen Raum zu verlieren.<\/div>\t\t\t\t\t\t\t\t<\/div>\n\t\t\t\t<\/div>\n\t\t\t\t<\/div>\n\t\t<div class=\"elementor-element elementor-element-b24b910 e-con-full e-flex elementor-invisible e-con e-child\" data-id=\"b24b910\" data-element_type=\"container\" data-e-type=\"container\" data-settings=\"{&quot;background_background&quot;:&quot;classic&quot;,&quot;jet_parallax_layout_list&quot;:[],&quot;animation&quot;:&quot;fadeInRight&quot;}\">\n\t\t\t\t<\/div>\n\t\t\t\t\t<\/div>\n\t\t\t\t<\/div>\n\t\t<div class=\"elementor-element elementor-element-fa6e523 e-flex e-con-boxed e-con e-parent\" data-id=\"fa6e523\" data-element_type=\"container\" data-e-type=\"container\" data-settings=\"{&quot;jet_parallax_layout_list&quot;:[]}\">\n\t\t\t\t\t<div class=\"e-con-inner\">\n\t\t\t\t<div class=\"elementor-element elementor-element-8d1941b elementor-invisible elementor-widget elementor-widget-heading\" data-id=\"8d1941b\" data-element_type=\"widget\" data-e-type=\"widget\" data-settings=\"{&quot;_animation&quot;:&quot;fadeIn&quot;}\" data-widget_type=\"heading.default\">\n\t\t\t\t<div class=\"elementor-widget-container\">\n\t\t\t\t\t<h2 class=\"elementor-heading-title elementor-size-default\">\u201eDie Menschen <span class=\"highlight-word\">werden vergessen<\/span>, was du gesagt hast, aber sie werden <span class=\"highlight-word\">nie vergessen<\/span>, wie du sie hast f\u00fchlen lassen.\u201c<\/h2>\t\t\t\t<\/div>\n\t\t\t\t<\/div>\n\t\t\t\t<div class=\"elementor-element elementor-element-5dc009a elementor-invisible elementor-widget elementor-widget-heading\" data-id=\"5dc009a\" data-element_type=\"widget\" data-e-type=\"widget\" data-settings=\"{&quot;_animation&quot;:&quot;fadeIn&quot;,&quot;_animation_delay&quot;:400}\" data-widget_type=\"heading.default\">\n\t\t\t\t<div class=\"elementor-widget-container\">\n\t\t\t\t\t<div class=\"elementor-heading-title elementor-size-default\">Maya Angelou<\/div>\t\t\t\t<\/div>\n\t\t\t\t<\/div>\n\t\t\t\t\t<\/div>\n\t\t\t\t<\/div>\n\t\t<div class=\"elementor-element elementor-element-d913cf8 e-flex e-con-boxed e-con e-parent\" data-id=\"d913cf8\" data-element_type=\"container\" data-e-type=\"container\" data-settings=\"{&quot;jet_parallax_layout_list&quot;:[]}\">\n\t\t\t\t\t<div class=\"e-con-inner\">\n\t\t<div class=\"elementor-element elementor-element-5802a45 e-con-full e-flex e-con e-child\" data-id=\"5802a45\" data-element_type=\"container\" data-e-type=\"container\" data-settings=\"{&quot;jet_parallax_layout_list&quot;:[],&quot;animation&quot;:&quot;none&quot;}\">\n\t\t\t\t<div class=\"elementor-element elementor-element-db37a6c elementor-invisible elementor-widget elementor-widget-text-editor\" data-id=\"db37a6c\" data-element_type=\"widget\" data-e-type=\"widget\" data-settings=\"{&quot;_animation&quot;:&quot;fadeIn&quot;}\" data-widget_type=\"text-editor.default\">\n\t\t\t\t<div class=\"elementor-widget-container\">\n\t\t\t\t\t\t\t\t\t<div>F\u00fcr eine exklusivere Option bietet die Social Suite einen privaten, erh\u00f6hten Bereich f\u00fcr bis zu 15\u201320 G\u00e4ste. Oberhalb der Mainfloor gelegen und mit eigenem Blick \u00fcber den Club, bietet sie ein kontrollierteres Umfeld und bleibt dabei vollst\u00e4ndig mit der Atmosph\u00e4re darunter verbunden. <\/div><div> <\/div><div>Gr\u00f6\u00dfere Gruppen k\u00f6nnen an mehreren Tischen oder in eigenen Zonen untergebracht werden \u2013 f\u00fcr ein gemeinsames Erlebnis mit zus\u00e4tzlicher Privatsph\u00e4re und Flexibilit\u00e4t.<\/div><div> <\/div>\t\t\t\t\t\t\t\t<\/div>\n\t\t\t\t<\/div>\n\t\t\t\t<\/div>\n\t\t<div class=\"elementor-element elementor-element-86a0a41 e-con-full e-flex elementor-invisible e-con e-child\" data-id=\"86a0a41\" data-element_type=\"container\" data-e-type=\"container\" data-settings=\"{&quot;background_background&quot;:&quot;classic&quot;,&quot;jet_parallax_layout_list&quot;:[],&quot;animation&quot;:&quot;fadeInLeft&quot;}\">\n\t\t\t\t<\/div>\n\t\t\t\t\t<\/div>\n\t\t\t\t<\/div>\n\t\t<div class=\"elementor-element elementor-element-c7bb447 e-flex e-con-boxed e-con e-parent\" data-id=\"c7bb447\" data-element_type=\"container\" data-e-type=\"container\" data-settings=\"{&quot;jet_parallax_layout_list&quot;:[]}\">\n\t\t\t\t\t<div class=\"e-con-inner\">\n\t\t\t\t<div class=\"elementor-element elementor-element-6f5d568 elementor-invisible elementor-widget elementor-widget-text-editor\" data-id=\"6f5d568\" data-element_type=\"widget\" data-e-type=\"widget\" data-settings=\"{&quot;_animation&quot;:&quot;fadeIn&quot;}\" data-widget_type=\"text-editor.default\">\n\t\t\t\t<div class=\"elementor-widget-container\">\n\t\t\t\t\t\t\t\t\t<div>Unser Team arbeitet bei jeder Buchung eng mit dir zusammen, damit alles reibungslos l\u00e4uft \u2013 von der Ankunft bis zum Ende der Nacht.<\/div><div>Ein flexibler Ansatz erm\u00f6glicht es jeder Gruppe, ihr eigenes Erlebnis zu gestalten \u2013 und dabei Teil der Social Club Atmosph\u00e4re zu bleiben.<\/div>\t\t\t\t\t\t\t\t<\/div>\n\t\t\t\t<\/div>\n\t\t\t\t<div class=\"elementor-element elementor-element-86b5384 elementor-widget elementor-widget-heading\" data-id=\"86b5384\" data-element_type=\"widget\" data-e-type=\"widget\" data-widget_type=\"heading.default\">\n\t\t\t\t<div class=\"elementor-widget-container\">\n\t\t\t\t\t<h3 class=\"elementor-heading-title elementor-size-default\">Kontakt<\/h3>\t\t\t\t<\/div>\n\t\t\t\t<\/div>\n\t\t\t\t<div class=\"elementor-element elementor-element-8cb092f elementor-invisible elementor-widget elementor-widget-text-editor\" data-id=\"8cb092f\" data-element_type=\"widget\" data-e-type=\"widget\" data-settings=\"{&quot;_animation&quot;:&quot;fadeIn&quot;}\" data-widget_type=\"text-editor.default\">\n\t\t\t\t<div class=\"elementor-widget-container\">\n\t\t\t\t\t\t\t\t\t<p class=\"p1\"><a href=\"mailto:events@socialclubmallorca.com\">events@socialclubmallorca.com<\/a><\/p>\t\t\t\t\t\t\t\t<\/div>\n\t\t\t\t<\/div>\n\t\t\t\t\t<\/div>\n\t\t\t\t<\/div>\n\t\t\t\t<\/div>\n\t\t","protected":false},"excerpt":{"rendered":"<p>Gruppen &amp; Feiern Social Club bietet ma\u00dfgeschneiderte Erlebnisse f\u00fcr Gruppen jeder Gr\u00f6\u00dfe \u2013 von intimen Feiern bis hin zu gr\u00f6\u00dferen, komplett kuratierten N\u00e4chten.Egal, ob du einen Tisch im Hauptraum buchst oder mehrere Bereiche kombinierst, um ein privateres Setting zu schaffen \u2013 jedes Gruppenerlebnis ist mit Fokus auf Ablauf, Service und Atmosph\u00e4re konzipiert. Geburtstage, Feiern und [&hellip;]<\/p>\n","protected":false},"author":1,"featured_media":919,"parent":0,"menu_order":0,"comment_status":"closed","ping_status":"closed","template":"","meta":{"footnotes":""},"class_list":["post-2019","page","type-page","status-publish","has-post-thumbnail","hentry"],"blocksy_meta":[],"yoast_head":"<!-- This site is optimized with the Yoast SEO plugin v26.9 - https:\/\/yoast.com\/product\/yoast-seo-wordpress\/ -->\n<title>Gruppen &amp; Feiern | Social Club Mallorca<\/title>\n<meta name=\"description\" content=\"Egal, ob du einen Tisch im Hauptraum buchst oder mehrere Bereiche kombinierst, um ein privateres Setting zu schaffen \u2013 jedes Gruppenerlebnis ist mit Fokus auf einen stimmigen Ablauf konzipiert.\" \/>\n<meta name=\"robots\" content=\"index, follow, max-snippet:-1, max-image-preview:large, max-video-preview:-1\" \/>\n<link rel=\"canonical\" href=\"https:\/\/socialclubmallorca.com\/de\/gruppen-feiern\/\" \/>\n<meta property=\"og:locale\" content=\"de_DE\" \/>\n<meta property=\"og:type\" content=\"article\" \/>\n<meta property=\"og:title\" content=\"Gruppen &amp; Feiern | Social Club Mallorca\" \/>\n<meta property=\"og:description\" content=\"Egal, ob du einen Tisch im Hauptraum buchst oder mehrere Bereiche kombinierst, um ein privateres Setting zu schaffen \u2013 jedes Gruppenerlebnis ist mit Fokus auf einen stimmigen Ablauf konzipiert.\" \/>\n<meta property=\"og:url\" content=\"https:\/\/socialclubmallorca.com\/de\/gruppen-feiern\/\" \/>\n<meta property=\"og:site_name\" content=\"Social Club Mallorca\" \/>\n<meta property=\"article:modified_time\" content=\"2026-03-27T14:37:19+00:00\" \/>\n<meta property=\"og:image\" content=\"https:\/\/socialclubmallorca.com\/wp-content\/uploads\/2026\/01\/bottles-1.jpg\" \/>\n\t<meta property=\"og:image:width\" content=\"1537\" \/>\n\t<meta property=\"og:image:height\" content=\"2048\" \/>\n\t<meta property=\"og:image:type\" content=\"image\/jpeg\" \/>\n<meta name=\"twitter:card\" content=\"summary_large_image\" \/>\n<meta name=\"twitter:label1\" content=\"Gesch\u00e4tzte Lesezeit\" \/>\n\t<meta name=\"twitter:data1\" content=\"1\u00a0Minute\" \/>\n<script type=\"application\/ld+json\" class=\"yoast-schema-graph\">{\"@context\":\"https:\/\/schema.org\",\"@graph\":[{\"@type\":\"WebPage\",\"@id\":\"https:\/\/socialclubmallorca.com\/de\/gruppen-feiern\/\",\"url\":\"https:\/\/socialclubmallorca.com\/de\/gruppen-feiern\/\",\"name\":\"Gruppen &amp; Feiern | Social Club Mallorca\",\"isPartOf\":{\"@id\":\"https:\/\/socialclubmallorca.com\/de\/#website\"},\"primaryImageOfPage\":{\"@id\":\"https:\/\/socialclubmallorca.com\/de\/gruppen-feiern\/#primaryimage\"},\"image\":{\"@id\":\"https:\/\/socialclubmallorca.com\/de\/gruppen-feiern\/#primaryimage\"},\"thumbnailUrl\":\"https:\/\/socialclubmallorca.com\/wp-content\/uploads\/2026\/01\/bottles-1.jpg\",\"datePublished\":\"2026-03-24T14:42:07+00:00\",\"dateModified\":\"2026-03-27T14:37:19+00:00\",\"description\":\"Egal, ob du einen Tisch im Hauptraum buchst oder mehrere Bereiche kombinierst, um ein privateres Setting zu schaffen \u2013 jedes Gruppenerlebnis ist mit Fokus auf einen stimmigen Ablauf konzipiert.\",\"breadcrumb\":{\"@id\":\"https:\/\/socialclubmallorca.com\/de\/gruppen-feiern\/#breadcrumb\"},\"inLanguage\":\"de\",\"potentialAction\":[{\"@type\":\"ReadAction\",\"target\":[\"https:\/\/socialclubmallorca.com\/de\/gruppen-feiern\/\"]}]},{\"@type\":\"ImageObject\",\"inLanguage\":\"de\",\"@id\":\"https:\/\/socialclubmallorca.com\/de\/gruppen-feiern\/#primaryimage\",\"url\":\"https:\/\/socialclubmallorca.com\/wp-content\/uploads\/2026\/01\/bottles-1.jpg\",\"contentUrl\":\"https:\/\/socialclubmallorca.com\/wp-content\/uploads\/2026\/01\/bottles-1.jpg\",\"width\":1537,\"height\":2048,\"caption\":\"Social Club Mallorca\"},{\"@type\":\"BreadcrumbList\",\"@id\":\"https:\/\/socialclubmallorca.com\/de\/gruppen-feiern\/#breadcrumb\",\"itemListElement\":[{\"@type\":\"ListItem\",\"position\":1,\"name\":\"Home\",\"item\":\"https:\/\/socialclubmallorca.com\/de\/social-club\/\"},{\"@type\":\"ListItem\",\"position\":2,\"name\":\"Gruppen &amp; Feiern\"}]},{\"@type\":\"WebSite\",\"@id\":\"https:\/\/socialclubmallorca.com\/de\/#website\",\"url\":\"https:\/\/socialclubmallorca.com\/de\/\",\"name\":\"Social Club Mallorca\",\"description\":\"\",\"publisher\":{\"@id\":\"https:\/\/socialclubmallorca.com\/de\/#organization\"},\"potentialAction\":[{\"@type\":\"SearchAction\",\"target\":{\"@type\":\"EntryPoint\",\"urlTemplate\":\"https:\/\/socialclubmallorca.com\/de\/?s={search_term_string}\"},\"query-input\":{\"@type\":\"PropertyValueSpecification\",\"valueRequired\":true,\"valueName\":\"search_term_string\"}}],\"inLanguage\":\"de\"},{\"@type\":\"Organization\",\"@id\":\"https:\/\/socialclubmallorca.com\/de\/#organization\",\"name\":\"Social Club\",\"url\":\"https:\/\/socialclubmallorca.com\/de\/\",\"logo\":{\"@type\":\"ImageObject\",\"inLanguage\":\"de\",\"@id\":\"https:\/\/socialclubmallorca.com\/de\/#\/schema\/logo\/image\/\",\"url\":\"https:\/\/socialclubmallorca.com\/wp-content\/uploads\/2026\/03\/symbol_.png\",\"contentUrl\":\"https:\/\/socialclubmallorca.com\/wp-content\/uploads\/2026\/03\/symbol_.png\",\"width\":918,\"height\":836,\"caption\":\"Social Club\"},\"image\":{\"@id\":\"https:\/\/socialclubmallorca.com\/de\/#\/schema\/logo\/image\/\"}}]}<\/script>\n<!-- \/ Yoast SEO plugin. -->","yoast_head_json":{"title":"Gruppen &amp; Feiern | Social Club Mallorca","description":"Egal, ob du einen Tisch im Hauptraum buchst oder mehrere Bereiche kombinierst, um ein privateres Setting zu schaffen \u2013 jedes Gruppenerlebnis ist mit Fokus auf einen stimmigen Ablauf konzipiert.","robots":{"index":"index","follow":"follow","max-snippet":"max-snippet:-1","max-image-preview":"max-image-preview:large","max-video-preview":"max-video-preview:-1"},"canonical":"https:\/\/socialclubmallorca.com\/de\/gruppen-feiern\/","og_locale":"de_DE","og_type":"article","og_title":"Gruppen &amp; Feiern | Social Club Mallorca","og_description":"Egal, ob du einen Tisch im Hauptraum buchst oder mehrere Bereiche kombinierst, um ein privateres Setting zu schaffen \u2013 jedes Gruppenerlebnis ist mit Fokus auf einen stimmigen Ablauf konzipiert.","og_url":"https:\/\/socialclubmallorca.com\/de\/gruppen-feiern\/","og_site_name":"Social Club Mallorca","article_modified_time":"2026-03-27T14:37:19+00:00","og_image":[{"width":1537,"height":2048,"url":"https:\/\/socialclubmallorca.com\/wp-content\/uploads\/2026\/01\/bottles-1.jpg","type":"image\/jpeg"}],"twitter_card":"summary_large_image","twitter_misc":{"Gesch\u00e4tzte Lesezeit":"1\u00a0Minute"},"schema":{"@context":"https:\/\/schema.org","@graph":[{"@type":"WebPage","@id":"https:\/\/socialclubmallorca.com\/de\/gruppen-feiern\/","url":"https:\/\/socialclubmallorca.com\/de\/gruppen-feiern\/","name":"Gruppen &amp; Feiern | Social Club Mallorca","isPartOf":{"@id":"https:\/\/socialclubmallorca.com\/de\/#website"},"primaryImageOfPage":{"@id":"https:\/\/socialclubmallorca.com\/de\/gruppen-feiern\/#primaryimage"},"image":{"@id":"https:\/\/socialclubmallorca.com\/de\/gruppen-feiern\/#primaryimage"},"thumbnailUrl":"https:\/\/socialclubmallorca.com\/wp-content\/uploads\/2026\/01\/bottles-1.jpg","datePublished":"2026-03-24T14:42:07+00:00","dateModified":"2026-03-27T14:37:19+00:00","description":"Egal, ob du einen Tisch im Hauptraum buchst oder mehrere Bereiche kombinierst, um ein privateres Setting zu schaffen \u2013 jedes Gruppenerlebnis ist mit Fokus auf einen stimmigen Ablauf konzipiert.","breadcrumb":{"@id":"https:\/\/socialclubmallorca.com\/de\/gruppen-feiern\/#breadcrumb"},"inLanguage":"de","potentialAction":[{"@type":"ReadAction","target":["https:\/\/socialclubmallorca.com\/de\/gruppen-feiern\/"]}]},{"@type":"ImageObject","inLanguage":"de","@id":"https:\/\/socialclubmallorca.com\/de\/gruppen-feiern\/#primaryimage","url":"https:\/\/socialclubmallorca.com\/wp-content\/uploads\/2026\/01\/bottles-1.jpg","contentUrl":"https:\/\/socialclubmallorca.com\/wp-content\/uploads\/2026\/01\/bottles-1.jpg","width":1537,"height":2048,"caption":"Social Club Mallorca"},{"@type":"BreadcrumbList","@id":"https:\/\/socialclubmallorca.com\/de\/gruppen-feiern\/#breadcrumb","itemListElement":[{"@type":"ListItem","position":1,"name":"Home","item":"https:\/\/socialclubmallorca.com\/de\/social-club\/"},{"@type":"ListItem","position":2,"name":"Gruppen &amp; Feiern"}]},{"@type":"WebSite","@id":"https:\/\/socialclubmallorca.com\/de\/#website","url":"https:\/\/socialclubmallorca.com\/de\/","name":"Social Club Mallorca","description":"","publisher":{"@id":"https:\/\/socialclubmallorca.com\/de\/#organization"},"potentialAction":[{"@type":"SearchAction","target":{"@type":"EntryPoint","urlTemplate":"https:\/\/socialclubmallorca.com\/de\/?s={search_term_string}"},"query-input":{"@type":"PropertyValueSpecification","valueRequired":true,"valueName":"search_term_string"}}],"inLanguage":"de"},{"@type":"Organization","@id":"https:\/\/socialclubmallorca.com\/de\/#organization","name":"Social Club","url":"https:\/\/socialclubmallorca.com\/de\/","logo":{"@type":"ImageObject","inLanguage":"de","@id":"https:\/\/socialclubmallorca.com\/de\/#\/schema\/logo\/image\/","url":"https:\/\/socialclubmallorca.com\/wp-content\/uploads\/2026\/03\/symbol_.png","contentUrl":"https:\/\/socialclubmallorca.com\/wp-content\/uploads\/2026\/03\/symbol_.png","width":918,"height":836,"caption":"Social Club"},"image":{"@id":"https:\/\/socialclubmallorca.com\/de\/#\/schema\/logo\/image\/"}}]}},"_links":{"self":[{"href":"https:\/\/socialclubmallorca.com\/de\/wp-json\/wp\/v2\/pages\/2019","targetHints":{"allow":["GET"]}}],"collection":[{"href":"https:\/\/socialclubmallorca.com\/de\/wp-json\/wp\/v2\/pages"}],"about":[{"href":"https:\/\/socialclubmallorca.com\/de\/wp-json\/wp\/v2\/types\/page"}],"author":[{"embeddable":true,"href":"https:\/\/socialclubmallorca.com\/de\/wp-json\/wp\/v2\/users\/1"}],"replies":[{"embeddable":true,"href":"https:\/\/socialclubmallorca.com\/de\/wp-json\/wp\/v2\/comments?post=2019"}],"version-history":[{"count":2,"href":"https:\/\/socialclubmallorca.com\/de\/wp-json\/wp\/v2\/pages\/2019\/revisions"}],"predecessor-version":[{"id":2296,"href":"https:\/\/socialclubmallorca.com\/de\/wp-json\/wp\/v2\/pages\/2019\/revisions\/2296"}],"wp:featuredmedia":[{"embeddable":true,"href":"https:\/\/socialclubmallorca.com\/de\/wp-json\/wp\/v2\/media\/919"}],"wp:attachment":[{"href":"https:\/\/socialclubmallorca.com\/de\/wp-json\/wp\/v2\/media?parent=2019"}],"curies":[{"name":"wp","href":"https:\/\/api.w.org\/{rel}","templated":true}]}}