{"id":539,"date":"2025-05-28T17:59:49","date_gmt":"2025-05-28T17:59:49","guid":{"rendered":"https:\/\/socialclubmallorca.com\/standort\/"},"modified":"2026-02-09T15:58:00","modified_gmt":"2026-02-09T15:58:00","slug":"standort","status":"publish","type":"page","link":"https:\/\/socialclubmallorca.com\/de\/standort\/","title":{"rendered":"Standort"},"content":{"rendered":"\t\t<div data-elementor-type=\"wp-page\" data-elementor-id=\"539\" class=\"elementor elementor-539\" data-elementor-post-type=\"page\">\n\t\t\t\t<div class=\"elementor-element elementor-element-178d1b4 e-flex e-con-boxed e-con e-parent\" data-id=\"178d1b4\" data-element_type=\"container\" data-e-type=\"container\" data-settings=\"{&quot;background_background&quot;:&quot;classic&quot;,&quot;jet_parallax_layout_list&quot;:[]}\">\n\t\t\t\t\t<div class=\"e-con-inner\">\n\t\t\t\t<div class=\"elementor-element elementor-element-250f457 elementor-invisible elementor-widget elementor-widget-heading\" data-id=\"250f457\" data-element_type=\"widget\" data-e-type=\"widget\" data-settings=\"{&quot;_animation&quot;:&quot;fadeIn&quot;}\" data-widget_type=\"heading.default\">\n\t\t\t\t<div class=\"elementor-widget-container\">\n\t\t\t\t\t<h1 class=\"elementor-heading-title elementor-size-default\">Standort<\/h1>\t\t\t\t<\/div>\n\t\t\t\t<\/div>\n\t\t\t\t<div class=\"elementor-element elementor-element-a3e7717 elementor-widget-divider--view-line elementor-invisible elementor-widget elementor-widget-divider\" data-id=\"a3e7717\" data-element_type=\"widget\" data-e-type=\"widget\" data-settings=\"{&quot;_animation&quot;:&quot;fadeInDown&quot;}\" data-widget_type=\"divider.default\">\n\t\t\t\t<div class=\"elementor-widget-container\">\n\t\t\t\t\t\t\t<div class=\"elementor-divider\">\n\t\t\t<span class=\"elementor-divider-separator\">\n\t\t\t\t\t\t<\/span>\n\t\t<\/div>\n\t\t\t\t\t\t<\/div>\n\t\t\t\t<\/div>\n\t\t\t\t\t<\/div>\n\t\t\t\t<\/div>\n\t\t<div class=\"elementor-element elementor-element-187f2d6 e-con-full e-flex e-con e-parent\" data-id=\"187f2d6\" data-element_type=\"container\" data-e-type=\"container\" data-settings=\"{&quot;jet_parallax_layout_list&quot;:[]}\">\n\t\t\t\t<div class=\"elementor-element elementor-element-46c530e elementor-widget elementor-widget-html\" data-id=\"46c530e\" data-element_type=\"widget\" data-e-type=\"widget\" data-widget_type=\"html.default\">\n\t\t\t\t<div class=\"elementor-widget-container\">\n\t\t\t\t\t<link href=\"https:\/\/api.mapbox.com\/mapbox-gl-js\/v3.18.1\/mapbox-gl.css\" rel=\"stylesheet\">\n<script src=\"https:\/\/api.mapbox.com\/mapbox-gl-js\/v3.18.1\/mapbox-gl.js\"><\/script>\n\n<div id=\"socialclub-map\" style=\"width:100%;height:420px;border-radius:16px;overflow:hidden;\"><\/div>\n\n<script>\n  mapboxgl.accessToken =\n    \"pk.eyJ1Ijoiamxjb2JiMjIiLCJhIjoiY2x0YTE3YWF1MG5ndTJrcWY2OWZwaGUxMyJ9.sUJwEUp4dQ45DiurfPv1pQ\";\n\n  \/\/ \u2705 Verified exact Social Club location\n  const socialClubLngLat = [2.627203, 39.5634167];\n  const googleMapsLink = \"https:\/\/maps.app.goo.gl\/z7nv5VnxauP2gJey7\";\n\n  const map = new mapboxgl.Map({\n    container: \"socialclub-map\",\n    style: \"mapbox:\/\/styles\/mapbox\/dark-v11\",\n    center: socialClubLngLat,\n    zoom: 14\n  });\n  \n\n\n  map.addControl(new mapboxgl.NavigationControl(), \"top-right\");\n  map.scrollZoom.disable(); \/\/ better UX on pages\n\n  \/\/ \u2705 Default Mapbox marker icon\n  const marker = new mapboxgl.Marker({ color: \"#cca87f\" })\n    .setLngLat(socialClubLngLat)\n    .addTo(map);\n\n  \/\/ Make marker clickable (no popup)\n  marker.getElement().style.cursor = \"pointer\";\n  marker.getElement().addEventListener(\"click\", () => {\n    window.open(googleMapsLink, \"_blank\", \"noopener\");\n  });\n<\/script>\n\t\t\t\t<\/div>\n\t\t\t\t<\/div>\n\t\t\t\t<\/div>\n\t\t<div class=\"elementor-element elementor-element-0c6d176 e-flex e-con-boxed e-con e-parent\" data-id=\"0c6d176\" data-element_type=\"container\" data-e-type=\"container\" data-settings=\"{&quot;jet_parallax_layout_list&quot;:[]}\">\n\t\t\t\t\t<div class=\"e-con-inner\">\n\t\t\t\t<div class=\"elementor-element elementor-element-904c64a elementor-invisible elementor-widget elementor-widget-heading\" data-id=\"904c64a\" data-element_type=\"widget\" data-e-type=\"widget\" data-settings=\"{&quot;_animation&quot;:&quot;fadeIn&quot;}\" data-widget_type=\"heading.default\">\n\t\t\t\t<div class=\"elementor-widget-container\">\n\t\t\t\t\t<h2 class=\"elementor-heading-title elementor-size-default\">Wo befindet sich der <span class=\"highlight-word\">neue<\/span> Social Club Mallorca?\n<\/h2>\t\t\t\t<\/div>\n\t\t\t\t<\/div>\n\t\t\t\t<div class=\"elementor-element elementor-element-10c81ea elementor-widget-divider--view-line elementor-invisible elementor-widget elementor-widget-divider\" data-id=\"10c81ea\" data-element_type=\"widget\" data-e-type=\"widget\" data-settings=\"{&quot;_animation&quot;:&quot;fadeInDown&quot;}\" data-widget_type=\"divider.default\">\n\t\t\t\t<div class=\"elementor-widget-container\">\n\t\t\t\t\t\t\t<div class=\"elementor-divider\">\n\t\t\t<span class=\"elementor-divider-separator\">\n\t\t\t\t\t\t<\/span>\n\t\t<\/div>\n\t\t\t\t\t\t<\/div>\n\t\t\t\t<\/div>\n\t\t\t\t<div class=\"elementor-element elementor-element-c00e949 elementor-invisible elementor-widget elementor-widget-text-editor\" data-id=\"c00e949\" data-element_type=\"widget\" data-e-type=\"widget\" data-settings=\"{&quot;_animation&quot;:&quot;fadeIn&quot;}\" data-widget_type=\"text-editor.default\">\n\t\t\t\t<div class=\"elementor-widget-container\">\n\t\t\t\t\t\t\t\t\t<p>Social Club Mallorca befindet sich mit Stolz an einer der bekanntesten Adressen in Palma \u2013 dem legend\u00e4ren Hotel Victoria mit Blick auf das glitzernde Wasser des Paseo Mar\u00edtimo. Diese prestigetr\u00e4chtige Lage befindet sich nicht nur im Herzen des pulsierenden Nachtlebens der Stadt, sondern ist auch reich an Geschichte, Eleganz und mediterranem Charme. <\/p><h3>Hotel Victoria: Ein Wahrzeichen in Palma<\/h3><p>Das Hotel Victoria ist eines der renommiertesten und historischsten Hotels in Palma und stammt aus der Mitte des 20. Jahrhunderts. Jahrhunderts. Im Laufe der Jahrzehnte hat es internationale Reisende, Ber\u00fchmtheiten, K\u00fcnstler und K\u00f6nige empfangen und wurde zu einem Symbol f\u00fcr zeitlosen Luxus auf Mallorca. Seine Lage auf einem H\u00fcgel bietet einen atemberaubenden Panoramablick \u00fcber den Yachthafen, die Kathedrale und die Bucht &#8211; und macht es zu einem beliebten Ziel f\u00fcr alle, die sowohl Komfort als auch einen Hauch von altem Glamour suchen.  <\/p><p>Die klassische Architektur, die elegante Innenausstattung und das reiche Erbe des Hotels machen es zu mehr als nur einer Unterkunft \u2013 es ist ein kulturelles Wahrzeichen. Innerhalb seiner Mauern befindet sich nun der Social Club Mallorca \u2013 ein mutiger, moderner Ausdruck von Nachtleben, Musik und kuratierten Erlebnissen, der die Raffinesse seiner Umgebung erg\u00e4nzt. <\/p><h3>Paseo Mar\u00edtimo: Das pulsierende Herz von Palmas Hafenviertel<\/h3><p>Der Paseo Mar\u00edtimo, der entlang des Jachthafens verl\u00e4uft, ist eine der bekanntesten Uferpromenaden Spaniens. Urspr\u00fcnglich als kleine K\u00fcstenstra\u00dfe gebaut, hat sie sich im Laufe der Jahre in eine belebte, palmenges\u00e4umte Allee verwandelt, die Palmas reiche maritime Vergangenheit mit dem modernen, kosmopolitischen Lebensstil verbindet. <\/p><p>Ges\u00e4umt von Luxusjachten, lebhaften Bars, renommierten Restaurants und gehobenen Clubs ist der Paseo Mar\u00edtimo schon lange das Epizentrum des Nachtlebens in Palma. Einheimische und Besucher werden gleicherma\u00dfen von seiner Energie angezogen, sei es f\u00fcr einen Spaziergang bei Sonnenuntergang, eine Nacht oder eine morgendliche Joggingrunde mit der mediterranen Brise. <\/p><p>Die Gegend durchl\u00e4uft eine aufregende Transformation mit neuen Investitionen und Entwicklungen, die darauf abzielen, sie fu\u00dfg\u00e4ngerfreundlicher, gr\u00fcner und offener zum Meer hin zu gestalten. W\u00e4hrend sich dieses n\u00e4chste Kapitel des Paseo Mar\u00edtimo entfaltet, ist der Social Club stolz darauf, Teil seiner Entwicklung zu sein und erstklassiges Nachtleben in diesen geschichtstr\u00e4chtigen Abschnitt der Insel zu bringen. <\/p><p>Ob Sie f\u00fcr eine unvergessliche Nacht anreisen oder einfach nur die Atmosph\u00e4re genie\u00dfen, der Social Club im Hotel Victoria bietet die perfekte Basis, um die Sch\u00f6nheit, Energie und Geschichte von Palma zu erleben.<\/p>\t\t\t\t\t\t\t\t<\/div>\n\t\t\t\t<\/div>\n\t\t\t\t\t<\/div>\n\t\t\t\t<\/div>\n\t\t\t\t<\/div>\n\t\t","protected":false},"excerpt":{"rendered":"<p>Standort Wo befindet sich der neue Social Club Mallorca? Social Club Mallorca befindet sich mit Stolz an einer der bekanntesten Adressen in Palma \u2013 dem legend\u00e4ren Hotel Victoria mit Blick auf das glitzernde Wasser des Paseo Mar\u00edtimo. Diese prestigetr\u00e4chtige Lage befindet sich nicht nur im Herzen des pulsierenden Nachtlebens der Stadt, sondern ist auch reich [&hellip;]<\/p>\n","protected":false},"author":1,"featured_media":0,"parent":0,"menu_order":0,"comment_status":"closed","ping_status":"closed","template":"","meta":{"footnotes":""},"class_list":["post-539","page","type-page","status-publish","hentry"],"blocksy_meta":[],"yoast_head":"<!-- This site is optimized with the Yoast SEO plugin v26.9 - https:\/\/yoast.com\/product\/yoast-seo-wordpress\/ -->\n<title>Standort | Social Club Mallorca<\/title>\n<meta name=\"robots\" content=\"index, follow, max-snippet:-1, max-image-preview:large, max-video-preview:-1\" \/>\n<link rel=\"canonical\" href=\"https:\/\/socialclubmallorca.com\/de\/standort\/\" \/>\n<meta property=\"og:locale\" content=\"de_DE\" \/>\n<meta property=\"og:type\" content=\"article\" \/>\n<meta property=\"og:title\" content=\"Standort | Social Club Mallorca\" \/>\n<meta property=\"og:description\" content=\"Standort Wo befindet sich der neue Social Club Mallorca? Social Club Mallorca befindet sich mit Stolz an einer der bekanntesten Adressen in Palma \u2013 dem legend\u00e4ren Hotel Victoria mit Blick auf das glitzernde Wasser des Paseo Mar\u00edtimo. Diese prestigetr\u00e4chtige Lage befindet sich nicht nur im Herzen des pulsierenden Nachtlebens der Stadt, sondern ist auch reich [&hellip;]\" \/>\n<meta property=\"og:url\" content=\"https:\/\/socialclubmallorca.com\/de\/standort\/\" \/>\n<meta property=\"og:site_name\" content=\"Social Club Mallorca\" \/>\n<meta property=\"article:modified_time\" content=\"2026-02-09T15:58:00+00:00\" \/>\n<meta name=\"twitter:card\" content=\"summary_large_image\" \/>\n<meta name=\"twitter:label1\" content=\"Gesch\u00e4tzte Lesezeit\" \/>\n\t<meta name=\"twitter:data1\" content=\"2\u00a0Minuten\" \/>\n<script type=\"application\/ld+json\" class=\"yoast-schema-graph\">{\"@context\":\"https:\/\/schema.org\",\"@graph\":[{\"@type\":\"WebPage\",\"@id\":\"https:\/\/socialclubmallorca.com\/de\/standort\/\",\"url\":\"https:\/\/socialclubmallorca.com\/de\/standort\/\",\"name\":\"Standort | Social Club Mallorca\",\"isPartOf\":{\"@id\":\"https:\/\/socialclubmallorca.com\/de\/#website\"},\"datePublished\":\"2025-05-28T17:59:49+00:00\",\"dateModified\":\"2026-02-09T15:58:00+00:00\",\"breadcrumb\":{\"@id\":\"https:\/\/socialclubmallorca.com\/de\/standort\/#breadcrumb\"},\"inLanguage\":\"de\",\"potentialAction\":[{\"@type\":\"ReadAction\",\"target\":[\"https:\/\/socialclubmallorca.com\/de\/standort\/\"]}]},{\"@type\":\"BreadcrumbList\",\"@id\":\"https:\/\/socialclubmallorca.com\/de\/standort\/#breadcrumb\",\"itemListElement\":[{\"@type\":\"ListItem\",\"position\":1,\"name\":\"Home\",\"item\":\"https:\/\/socialclubmallorca.com\/de\/social-club\/\"},{\"@type\":\"ListItem\",\"position\":2,\"name\":\"Standort\"}]},{\"@type\":\"WebSite\",\"@id\":\"https:\/\/socialclubmallorca.com\/de\/#website\",\"url\":\"https:\/\/socialclubmallorca.com\/de\/\",\"name\":\"Social Club Mallorca\",\"description\":\"\",\"publisher\":{\"@id\":\"https:\/\/socialclubmallorca.com\/de\/#organization\"},\"potentialAction\":[{\"@type\":\"SearchAction\",\"target\":{\"@type\":\"EntryPoint\",\"urlTemplate\":\"https:\/\/socialclubmallorca.com\/de\/?s={search_term_string}\"},\"query-input\":{\"@type\":\"PropertyValueSpecification\",\"valueRequired\":true,\"valueName\":\"search_term_string\"}}],\"inLanguage\":\"de\"},{\"@type\":\"Organization\",\"@id\":\"https:\/\/socialclubmallorca.com\/de\/#organization\",\"name\":\"Social Club\",\"url\":\"https:\/\/socialclubmallorca.com\/de\/\",\"logo\":{\"@type\":\"ImageObject\",\"inLanguage\":\"de\",\"@id\":\"https:\/\/socialclubmallorca.com\/de\/#\/schema\/logo\/image\/\",\"url\":\"https:\/\/socialclubmallorca.com\/wp-content\/uploads\/2026\/03\/symbol_.png\",\"contentUrl\":\"https:\/\/socialclubmallorca.com\/wp-content\/uploads\/2026\/03\/symbol_.png\",\"width\":918,\"height\":836,\"caption\":\"Social Club\"},\"image\":{\"@id\":\"https:\/\/socialclubmallorca.com\/de\/#\/schema\/logo\/image\/\"}}]}<\/script>\n<!-- \/ Yoast SEO plugin. -->","yoast_head_json":{"title":"Standort | Social Club Mallorca","robots":{"index":"index","follow":"follow","max-snippet":"max-snippet:-1","max-image-preview":"max-image-preview:large","max-video-preview":"max-video-preview:-1"},"canonical":"https:\/\/socialclubmallorca.com\/de\/standort\/","og_locale":"de_DE","og_type":"article","og_title":"Standort | Social Club Mallorca","og_description":"Standort Wo befindet sich der neue Social Club Mallorca? Social Club Mallorca befindet sich mit Stolz an einer der bekanntesten Adressen in Palma \u2013 dem legend\u00e4ren Hotel Victoria mit Blick auf das glitzernde Wasser des Paseo Mar\u00edtimo. Diese prestigetr\u00e4chtige Lage befindet sich nicht nur im Herzen des pulsierenden Nachtlebens der Stadt, sondern ist auch reich [&hellip;]","og_url":"https:\/\/socialclubmallorca.com\/de\/standort\/","og_site_name":"Social Club Mallorca","article_modified_time":"2026-02-09T15:58:00+00:00","twitter_card":"summary_large_image","twitter_misc":{"Gesch\u00e4tzte Lesezeit":"2\u00a0Minuten"},"schema":{"@context":"https:\/\/schema.org","@graph":[{"@type":"WebPage","@id":"https:\/\/socialclubmallorca.com\/de\/standort\/","url":"https:\/\/socialclubmallorca.com\/de\/standort\/","name":"Standort | Social Club Mallorca","isPartOf":{"@id":"https:\/\/socialclubmallorca.com\/de\/#website"},"datePublished":"2025-05-28T17:59:49+00:00","dateModified":"2026-02-09T15:58:00+00:00","breadcrumb":{"@id":"https:\/\/socialclubmallorca.com\/de\/standort\/#breadcrumb"},"inLanguage":"de","potentialAction":[{"@type":"ReadAction","target":["https:\/\/socialclubmallorca.com\/de\/standort\/"]}]},{"@type":"BreadcrumbList","@id":"https:\/\/socialclubmallorca.com\/de\/standort\/#breadcrumb","itemListElement":[{"@type":"ListItem","position":1,"name":"Home","item":"https:\/\/socialclubmallorca.com\/de\/social-club\/"},{"@type":"ListItem","position":2,"name":"Standort"}]},{"@type":"WebSite","@id":"https:\/\/socialclubmallorca.com\/de\/#website","url":"https:\/\/socialclubmallorca.com\/de\/","name":"Social Club Mallorca","description":"","publisher":{"@id":"https:\/\/socialclubmallorca.com\/de\/#organization"},"potentialAction":[{"@type":"SearchAction","target":{"@type":"EntryPoint","urlTemplate":"https:\/\/socialclubmallorca.com\/de\/?s={search_term_string}"},"query-input":{"@type":"PropertyValueSpecification","valueRequired":true,"valueName":"search_term_string"}}],"inLanguage":"de"},{"@type":"Organization","@id":"https:\/\/socialclubmallorca.com\/de\/#organization","name":"Social Club","url":"https:\/\/socialclubmallorca.com\/de\/","logo":{"@type":"ImageObject","inLanguage":"de","@id":"https:\/\/socialclubmallorca.com\/de\/#\/schema\/logo\/image\/","url":"https:\/\/socialclubmallorca.com\/wp-content\/uploads\/2026\/03\/symbol_.png","contentUrl":"https:\/\/socialclubmallorca.com\/wp-content\/uploads\/2026\/03\/symbol_.png","width":918,"height":836,"caption":"Social Club"},"image":{"@id":"https:\/\/socialclubmallorca.com\/de\/#\/schema\/logo\/image\/"}}]}},"_links":{"self":[{"href":"https:\/\/socialclubmallorca.com\/de\/wp-json\/wp\/v2\/pages\/539","targetHints":{"allow":["GET"]}}],"collection":[{"href":"https:\/\/socialclubmallorca.com\/de\/wp-json\/wp\/v2\/pages"}],"about":[{"href":"https:\/\/socialclubmallorca.com\/de\/wp-json\/wp\/v2\/types\/page"}],"author":[{"embeddable":true,"href":"https:\/\/socialclubmallorca.com\/de\/wp-json\/wp\/v2\/users\/1"}],"replies":[{"embeddable":true,"href":"https:\/\/socialclubmallorca.com\/de\/wp-json\/wp\/v2\/comments?post=539"}],"version-history":[{"count":8,"href":"https:\/\/socialclubmallorca.com\/de\/wp-json\/wp\/v2\/pages\/539\/revisions"}],"predecessor-version":[{"id":1422,"href":"https:\/\/socialclubmallorca.com\/de\/wp-json\/wp\/v2\/pages\/539\/revisions\/1422"}],"wp:attachment":[{"href":"https:\/\/socialclubmallorca.com\/de\/wp-json\/wp\/v2\/media?parent=539"}],"curies":[{"name":"wp","href":"https:\/\/api.w.org\/{rel}","templated":true}]}}