{"id":548,"date":"2025-05-30T19:47:49","date_gmt":"2025-05-30T19:47:49","guid":{"rendered":"https:\/\/socialclubmallorca.com\/veranstaltungsort\/"},"modified":"2026-03-24T15:24:03","modified_gmt":"2026-03-24T15:24:03","slug":"veranstaltungsort","status":"publish","type":"page","link":"https:\/\/socialclubmallorca.com\/de\/veranstaltungsort\/","title":{"rendered":"Veranstaltungsort"},"content":{"rendered":"\t\t<div data-elementor-type=\"wp-page\" data-elementor-id=\"548\" class=\"elementor elementor-548 elementor-369\" data-elementor-post-type=\"page\">\n\t\t\t\t<div class=\"elementor-element elementor-element-f3afe05 e-flex e-con-boxed e-con e-parent\" data-id=\"f3afe05\" data-element_type=\"container\" data-e-type=\"container\" data-settings=\"{&quot;background_background&quot;:&quot;classic&quot;,&quot;jet_parallax_layout_list&quot;:[]}\">\n\t\t\t\t\t<div class=\"e-con-inner\">\n\t\t\t\t<div class=\"elementor-element elementor-element-ad57309 elementor-invisible elementor-widget elementor-widget-heading\" data-id=\"ad57309\" data-element_type=\"widget\" data-e-type=\"widget\" data-settings=\"{&quot;_animation&quot;:&quot;fadeIn&quot;}\" data-widget_type=\"heading.default\">\n\t\t\t\t<div class=\"elementor-widget-container\">\n\t\t\t\t\t<h1 class=\"elementor-heading-title elementor-size-default\">Veranstaltungsort<\/h1>\t\t\t\t<\/div>\n\t\t\t\t<\/div>\n\t\t\t\t<div class=\"elementor-element elementor-element-af4ebde elementor-widget-divider--view-line elementor-invisible elementor-widget elementor-widget-divider\" data-id=\"af4ebde\" data-element_type=\"widget\" data-e-type=\"widget\" data-settings=\"{&quot;_animation&quot;:&quot;fadeInDown&quot;}\" data-widget_type=\"divider.default\">\n\t\t\t\t<div class=\"elementor-widget-container\">\n\t\t\t\t\t\t\t<div class=\"elementor-divider\">\n\t\t\t<span class=\"elementor-divider-separator\">\n\t\t\t\t\t\t<\/span>\n\t\t<\/div>\n\t\t\t\t\t\t<\/div>\n\t\t\t\t<\/div>\n\t\t\t\t\t<\/div>\n\t\t\t\t<\/div>\n\t\t<div class=\"elementor-element elementor-element-f35fa5e e-flex e-con-boxed e-con e-parent\" data-id=\"f35fa5e\" data-element_type=\"container\" data-e-type=\"container\" data-settings=\"{&quot;jet_parallax_layout_list&quot;:[]}\">\n\t\t\t\t\t<div class=\"e-con-inner\">\n\t\t<div class=\"elementor-element elementor-element-4f72e42 e-con-full e-flex e-con e-child\" data-id=\"4f72e42\" data-element_type=\"container\" data-e-type=\"container\" data-settings=\"{&quot;jet_parallax_layout_list&quot;:[],&quot;animation&quot;:&quot;none&quot;}\">\n\t\t\t\t<div class=\"elementor-element elementor-element-6d9b29d elementor-invisible elementor-widget elementor-widget-heading\" data-id=\"6d9b29d\" data-element_type=\"widget\" data-e-type=\"widget\" data-settings=\"{&quot;_animation&quot;:&quot;fadeIn&quot;}\" data-widget_type=\"heading.default\">\n\t\t\t\t<div class=\"elementor-widget-container\">\n\t\t\t\t\t<h2 class=\"elementor-heading-title elementor-size-default\">Boutique Club <span class=\"highlight-word\">und<\/span> VIP Lounge<\/h2>\t\t\t\t<\/div>\n\t\t\t\t<\/div>\n\t\t\t\t<div class=\"elementor-element elementor-element-c1d238f elementor-widget-divider--view-line elementor-invisible elementor-widget elementor-widget-divider\" data-id=\"c1d238f\" data-element_type=\"widget\" data-e-type=\"widget\" data-settings=\"{&quot;_animation&quot;:&quot;fadeInDown&quot;}\" data-widget_type=\"divider.default\">\n\t\t\t\t<div class=\"elementor-widget-container\">\n\t\t\t\t\t\t\t<div class=\"elementor-divider\">\n\t\t\t<span class=\"elementor-divider-separator\">\n\t\t\t\t\t\t<\/span>\n\t\t<\/div>\n\t\t\t\t\t\t<\/div>\n\t\t\t\t<\/div>\n\t\t\t\t<div class=\"elementor-element elementor-element-ba9afd9 elementor-invisible elementor-widget elementor-widget-text-editor\" data-id=\"ba9afd9\" data-element_type=\"widget\" data-e-type=\"widget\" data-settings=\"{&quot;_animation&quot;:&quot;fadeIn&quot;}\" data-widget_type=\"text-editor.default\">\n\t\t\t\t<div class=\"elementor-widget-container\">\n\t\t\t\t\t\t\t\t\t<p><strong>Social Club Mallorca \u2013 Eine moderne Interpretation eines zeitlosen Klassikers.<\/strong><\/p><p>Inspiriert von den emblematischen Mitgliederclubs des Stadtzentrums ist Social ein eleganter, intimer und raffinierter Raum, ideal f\u00fcr private Veranstaltungen jeder Art mit einem anspruchsvollen und kosmopolitischen Flair.<\/p><p>Im Herzen von Palmas prestigetr\u00e4chtigem Paseo Mar\u00edtimo gelegen, bietet dieser exklusive Boutique-Club ein sorgf\u00e4ltig gestaltetes Interieur, in dem Details und Atmosph\u00e4re den perfekten Rahmen schaffen, um die urbane und maritime Essenz der Stadt zu genie\u00dfen.<\/p>\t\t\t\t\t\t\t\t<\/div>\n\t\t\t\t<\/div>\n\t\t\t\t<\/div>\n\t\t<div class=\"elementor-element elementor-element-ea3d88a e-con-full e-flex elementor-invisible e-con e-child\" data-id=\"ea3d88a\" data-element_type=\"container\" data-e-type=\"container\" data-settings=\"{&quot;background_background&quot;:&quot;classic&quot;,&quot;jet_parallax_layout_list&quot;:[],&quot;animation&quot;:&quot;fadeInRight&quot;}\">\n\t\t\t\t<\/div>\n\t\t\t\t\t<\/div>\n\t\t\t\t<\/div>\n\t\t<div class=\"elementor-element elementor-element-fda7517 e-flex e-con-boxed e-con e-parent\" data-id=\"fda7517\" data-element_type=\"container\" data-e-type=\"container\" data-settings=\"{&quot;jet_parallax_layout_list&quot;:[]}\">\n\t\t\t\t\t<div class=\"e-con-inner\">\n\t\t<div class=\"elementor-element elementor-element-445d3d0 e-con-full e-flex e-con e-child\" data-id=\"445d3d0\" data-element_type=\"container\" data-e-type=\"container\" data-settings=\"{&quot;jet_parallax_layout_list&quot;:[],&quot;animation&quot;:&quot;none&quot;}\">\n\t\t\t\t<div class=\"elementor-element elementor-element-3b84434 elementor-invisible elementor-widget elementor-widget-text-editor\" data-id=\"3b84434\" data-element_type=\"widget\" data-e-type=\"widget\" data-settings=\"{&quot;_animation&quot;:&quot;fadeIn&quot;}\" data-widget_type=\"text-editor.default\">\n\t\t\t\t<div class=\"elementor-widget-container\">\n\t\t\t\t\t\t\t\t\t<p>Im Mittelpunkt des Clubs stehen R\u00e4ume, die f\u00fcr ein Erlebnis kompromissloser Raffinesse konzipiert wurden: der Main Room, das pulsierende Epizentrum der Nacht; der intime Room 2 f\u00fcr exklusivere Begegnungen; die raffinierte Cocktail Bar, wo Mixologie zur Kunst erhoben wird; und die exklusive VIP Lounge, luxuri\u00f6s eingerichtet, mit personalisiertem Tischservice und privaten B\u00e4dern, reserviert f\u00fcr diejenigen, die wahre Exklusivit\u00e4t sch\u00e4tzen.<\/p>\t\t\t\t\t\t\t\t<\/div>\n\t\t\t\t<\/div>\n\t\t\t\t<\/div>\n\t\t<div class=\"elementor-element elementor-element-edf52bb e-con-full e-flex elementor-invisible e-con e-child\" data-id=\"edf52bb\" data-element_type=\"container\" data-e-type=\"container\" data-settings=\"{&quot;background_background&quot;:&quot;classic&quot;,&quot;jet_parallax_layout_list&quot;:[],&quot;animation&quot;:&quot;fadeInLeft&quot;}\">\n\t\t\t\t<\/div>\n\t\t\t\t\t<\/div>\n\t\t\t\t<\/div>\n\t\t<div class=\"elementor-element elementor-element-f99bd06 e-flex e-con-boxed e-con e-parent\" data-id=\"f99bd06\" data-element_type=\"container\" data-e-type=\"container\" data-settings=\"{&quot;jet_parallax_layout_list&quot;:[]}\">\n\t\t\t\t\t<div class=\"e-con-inner\">\n\t\t<div class=\"elementor-element elementor-element-3abd5fc e-con-full e-flex e-con e-child\" data-id=\"3abd5fc\" data-element_type=\"container\" data-e-type=\"container\" data-settings=\"{&quot;jet_parallax_layout_list&quot;:[],&quot;animation&quot;:&quot;none&quot;}\">\n\t\t\t\t<div class=\"elementor-element elementor-element-7475fb2 elementor-invisible elementor-widget elementor-widget-text-editor\" data-id=\"7475fb2\" data-element_type=\"widget\" data-e-type=\"widget\" data-settings=\"{&quot;_animation&quot;:&quot;fadeIn&quot;}\" data-widget_type=\"text-editor.default\">\n\t\t\t\t<div class=\"elementor-widget-container\">\n\t\t\t\t\t\t\t\t\t<p>Social verf\u00fcgt \u00fcber vier einzigartige Bereiche: Main Room, Room 2, Cocktail Bar und VIP Lounge, die auf die Bed\u00fcrfnisse jeder Art von Veranstaltung zugeschnitten sind.<\/p><p>Mit mehreren Bereichen und Veranstaltungsr\u00e4umen kann jeder Bereich an die spezifischen Anforderungen Ihrer Veranstaltung angepasst werden.<\/p><p>Wir bieten eine gro\u00dfe Auswahl an Getr\u00e4nkepaketen und Fingerfood-Men\u00fcs, die Ihre Feier perfekt erg\u00e4nzen. Der Getr\u00e4nkeservice ist an den Bars in jedem Raum oder in dem von Ihnen gew\u00e4hlten Bereich verf\u00fcgbar, w\u00e4hrend umhergehende Kellner Hors d&#8217;oeuvres servieren, um einen reibungslosen Ablauf der Veranstaltung und die volle Zufriedenheit Ihrer G\u00e4ste zu gew\u00e4hrleisten. <\/p>\t\t\t\t\t\t\t\t<\/div>\n\t\t\t\t<\/div>\n\t\t\t\t<\/div>\n\t\t<div class=\"elementor-element elementor-element-fcf9816 e-con-full e-flex elementor-invisible e-con e-child\" data-id=\"fcf9816\" data-element_type=\"container\" data-e-type=\"container\" data-settings=\"{&quot;background_background&quot;:&quot;classic&quot;,&quot;jet_parallax_layout_list&quot;:[],&quot;animation&quot;:&quot;fadeInRight&quot;}\">\n\t\t\t\t<\/div>\n\t\t\t\t\t<\/div>\n\t\t\t\t<\/div>\n\t\t<div class=\"elementor-element elementor-element-60484f7 e-flex e-con-boxed e-con e-parent\" data-id=\"60484f7\" data-element_type=\"container\" data-e-type=\"container\" data-settings=\"{&quot;jet_parallax_layout_list&quot;:[]}\">\n\t\t\t\t\t<div class=\"e-con-inner\">\n\t\t\t\t<div class=\"elementor-element elementor-element-de08e3d elementor-invisible elementor-widget elementor-widget-heading\" data-id=\"de08e3d\" data-element_type=\"widget\" data-e-type=\"widget\" data-settings=\"{&quot;_animation&quot;:&quot;fadeIn&quot;}\" data-widget_type=\"heading.default\">\n\t\t\t\t<div class=\"elementor-widget-container\">\n\t\t\t\t\t<h2 class=\"elementor-heading-title elementor-size-default\">Wo befindet sich der <span class=\"highlight-word\">neue<\/span> Social Club Mallorca?\n<\/h2>\t\t\t\t<\/div>\n\t\t\t\t<\/div>\n\t\t\t\t<div class=\"elementor-element elementor-element-8adcc5e elementor-widget-divider--view-line elementor-invisible elementor-widget elementor-widget-divider\" data-id=\"8adcc5e\" data-element_type=\"widget\" data-e-type=\"widget\" data-settings=\"{&quot;_animation&quot;:&quot;fadeInDown&quot;}\" data-widget_type=\"divider.default\">\n\t\t\t\t<div class=\"elementor-widget-container\">\n\t\t\t\t\t\t\t<div class=\"elementor-divider\">\n\t\t\t<span class=\"elementor-divider-separator\">\n\t\t\t\t\t\t<\/span>\n\t\t<\/div>\n\t\t\t\t\t\t<\/div>\n\t\t\t\t<\/div>\n\t\t\t\t<div class=\"elementor-element elementor-element-000c8b2 elementor-invisible elementor-widget elementor-widget-text-editor\" data-id=\"000c8b2\" data-element_type=\"widget\" data-e-type=\"widget\" data-settings=\"{&quot;_animation&quot;:&quot;fadeIn&quot;}\" data-widget_type=\"text-editor.default\">\n\t\t\t\t<div class=\"elementor-widget-container\">\n\t\t\t\t\t\t\t\t\t<p>Social Club Mallorca befindet sich mit Stolz an einer der bekanntesten Adressen in Palma \u2013 dem legend\u00e4ren Hotel Victoria mit Blick auf das glitzernde Wasser des Paseo Mar\u00edtimo. Diese prestigetr\u00e4chtige Lage befindet sich nicht nur im Herzen des pulsierenden Nachtlebens der Stadt, sondern ist auch reich an Geschichte, Eleganz und mediterranem Charme. <\/p><h3>Hotel Victoria: Ein Wahrzeichen in Palma<\/h3><p>Das Hotel Victoria ist eines der renommiertesten und historischsten Hotels in Palma und stammt aus der Mitte des 20. Jahrhunderts. Jahrhunderts. Im Laufe der Jahrzehnte hat es internationale Reisende, Ber\u00fchmtheiten, K\u00fcnstler und K\u00f6nige empfangen und wurde zu einem Symbol f\u00fcr zeitlosen Luxus auf Mallorca. Seine Lage auf einem H\u00fcgel bietet einen atemberaubenden Panoramablick \u00fcber den Yachthafen, die Kathedrale und die Bucht &#8211; und macht es zu einem beliebten Ziel f\u00fcr alle, die sowohl Komfort als auch einen Hauch von altem Glamour suchen.  <\/p><p>Die klassische Architektur, die elegante Innenausstattung und das reiche Erbe des Hotels machen es zu mehr als nur einer Unterkunft \u2013 es ist ein kulturelles Wahrzeichen. Innerhalb seiner Mauern befindet sich nun der Social Club Mallorca \u2013 ein mutiger, moderner Ausdruck von Nachtleben, Musik und kuratierten Erlebnissen, der die Raffinesse seiner Umgebung erg\u00e4nzt. <\/p><h3>Paseo Mar\u00edtimo: Das pulsierende Herz von Palmas Hafenviertel<\/h3><p>Der Paseo Mar\u00edtimo, der entlang des Jachthafens verl\u00e4uft, ist eine der bekanntesten Uferpromenaden Spaniens. Urspr\u00fcnglich als kleine K\u00fcstenstra\u00dfe gebaut, hat sie sich im Laufe der Jahre in eine belebte, palmenges\u00e4umte Allee verwandelt, die Palmas reiche maritime Vergangenheit mit dem modernen, kosmopolitischen Lebensstil verbindet. <\/p><p>Ges\u00e4umt von Luxusjachten, lebhaften Bars, renommierten Restaurants und gehobenen Clubs ist der Paseo Mar\u00edtimo schon lange das Epizentrum des Nachtlebens in Palma. Einheimische und Besucher werden gleicherma\u00dfen von seiner Energie angezogen, sei es f\u00fcr einen Spaziergang bei Sonnenuntergang, eine Nacht oder eine morgendliche Joggingrunde mit der mediterranen Brise. <\/p><p>Die Gegend durchl\u00e4uft eine aufregende Transformation mit neuen Investitionen und Entwicklungen, die darauf abzielen, sie fu\u00dfg\u00e4ngerfreundlicher, gr\u00fcner und offener zum Meer hin zu gestalten. W\u00e4hrend sich dieses n\u00e4chste Kapitel des Paseo Mar\u00edtimo entfaltet, ist der Social Club stolz darauf, Teil seiner Entwicklung zu sein und erstklassiges Nachtleben in diesen geschichtstr\u00e4chtigen Abschnitt der Insel zu bringen. <\/p><p>Ob Sie f\u00fcr eine unvergessliche Nacht anreisen oder einfach nur die Atmosph\u00e4re genie\u00dfen, der Social Club im Hotel Victoria bietet die perfekte Basis, um die Sch\u00f6nheit, Energie und Geschichte von Palma zu erleben.<\/p>\t\t\t\t\t\t\t\t<\/div>\n\t\t\t\t<\/div>\n\t\t\t\t\t<\/div>\n\t\t\t\t<\/div>\n\t\t\t\t<\/div>\n\t\t","protected":false},"excerpt":{"rendered":"<p>Veranstaltungsort Boutique Club und VIP Lounge Social Club Mallorca \u2013 Eine moderne Interpretation eines zeitlosen Klassikers. Inspiriert von den emblematischen Mitgliederclubs des Stadtzentrums ist Social ein eleganter, intimer und raffinierter Raum, ideal f\u00fcr private Veranstaltungen jeder Art mit einem anspruchsvollen und kosmopolitischen Flair. Im Herzen von Palmas prestigetr\u00e4chtigem Paseo Mar\u00edtimo gelegen, bietet dieser exklusive Boutique-Club [&hellip;]<\/p>\n","protected":false},"author":1,"featured_media":0,"parent":0,"menu_order":0,"comment_status":"closed","ping_status":"closed","template":"","meta":{"footnotes":""},"class_list":["post-548","page","type-page","status-publish","hentry"],"blocksy_meta":[],"yoast_head":"<!-- This site is optimized with the Yoast SEO plugin v26.9 - https:\/\/yoast.com\/product\/yoast-seo-wordpress\/ -->\n<title>Veranstaltungsort | Social Club Mallorca<\/title>\n<meta name=\"description\" content=\"Inspired by the emblematic members\u2019 clubs of the city centre, Social is an elegant, intimate and refined space.\" \/>\n<meta name=\"robots\" content=\"index, follow, max-snippet:-1, max-image-preview:large, max-video-preview:-1\" \/>\n<link rel=\"canonical\" href=\"https:\/\/socialclubmallorca.com\/de\/veranstaltungsort\/\" \/>\n<meta property=\"og:locale\" content=\"de_DE\" \/>\n<meta property=\"og:type\" content=\"article\" \/>\n<meta property=\"og:title\" content=\"Veranstaltungsort | Social Club Mallorca\" \/>\n<meta property=\"og:description\" content=\"Inspired by the emblematic members\u2019 clubs of the city centre, Social is an elegant, intimate and refined space.\" \/>\n<meta property=\"og:url\" content=\"https:\/\/socialclubmallorca.com\/de\/veranstaltungsort\/\" \/>\n<meta property=\"og:site_name\" content=\"Social Club Mallorca\" \/>\n<meta property=\"article:modified_time\" content=\"2026-03-24T15:24:03+00:00\" \/>\n<meta name=\"twitter:card\" content=\"summary_large_image\" \/>\n<meta name=\"twitter:label1\" content=\"Gesch\u00e4tzte Lesezeit\" \/>\n\t<meta name=\"twitter:data1\" content=\"3\u00a0Minuten\" \/>\n<script type=\"application\/ld+json\" class=\"yoast-schema-graph\">{\"@context\":\"https:\/\/schema.org\",\"@graph\":[{\"@type\":\"WebPage\",\"@id\":\"https:\/\/socialclubmallorca.com\/de\/veranstaltungsort\/\",\"url\":\"https:\/\/socialclubmallorca.com\/de\/veranstaltungsort\/\",\"name\":\"Veranstaltungsort | Social Club Mallorca\",\"isPartOf\":{\"@id\":\"https:\/\/socialclubmallorca.com\/de\/#website\"},\"datePublished\":\"2025-05-30T19:47:49+00:00\",\"dateModified\":\"2026-03-24T15:24:03+00:00\",\"description\":\"Inspired by the emblematic members\u2019 clubs of the city centre, Social is an elegant, intimate and refined space.\",\"breadcrumb\":{\"@id\":\"https:\/\/socialclubmallorca.com\/de\/veranstaltungsort\/#breadcrumb\"},\"inLanguage\":\"de\",\"potentialAction\":[{\"@type\":\"ReadAction\",\"target\":[\"https:\/\/socialclubmallorca.com\/de\/veranstaltungsort\/\"]}]},{\"@type\":\"BreadcrumbList\",\"@id\":\"https:\/\/socialclubmallorca.com\/de\/veranstaltungsort\/#breadcrumb\",\"itemListElement\":[{\"@type\":\"ListItem\",\"position\":1,\"name\":\"Home\",\"item\":\"https:\/\/socialclubmallorca.com\/de\/social-club\/\"},{\"@type\":\"ListItem\",\"position\":2,\"name\":\"Veranstaltungsort\"}]},{\"@type\":\"WebSite\",\"@id\":\"https:\/\/socialclubmallorca.com\/de\/#website\",\"url\":\"https:\/\/socialclubmallorca.com\/de\/\",\"name\":\"Social Club Mallorca\",\"description\":\"\",\"publisher\":{\"@id\":\"https:\/\/socialclubmallorca.com\/de\/#organization\"},\"potentialAction\":[{\"@type\":\"SearchAction\",\"target\":{\"@type\":\"EntryPoint\",\"urlTemplate\":\"https:\/\/socialclubmallorca.com\/de\/?s={search_term_string}\"},\"query-input\":{\"@type\":\"PropertyValueSpecification\",\"valueRequired\":true,\"valueName\":\"search_term_string\"}}],\"inLanguage\":\"de\"},{\"@type\":\"Organization\",\"@id\":\"https:\/\/socialclubmallorca.com\/de\/#organization\",\"name\":\"Social Club\",\"url\":\"https:\/\/socialclubmallorca.com\/de\/\",\"logo\":{\"@type\":\"ImageObject\",\"inLanguage\":\"de\",\"@id\":\"https:\/\/socialclubmallorca.com\/de\/#\/schema\/logo\/image\/\",\"url\":\"https:\/\/socialclubmallorca.com\/wp-content\/uploads\/2026\/03\/symbol_.png\",\"contentUrl\":\"https:\/\/socialclubmallorca.com\/wp-content\/uploads\/2026\/03\/symbol_.png\",\"width\":918,\"height\":836,\"caption\":\"Social Club\"},\"image\":{\"@id\":\"https:\/\/socialclubmallorca.com\/de\/#\/schema\/logo\/image\/\"}}]}<\/script>\n<!-- \/ Yoast SEO plugin. -->","yoast_head_json":{"title":"Veranstaltungsort | Social Club Mallorca","description":"Inspired by the emblematic members\u2019 clubs of the city centre, Social is an elegant, intimate and refined space.","robots":{"index":"index","follow":"follow","max-snippet":"max-snippet:-1","max-image-preview":"max-image-preview:large","max-video-preview":"max-video-preview:-1"},"canonical":"https:\/\/socialclubmallorca.com\/de\/veranstaltungsort\/","og_locale":"de_DE","og_type":"article","og_title":"Veranstaltungsort | Social Club Mallorca","og_description":"Inspired by the emblematic members\u2019 clubs of the city centre, Social is an elegant, intimate and refined space.","og_url":"https:\/\/socialclubmallorca.com\/de\/veranstaltungsort\/","og_site_name":"Social Club Mallorca","article_modified_time":"2026-03-24T15:24:03+00:00","twitter_card":"summary_large_image","twitter_misc":{"Gesch\u00e4tzte Lesezeit":"3\u00a0Minuten"},"schema":{"@context":"https:\/\/schema.org","@graph":[{"@type":"WebPage","@id":"https:\/\/socialclubmallorca.com\/de\/veranstaltungsort\/","url":"https:\/\/socialclubmallorca.com\/de\/veranstaltungsort\/","name":"Veranstaltungsort | Social Club Mallorca","isPartOf":{"@id":"https:\/\/socialclubmallorca.com\/de\/#website"},"datePublished":"2025-05-30T19:47:49+00:00","dateModified":"2026-03-24T15:24:03+00:00","description":"Inspired by the emblematic members\u2019 clubs of the city centre, Social is an elegant, intimate and refined space.","breadcrumb":{"@id":"https:\/\/socialclubmallorca.com\/de\/veranstaltungsort\/#breadcrumb"},"inLanguage":"de","potentialAction":[{"@type":"ReadAction","target":["https:\/\/socialclubmallorca.com\/de\/veranstaltungsort\/"]}]},{"@type":"BreadcrumbList","@id":"https:\/\/socialclubmallorca.com\/de\/veranstaltungsort\/#breadcrumb","itemListElement":[{"@type":"ListItem","position":1,"name":"Home","item":"https:\/\/socialclubmallorca.com\/de\/social-club\/"},{"@type":"ListItem","position":2,"name":"Veranstaltungsort"}]},{"@type":"WebSite","@id":"https:\/\/socialclubmallorca.com\/de\/#website","url":"https:\/\/socialclubmallorca.com\/de\/","name":"Social Club Mallorca","description":"","publisher":{"@id":"https:\/\/socialclubmallorca.com\/de\/#organization"},"potentialAction":[{"@type":"SearchAction","target":{"@type":"EntryPoint","urlTemplate":"https:\/\/socialclubmallorca.com\/de\/?s={search_term_string}"},"query-input":{"@type":"PropertyValueSpecification","valueRequired":true,"valueName":"search_term_string"}}],"inLanguage":"de"},{"@type":"Organization","@id":"https:\/\/socialclubmallorca.com\/de\/#organization","name":"Social Club","url":"https:\/\/socialclubmallorca.com\/de\/","logo":{"@type":"ImageObject","inLanguage":"de","@id":"https:\/\/socialclubmallorca.com\/de\/#\/schema\/logo\/image\/","url":"https:\/\/socialclubmallorca.com\/wp-content\/uploads\/2026\/03\/symbol_.png","contentUrl":"https:\/\/socialclubmallorca.com\/wp-content\/uploads\/2026\/03\/symbol_.png","width":918,"height":836,"caption":"Social Club"},"image":{"@id":"https:\/\/socialclubmallorca.com\/de\/#\/schema\/logo\/image\/"}}]}},"_links":{"self":[{"href":"https:\/\/socialclubmallorca.com\/de\/wp-json\/wp\/v2\/pages\/548","targetHints":{"allow":["GET"]}}],"collection":[{"href":"https:\/\/socialclubmallorca.com\/de\/wp-json\/wp\/v2\/pages"}],"about":[{"href":"https:\/\/socialclubmallorca.com\/de\/wp-json\/wp\/v2\/types\/page"}],"author":[{"embeddable":true,"href":"https:\/\/socialclubmallorca.com\/de\/wp-json\/wp\/v2\/users\/1"}],"replies":[{"embeddable":true,"href":"https:\/\/socialclubmallorca.com\/de\/wp-json\/wp\/v2\/comments?post=548"}],"version-history":[{"count":9,"href":"https:\/\/socialclubmallorca.com\/de\/wp-json\/wp\/v2\/pages\/548\/revisions"}],"predecessor-version":[{"id":2055,"href":"https:\/\/socialclubmallorca.com\/de\/wp-json\/wp\/v2\/pages\/548\/revisions\/2055"}],"wp:attachment":[{"href":"https:\/\/socialclubmallorca.com\/de\/wp-json\/wp\/v2\/media?parent=548"}],"curies":[{"name":"wp","href":"https:\/\/api.w.org\/{rel}","templated":true}]}}