{"id":1969,"date":"2026-03-24T14:39:59","date_gmt":"2026-03-24T14:39:59","guid":{"rendered":"https:\/\/socialclubmallorca.com\/alquiler-privado\/"},"modified":"2026-04-08T12:48:37","modified_gmt":"2026-04-08T12:48:37","slug":"alquiler-privado","status":"publish","type":"page","link":"https:\/\/socialclubmallorca.com\/es\/alquiler-privado\/","title":{"rendered":"Alquiler privado"},"content":{"rendered":"\t\t<div data-elementor-type=\"wp-page\" data-elementor-id=\"1969\" class=\"elementor elementor-1969 elementor-1931\" data-elementor-post-type=\"page\">\n\t\t\t\t<div class=\"elementor-element elementor-element-0c69c0a e-flex e-con-boxed e-con e-parent\" data-id=\"0c69c0a\" data-element_type=\"container\" data-e-type=\"container\" data-settings=\"{&quot;background_background&quot;:&quot;classic&quot;,&quot;jet_parallax_layout_list&quot;:[]}\">\n\t\t\t\t\t<div class=\"e-con-inner\">\n\t\t\t\t<div class=\"elementor-element elementor-element-6523b04 elementor-invisible elementor-widget elementor-widget-heading\" data-id=\"6523b04\" data-element_type=\"widget\" data-e-type=\"widget\" data-settings=\"{&quot;_animation&quot;:&quot;fadeIn&quot;}\" data-widget_type=\"heading.default\">\n\t\t\t\t<div class=\"elementor-widget-container\">\n\t\t\t\t\t<h1 class=\"elementor-heading-title elementor-size-default\">Alquiler privado y eventos corporativos<\/h1>\t\t\t\t<\/div>\n\t\t\t\t<\/div>\n\t\t\t\t<div class=\"elementor-element elementor-element-6f3e065 elementor-widget-divider--view-line elementor-invisible elementor-widget elementor-widget-divider\" data-id=\"6f3e065\" data-element_type=\"widget\" data-e-type=\"widget\" data-settings=\"{&quot;_animation&quot;:&quot;fadeInDown&quot;}\" data-widget_type=\"divider.default\">\n\t\t\t\t<div class=\"elementor-widget-container\">\n\t\t\t\t\t\t\t<div class=\"elementor-divider\">\n\t\t\t<span class=\"elementor-divider-separator\">\n\t\t\t\t\t\t<\/span>\n\t\t<\/div>\n\t\t\t\t\t\t<\/div>\n\t\t\t\t<\/div>\n\t\t\t\t\t<\/div>\n\t\t\t\t<\/div>\n\t\t<div class=\"elementor-element elementor-element-e7d4484 e-flex e-con-boxed e-con e-parent\" data-id=\"e7d4484\" data-element_type=\"container\" data-e-type=\"container\" data-settings=\"{&quot;jet_parallax_layout_list&quot;:[]}\">\n\t\t\t\t\t<div class=\"e-con-inner\">\n\t\t\t\t<div class=\"elementor-element elementor-element-2111606 elementor-invisible elementor-widget elementor-widget-text-editor\" data-id=\"2111606\" data-element_type=\"widget\" data-e-type=\"widget\" data-settings=\"{&quot;_animation&quot;:&quot;fadeIn&quot;}\" data-widget_type=\"text-editor.default\">\n\t\t\t\t<div class=\"elementor-widget-container\">\n\t\t\t\t\t\t\t\t\t<div>Social Club ofrece un entorno refinado para marcas, socios y clientes privados que buscan crear experiencias a gran escala.<\/div><div>M\u00e1s que un local, es una plataforma de ocio nocturno completamente operativa que combina sonido, producci\u00f3n y dise\u00f1o espacial de primer nivel con un formato dise\u00f1ado para generar energ\u00eda, fluidez e impacto.<\/div><div> <\/div><div>El espacio se puede configurar para adaptarse a una amplia variedad de formatos, incluidos eventos corporativos, entretenimiento para clientes, lanzamientos de productos, grupos de conferencias, activaciones de marca y celebraciones privadas.<\/div><div> <\/div><div>\u00c1reas VIP definidas, una pista de baile central y espacios elevados como la Social Suite permiten m\u00faltiples capas de experiencia dentro de un mismo entorno.<\/div><div>El alquiler completo del local proporciona control total sobre la programaci\u00f3n, el branding y el recorrido de los invitados, transformando el club en un entorno personalizado completamente inmersivo.<\/div><div>Respaldado por un equipo experimentado y una base centrada en la m\u00fasica, Social Club ofrece eventos que no solo son impecables en su ejecuci\u00f3n, sino imposibles de replicar en cualquier otro lugar de la isla.<\/div><div> <\/div><div>Un espacio dise\u00f1ado para marcas y clientes que entienden el valor de la atm\u00f3sfera, la energ\u00eda y la presencia.<\/div>\t\t\t\t\t\t\t\t<\/div>\n\t\t\t\t<\/div>\n\t\t\t\t<div class=\"elementor-element elementor-element-02af2f8 elementor-align-center elementor-invisible elementor-widget elementor-widget-button\" data-id=\"02af2f8\" data-element_type=\"widget\" data-e-type=\"widget\" data-settings=\"{&quot;_animation&quot;:&quot;fadeIn&quot;}\" data-widget_type=\"button.default\">\n\t\t\t\t<div class=\"elementor-widget-container\">\n\t\t\t\t\t\t\t\t\t<div class=\"elementor-button-wrapper\">\n\t\t\t\t\t<a class=\"elementor-button elementor-button-link elementor-size-sm\" href=\"https:\/\/socialclubmallorca.com\/wp-content\/uploads\/2026\/04\/Social_Club_Dossier_EN-1_compressed.pdf\" target=\"_blank\">\n\t\t\t\t\t\t<span class=\"elementor-button-content-wrapper\">\n\t\t\t\t\t\t\t\t\t<span class=\"elementor-button-text\">Descargar dossier<\/span>\n\t\t\t\t\t<\/span>\n\t\t\t\t\t<\/a>\n\t\t\t\t<\/div>\n\t\t\t\t\t\t\t\t<\/div>\n\t\t\t\t<\/div>\n\t\t\t\t\t<\/div>\n\t\t\t\t<\/div>\n\t\t<div class=\"elementor-element elementor-element-b3de387 e-flex e-con-boxed e-con e-parent\" data-id=\"b3de387\" data-element_type=\"container\" data-e-type=\"container\" data-settings=\"{&quot;jet_parallax_layout_list&quot;:[]}\">\n\t\t\t\t\t<div class=\"e-con-inner\">\n\t\t\t\t<div class=\"elementor-element elementor-element-489a952 elementor-invisible elementor-widget elementor-widget-heading\" data-id=\"489a952\" data-element_type=\"widget\" data-e-type=\"widget\" data-settings=\"{&quot;_animation&quot;:&quot;fadeIn&quot;}\" data-widget_type=\"heading.default\">\n\t\t\t\t<div class=\"elementor-widget-container\">\n\t\t\t\t\t<h3 class=\"elementor-heading-title elementor-size-default\">Contacto<\/h3>\t\t\t\t<\/div>\n\t\t\t\t<\/div>\n\t\t<div class=\"elementor-element elementor-element-9588d8f e-con-full e-flex elementor-invisible e-con e-child\" data-id=\"9588d8f\" data-element_type=\"container\" data-e-type=\"container\" data-settings=\"{&quot;jet_parallax_layout_list&quot;:[],&quot;animation&quot;:&quot;fadeIn&quot;}\">\n\t\t\t\t<div class=\"elementor-element elementor-element-4facaa0 elementor-align-justify elementor-widget elementor-widget-button\" data-id=\"4facaa0\" data-element_type=\"widget\" data-e-type=\"widget\" data-widget_type=\"button.default\">\n\t\t\t\t<div class=\"elementor-widget-container\">\n\t\t\t\t\t\t\t\t\t<div class=\"elementor-button-wrapper\">\n\t\t\t\t\t<a class=\"elementor-button elementor-button-link elementor-size-sm\" href=\"mailto:events@socialclubmallorca.com\">\n\t\t\t\t\t\t<span class=\"elementor-button-content-wrapper\">\n\t\t\t\t\t\t<span class=\"elementor-button-icon\">\n\t\t\t\t<svg aria-hidden=\"true\" class=\"e-font-icon-svg e-far-envelope-open\" viewBox=\"0 0 512 512\" xmlns=\"http:\/\/www.w3.org\/2000\/svg\"><path d=\"M494.586 164.516c-4.697-3.883-111.723-89.95-135.251-108.657C337.231 38.191 299.437 0 256 0c-43.205 0-80.636 37.717-103.335 55.859-24.463 19.45-131.07 105.195-135.15 108.549A48.004 48.004 0 0 0 0 201.485V464c0 26.51 21.49 48 48 48h416c26.51 0 48-21.49 48-48V201.509a48 48 0 0 0-17.414-36.993zM464 458a6 6 0 0 1-6 6H54a6 6 0 0 1-6-6V204.347c0-1.813.816-3.526 2.226-4.665 15.87-12.814 108.793-87.554 132.364-106.293C200.755 78.88 232.398 48 256 48c23.693 0 55.857 31.369 73.41 45.389 23.573 18.741 116.503 93.493 132.366 106.316a5.99 5.99 0 0 1 2.224 4.663V458zm-31.991-187.704c4.249 5.159 3.465 12.795-1.745 16.981-28.975 23.283-59.274 47.597-70.929 56.863C336.636 362.283 299.205 400 256 400c-43.452 0-81.287-38.237-103.335-55.86-11.279-8.967-41.744-33.413-70.927-56.865-5.21-4.187-5.993-11.822-1.745-16.981l15.258-18.528c4.178-5.073 11.657-5.843 16.779-1.726 28.618 23.001 58.566 47.035 70.56 56.571C200.143 320.631 232.307 352 256 352c23.602 0 55.246-30.88 73.41-45.389 11.994-9.535 41.944-33.57 70.563-56.568 5.122-4.116 12.601-3.346 16.778 1.727l15.258 18.526z\"><\/path><\/svg>\t\t\t<\/span>\n\t\t\t\t\t\t\t\t\t<span class=\"elementor-button-text\">events@socialclubmallorca.com<\/span>\n\t\t\t\t\t<\/span>\n\t\t\t\t\t<\/a>\n\t\t\t\t<\/div>\n\t\t\t\t\t\t\t\t<\/div>\n\t\t\t\t<\/div>\n\t\t\t\t<div class=\"elementor-element elementor-element-be7da9b elementor-align-justify elementor-widget elementor-widget-button\" data-id=\"be7da9b\" data-element_type=\"widget\" data-e-type=\"widget\" data-widget_type=\"button.default\">\n\t\t\t\t<div class=\"elementor-widget-container\">\n\t\t\t\t\t\t\t\t\t<div class=\"elementor-button-wrapper\">\n\t\t\t\t\t<a class=\"elementor-button elementor-button-link elementor-size-sm\" href=\"https:\/\/wa.me\/message\/KYGCCOJMNE5TH1\">\n\t\t\t\t\t\t<span class=\"elementor-button-content-wrapper\">\n\t\t\t\t\t\t<span class=\"elementor-button-icon\">\n\t\t\t\t<svg aria-hidden=\"true\" class=\"e-font-icon-svg e-fab-whatsapp\" viewBox=\"0 0 448 512\" xmlns=\"http:\/\/www.w3.org\/2000\/svg\"><path d=\"M380.9 97.1C339 55.1 283.2 32 223.9 32c-122.4 0-222 99.6-222 222 0 39.1 10.2 77.3 29.6 111L0 480l117.7-30.9c32.4 17.7 68.9 27 106.1 27h.1c122.3 0 224.1-99.6 224.1-222 0-59.3-25.2-115-67.1-157zm-157 341.6c-33.2 0-65.7-8.9-94-25.7l-6.7-4-69.8 18.3L72 359.2l-4.4-7c-18.5-29.4-28.2-63.3-28.2-98.2 0-101.7 82.8-184.5 184.6-184.5 49.3 0 95.6 19.2 130.4 54.1 34.8 34.9 56.2 81.2 56.1 130.5 0 101.8-84.9 184.6-186.6 184.6zm101.2-138.2c-5.5-2.8-32.8-16.2-37.9-18-5.1-1.9-8.8-2.8-12.5 2.8-3.7 5.6-14.3 18-17.6 21.8-3.2 3.7-6.5 4.2-12 1.4-32.6-16.3-54-29.1-75.5-66-5.7-9.8 5.7-9.1 16.3-30.3 1.8-3.7.9-6.9-.5-9.7-1.4-2.8-12.5-30.1-17.1-41.2-4.5-10.8-9.1-9.3-12.5-9.5-3.2-.2-6.9-.2-10.6-.2-3.7 0-9.7 1.4-14.8 6.9-5.1 5.6-19.4 19-19.4 46.3 0 27.3 19.9 53.7 22.6 57.4 2.8 3.7 39.1 59.7 94.8 83.8 35.2 15.2 49 16.5 66.6 13.9 10.7-1.6 32.8-13.4 37.4-26.4 4.6-13 4.6-24.1 3.2-26.4-1.3-2.5-5-3.9-10.5-6.6z\"><\/path><\/svg>\t\t\t<\/span>\n\t\t\t\t\t\t\t\t\t<span class=\"elementor-button-text\">+34 697 847 246<\/span>\n\t\t\t\t\t<\/span>\n\t\t\t\t\t<\/a>\n\t\t\t\t<\/div>\n\t\t\t\t\t\t\t\t<\/div>\n\t\t\t\t<\/div>\n\t\t\t\t<\/div>\n\t\t\t\t\t<\/div>\n\t\t\t\t<\/div>\n\t\t\t\t<\/div>\n\t\t","protected":false},"excerpt":{"rendered":"<p>Alquiler privado y eventos corporativos Social Club ofrece un entorno refinado para marcas, socios y clientes privados que buscan crear experiencias a gran escala.M\u00e1s que un local, es una plataforma de ocio nocturno completamente operativa que combina sonido, producci\u00f3n y dise\u00f1o espacial de primer nivel con un formato dise\u00f1ado para generar energ\u00eda, fluidez e impacto. [&hellip;]<\/p>\n","protected":false},"author":1,"featured_media":447,"parent":0,"menu_order":0,"comment_status":"closed","ping_status":"closed","template":"","meta":{"footnotes":""},"class_list":["post-1969","page","type-page","status-publish","has-post-thumbnail","hentry"],"blocksy_meta":[],"yoast_head":"<!-- This site is optimized with the Yoast SEO plugin v26.9 - https:\/\/yoast.com\/product\/yoast-seo-wordpress\/ -->\n<title>Alquiler privado | Social Club Mallorca<\/title>\n<meta name=\"description\" content=\"Social Club ofrece un entorno refinado para marcas, socios y clientes privados que buscan crear experiencias a gran escala.\" \/>\n<meta name=\"robots\" content=\"index, follow, max-snippet:-1, max-image-preview:large, max-video-preview:-1\" \/>\n<link rel=\"canonical\" href=\"https:\/\/socialclubmallorca.com\/es\/alquiler-privado\/\" \/>\n<meta property=\"og:locale\" content=\"es_ES\" \/>\n<meta property=\"og:type\" content=\"article\" \/>\n<meta property=\"og:title\" content=\"Alquiler privado | Social Club Mallorca\" \/>\n<meta property=\"og:description\" content=\"Social Club ofrece un entorno refinado para marcas, socios y clientes privados que buscan crear experiencias a gran escala.\" \/>\n<meta property=\"og:url\" content=\"https:\/\/socialclubmallorca.com\/es\/alquiler-privado\/\" \/>\n<meta property=\"og:site_name\" content=\"Social Club Mallorca\" \/>\n<meta property=\"article:modified_time\" content=\"2026-04-08T12:48:37+00:00\" \/>\n<meta property=\"og:image\" content=\"https:\/\/socialclubmallorca.com\/wp-content\/uploads\/2025\/06\/dj.jpg\" \/>\n\t<meta property=\"og:image:width\" content=\"427\" \/>\n\t<meta property=\"og:image:height\" content=\"640\" \/>\n\t<meta property=\"og:image:type\" content=\"image\/jpeg\" \/>\n<meta name=\"twitter:card\" content=\"summary_large_image\" \/>\n<meta name=\"twitter:label1\" content=\"Tiempo de lectura\" \/>\n\t<meta name=\"twitter:data1\" content=\"1 minuto\" \/>\n<script type=\"application\/ld+json\" class=\"yoast-schema-graph\">{\"@context\":\"https:\/\/schema.org\",\"@graph\":[{\"@type\":\"WebPage\",\"@id\":\"https:\/\/socialclubmallorca.com\/es\/alquiler-privado\/\",\"url\":\"https:\/\/socialclubmallorca.com\/es\/alquiler-privado\/\",\"name\":\"Alquiler privado | Social Club Mallorca\",\"isPartOf\":{\"@id\":\"https:\/\/socialclubmallorca.com\/es\/#website\"},\"primaryImageOfPage\":{\"@id\":\"https:\/\/socialclubmallorca.com\/es\/alquiler-privado\/#primaryimage\"},\"image\":{\"@id\":\"https:\/\/socialclubmallorca.com\/es\/alquiler-privado\/#primaryimage\"},\"thumbnailUrl\":\"https:\/\/socialclubmallorca.com\/wp-content\/uploads\/2025\/06\/dj.jpg\",\"datePublished\":\"2026-03-24T14:39:59+00:00\",\"dateModified\":\"2026-04-08T12:48:37+00:00\",\"description\":\"Social Club ofrece un entorno refinado para marcas, socios y clientes privados que buscan crear experiencias a gran escala.\",\"breadcrumb\":{\"@id\":\"https:\/\/socialclubmallorca.com\/es\/alquiler-privado\/#breadcrumb\"},\"inLanguage\":\"es\",\"potentialAction\":[{\"@type\":\"ReadAction\",\"target\":[\"https:\/\/socialclubmallorca.com\/es\/alquiler-privado\/\"]}]},{\"@type\":\"ImageObject\",\"inLanguage\":\"es\",\"@id\":\"https:\/\/socialclubmallorca.com\/es\/alquiler-privado\/#primaryimage\",\"url\":\"https:\/\/socialclubmallorca.com\/wp-content\/uploads\/2025\/06\/dj.jpg\",\"contentUrl\":\"https:\/\/socialclubmallorca.com\/wp-content\/uploads\/2025\/06\/dj.jpg\",\"width\":427,\"height\":640,\"caption\":\"Social Club Mallorca\"},{\"@type\":\"BreadcrumbList\",\"@id\":\"https:\/\/socialclubmallorca.com\/es\/alquiler-privado\/#breadcrumb\",\"itemListElement\":[{\"@type\":\"ListItem\",\"position\":1,\"name\":\"Home\",\"item\":\"https:\/\/socialclubmallorca.com\/es\/social-club\/\"},{\"@type\":\"ListItem\",\"position\":2,\"name\":\"Alquiler privado\"}]},{\"@type\":\"WebSite\",\"@id\":\"https:\/\/socialclubmallorca.com\/es\/#website\",\"url\":\"https:\/\/socialclubmallorca.com\/es\/\",\"name\":\"Social Club Mallorca\",\"description\":\"\",\"publisher\":{\"@id\":\"https:\/\/socialclubmallorca.com\/es\/#organization\"},\"potentialAction\":[{\"@type\":\"SearchAction\",\"target\":{\"@type\":\"EntryPoint\",\"urlTemplate\":\"https:\/\/socialclubmallorca.com\/es\/?s={search_term_string}\"},\"query-input\":{\"@type\":\"PropertyValueSpecification\",\"valueRequired\":true,\"valueName\":\"search_term_string\"}}],\"inLanguage\":\"es\"},{\"@type\":\"Organization\",\"@id\":\"https:\/\/socialclubmallorca.com\/es\/#organization\",\"name\":\"Social Club\",\"url\":\"https:\/\/socialclubmallorca.com\/es\/\",\"logo\":{\"@type\":\"ImageObject\",\"inLanguage\":\"es\",\"@id\":\"https:\/\/socialclubmallorca.com\/es\/#\/schema\/logo\/image\/\",\"url\":\"https:\/\/socialclubmallorca.com\/wp-content\/uploads\/2026\/03\/symbol_.png\",\"contentUrl\":\"https:\/\/socialclubmallorca.com\/wp-content\/uploads\/2026\/03\/symbol_.png\",\"width\":918,\"height\":836,\"caption\":\"Social Club\"},\"image\":{\"@id\":\"https:\/\/socialclubmallorca.com\/es\/#\/schema\/logo\/image\/\"}}]}<\/script>\n<!-- \/ Yoast SEO plugin. -->","yoast_head_json":{"title":"Alquiler privado | Social Club Mallorca","description":"Social Club ofrece un entorno refinado para marcas, socios y clientes privados que buscan crear experiencias a gran escala.","robots":{"index":"index","follow":"follow","max-snippet":"max-snippet:-1","max-image-preview":"max-image-preview:large","max-video-preview":"max-video-preview:-1"},"canonical":"https:\/\/socialclubmallorca.com\/es\/alquiler-privado\/","og_locale":"es_ES","og_type":"article","og_title":"Alquiler privado | Social Club Mallorca","og_description":"Social Club ofrece un entorno refinado para marcas, socios y clientes privados que buscan crear experiencias a gran escala.","og_url":"https:\/\/socialclubmallorca.com\/es\/alquiler-privado\/","og_site_name":"Social Club Mallorca","article_modified_time":"2026-04-08T12:48:37+00:00","og_image":[{"width":427,"height":640,"url":"https:\/\/socialclubmallorca.com\/wp-content\/uploads\/2025\/06\/dj.jpg","type":"image\/jpeg"}],"twitter_card":"summary_large_image","twitter_misc":{"Tiempo de lectura":"1 minuto"},"schema":{"@context":"https:\/\/schema.org","@graph":[{"@type":"WebPage","@id":"https:\/\/socialclubmallorca.com\/es\/alquiler-privado\/","url":"https:\/\/socialclubmallorca.com\/es\/alquiler-privado\/","name":"Alquiler privado | Social Club Mallorca","isPartOf":{"@id":"https:\/\/socialclubmallorca.com\/es\/#website"},"primaryImageOfPage":{"@id":"https:\/\/socialclubmallorca.com\/es\/alquiler-privado\/#primaryimage"},"image":{"@id":"https:\/\/socialclubmallorca.com\/es\/alquiler-privado\/#primaryimage"},"thumbnailUrl":"https:\/\/socialclubmallorca.com\/wp-content\/uploads\/2025\/06\/dj.jpg","datePublished":"2026-03-24T14:39:59+00:00","dateModified":"2026-04-08T12:48:37+00:00","description":"Social Club ofrece un entorno refinado para marcas, socios y clientes privados que buscan crear experiencias a gran escala.","breadcrumb":{"@id":"https:\/\/socialclubmallorca.com\/es\/alquiler-privado\/#breadcrumb"},"inLanguage":"es","potentialAction":[{"@type":"ReadAction","target":["https:\/\/socialclubmallorca.com\/es\/alquiler-privado\/"]}]},{"@type":"ImageObject","inLanguage":"es","@id":"https:\/\/socialclubmallorca.com\/es\/alquiler-privado\/#primaryimage","url":"https:\/\/socialclubmallorca.com\/wp-content\/uploads\/2025\/06\/dj.jpg","contentUrl":"https:\/\/socialclubmallorca.com\/wp-content\/uploads\/2025\/06\/dj.jpg","width":427,"height":640,"caption":"Social Club Mallorca"},{"@type":"BreadcrumbList","@id":"https:\/\/socialclubmallorca.com\/es\/alquiler-privado\/#breadcrumb","itemListElement":[{"@type":"ListItem","position":1,"name":"Home","item":"https:\/\/socialclubmallorca.com\/es\/social-club\/"},{"@type":"ListItem","position":2,"name":"Alquiler privado"}]},{"@type":"WebSite","@id":"https:\/\/socialclubmallorca.com\/es\/#website","url":"https:\/\/socialclubmallorca.com\/es\/","name":"Social Club Mallorca","description":"","publisher":{"@id":"https:\/\/socialclubmallorca.com\/es\/#organization"},"potentialAction":[{"@type":"SearchAction","target":{"@type":"EntryPoint","urlTemplate":"https:\/\/socialclubmallorca.com\/es\/?s={search_term_string}"},"query-input":{"@type":"PropertyValueSpecification","valueRequired":true,"valueName":"search_term_string"}}],"inLanguage":"es"},{"@type":"Organization","@id":"https:\/\/socialclubmallorca.com\/es\/#organization","name":"Social Club","url":"https:\/\/socialclubmallorca.com\/es\/","logo":{"@type":"ImageObject","inLanguage":"es","@id":"https:\/\/socialclubmallorca.com\/es\/#\/schema\/logo\/image\/","url":"https:\/\/socialclubmallorca.com\/wp-content\/uploads\/2026\/03\/symbol_.png","contentUrl":"https:\/\/socialclubmallorca.com\/wp-content\/uploads\/2026\/03\/symbol_.png","width":918,"height":836,"caption":"Social Club"},"image":{"@id":"https:\/\/socialclubmallorca.com\/es\/#\/schema\/logo\/image\/"}}]}},"_links":{"self":[{"href":"https:\/\/socialclubmallorca.com\/es\/wp-json\/wp\/v2\/pages\/1969","targetHints":{"allow":["GET"]}}],"collection":[{"href":"https:\/\/socialclubmallorca.com\/es\/wp-json\/wp\/v2\/pages"}],"about":[{"href":"https:\/\/socialclubmallorca.com\/es\/wp-json\/wp\/v2\/types\/page"}],"author":[{"embeddable":true,"href":"https:\/\/socialclubmallorca.com\/es\/wp-json\/wp\/v2\/users\/1"}],"replies":[{"embeddable":true,"href":"https:\/\/socialclubmallorca.com\/es\/wp-json\/wp\/v2\/comments?post=1969"}],"version-history":[{"count":6,"href":"https:\/\/socialclubmallorca.com\/es\/wp-json\/wp\/v2\/pages\/1969\/revisions"}],"predecessor-version":[{"id":2516,"href":"https:\/\/socialclubmallorca.com\/es\/wp-json\/wp\/v2\/pages\/1969\/revisions\/2516"}],"wp:featuredmedia":[{"embeddable":true,"href":"https:\/\/socialclubmallorca.com\/es\/wp-json\/wp\/v2\/media\/447"}],"wp:attachment":[{"href":"https:\/\/socialclubmallorca.com\/es\/wp-json\/wp\/v2\/media?parent=1969"}],"curies":[{"name":"wp","href":"https:\/\/api.w.org\/{rel}","templated":true}]}}