{"id":1976,"date":"2026-03-24T14:52:26","date_gmt":"2026-03-24T14:52:26","guid":{"rendered":"https:\/\/socialclubmallorca.com\/vip\/"},"modified":"2026-03-27T14:50:03","modified_gmt":"2026-03-27T14:50:03","slug":"vip","status":"publish","type":"page","link":"https:\/\/socialclubmallorca.com\/es\/vip\/","title":{"rendered":"VIP"},"content":{"rendered":"\t\t<div data-elementor-type=\"wp-page\" data-elementor-id=\"1976\" class=\"elementor elementor-1976 elementor-1945\" data-elementor-post-type=\"page\">\n\t\t\t\t<div class=\"elementor-element elementor-element-d70152d e-flex e-con-boxed e-con e-parent\" data-id=\"d70152d\" data-element_type=\"container\" data-e-type=\"container\" data-settings=\"{&quot;background_background&quot;:&quot;classic&quot;,&quot;jet_parallax_layout_list&quot;:[]}\">\n\t\t\t\t\t<div class=\"e-con-inner\">\n\t\t\t\t<div class=\"elementor-element elementor-element-588fced elementor-invisible elementor-widget elementor-widget-heading\" data-id=\"588fced\" data-element_type=\"widget\" data-e-type=\"widget\" data-settings=\"{&quot;_animation&quot;:&quot;fadeIn&quot;}\" data-widget_type=\"heading.default\">\n\t\t\t\t<div class=\"elementor-widget-container\">\n\t\t\t\t\t<h1 class=\"elementor-heading-title elementor-size-default\">VIP<\/h1>\t\t\t\t<\/div>\n\t\t\t\t<\/div>\n\t\t\t\t<div class=\"elementor-element elementor-element-0be4c2c elementor-widget-divider--view-line elementor-invisible elementor-widget elementor-widget-divider\" data-id=\"0be4c2c\" data-element_type=\"widget\" data-e-type=\"widget\" data-settings=\"{&quot;_animation&quot;:&quot;fadeInDown&quot;}\" data-widget_type=\"divider.default\">\n\t\t\t\t<div class=\"elementor-widget-container\">\n\t\t\t\t\t\t\t<div class=\"elementor-divider\">\n\t\t\t<span class=\"elementor-divider-separator\">\n\t\t\t\t\t\t<\/span>\n\t\t<\/div>\n\t\t\t\t\t\t<\/div>\n\t\t\t\t<\/div>\n\t\t\t\t\t<\/div>\n\t\t\t\t<\/div>\n\t\t<div class=\"elementor-element elementor-element-84b4146 e-flex e-con-boxed e-con e-parent\" data-id=\"84b4146\" data-element_type=\"container\" data-e-type=\"container\" data-settings=\"{&quot;jet_parallax_layout_list&quot;:[]}\">\n\t\t\t\t\t<div class=\"e-con-inner\">\n\t\t<div class=\"elementor-element elementor-element-14e9eb4 e-con-full e-flex e-con e-child\" data-id=\"14e9eb4\" data-element_type=\"container\" data-e-type=\"container\" data-settings=\"{&quot;jet_parallax_layout_list&quot;:[],&quot;animation&quot;:&quot;none&quot;}\">\n\t\t\t\t<div class=\"elementor-element elementor-element-119d223 elementor-invisible elementor-widget elementor-widget-text-editor\" data-id=\"119d223\" data-element_type=\"widget\" data-e-type=\"widget\" data-settings=\"{&quot;_animation&quot;:&quot;fadeIn&quot;}\" data-widget_type=\"text-editor.default\">\n\t\t\t\t<div class=\"elementor-widget-container\">\n\t\t\t\t\t\t\t\t\t<div>La experiencia VIP en Social Club est\u00e1 dise\u00f1ada en torno a la proximidad, el posicionamiento y el control, ofreciendo m\u00faltiples formas de vivir la sala a un nivel superior. <\/div><div> <\/div><div>En el centro del espacio, las mesas de DJ sit\u00faan a los invitados dentro de la cabina, totalmente inmersos en la energ\u00eda del artista. Al ser las mesas m\u00e1s c\u00e9ntricas del local, ofrecen una relaci\u00f3n directa con la m\u00fasica y el momento. <\/div><div> <\/div><div>Alrededor de esto, la pista de baile VIP y el sal\u00f3n VIP ofrecen un equilibrio entre intensidad y comodidad, permitiendo a los invitados permanecer dentro de la atm\u00f3sfera mientras disfrutan de m\u00e1s espacio, servicio y visibilidad en toda la sala.<\/div>\t\t\t\t\t\t\t\t<\/div>\n\t\t\t\t<\/div>\n\t\t\t\t<\/div>\n\t\t<div class=\"elementor-element elementor-element-c827966 e-con-full e-flex elementor-invisible e-con e-child\" data-id=\"c827966\" data-element_type=\"container\" data-e-type=\"container\" data-settings=\"{&quot;background_background&quot;:&quot;video&quot;,&quot;jet_parallax_layout_list&quot;:[],&quot;animation&quot;:&quot;fadeInRight&quot;,&quot;background_video_link&quot;:&quot;https:\\\/\\\/socialclubmallorca.com\\\/wp-content\\\/uploads\\\/2026\\\/03\\\/WhatsApp-Video-2026-03-24-at-20.40.00.mp4&quot;,&quot;background_play_on_mobile&quot;:&quot;yes&quot;}\">\n\t\t<div class=\"elementor-background-video-container\">\n\t\t\t\t\t\t\t<video class=\"elementor-background-video-hosted\" role=\"presentation\" autoplay muted playsinline loop><\/video>\n\t\t\t\t\t<\/div>\t\t<\/div>\n\t\t\t\t\t<\/div>\n\t\t\t\t<\/div>\n\t\t<div class=\"elementor-element elementor-element-33437b5 e-flex e-con-boxed e-con e-parent\" data-id=\"33437b5\" data-element_type=\"container\" data-e-type=\"container\" data-settings=\"{&quot;jet_parallax_layout_list&quot;:[]}\">\n\t\t\t\t\t<div class=\"e-con-inner\">\n\t\t\t\t<div class=\"elementor-element elementor-element-378a4ec elementor-invisible elementor-widget elementor-widget-heading\" data-id=\"378a4ec\" data-element_type=\"widget\" data-e-type=\"widget\" data-settings=\"{&quot;_animation&quot;:&quot;fadeIn&quot;}\" data-widget_type=\"heading.default\">\n\t\t\t\t<div class=\"elementor-widget-container\">\n\t\t\t\t\t<h2 class=\"elementor-heading-title elementor-size-default\">\"Un <span class=\"highlight-word\">gran club<\/span> consiste en crear un <span class=\"highlight-word\">mundo<\/span> del que la gente no quiera irse.\"<\/h2>\t\t\t\t<\/div>\n\t\t\t\t<\/div>\n\t\t\t\t<div class=\"elementor-element elementor-element-71f9f5f elementor-invisible elementor-widget elementor-widget-heading\" data-id=\"71f9f5f\" data-element_type=\"widget\" data-e-type=\"widget\" data-settings=\"{&quot;_animation&quot;:&quot;fadeIn&quot;,&quot;_animation_delay&quot;:400}\" data-widget_type=\"heading.default\">\n\t\t\t\t<div class=\"elementor-widget-container\">\n\t\t\t\t\t<div class=\"elementor-heading-title elementor-size-default\">Solomun<\/div>\t\t\t\t<\/div>\n\t\t\t\t<\/div>\n\t\t\t\t\t<\/div>\n\t\t\t\t<\/div>\n\t\t<div class=\"elementor-element elementor-element-bb823a3 e-flex e-con-boxed e-con e-parent\" data-id=\"bb823a3\" data-element_type=\"container\" data-e-type=\"container\" data-settings=\"{&quot;jet_parallax_layout_list&quot;:[]}\">\n\t\t\t\t\t<div class=\"e-con-inner\">\n\t\t<div class=\"elementor-element elementor-element-75aae71 e-con-full e-flex e-con e-child\" data-id=\"75aae71\" data-element_type=\"container\" data-e-type=\"container\" data-settings=\"{&quot;jet_parallax_layout_list&quot;:[],&quot;animation&quot;:&quot;none&quot;}\">\n\t\t\t\t<div class=\"elementor-element elementor-element-1adae14 elementor-invisible elementor-widget elementor-widget-text-editor\" data-id=\"1adae14\" data-element_type=\"widget\" data-e-type=\"widget\" data-settings=\"{&quot;_animation&quot;:&quot;fadeIn&quot;}\" data-widget_type=\"text-editor.default\">\n\t\t\t\t<div class=\"elementor-widget-container\">\n\t\t\t\t\t\t\t\t\t<div><div>Para una experiencia m\u00e1s exclusiva y privada, la Suite en Social ofrece un entorno privado y elevado para hasta 15 invitados. Situada sobre la zona VIP con su propio punto de vista privilegiado sobre el club, ofrece privacidad sin desconexi\u00f3n: un ambiente aut\u00f3nomo dentro de la energ\u00eda general del local. <\/div><div> <\/div><div>En todas las \u00e1reas, el servicio es impecable y atento, con anfitriones dedicados, selecciones de botellas premium y aperitivos seleccionados disponibles durante toda la noche.<\/div><div> <\/div><div>Los invitados VIP se benefician de una entrada separada, zona de recepci\u00f3n, barra dedicada y ba\u00f1os VIP. Un servicio de transporte VIP est\u00e1 disponible bajo petici\u00f3n, sujeto a disponibilidad.  <\/div><\/div>\t\t\t\t\t\t\t\t<\/div>\n\t\t\t\t<\/div>\n\t\t\t\t<\/div>\n\t\t<div class=\"elementor-element elementor-element-d15a723 e-con-full e-flex elementor-invisible e-con e-child\" data-id=\"d15a723\" data-element_type=\"container\" data-e-type=\"container\" data-settings=\"{&quot;background_background&quot;:&quot;classic&quot;,&quot;jet_parallax_layout_list&quot;:[],&quot;animation&quot;:&quot;fadeInLeft&quot;}\">\n\t\t\t\t<\/div>\n\t\t\t\t\t<\/div>\n\t\t\t\t<\/div>\n\t\t<div class=\"elementor-element elementor-element-3bb7a1a e-flex e-con-boxed e-con e-parent\" data-id=\"3bb7a1a\" data-element_type=\"container\" data-e-type=\"container\" data-settings=\"{&quot;jet_parallax_layout_list&quot;:[]}\">\n\t\t\t\t\t<div class=\"e-con-inner\">\n\t\t\t\t<div class=\"elementor-element elementor-element-d1fe86a elementor-invisible elementor-widget elementor-widget-text-editor\" data-id=\"d1fe86a\" data-element_type=\"widget\" data-e-type=\"widget\" data-settings=\"{&quot;_animation&quot;:&quot;fadeIn&quot;}\" data-widget_type=\"text-editor.default\">\n\t\t\t\t<div class=\"elementor-widget-container\">\n\t\t\t\t\t\t\t\t\t<div>Dise\u00f1ado para aquellos que quieren vivir la noche a su manera, sin alejarse de ella.<\/div>\t\t\t\t\t\t\t\t<\/div>\n\t\t\t\t<\/div>\n\t\t\t\t<div class=\"elementor-element elementor-element-afb6b9c elementor-widget elementor-widget-heading\" data-id=\"afb6b9c\" data-element_type=\"widget\" data-e-type=\"widget\" data-widget_type=\"heading.default\">\n\t\t\t\t<div class=\"elementor-widget-container\">\n\t\t\t\t\t<h3 class=\"elementor-heading-title elementor-size-default\">Contacto<\/h3>\t\t\t\t<\/div>\n\t\t\t\t<\/div>\n\t\t\t\t<div class=\"elementor-element elementor-element-f760934 elementor-invisible elementor-widget elementor-widget-text-editor\" data-id=\"f760934\" data-element_type=\"widget\" data-e-type=\"widget\" data-settings=\"{&quot;_animation&quot;:&quot;fadeIn&quot;}\" data-widget_type=\"text-editor.default\">\n\t\t\t\t<div class=\"elementor-widget-container\">\n\t\t\t\t\t\t\t\t\t<p class=\"p1\"><a href=\"mailto:events@socialclubmallorca.com\">events@socialclubmallorca.com<\/a><\/p>\t\t\t\t\t\t\t\t<\/div>\n\t\t\t\t<\/div>\n\t\t\t\t\t<\/div>\n\t\t\t\t<\/div>\n\t\t\t\t<\/div>\n\t\t","protected":false},"excerpt":{"rendered":"<p>VIP La experiencia VIP en Social Club est\u00e1 dise\u00f1ada en torno a la proximidad, el posicionamiento y el control, ofreciendo m\u00faltiples formas de vivir la sala a un nivel superior. En el centro del espacio, las mesas de DJ sit\u00faan a los invitados dentro de la cabina, totalmente inmersos en la energ\u00eda del artista. Al [&hellip;]<\/p>\n","protected":false},"author":1,"featured_media":882,"parent":0,"menu_order":0,"comment_status":"closed","ping_status":"closed","template":"","meta":{"footnotes":""},"class_list":["post-1976","page","type-page","status-publish","has-post-thumbnail","hentry"],"blocksy_meta":[],"yoast_head":"<!-- This site is optimized with the Yoast SEO plugin v26.9 - https:\/\/yoast.com\/product\/yoast-seo-wordpress\/ -->\n<title>VIP | Social Club Mallorca<\/title>\n<meta name=\"description\" content=\"La experiencia VIP en Social Club est\u00e1 dise\u00f1ada en torno a la proximidad, el posicionamiento y el control, ofreciendo m\u00faltiples formas de vivir la sala a un nivel superior.\" \/>\n<meta name=\"robots\" content=\"index, follow, max-snippet:-1, max-image-preview:large, max-video-preview:-1\" \/>\n<link rel=\"canonical\" href=\"https:\/\/socialclubmallorca.com\/es\/vip\/\" \/>\n<meta property=\"og:locale\" content=\"es_ES\" \/>\n<meta property=\"og:type\" content=\"article\" \/>\n<meta property=\"og:title\" content=\"VIP | Social Club Mallorca\" \/>\n<meta property=\"og:description\" content=\"La experiencia VIP en Social Club est\u00e1 dise\u00f1ada en torno a la proximidad, el posicionamiento y el control, ofreciendo m\u00faltiples formas de vivir la sala a un nivel superior.\" \/>\n<meta property=\"og:url\" content=\"https:\/\/socialclubmallorca.com\/es\/vip\/\" \/>\n<meta property=\"og:site_name\" content=\"Social Club Mallorca\" \/>\n<meta property=\"article:modified_time\" content=\"2026-03-27T14:50:03+00:00\" \/>\n<meta property=\"og:image\" content=\"https:\/\/socialclubmallorca.com\/wp-content\/uploads\/2026\/01\/P1076424.jpg\" \/>\n\t<meta property=\"og:image:width\" content=\"1537\" \/>\n\t<meta property=\"og:image:height\" content=\"2048\" \/>\n\t<meta property=\"og:image:type\" content=\"image\/jpeg\" \/>\n<meta name=\"twitter:card\" content=\"summary_large_image\" \/>\n<meta name=\"twitter:label1\" content=\"Tiempo de lectura\" \/>\n\t<meta name=\"twitter:data1\" content=\"1 minuto\" \/>\n<script type=\"application\/ld+json\" class=\"yoast-schema-graph\">{\"@context\":\"https:\/\/schema.org\",\"@graph\":[{\"@type\":\"WebPage\",\"@id\":\"https:\/\/socialclubmallorca.com\/es\/vip\/\",\"url\":\"https:\/\/socialclubmallorca.com\/es\/vip\/\",\"name\":\"VIP | Social Club Mallorca\",\"isPartOf\":{\"@id\":\"https:\/\/socialclubmallorca.com\/es\/#website\"},\"primaryImageOfPage\":{\"@id\":\"https:\/\/socialclubmallorca.com\/es\/vip\/#primaryimage\"},\"image\":{\"@id\":\"https:\/\/socialclubmallorca.com\/es\/vip\/#primaryimage\"},\"thumbnailUrl\":\"https:\/\/socialclubmallorca.com\/wp-content\/uploads\/2026\/01\/P1076424.jpg\",\"datePublished\":\"2026-03-24T14:52:26+00:00\",\"dateModified\":\"2026-03-27T14:50:03+00:00\",\"description\":\"La experiencia VIP en Social Club est\u00e1 dise\u00f1ada en torno a la proximidad, el posicionamiento y el control, ofreciendo m\u00faltiples formas de vivir la sala a un nivel superior.\",\"breadcrumb\":{\"@id\":\"https:\/\/socialclubmallorca.com\/es\/vip\/#breadcrumb\"},\"inLanguage\":\"es\",\"potentialAction\":[{\"@type\":\"ReadAction\",\"target\":[\"https:\/\/socialclubmallorca.com\/es\/vip\/\"]}]},{\"@type\":\"ImageObject\",\"inLanguage\":\"es\",\"@id\":\"https:\/\/socialclubmallorca.com\/es\/vip\/#primaryimage\",\"url\":\"https:\/\/socialclubmallorca.com\/wp-content\/uploads\/2026\/01\/P1076424.jpg\",\"contentUrl\":\"https:\/\/socialclubmallorca.com\/wp-content\/uploads\/2026\/01\/P1076424.jpg\",\"width\":1537,\"height\":2048,\"caption\":\"Drinks at social club mallorca\"},{\"@type\":\"BreadcrumbList\",\"@id\":\"https:\/\/socialclubmallorca.com\/es\/vip\/#breadcrumb\",\"itemListElement\":[{\"@type\":\"ListItem\",\"position\":1,\"name\":\"Home\",\"item\":\"https:\/\/socialclubmallorca.com\/es\/social-club\/\"},{\"@type\":\"ListItem\",\"position\":2,\"name\":\"VIP\"}]},{\"@type\":\"WebSite\",\"@id\":\"https:\/\/socialclubmallorca.com\/es\/#website\",\"url\":\"https:\/\/socialclubmallorca.com\/es\/\",\"name\":\"Social Club Mallorca\",\"description\":\"\",\"publisher\":{\"@id\":\"https:\/\/socialclubmallorca.com\/es\/#organization\"},\"potentialAction\":[{\"@type\":\"SearchAction\",\"target\":{\"@type\":\"EntryPoint\",\"urlTemplate\":\"https:\/\/socialclubmallorca.com\/es\/?s={search_term_string}\"},\"query-input\":{\"@type\":\"PropertyValueSpecification\",\"valueRequired\":true,\"valueName\":\"search_term_string\"}}],\"inLanguage\":\"es\"},{\"@type\":\"Organization\",\"@id\":\"https:\/\/socialclubmallorca.com\/es\/#organization\",\"name\":\"Social Club\",\"url\":\"https:\/\/socialclubmallorca.com\/es\/\",\"logo\":{\"@type\":\"ImageObject\",\"inLanguage\":\"es\",\"@id\":\"https:\/\/socialclubmallorca.com\/es\/#\/schema\/logo\/image\/\",\"url\":\"https:\/\/socialclubmallorca.com\/wp-content\/uploads\/2026\/03\/symbol_.png\",\"contentUrl\":\"https:\/\/socialclubmallorca.com\/wp-content\/uploads\/2026\/03\/symbol_.png\",\"width\":918,\"height\":836,\"caption\":\"Social Club\"},\"image\":{\"@id\":\"https:\/\/socialclubmallorca.com\/es\/#\/schema\/logo\/image\/\"}}]}<\/script>\n<!-- \/ Yoast SEO plugin. -->","yoast_head_json":{"title":"VIP | Social Club Mallorca","description":"La experiencia VIP en Social Club est\u00e1 dise\u00f1ada en torno a la proximidad, el posicionamiento y el control, ofreciendo m\u00faltiples formas de vivir la sala a un nivel superior.","robots":{"index":"index","follow":"follow","max-snippet":"max-snippet:-1","max-image-preview":"max-image-preview:large","max-video-preview":"max-video-preview:-1"},"canonical":"https:\/\/socialclubmallorca.com\/es\/vip\/","og_locale":"es_ES","og_type":"article","og_title":"VIP | Social Club Mallorca","og_description":"La experiencia VIP en Social Club est\u00e1 dise\u00f1ada en torno a la proximidad, el posicionamiento y el control, ofreciendo m\u00faltiples formas de vivir la sala a un nivel superior.","og_url":"https:\/\/socialclubmallorca.com\/es\/vip\/","og_site_name":"Social Club Mallorca","article_modified_time":"2026-03-27T14:50:03+00:00","og_image":[{"width":1537,"height":2048,"url":"https:\/\/socialclubmallorca.com\/wp-content\/uploads\/2026\/01\/P1076424.jpg","type":"image\/jpeg"}],"twitter_card":"summary_large_image","twitter_misc":{"Tiempo de lectura":"1 minuto"},"schema":{"@context":"https:\/\/schema.org","@graph":[{"@type":"WebPage","@id":"https:\/\/socialclubmallorca.com\/es\/vip\/","url":"https:\/\/socialclubmallorca.com\/es\/vip\/","name":"VIP | Social Club Mallorca","isPartOf":{"@id":"https:\/\/socialclubmallorca.com\/es\/#website"},"primaryImageOfPage":{"@id":"https:\/\/socialclubmallorca.com\/es\/vip\/#primaryimage"},"image":{"@id":"https:\/\/socialclubmallorca.com\/es\/vip\/#primaryimage"},"thumbnailUrl":"https:\/\/socialclubmallorca.com\/wp-content\/uploads\/2026\/01\/P1076424.jpg","datePublished":"2026-03-24T14:52:26+00:00","dateModified":"2026-03-27T14:50:03+00:00","description":"La experiencia VIP en Social Club est\u00e1 dise\u00f1ada en torno a la proximidad, el posicionamiento y el control, ofreciendo m\u00faltiples formas de vivir la sala a un nivel superior.","breadcrumb":{"@id":"https:\/\/socialclubmallorca.com\/es\/vip\/#breadcrumb"},"inLanguage":"es","potentialAction":[{"@type":"ReadAction","target":["https:\/\/socialclubmallorca.com\/es\/vip\/"]}]},{"@type":"ImageObject","inLanguage":"es","@id":"https:\/\/socialclubmallorca.com\/es\/vip\/#primaryimage","url":"https:\/\/socialclubmallorca.com\/wp-content\/uploads\/2026\/01\/P1076424.jpg","contentUrl":"https:\/\/socialclubmallorca.com\/wp-content\/uploads\/2026\/01\/P1076424.jpg","width":1537,"height":2048,"caption":"Drinks at social club mallorca"},{"@type":"BreadcrumbList","@id":"https:\/\/socialclubmallorca.com\/es\/vip\/#breadcrumb","itemListElement":[{"@type":"ListItem","position":1,"name":"Home","item":"https:\/\/socialclubmallorca.com\/es\/social-club\/"},{"@type":"ListItem","position":2,"name":"VIP"}]},{"@type":"WebSite","@id":"https:\/\/socialclubmallorca.com\/es\/#website","url":"https:\/\/socialclubmallorca.com\/es\/","name":"Social Club Mallorca","description":"","publisher":{"@id":"https:\/\/socialclubmallorca.com\/es\/#organization"},"potentialAction":[{"@type":"SearchAction","target":{"@type":"EntryPoint","urlTemplate":"https:\/\/socialclubmallorca.com\/es\/?s={search_term_string}"},"query-input":{"@type":"PropertyValueSpecification","valueRequired":true,"valueName":"search_term_string"}}],"inLanguage":"es"},{"@type":"Organization","@id":"https:\/\/socialclubmallorca.com\/es\/#organization","name":"Social Club","url":"https:\/\/socialclubmallorca.com\/es\/","logo":{"@type":"ImageObject","inLanguage":"es","@id":"https:\/\/socialclubmallorca.com\/es\/#\/schema\/logo\/image\/","url":"https:\/\/socialclubmallorca.com\/wp-content\/uploads\/2026\/03\/symbol_.png","contentUrl":"https:\/\/socialclubmallorca.com\/wp-content\/uploads\/2026\/03\/symbol_.png","width":918,"height":836,"caption":"Social Club"},"image":{"@id":"https:\/\/socialclubmallorca.com\/es\/#\/schema\/logo\/image\/"}}]}},"_links":{"self":[{"href":"https:\/\/socialclubmallorca.com\/es\/wp-json\/wp\/v2\/pages\/1976","targetHints":{"allow":["GET"]}}],"collection":[{"href":"https:\/\/socialclubmallorca.com\/es\/wp-json\/wp\/v2\/pages"}],"about":[{"href":"https:\/\/socialclubmallorca.com\/es\/wp-json\/wp\/v2\/types\/page"}],"author":[{"embeddable":true,"href":"https:\/\/socialclubmallorca.com\/es\/wp-json\/wp\/v2\/users\/1"}],"replies":[{"embeddable":true,"href":"https:\/\/socialclubmallorca.com\/es\/wp-json\/wp\/v2\/comments?post=1976"}],"version-history":[{"count":8,"href":"https:\/\/socialclubmallorca.com\/es\/wp-json\/wp\/v2\/pages\/1976\/revisions"}],"predecessor-version":[{"id":2366,"href":"https:\/\/socialclubmallorca.com\/es\/wp-json\/wp\/v2\/pages\/1976\/revisions\/2366"}],"wp:featuredmedia":[{"embeddable":true,"href":"https:\/\/socialclubmallorca.com\/es\/wp-json\/wp\/v2\/media\/882"}],"wp:attachment":[{"href":"https:\/\/socialclubmallorca.com\/es\/wp-json\/wp\/v2\/media?parent=1976"}],"curies":[{"name":"wp","href":"https:\/\/api.w.org\/{rel}","templated":true}]}}