{"id":421,"date":"2025-05-30T19:47:49","date_gmt":"2025-05-30T19:47:49","guid":{"rendered":"https:\/\/socialclubmallorca.com\/lugar\/"},"modified":"2026-03-24T15:24:03","modified_gmt":"2026-03-24T15:24:03","slug":"lugar","status":"publish","type":"page","link":"https:\/\/socialclubmallorca.com\/es\/lugar\/","title":{"rendered":"Lugar"},"content":{"rendered":"\t\t<div data-elementor-type=\"wp-page\" data-elementor-id=\"421\" class=\"elementor elementor-421 elementor-369\" data-elementor-post-type=\"page\">\n\t\t\t\t<div class=\"elementor-element elementor-element-f3afe05 e-flex e-con-boxed e-con e-parent\" data-id=\"f3afe05\" data-element_type=\"container\" data-e-type=\"container\" data-settings=\"{&quot;background_background&quot;:&quot;classic&quot;,&quot;jet_parallax_layout_list&quot;:[]}\">\n\t\t\t\t\t<div class=\"e-con-inner\">\n\t\t\t\t<div class=\"elementor-element elementor-element-ad57309 elementor-invisible elementor-widget elementor-widget-heading\" data-id=\"ad57309\" data-element_type=\"widget\" data-e-type=\"widget\" data-settings=\"{&quot;_animation&quot;:&quot;fadeIn&quot;}\" data-widget_type=\"heading.default\">\n\t\t\t\t<div class=\"elementor-widget-container\">\n\t\t\t\t\t<h1 class=\"elementor-heading-title elementor-size-default\">Lugar<\/h1>\t\t\t\t<\/div>\n\t\t\t\t<\/div>\n\t\t\t\t<div class=\"elementor-element elementor-element-af4ebde elementor-widget-divider--view-line elementor-invisible elementor-widget elementor-widget-divider\" data-id=\"af4ebde\" data-element_type=\"widget\" data-e-type=\"widget\" data-settings=\"{&quot;_animation&quot;:&quot;fadeInDown&quot;}\" data-widget_type=\"divider.default\">\n\t\t\t\t<div class=\"elementor-widget-container\">\n\t\t\t\t\t\t\t<div class=\"elementor-divider\">\n\t\t\t<span class=\"elementor-divider-separator\">\n\t\t\t\t\t\t<\/span>\n\t\t<\/div>\n\t\t\t\t\t\t<\/div>\n\t\t\t\t<\/div>\n\t\t\t\t\t<\/div>\n\t\t\t\t<\/div>\n\t\t<div class=\"elementor-element elementor-element-f35fa5e e-flex e-con-boxed e-con e-parent\" data-id=\"f35fa5e\" data-element_type=\"container\" data-e-type=\"container\" data-settings=\"{&quot;jet_parallax_layout_list&quot;:[]}\">\n\t\t\t\t\t<div class=\"e-con-inner\">\n\t\t<div class=\"elementor-element elementor-element-4f72e42 e-con-full e-flex e-con e-child\" data-id=\"4f72e42\" data-element_type=\"container\" data-e-type=\"container\" data-settings=\"{&quot;jet_parallax_layout_list&quot;:[],&quot;animation&quot;:&quot;none&quot;}\">\n\t\t\t\t<div class=\"elementor-element elementor-element-6d9b29d elementor-invisible elementor-widget elementor-widget-heading\" data-id=\"6d9b29d\" data-element_type=\"widget\" data-e-type=\"widget\" data-settings=\"{&quot;_animation&quot;:&quot;fadeIn&quot;}\" data-widget_type=\"heading.default\">\n\t\t\t\t<div class=\"elementor-widget-container\">\n\t\t\t\t\t<h2 class=\"elementor-heading-title elementor-size-default\">Boutique Club <span class=\"highlight-word\">Y<\/span> Sal\u00f3n VIP<\/h2>\t\t\t\t<\/div>\n\t\t\t\t<\/div>\n\t\t\t\t<div class=\"elementor-element elementor-element-c1d238f elementor-widget-divider--view-line elementor-invisible elementor-widget elementor-widget-divider\" data-id=\"c1d238f\" data-element_type=\"widget\" data-e-type=\"widget\" data-settings=\"{&quot;_animation&quot;:&quot;fadeInDown&quot;}\" data-widget_type=\"divider.default\">\n\t\t\t\t<div class=\"elementor-widget-container\">\n\t\t\t\t\t\t\t<div class=\"elementor-divider\">\n\t\t\t<span class=\"elementor-divider-separator\">\n\t\t\t\t\t\t<\/span>\n\t\t<\/div>\n\t\t\t\t\t\t<\/div>\n\t\t\t\t<\/div>\n\t\t\t\t<div class=\"elementor-element elementor-element-ba9afd9 elementor-invisible elementor-widget elementor-widget-text-editor\" data-id=\"ba9afd9\" data-element_type=\"widget\" data-e-type=\"widget\" data-settings=\"{&quot;_animation&quot;:&quot;fadeIn&quot;}\" data-widget_type=\"text-editor.default\">\n\t\t\t\t<div class=\"elementor-widget-container\">\n\t\t\t\t\t\t\t\t\t<p><strong>Social Club Mallorca: una versi\u00f3n moderna de un cl\u00e1sico atemporal.<\/strong><\/p><p>Inspirado en los emblem\u00e1ticos clubes de socios del centro de la ciudad, Social Club es un espacio elegante, \u00edntimo y refinado, ideal para celebrar cualquier tipo de evento privado con un aire sofisticado y cosmopolita.<\/p><p>Ubicado en el coraz\u00f3n del prestigioso Paseo Mar\u00edtimo de Palma, este exclusivo boutique club ofrece un ambiente interior cuidadosamente dise\u00f1ado, donde el detalle y la atm\u00f3sfera crean el escenario perfecto para disfrutar de la esencia urbana y mar\u00edtima de la ciudad.<\/p>\t\t\t\t\t\t\t\t<\/div>\n\t\t\t\t<\/div>\n\t\t\t\t<\/div>\n\t\t<div class=\"elementor-element elementor-element-ea3d88a e-con-full e-flex elementor-invisible e-con e-child\" data-id=\"ea3d88a\" data-element_type=\"container\" data-e-type=\"container\" data-settings=\"{&quot;background_background&quot;:&quot;classic&quot;,&quot;jet_parallax_layout_list&quot;:[],&quot;animation&quot;:&quot;fadeInRight&quot;}\">\n\t\t\t\t<\/div>\n\t\t\t\t\t<\/div>\n\t\t\t\t<\/div>\n\t\t<div class=\"elementor-element elementor-element-fda7517 e-flex e-con-boxed e-con e-parent\" data-id=\"fda7517\" data-element_type=\"container\" data-e-type=\"container\" data-settings=\"{&quot;jet_parallax_layout_list&quot;:[]}\">\n\t\t\t\t\t<div class=\"e-con-inner\">\n\t\t<div class=\"elementor-element elementor-element-445d3d0 e-con-full e-flex e-con e-child\" data-id=\"445d3d0\" data-element_type=\"container\" data-e-type=\"container\" data-settings=\"{&quot;jet_parallax_layout_list&quot;:[],&quot;animation&quot;:&quot;none&quot;}\">\n\t\t\t\t<div class=\"elementor-element elementor-element-3b84434 elementor-invisible elementor-widget elementor-widget-text-editor\" data-id=\"3b84434\" data-element_type=\"widget\" data-e-type=\"widget\" data-settings=\"{&quot;_animation&quot;:&quot;fadeIn&quot;}\" data-widget_type=\"text-editor.default\">\n\t\t\t\t<div class=\"elementor-widget-container\">\n\t\t\t\t\t\t\t\t\t<p>En el coraz\u00f3n del club se encuentran espacios dise\u00f1ados para una experiencia de sofisticaci\u00f3n absoluta: la Sala Principal, el vibrante epicentro de la noche; la \u00edntima Sala 2, para encuentros m\u00e1s selectos; el refinado Cocktail Bar, donde la cocteler\u00eda se eleva a arte; y el exclusivo Sal\u00f3n VIP, suntuosamente amueblado, con servicio de mesa personalizado y ba\u00f1os privados, reservado para aquellos que aprecian la verdadera distinci\u00f3n.<\/p>\t\t\t\t\t\t\t\t<\/div>\n\t\t\t\t<\/div>\n\t\t\t\t<\/div>\n\t\t<div class=\"elementor-element elementor-element-edf52bb e-con-full e-flex elementor-invisible e-con e-child\" data-id=\"edf52bb\" data-element_type=\"container\" data-e-type=\"container\" data-settings=\"{&quot;background_background&quot;:&quot;classic&quot;,&quot;jet_parallax_layout_list&quot;:[],&quot;animation&quot;:&quot;fadeInLeft&quot;}\">\n\t\t\t\t<\/div>\n\t\t\t\t\t<\/div>\n\t\t\t\t<\/div>\n\t\t<div class=\"elementor-element elementor-element-f99bd06 e-flex e-con-boxed e-con e-parent\" data-id=\"f99bd06\" data-element_type=\"container\" data-e-type=\"container\" data-settings=\"{&quot;jet_parallax_layout_list&quot;:[]}\">\n\t\t\t\t\t<div class=\"e-con-inner\">\n\t\t<div class=\"elementor-element elementor-element-3abd5fc e-con-full e-flex e-con e-child\" data-id=\"3abd5fc\" data-element_type=\"container\" data-e-type=\"container\" data-settings=\"{&quot;jet_parallax_layout_list&quot;:[],&quot;animation&quot;:&quot;none&quot;}\">\n\t\t\t\t<div class=\"elementor-element elementor-element-7475fb2 elementor-invisible elementor-widget elementor-widget-text-editor\" data-id=\"7475fb2\" data-element_type=\"widget\" data-e-type=\"widget\" data-settings=\"{&quot;_animation&quot;:&quot;fadeIn&quot;}\" data-widget_type=\"text-editor.default\">\n\t\t\t\t<div class=\"elementor-widget-container\">\n\t\t\t\t\t\t\t\t\t<p>Social Club cuenta con cuatro espacios \u00fanicos: Sala Principal, Sala 2, Cocktail Bar y Sal\u00f3n VIP, dise\u00f1ados para satisfacer las necesidades de cualquier tipo de evento.<\/p><p>Con m\u00faltiples \u00e1reas y espacios para espect\u00e1culos, cada \u00e1rea se puede configurar para adaptarse a los requisitos espec\u00edficos de su evento.<\/p><p>Ofrecemos una amplia gama de paquetes de bebidas y men\u00fas de aperitivos dise\u00f1ados para complementar su celebraci\u00f3n. El servicio de bebidas est\u00e1 disponible en las barras de cada sala o en el \u00e1rea de su elecci\u00f3n, mientras que camareros itinerantes sirven entremeses para garantizar que el evento se desarrolle sin problemas y que sus invitados est\u00e9n completamente satisfechos. <\/p>\t\t\t\t\t\t\t\t<\/div>\n\t\t\t\t<\/div>\n\t\t\t\t<\/div>\n\t\t<div class=\"elementor-element elementor-element-fcf9816 e-con-full e-flex elementor-invisible e-con e-child\" data-id=\"fcf9816\" data-element_type=\"container\" data-e-type=\"container\" data-settings=\"{&quot;background_background&quot;:&quot;classic&quot;,&quot;jet_parallax_layout_list&quot;:[],&quot;animation&quot;:&quot;fadeInRight&quot;}\">\n\t\t\t\t<\/div>\n\t\t\t\t\t<\/div>\n\t\t\t\t<\/div>\n\t\t<div class=\"elementor-element elementor-element-60484f7 e-flex e-con-boxed e-con e-parent\" data-id=\"60484f7\" data-element_type=\"container\" data-e-type=\"container\" data-settings=\"{&quot;jet_parallax_layout_list&quot;:[]}\">\n\t\t\t\t\t<div class=\"e-con-inner\">\n\t\t\t\t<div class=\"elementor-element elementor-element-de08e3d elementor-invisible elementor-widget elementor-widget-heading\" data-id=\"de08e3d\" data-element_type=\"widget\" data-e-type=\"widget\" data-settings=\"{&quot;_animation&quot;:&quot;fadeIn&quot;}\" data-widget_type=\"heading.default\">\n\t\t\t\t<div class=\"elementor-widget-container\">\n\t\t\t\t\t<h2 class=\"elementor-heading-title elementor-size-default\">\u00bfD\u00f3nde est\u00e1 el <span class=\"highlight-word\">nuevo<\/span> Social Club Mallorca?\n<\/h2>\t\t\t\t<\/div>\n\t\t\t\t<\/div>\n\t\t\t\t<div class=\"elementor-element elementor-element-8adcc5e elementor-widget-divider--view-line elementor-invisible elementor-widget elementor-widget-divider\" data-id=\"8adcc5e\" data-element_type=\"widget\" data-e-type=\"widget\" data-settings=\"{&quot;_animation&quot;:&quot;fadeInDown&quot;}\" data-widget_type=\"divider.default\">\n\t\t\t\t<div class=\"elementor-widget-container\">\n\t\t\t\t\t\t\t<div class=\"elementor-divider\">\n\t\t\t<span class=\"elementor-divider-separator\">\n\t\t\t\t\t\t<\/span>\n\t\t<\/div>\n\t\t\t\t\t\t<\/div>\n\t\t\t\t<\/div>\n\t\t\t\t<div class=\"elementor-element elementor-element-000c8b2 elementor-invisible elementor-widget elementor-widget-text-editor\" data-id=\"000c8b2\" data-element_type=\"widget\" data-e-type=\"widget\" data-settings=\"{&quot;_animation&quot;:&quot;fadeIn&quot;}\" data-widget_type=\"text-editor.default\">\n\t\t\t\t<div class=\"elementor-widget-container\">\n\t\t\t\t\t\t\t\t\t<p>Social Club Mallorca se encuentra con orgullo en una de las direcciones m\u00e1s emblem\u00e1ticas de Palma: el legendario Hotel Victoria, con vistas a las brillantes aguas del Paseo Mar\u00edtimo. Este prestigioso entorno no solo est\u00e1 en el coraz\u00f3n de la vibrante vida nocturna de la ciudad, sino que tambi\u00e9n est\u00e1 impregnado de historia, elegancia y encanto mediterr\u00e1neo. <\/p><h3>Hotel Victoria: Un hito en Palma<\/h3><p>El Hotel Victoria es uno de los m\u00e1s renombrados e hist\u00f3ricos de Palma, ya que data de mediados del siglo XX. Durante d\u00e9cadas, ha acogido a viajeros internacionales, celebridades, artistas y miembros de la realeza, convirti\u00e9ndose en un s\u00edmbolo del lujo atemporal en Mallorca. Su ubicaci\u00f3n en lo alto de una colina ofrece unas impresionantes vistas panor\u00e1micas del puerto deportivo, la catedral y la bah\u00eda, lo que lo convierte en el destino favorito de quienes buscan comodidad y un toque de glamour del viejo mundo.  <\/p><p>La arquitectura cl\u00e1sica, los elegantes interiores y el rico legado del hotel lo convierten en algo m\u00e1s que un lugar para hospedarse: es un hito cultural. Dentro de sus muros se encuentra ahora Social Club Mallorca, una expresi\u00f3n audaz y moderna de la vida nocturna, la m\u00fasica y las experiencias seleccionadas que complementan la sofisticaci\u00f3n de su entorno. <\/p><h3>Paseo Mar\u00edtimo: El coraz\u00f3n palpitante del frente mar\u00edtimo de Palma<\/h3><p>El Paseo Mar\u00edtimo, que bordea el puerto deportivo, es uno de los paseos mar\u00edtimos m\u00e1s emblem\u00e1ticos de Espa\u00f1a. Construida originalmente como una peque\u00f1a carretera costera, se ha transformado a lo largo de los a\u00f1os en una bulliciosa avenida bordeada de palmeras que conecta el rico pasado mar\u00edtimo de Palma con su moderno y cosmopolita estilo de vida. <\/p><p>Repleto de yates de lujo, animados bares, restaurantes de renombre y discotecas de lujo, el Paseo Mar\u00edtimo ha sido durante mucho tiempo el epicentro de la vida nocturna de Palma. Locales y visitantes se sienten atra\u00eddos por su energ\u00eda, ya sea para pasear al atardecer, salir por la noche o hacer footing por la ma\u00f1ana con la brisa mediterr\u00e1nea. <\/p><p>La zona est\u00e1 experimentando una transformaci\u00f3n emocionante, con recientes inversiones y desarrollos dise\u00f1ados para hacerla m\u00e1s peatonal, m\u00e1s verde y m\u00e1s abierta al mar. A medida que se desarrolla este pr\u00f3ximo cap\u00edtulo del Paseo Mar\u00edtimo, Social Club se enorgullece de ser parte de su evoluci\u00f3n, trayendo vida nocturna de clase mundial a este tramo hist\u00f3rico de la isla. <\/p><p>Tanto si vienes para disfrutar de una noche inolvidable como si simplemente quieres empaparte del ambiente, Social Club en el Hotel Victoria ofrece la base perfecta para experimentar la belleza, la energ\u00eda y la historia de Palma.<\/p>\t\t\t\t\t\t\t\t<\/div>\n\t\t\t\t<\/div>\n\t\t\t\t\t<\/div>\n\t\t\t\t<\/div>\n\t\t\t\t<\/div>\n\t\t","protected":false},"excerpt":{"rendered":"<p>Lugar Boutique Club Y Sal\u00f3n VIP Social Club Mallorca: una versi\u00f3n moderna de un cl\u00e1sico atemporal. Inspirado en los emblem\u00e1ticos clubes de socios del centro de la ciudad, Social Club es un espacio elegante, \u00edntimo y refinado, ideal para celebrar cualquier tipo de evento privado con un aire sofisticado y cosmopolita. Ubicado en el coraz\u00f3n [&hellip;]<\/p>\n","protected":false},"author":1,"featured_media":0,"parent":0,"menu_order":0,"comment_status":"closed","ping_status":"closed","template":"","meta":{"footnotes":""},"class_list":["post-421","page","type-page","status-publish","hentry"],"blocksy_meta":[],"yoast_head":"<!-- This site is optimized with the Yoast SEO plugin v26.9 - https:\/\/yoast.com\/product\/yoast-seo-wordpress\/ -->\n<title>Lugar | Social Club Mallorca<\/title>\n<meta name=\"description\" content=\"Inspirado en los emblem\u00e1ticos clubes de socios del centro de la ciudad, Social Club es un espacio elegante, \u00edntimo y refinado.\" \/>\n<meta name=\"robots\" content=\"index, follow, max-snippet:-1, max-image-preview:large, max-video-preview:-1\" \/>\n<link rel=\"canonical\" href=\"https:\/\/socialclubmallorca.com\/es\/lugar\/\" \/>\n<meta property=\"og:locale\" content=\"es_ES\" \/>\n<meta property=\"og:type\" content=\"article\" \/>\n<meta property=\"og:title\" content=\"Lugar | Social Club Mallorca\" \/>\n<meta property=\"og:description\" content=\"Inspirado en los emblem\u00e1ticos clubes de socios del centro de la ciudad, Social Club es un espacio elegante, \u00edntimo y refinado.\" \/>\n<meta property=\"og:url\" content=\"https:\/\/socialclubmallorca.com\/es\/lugar\/\" \/>\n<meta property=\"og:site_name\" content=\"Social Club Mallorca\" \/>\n<meta property=\"article:modified_time\" content=\"2026-03-24T15:24:03+00:00\" \/>\n<meta name=\"twitter:card\" content=\"summary_large_image\" \/>\n<meta name=\"twitter:label1\" content=\"Tiempo de lectura\" \/>\n\t<meta name=\"twitter:data1\" content=\"4 minutos\" \/>\n<script type=\"application\/ld+json\" class=\"yoast-schema-graph\">{\"@context\":\"https:\/\/schema.org\",\"@graph\":[{\"@type\":\"WebPage\",\"@id\":\"https:\/\/socialclubmallorca.com\/es\/lugar\/\",\"url\":\"https:\/\/socialclubmallorca.com\/es\/lugar\/\",\"name\":\"Lugar | Social Club Mallorca\",\"isPartOf\":{\"@id\":\"https:\/\/socialclubmallorca.com\/es\/#website\"},\"datePublished\":\"2025-05-30T19:47:49+00:00\",\"dateModified\":\"2026-03-24T15:24:03+00:00\",\"description\":\"Inspirado en los emblem\u00e1ticos clubes de socios del centro de la ciudad, Social Club es un espacio elegante, \u00edntimo y refinado.\",\"breadcrumb\":{\"@id\":\"https:\/\/socialclubmallorca.com\/es\/lugar\/#breadcrumb\"},\"inLanguage\":\"es\",\"potentialAction\":[{\"@type\":\"ReadAction\",\"target\":[\"https:\/\/socialclubmallorca.com\/es\/lugar\/\"]}]},{\"@type\":\"BreadcrumbList\",\"@id\":\"https:\/\/socialclubmallorca.com\/es\/lugar\/#breadcrumb\",\"itemListElement\":[{\"@type\":\"ListItem\",\"position\":1,\"name\":\"Home\",\"item\":\"https:\/\/socialclubmallorca.com\/es\/social-club\/\"},{\"@type\":\"ListItem\",\"position\":2,\"name\":\"Lugar\"}]},{\"@type\":\"WebSite\",\"@id\":\"https:\/\/socialclubmallorca.com\/es\/#website\",\"url\":\"https:\/\/socialclubmallorca.com\/es\/\",\"name\":\"Social Club Mallorca\",\"description\":\"\",\"publisher\":{\"@id\":\"https:\/\/socialclubmallorca.com\/es\/#organization\"},\"potentialAction\":[{\"@type\":\"SearchAction\",\"target\":{\"@type\":\"EntryPoint\",\"urlTemplate\":\"https:\/\/socialclubmallorca.com\/es\/?s={search_term_string}\"},\"query-input\":{\"@type\":\"PropertyValueSpecification\",\"valueRequired\":true,\"valueName\":\"search_term_string\"}}],\"inLanguage\":\"es\"},{\"@type\":\"Organization\",\"@id\":\"https:\/\/socialclubmallorca.com\/es\/#organization\",\"name\":\"Social Club\",\"url\":\"https:\/\/socialclubmallorca.com\/es\/\",\"logo\":{\"@type\":\"ImageObject\",\"inLanguage\":\"es\",\"@id\":\"https:\/\/socialclubmallorca.com\/es\/#\/schema\/logo\/image\/\",\"url\":\"https:\/\/socialclubmallorca.com\/wp-content\/uploads\/2026\/03\/symbol_.png\",\"contentUrl\":\"https:\/\/socialclubmallorca.com\/wp-content\/uploads\/2026\/03\/symbol_.png\",\"width\":918,\"height\":836,\"caption\":\"Social Club\"},\"image\":{\"@id\":\"https:\/\/socialclubmallorca.com\/es\/#\/schema\/logo\/image\/\"}}]}<\/script>\n<!-- \/ Yoast SEO plugin. -->","yoast_head_json":{"title":"Lugar | Social Club Mallorca","description":"Inspirado en los emblem\u00e1ticos clubes de socios del centro de la ciudad, Social Club es un espacio elegante, \u00edntimo y refinado.","robots":{"index":"index","follow":"follow","max-snippet":"max-snippet:-1","max-image-preview":"max-image-preview:large","max-video-preview":"max-video-preview:-1"},"canonical":"https:\/\/socialclubmallorca.com\/es\/lugar\/","og_locale":"es_ES","og_type":"article","og_title":"Lugar | Social Club Mallorca","og_description":"Inspirado en los emblem\u00e1ticos clubes de socios del centro de la ciudad, Social Club es un espacio elegante, \u00edntimo y refinado.","og_url":"https:\/\/socialclubmallorca.com\/es\/lugar\/","og_site_name":"Social Club Mallorca","article_modified_time":"2026-03-24T15:24:03+00:00","twitter_card":"summary_large_image","twitter_misc":{"Tiempo de lectura":"4 minutos"},"schema":{"@context":"https:\/\/schema.org","@graph":[{"@type":"WebPage","@id":"https:\/\/socialclubmallorca.com\/es\/lugar\/","url":"https:\/\/socialclubmallorca.com\/es\/lugar\/","name":"Lugar | Social Club Mallorca","isPartOf":{"@id":"https:\/\/socialclubmallorca.com\/es\/#website"},"datePublished":"2025-05-30T19:47:49+00:00","dateModified":"2026-03-24T15:24:03+00:00","description":"Inspirado en los emblem\u00e1ticos clubes de socios del centro de la ciudad, Social Club es un espacio elegante, \u00edntimo y refinado.","breadcrumb":{"@id":"https:\/\/socialclubmallorca.com\/es\/lugar\/#breadcrumb"},"inLanguage":"es","potentialAction":[{"@type":"ReadAction","target":["https:\/\/socialclubmallorca.com\/es\/lugar\/"]}]},{"@type":"BreadcrumbList","@id":"https:\/\/socialclubmallorca.com\/es\/lugar\/#breadcrumb","itemListElement":[{"@type":"ListItem","position":1,"name":"Home","item":"https:\/\/socialclubmallorca.com\/es\/social-club\/"},{"@type":"ListItem","position":2,"name":"Lugar"}]},{"@type":"WebSite","@id":"https:\/\/socialclubmallorca.com\/es\/#website","url":"https:\/\/socialclubmallorca.com\/es\/","name":"Social Club Mallorca","description":"","publisher":{"@id":"https:\/\/socialclubmallorca.com\/es\/#organization"},"potentialAction":[{"@type":"SearchAction","target":{"@type":"EntryPoint","urlTemplate":"https:\/\/socialclubmallorca.com\/es\/?s={search_term_string}"},"query-input":{"@type":"PropertyValueSpecification","valueRequired":true,"valueName":"search_term_string"}}],"inLanguage":"es"},{"@type":"Organization","@id":"https:\/\/socialclubmallorca.com\/es\/#organization","name":"Social Club","url":"https:\/\/socialclubmallorca.com\/es\/","logo":{"@type":"ImageObject","inLanguage":"es","@id":"https:\/\/socialclubmallorca.com\/es\/#\/schema\/logo\/image\/","url":"https:\/\/socialclubmallorca.com\/wp-content\/uploads\/2026\/03\/symbol_.png","contentUrl":"https:\/\/socialclubmallorca.com\/wp-content\/uploads\/2026\/03\/symbol_.png","width":918,"height":836,"caption":"Social Club"},"image":{"@id":"https:\/\/socialclubmallorca.com\/es\/#\/schema\/logo\/image\/"}}]}},"_links":{"self":[{"href":"https:\/\/socialclubmallorca.com\/es\/wp-json\/wp\/v2\/pages\/421","targetHints":{"allow":["GET"]}}],"collection":[{"href":"https:\/\/socialclubmallorca.com\/es\/wp-json\/wp\/v2\/pages"}],"about":[{"href":"https:\/\/socialclubmallorca.com\/es\/wp-json\/wp\/v2\/types\/page"}],"author":[{"embeddable":true,"href":"https:\/\/socialclubmallorca.com\/es\/wp-json\/wp\/v2\/users\/1"}],"replies":[{"embeddable":true,"href":"https:\/\/socialclubmallorca.com\/es\/wp-json\/wp\/v2\/comments?post=421"}],"version-history":[{"count":15,"href":"https:\/\/socialclubmallorca.com\/es\/wp-json\/wp\/v2\/pages\/421\/revisions"}],"predecessor-version":[{"id":2054,"href":"https:\/\/socialclubmallorca.com\/es\/wp-json\/wp\/v2\/pages\/421\/revisions\/2054"}],"wp:attachment":[{"href":"https:\/\/socialclubmallorca.com\/es\/wp-json\/wp\/v2\/media?parent=421"}],"curies":[{"name":"wp","href":"https:\/\/api.w.org\/{rel}","templated":true}]}}