{"id":541,"date":"2025-05-28T17:59:49","date_gmt":"2025-05-28T17:59:49","guid":{"rendered":"https:\/\/socialclubmallorca.com\/ubicacion\/"},"modified":"2026-02-09T15:58:00","modified_gmt":"2026-02-09T15:58:00","slug":"ubicacion","status":"publish","type":"page","link":"https:\/\/socialclubmallorca.com\/es\/ubicacion\/","title":{"rendered":"Ubicaci\u00f3n"},"content":{"rendered":"\t\t<div data-elementor-type=\"wp-page\" data-elementor-id=\"541\" class=\"elementor elementor-541\" data-elementor-post-type=\"page\">\n\t\t\t\t<div class=\"elementor-element elementor-element-178d1b4 e-flex e-con-boxed e-con e-parent\" data-id=\"178d1b4\" data-element_type=\"container\" data-e-type=\"container\" data-settings=\"{&quot;background_background&quot;:&quot;classic&quot;,&quot;jet_parallax_layout_list&quot;:[]}\">\n\t\t\t\t\t<div class=\"e-con-inner\">\n\t\t\t\t<div class=\"elementor-element elementor-element-250f457 elementor-invisible elementor-widget elementor-widget-heading\" data-id=\"250f457\" data-element_type=\"widget\" data-e-type=\"widget\" data-settings=\"{&quot;_animation&quot;:&quot;fadeIn&quot;}\" data-widget_type=\"heading.default\">\n\t\t\t\t<div class=\"elementor-widget-container\">\n\t\t\t\t\t<h1 class=\"elementor-heading-title elementor-size-default\">Ubicaci\u00f3n<\/h1>\t\t\t\t<\/div>\n\t\t\t\t<\/div>\n\t\t\t\t<div class=\"elementor-element elementor-element-a3e7717 elementor-widget-divider--view-line elementor-invisible elementor-widget elementor-widget-divider\" data-id=\"a3e7717\" data-element_type=\"widget\" data-e-type=\"widget\" data-settings=\"{&quot;_animation&quot;:&quot;fadeInDown&quot;}\" data-widget_type=\"divider.default\">\n\t\t\t\t<div class=\"elementor-widget-container\">\n\t\t\t\t\t\t\t<div class=\"elementor-divider\">\n\t\t\t<span class=\"elementor-divider-separator\">\n\t\t\t\t\t\t<\/span>\n\t\t<\/div>\n\t\t\t\t\t\t<\/div>\n\t\t\t\t<\/div>\n\t\t\t\t\t<\/div>\n\t\t\t\t<\/div>\n\t\t<div class=\"elementor-element elementor-element-187f2d6 e-con-full e-flex e-con e-parent\" data-id=\"187f2d6\" data-element_type=\"container\" data-e-type=\"container\" data-settings=\"{&quot;jet_parallax_layout_list&quot;:[]}\">\n\t\t\t\t<div class=\"elementor-element elementor-element-46c530e elementor-widget elementor-widget-html\" data-id=\"46c530e\" data-element_type=\"widget\" data-e-type=\"widget\" data-widget_type=\"html.default\">\n\t\t\t\t<div class=\"elementor-widget-container\">\n\t\t\t\t\t<link href=\"https:\/\/api.mapbox.com\/mapbox-gl-js\/v3.18.1\/mapbox-gl.css\" rel=\"stylesheet\">\n<script src=\"https:\/\/api.mapbox.com\/mapbox-gl-js\/v3.18.1\/mapbox-gl.js\"><\/script>\n\n<div id=\"socialclub-map\" style=\"width:100%;height:420px;border-radius:16px;overflow:hidden;\"><\/div>\n\n<script>\n  mapboxgl.accessToken =\n    \"pk.eyJ1Ijoiamxjb2JiMjIiLCJhIjoiY2x0YTE3YWF1MG5ndTJrcWY2OWZwaGUxMyJ9.sUJwEUp4dQ45DiurfPv1pQ\";\n\n  \/\/ \u2705 Verified exact Social Club location\n  const socialClubLngLat = [2.627203, 39.5634167];\n  const googleMapsLink = \"https:\/\/maps.app.goo.gl\/z7nv5VnxauP2gJey7\";\n\n  const map = new mapboxgl.Map({\n    container: \"socialclub-map\",\n    style: \"mapbox:\/\/styles\/mapbox\/dark-v11\",\n    center: socialClubLngLat,\n    zoom: 14\n  });\n  \n\n\n  map.addControl(new mapboxgl.NavigationControl(), \"top-right\");\n  map.scrollZoom.disable(); \/\/ better UX on pages\n\n  \/\/ \u2705 Default Mapbox marker icon\n  const marker = new mapboxgl.Marker({ color: \"#cca87f\" })\n    .setLngLat(socialClubLngLat)\n    .addTo(map);\n\n  \/\/ Make marker clickable (no popup)\n  marker.getElement().style.cursor = \"pointer\";\n  marker.getElement().addEventListener(\"click\", () => {\n    window.open(googleMapsLink, \"_blank\", \"noopener\");\n  });\n<\/script>\n\t\t\t\t<\/div>\n\t\t\t\t<\/div>\n\t\t\t\t<\/div>\n\t\t<div class=\"elementor-element elementor-element-0c6d176 e-flex e-con-boxed e-con e-parent\" data-id=\"0c6d176\" data-element_type=\"container\" data-e-type=\"container\" data-settings=\"{&quot;jet_parallax_layout_list&quot;:[]}\">\n\t\t\t\t\t<div class=\"e-con-inner\">\n\t\t\t\t<div class=\"elementor-element elementor-element-904c64a elementor-invisible elementor-widget elementor-widget-heading\" data-id=\"904c64a\" data-element_type=\"widget\" data-e-type=\"widget\" data-settings=\"{&quot;_animation&quot;:&quot;fadeIn&quot;}\" data-widget_type=\"heading.default\">\n\t\t\t\t<div class=\"elementor-widget-container\">\n\t\t\t\t\t<h2 class=\"elementor-heading-title elementor-size-default\">\u00bfD\u00f3nde est\u00e1 el <span class=\"highlight-word\">nuevo<\/span> Social Club Mallorca?\n<\/h2>\t\t\t\t<\/div>\n\t\t\t\t<\/div>\n\t\t\t\t<div class=\"elementor-element elementor-element-10c81ea elementor-widget-divider--view-line elementor-invisible elementor-widget elementor-widget-divider\" data-id=\"10c81ea\" data-element_type=\"widget\" data-e-type=\"widget\" data-settings=\"{&quot;_animation&quot;:&quot;fadeInDown&quot;}\" data-widget_type=\"divider.default\">\n\t\t\t\t<div class=\"elementor-widget-container\">\n\t\t\t\t\t\t\t<div class=\"elementor-divider\">\n\t\t\t<span class=\"elementor-divider-separator\">\n\t\t\t\t\t\t<\/span>\n\t\t<\/div>\n\t\t\t\t\t\t<\/div>\n\t\t\t\t<\/div>\n\t\t\t\t<div class=\"elementor-element elementor-element-c00e949 elementor-invisible elementor-widget elementor-widget-text-editor\" data-id=\"c00e949\" data-element_type=\"widget\" data-e-type=\"widget\" data-settings=\"{&quot;_animation&quot;:&quot;fadeIn&quot;}\" data-widget_type=\"text-editor.default\">\n\t\t\t\t<div class=\"elementor-widget-container\">\n\t\t\t\t\t\t\t\t\t<p>Social Club Mallorca se encuentra con orgullo en una de las direcciones m\u00e1s emblem\u00e1ticas de Palma: el legendario Hotel Victoria, con vistas a las brillantes aguas del Paseo Mar\u00edtimo. Este prestigioso entorno no solo est\u00e1 en el coraz\u00f3n de la vibrante vida nocturna de la ciudad, sino que tambi\u00e9n est\u00e1 impregnado de historia, elegancia y encanto mediterr\u00e1neo. <\/p><h3>Hotel Victoria: Un hito en Palma<\/h3><p>El Hotel Victoria es uno de los m\u00e1s renombrados e hist\u00f3ricos de Palma, ya que data de mediados del siglo XX. Durante d\u00e9cadas, ha acogido a viajeros internacionales, celebridades, artistas y miembros de la realeza, convirti\u00e9ndose en un s\u00edmbolo del lujo atemporal en Mallorca. Su ubicaci\u00f3n en lo alto de una colina ofrece unas impresionantes vistas panor\u00e1micas del puerto deportivo, la catedral y la bah\u00eda, lo que lo convierte en el destino favorito de quienes buscan comodidad y un toque de glamour del viejo mundo.  <\/p><p>La arquitectura cl\u00e1sica, los elegantes interiores y el rico legado del hotel lo convierten en algo m\u00e1s que un lugar para hospedarse: es un hito cultural. Dentro de sus muros se encuentra ahora Social Club Mallorca, una expresi\u00f3n audaz y moderna de la vida nocturna, la m\u00fasica y las experiencias seleccionadas que complementan la sofisticaci\u00f3n de su entorno. <\/p><h3>Paseo Mar\u00edtimo: El coraz\u00f3n palpitante del frente mar\u00edtimo de Palma<\/h3><p>El Paseo Mar\u00edtimo, que bordea el puerto deportivo, es uno de los paseos mar\u00edtimos m\u00e1s emblem\u00e1ticos de Espa\u00f1a. Construida originalmente como una peque\u00f1a carretera costera, se ha transformado a lo largo de los a\u00f1os en una bulliciosa avenida bordeada de palmeras que conecta el rico pasado mar\u00edtimo de Palma con su moderno y cosmopolita estilo de vida. <\/p><p>Repleto de yates de lujo, animados bares, restaurantes de renombre y discotecas de lujo, el Paseo Mar\u00edtimo ha sido durante mucho tiempo el epicentro de la vida nocturna de Palma. Locales y visitantes se sienten atra\u00eddos por su energ\u00eda, ya sea para pasear al atardecer, salir por la noche o hacer footing por la ma\u00f1ana con la brisa mediterr\u00e1nea. <\/p><p>La zona est\u00e1 experimentando una transformaci\u00f3n emocionante, con recientes inversiones y desarrollos dise\u00f1ados para hacerla m\u00e1s peatonal, m\u00e1s verde y m\u00e1s abierta al mar. A medida que se desarrolla este pr\u00f3ximo cap\u00edtulo del Paseo Mar\u00edtimo, Social Club se enorgullece de ser parte de su evoluci\u00f3n, trayendo vida nocturna de clase mundial a este tramo hist\u00f3rico de la isla. <\/p><p>Tanto si vienes para disfrutar de una noche inolvidable como si simplemente quieres empaparte del ambiente, Social Club en el Hotel Victoria ofrece la base perfecta para experimentar la belleza, la energ\u00eda y la historia de Palma.<\/p>\t\t\t\t\t\t\t\t<\/div>\n\t\t\t\t<\/div>\n\t\t\t\t\t<\/div>\n\t\t\t\t<\/div>\n\t\t\t\t<\/div>\n\t\t","protected":false},"excerpt":{"rendered":"<p>Ubicaci\u00f3n \u00bfD\u00f3nde est\u00e1 el nuevo Social Club Mallorca? Social Club Mallorca se encuentra con orgullo en una de las direcciones m\u00e1s emblem\u00e1ticas de Palma: el legendario Hotel Victoria, con vistas a las brillantes aguas del Paseo Mar\u00edtimo. Este prestigioso entorno no solo est\u00e1 en el coraz\u00f3n de la vibrante vida nocturna de la ciudad, sino [&hellip;]<\/p>\n","protected":false},"author":1,"featured_media":0,"parent":0,"menu_order":0,"comment_status":"closed","ping_status":"closed","template":"","meta":{"footnotes":""},"class_list":["post-541","page","type-page","status-publish","hentry"],"blocksy_meta":[],"yoast_head":"<!-- This site is optimized with the Yoast SEO plugin v26.9 - https:\/\/yoast.com\/product\/yoast-seo-wordpress\/ -->\n<title>Ubicaci\u00f3n | Social Club Mallorca<\/title>\n<meta name=\"robots\" content=\"index, follow, max-snippet:-1, max-image-preview:large, max-video-preview:-1\" \/>\n<link rel=\"canonical\" href=\"https:\/\/socialclubmallorca.com\/es\/ubicacion\/\" \/>\n<meta property=\"og:locale\" content=\"es_ES\" \/>\n<meta property=\"og:type\" content=\"article\" \/>\n<meta property=\"og:title\" content=\"Ubicaci\u00f3n | Social Club Mallorca\" \/>\n<meta property=\"og:description\" content=\"Ubicaci\u00f3n \u00bfD\u00f3nde est\u00e1 el nuevo Social Club Mallorca? Social Club Mallorca se encuentra con orgullo en una de las direcciones m\u00e1s emblem\u00e1ticas de Palma: el legendario Hotel Victoria, con vistas a las brillantes aguas del Paseo Mar\u00edtimo. Este prestigioso entorno no solo est\u00e1 en el coraz\u00f3n de la vibrante vida nocturna de la ciudad, sino [&hellip;]\" \/>\n<meta property=\"og:url\" content=\"https:\/\/socialclubmallorca.com\/es\/ubicacion\/\" \/>\n<meta property=\"og:site_name\" content=\"Social Club Mallorca\" \/>\n<meta property=\"article:modified_time\" content=\"2026-02-09T15:58:00+00:00\" \/>\n<meta name=\"twitter:card\" content=\"summary_large_image\" \/>\n<meta name=\"twitter:label1\" content=\"Tiempo de lectura\" \/>\n\t<meta name=\"twitter:data1\" content=\"2 minutos\" \/>\n<script type=\"application\/ld+json\" class=\"yoast-schema-graph\">{\"@context\":\"https:\/\/schema.org\",\"@graph\":[{\"@type\":\"WebPage\",\"@id\":\"https:\/\/socialclubmallorca.com\/es\/ubicacion\/\",\"url\":\"https:\/\/socialclubmallorca.com\/es\/ubicacion\/\",\"name\":\"Ubicaci\u00f3n | Social Club Mallorca\",\"isPartOf\":{\"@id\":\"https:\/\/socialclubmallorca.com\/es\/#website\"},\"datePublished\":\"2025-05-28T17:59:49+00:00\",\"dateModified\":\"2026-02-09T15:58:00+00:00\",\"breadcrumb\":{\"@id\":\"https:\/\/socialclubmallorca.com\/es\/ubicacion\/#breadcrumb\"},\"inLanguage\":\"es\",\"potentialAction\":[{\"@type\":\"ReadAction\",\"target\":[\"https:\/\/socialclubmallorca.com\/es\/ubicacion\/\"]}]},{\"@type\":\"BreadcrumbList\",\"@id\":\"https:\/\/socialclubmallorca.com\/es\/ubicacion\/#breadcrumb\",\"itemListElement\":[{\"@type\":\"ListItem\",\"position\":1,\"name\":\"Home\",\"item\":\"https:\/\/socialclubmallorca.com\/es\/social-club\/\"},{\"@type\":\"ListItem\",\"position\":2,\"name\":\"Ubicaci\u00f3n\"}]},{\"@type\":\"WebSite\",\"@id\":\"https:\/\/socialclubmallorca.com\/es\/#website\",\"url\":\"https:\/\/socialclubmallorca.com\/es\/\",\"name\":\"Social Club Mallorca\",\"description\":\"\",\"publisher\":{\"@id\":\"https:\/\/socialclubmallorca.com\/es\/#organization\"},\"potentialAction\":[{\"@type\":\"SearchAction\",\"target\":{\"@type\":\"EntryPoint\",\"urlTemplate\":\"https:\/\/socialclubmallorca.com\/es\/?s={search_term_string}\"},\"query-input\":{\"@type\":\"PropertyValueSpecification\",\"valueRequired\":true,\"valueName\":\"search_term_string\"}}],\"inLanguage\":\"es\"},{\"@type\":\"Organization\",\"@id\":\"https:\/\/socialclubmallorca.com\/es\/#organization\",\"name\":\"Social Club\",\"url\":\"https:\/\/socialclubmallorca.com\/es\/\",\"logo\":{\"@type\":\"ImageObject\",\"inLanguage\":\"es\",\"@id\":\"https:\/\/socialclubmallorca.com\/es\/#\/schema\/logo\/image\/\",\"url\":\"https:\/\/socialclubmallorca.com\/wp-content\/uploads\/2026\/03\/symbol_.png\",\"contentUrl\":\"https:\/\/socialclubmallorca.com\/wp-content\/uploads\/2026\/03\/symbol_.png\",\"width\":918,\"height\":836,\"caption\":\"Social Club\"},\"image\":{\"@id\":\"https:\/\/socialclubmallorca.com\/es\/#\/schema\/logo\/image\/\"}}]}<\/script>\n<!-- \/ Yoast SEO plugin. -->","yoast_head_json":{"title":"Ubicaci\u00f3n | Social Club Mallorca","robots":{"index":"index","follow":"follow","max-snippet":"max-snippet:-1","max-image-preview":"max-image-preview:large","max-video-preview":"max-video-preview:-1"},"canonical":"https:\/\/socialclubmallorca.com\/es\/ubicacion\/","og_locale":"es_ES","og_type":"article","og_title":"Ubicaci\u00f3n | Social Club Mallorca","og_description":"Ubicaci\u00f3n \u00bfD\u00f3nde est\u00e1 el nuevo Social Club Mallorca? Social Club Mallorca se encuentra con orgullo en una de las direcciones m\u00e1s emblem\u00e1ticas de Palma: el legendario Hotel Victoria, con vistas a las brillantes aguas del Paseo Mar\u00edtimo. Este prestigioso entorno no solo est\u00e1 en el coraz\u00f3n de la vibrante vida nocturna de la ciudad, sino [&hellip;]","og_url":"https:\/\/socialclubmallorca.com\/es\/ubicacion\/","og_site_name":"Social Club Mallorca","article_modified_time":"2026-02-09T15:58:00+00:00","twitter_card":"summary_large_image","twitter_misc":{"Tiempo de lectura":"2 minutos"},"schema":{"@context":"https:\/\/schema.org","@graph":[{"@type":"WebPage","@id":"https:\/\/socialclubmallorca.com\/es\/ubicacion\/","url":"https:\/\/socialclubmallorca.com\/es\/ubicacion\/","name":"Ubicaci\u00f3n | Social Club Mallorca","isPartOf":{"@id":"https:\/\/socialclubmallorca.com\/es\/#website"},"datePublished":"2025-05-28T17:59:49+00:00","dateModified":"2026-02-09T15:58:00+00:00","breadcrumb":{"@id":"https:\/\/socialclubmallorca.com\/es\/ubicacion\/#breadcrumb"},"inLanguage":"es","potentialAction":[{"@type":"ReadAction","target":["https:\/\/socialclubmallorca.com\/es\/ubicacion\/"]}]},{"@type":"BreadcrumbList","@id":"https:\/\/socialclubmallorca.com\/es\/ubicacion\/#breadcrumb","itemListElement":[{"@type":"ListItem","position":1,"name":"Home","item":"https:\/\/socialclubmallorca.com\/es\/social-club\/"},{"@type":"ListItem","position":2,"name":"Ubicaci\u00f3n"}]},{"@type":"WebSite","@id":"https:\/\/socialclubmallorca.com\/es\/#website","url":"https:\/\/socialclubmallorca.com\/es\/","name":"Social Club Mallorca","description":"","publisher":{"@id":"https:\/\/socialclubmallorca.com\/es\/#organization"},"potentialAction":[{"@type":"SearchAction","target":{"@type":"EntryPoint","urlTemplate":"https:\/\/socialclubmallorca.com\/es\/?s={search_term_string}"},"query-input":{"@type":"PropertyValueSpecification","valueRequired":true,"valueName":"search_term_string"}}],"inLanguage":"es"},{"@type":"Organization","@id":"https:\/\/socialclubmallorca.com\/es\/#organization","name":"Social Club","url":"https:\/\/socialclubmallorca.com\/es\/","logo":{"@type":"ImageObject","inLanguage":"es","@id":"https:\/\/socialclubmallorca.com\/es\/#\/schema\/logo\/image\/","url":"https:\/\/socialclubmallorca.com\/wp-content\/uploads\/2026\/03\/symbol_.png","contentUrl":"https:\/\/socialclubmallorca.com\/wp-content\/uploads\/2026\/03\/symbol_.png","width":918,"height":836,"caption":"Social Club"},"image":{"@id":"https:\/\/socialclubmallorca.com\/es\/#\/schema\/logo\/image\/"}}]}},"_links":{"self":[{"href":"https:\/\/socialclubmallorca.com\/es\/wp-json\/wp\/v2\/pages\/541","targetHints":{"allow":["GET"]}}],"collection":[{"href":"https:\/\/socialclubmallorca.com\/es\/wp-json\/wp\/v2\/pages"}],"about":[{"href":"https:\/\/socialclubmallorca.com\/es\/wp-json\/wp\/v2\/types\/page"}],"author":[{"embeddable":true,"href":"https:\/\/socialclubmallorca.com\/es\/wp-json\/wp\/v2\/users\/1"}],"replies":[{"embeddable":true,"href":"https:\/\/socialclubmallorca.com\/es\/wp-json\/wp\/v2\/comments?post=541"}],"version-history":[{"count":8,"href":"https:\/\/socialclubmallorca.com\/es\/wp-json\/wp\/v2\/pages\/541\/revisions"}],"predecessor-version":[{"id":1420,"href":"https:\/\/socialclubmallorca.com\/es\/wp-json\/wp\/v2\/pages\/541\/revisions\/1420"}],"wp:attachment":[{"href":"https:\/\/socialclubmallorca.com\/es\/wp-json\/wp\/v2\/media?parent=541"}],"curies":[{"name":"wp","href":"https:\/\/api.w.org\/{rel}","templated":true}]}}