{"id":1141,"date":"2025-05-28T17:59:31","date_gmt":"2025-05-28T17:59:31","guid":{"rendered":"https:\/\/socialclubmallorca.com\/entreprises-et-groupes\/"},"modified":"2026-02-09T14:32:37","modified_gmt":"2026-02-09T14:32:37","slug":"entreprises-et-groupes","status":"publish","type":"page","link":"https:\/\/socialclubmallorca.com\/fr\/entreprises-et-groupes\/","title":{"rendered":"Entreprises et groupes"},"content":{"rendered":"\t\t<div data-elementor-type=\"wp-page\" data-elementor-id=\"1141\" class=\"elementor elementor-1141\" data-elementor-post-type=\"page\">\n\t\t\t\t<div class=\"elementor-element elementor-element-facb209 e-flex e-con-boxed e-con e-parent\" data-id=\"facb209\" data-element_type=\"container\" data-e-type=\"container\" data-settings=\"{&quot;background_background&quot;:&quot;classic&quot;,&quot;jet_parallax_layout_list&quot;:[]}\">\n\t\t\t\t\t<div class=\"e-con-inner\">\n\t\t\t\t<div class=\"elementor-element elementor-element-37cbd30 elementor-invisible elementor-widget elementor-widget-heading\" data-id=\"37cbd30\" data-element_type=\"widget\" data-e-type=\"widget\" data-settings=\"{&quot;_animation&quot;:&quot;fadeIn&quot;}\" data-widget_type=\"heading.default\">\n\t\t\t\t<div class=\"elementor-widget-container\">\n\t\t\t\t\t<h1 class=\"elementor-heading-title elementor-size-default\">Entreprises et groupes<\/h1>\t\t\t\t<\/div>\n\t\t\t\t<\/div>\n\t\t\t\t<div class=\"elementor-element elementor-element-fb0acc6 elementor-widget-divider--view-line elementor-invisible elementor-widget elementor-widget-divider\" data-id=\"fb0acc6\" data-element_type=\"widget\" data-e-type=\"widget\" data-settings=\"{&quot;_animation&quot;:&quot;fadeInDown&quot;}\" data-widget_type=\"divider.default\">\n\t\t\t\t<div class=\"elementor-widget-container\">\n\t\t\t\t\t\t\t<div class=\"elementor-divider\">\n\t\t\t<span class=\"elementor-divider-separator\">\n\t\t\t\t\t\t<\/span>\n\t\t<\/div>\n\t\t\t\t\t\t<\/div>\n\t\t\t\t<\/div>\n\t\t\t\t\t<\/div>\n\t\t\t\t<\/div>\n\t\t<div class=\"elementor-element elementor-element-827660a e-flex e-con-boxed e-con e-parent\" data-id=\"827660a\" data-element_type=\"container\" data-e-type=\"container\" data-settings=\"{&quot;jet_parallax_layout_list&quot;:[]}\">\n\t\t\t\t\t<div class=\"e-con-inner\">\n\t\t\t\t<div class=\"elementor-element elementor-element-e811228 elementor-invisible elementor-widget elementor-widget-text-editor\" data-id=\"e811228\" data-element_type=\"widget\" data-e-type=\"widget\" data-settings=\"{&quot;_animation&quot;:&quot;fadeIn&quot;}\" data-widget_type=\"text-editor.default\">\n\t\t\t\t<div class=\"elementor-widget-container\">\n\t\t\t\t\t\t\t\t\t<p>Le Social Club Mallorca propose une gamme d\u2019espaces exclusifs, parfaits pour une location priv\u00e9e, que vous organisiez une c\u00e9l\u00e9bration sp\u00e9ciale, un \u00e9v\u00e9nement d\u2019entreprise ou une soir\u00e9e de groupe. Gr\u00e2ce \u00e0 nos nombreux espaces uniques, nous pouvons personnaliser l\u2019exp\u00e9rience en fonction de vos besoins. Contactez-nous pour en savoir plus et commencer \u00e0 planifier votre \u00e9v\u00e9nement.  <\/p>\t\t\t\t\t\t\t\t<\/div>\n\t\t\t\t<\/div>\n\t\t\t\t<div class=\"elementor-element elementor-element-7b617e1 elementor-widget elementor-widget-heading\" data-id=\"7b617e1\" data-element_type=\"widget\" data-e-type=\"widget\" data-widget_type=\"heading.default\">\n\t\t\t\t<div class=\"elementor-widget-container\">\n\t\t\t\t\t<h3 class=\"elementor-heading-title elementor-size-default\">Contact<\/h3>\t\t\t\t<\/div>\n\t\t\t\t<\/div>\n\t\t\t\t<div class=\"elementor-element elementor-element-d246d4b elementor-invisible elementor-widget elementor-widget-text-editor\" data-id=\"d246d4b\" data-element_type=\"widget\" data-e-type=\"widget\" data-settings=\"{&quot;_animation&quot;:&quot;fadeIn&quot;}\" data-widget_type=\"text-editor.default\">\n\t\t\t\t<div class=\"elementor-widget-container\">\n\t\t\t\t\t\t\t\t\t<p class=\"p1\"><a href=\"mailto:events@socialclubmallorca.com\">events@socialclubmallorca.com<\/a><\/p>\t\t\t\t\t\t\t\t<\/div>\n\t\t\t\t<\/div>\n\t\t\t\t\t<\/div>\n\t\t\t\t<\/div>\n\t\t\t\t<\/div>\n\t\t","protected":false},"excerpt":{"rendered":"<p>Entreprises et groupes Le Social Club Mallorca propose une gamme d\u2019espaces exclusifs, parfaits pour une location priv\u00e9e, que vous organisiez une c\u00e9l\u00e9bration sp\u00e9ciale, un \u00e9v\u00e9nement d\u2019entreprise ou une soir\u00e9e de groupe. Gr\u00e2ce \u00e0 nos nombreux espaces uniques, nous pouvons personnaliser l\u2019exp\u00e9rience en fonction de vos besoins. Contactez-nous pour en savoir plus et commencer \u00e0 planifier [&hellip;]<\/p>\n","protected":false},"author":1,"featured_media":0,"parent":0,"menu_order":0,"comment_status":"closed","ping_status":"closed","template":"","meta":{"footnotes":""},"class_list":["post-1141","page","type-page","status-publish","hentry"],"blocksy_meta":[],"yoast_head":"<!-- This site is optimized with the Yoast SEO plugin v26.9 - https:\/\/yoast.com\/product\/yoast-seo-wordpress\/ -->\n<title>Entreprises et groupes | Social Club Mallorca<\/title>\n<meta name=\"description\" content=\"Le Social Club Mallorca propose une gamme d\u2019espaces exclusifs, parfaits pour une location priv\u00e9e, que vous organisiez une c\u00e9l\u00e9bration sp\u00e9ciale, un \u00e9v\u00e9nement d\u2019entreprise ou une soir\u00e9e de groupe.\" \/>\n<meta name=\"robots\" content=\"index, follow, max-snippet:-1, max-image-preview:large, max-video-preview:-1\" \/>\n<link rel=\"canonical\" href=\"https:\/\/socialclubmallorca.com\/fr\/entreprises-et-groupes\/\" \/>\n<meta property=\"og:locale\" content=\"fr_FR\" \/>\n<meta property=\"og:type\" content=\"article\" \/>\n<meta property=\"og:title\" content=\"Entreprises et groupes | Social Club Mallorca\" \/>\n<meta property=\"og:description\" content=\"Le Social Club Mallorca propose une gamme d\u2019espaces exclusifs, parfaits pour une location priv\u00e9e, que vous organisiez une c\u00e9l\u00e9bration sp\u00e9ciale, un \u00e9v\u00e9nement d\u2019entreprise ou une soir\u00e9e de groupe.\" \/>\n<meta property=\"og:url\" content=\"https:\/\/socialclubmallorca.com\/fr\/entreprises-et-groupes\/\" \/>\n<meta property=\"og:site_name\" content=\"Social Club Mallorca\" \/>\n<meta property=\"article:modified_time\" content=\"2026-02-09T14:32:37+00:00\" \/>\n<meta name=\"twitter:card\" content=\"summary_large_image\" \/>\n<script type=\"application\/ld+json\" class=\"yoast-schema-graph\">{\"@context\":\"https:\/\/schema.org\",\"@graph\":[{\"@type\":\"WebPage\",\"@id\":\"https:\/\/socialclubmallorca.com\/fr\/entreprises-et-groupes\/\",\"url\":\"https:\/\/socialclubmallorca.com\/fr\/entreprises-et-groupes\/\",\"name\":\"Entreprises et groupes | Social Club Mallorca\",\"isPartOf\":{\"@id\":\"https:\/\/socialclubmallorca.com\/fr\/#website\"},\"datePublished\":\"2025-05-28T17:59:31+00:00\",\"dateModified\":\"2026-02-09T14:32:37+00:00\",\"description\":\"Le Social Club Mallorca propose une gamme d\u2019espaces exclusifs, parfaits pour une location priv\u00e9e, que vous organisiez une c\u00e9l\u00e9bration sp\u00e9ciale, un \u00e9v\u00e9nement d\u2019entreprise ou une soir\u00e9e de groupe.\",\"breadcrumb\":{\"@id\":\"https:\/\/socialclubmallorca.com\/fr\/entreprises-et-groupes\/#breadcrumb\"},\"inLanguage\":\"fr-FR\",\"potentialAction\":[{\"@type\":\"ReadAction\",\"target\":[\"https:\/\/socialclubmallorca.com\/fr\/entreprises-et-groupes\/\"]}]},{\"@type\":\"BreadcrumbList\",\"@id\":\"https:\/\/socialclubmallorca.com\/fr\/entreprises-et-groupes\/#breadcrumb\",\"itemListElement\":[{\"@type\":\"ListItem\",\"position\":1,\"name\":\"Home\",\"item\":\"https:\/\/socialclubmallorca.com\/fr\/social-club\/\"},{\"@type\":\"ListItem\",\"position\":2,\"name\":\"Entreprises et groupes\"}]},{\"@type\":\"WebSite\",\"@id\":\"https:\/\/socialclubmallorca.com\/fr\/#website\",\"url\":\"https:\/\/socialclubmallorca.com\/fr\/\",\"name\":\"Social Club Mallorca\",\"description\":\"\",\"publisher\":{\"@id\":\"https:\/\/socialclubmallorca.com\/fr\/#organization\"},\"potentialAction\":[{\"@type\":\"SearchAction\",\"target\":{\"@type\":\"EntryPoint\",\"urlTemplate\":\"https:\/\/socialclubmallorca.com\/fr\/?s={search_term_string}\"},\"query-input\":{\"@type\":\"PropertyValueSpecification\",\"valueRequired\":true,\"valueName\":\"search_term_string\"}}],\"inLanguage\":\"fr-FR\"},{\"@type\":\"Organization\",\"@id\":\"https:\/\/socialclubmallorca.com\/fr\/#organization\",\"name\":\"Social Club\",\"url\":\"https:\/\/socialclubmallorca.com\/fr\/\",\"logo\":{\"@type\":\"ImageObject\",\"inLanguage\":\"fr-FR\",\"@id\":\"https:\/\/socialclubmallorca.com\/fr\/#\/schema\/logo\/image\/\",\"url\":\"https:\/\/socialclubmallorca.com\/wp-content\/uploads\/2026\/03\/symbol_.png\",\"contentUrl\":\"https:\/\/socialclubmallorca.com\/wp-content\/uploads\/2026\/03\/symbol_.png\",\"width\":918,\"height\":836,\"caption\":\"Social Club\"},\"image\":{\"@id\":\"https:\/\/socialclubmallorca.com\/fr\/#\/schema\/logo\/image\/\"}}]}<\/script>\n<!-- \/ Yoast SEO plugin. -->","yoast_head_json":{"title":"Entreprises et groupes | Social Club Mallorca","description":"Le Social Club Mallorca propose une gamme d\u2019espaces exclusifs, parfaits pour une location priv\u00e9e, que vous organisiez une c\u00e9l\u00e9bration sp\u00e9ciale, un \u00e9v\u00e9nement d\u2019entreprise ou une soir\u00e9e de groupe.","robots":{"index":"index","follow":"follow","max-snippet":"max-snippet:-1","max-image-preview":"max-image-preview:large","max-video-preview":"max-video-preview:-1"},"canonical":"https:\/\/socialclubmallorca.com\/fr\/entreprises-et-groupes\/","og_locale":"fr_FR","og_type":"article","og_title":"Entreprises et groupes | Social Club Mallorca","og_description":"Le Social Club Mallorca propose une gamme d\u2019espaces exclusifs, parfaits pour une location priv\u00e9e, que vous organisiez une c\u00e9l\u00e9bration sp\u00e9ciale, un \u00e9v\u00e9nement d\u2019entreprise ou une soir\u00e9e de groupe.","og_url":"https:\/\/socialclubmallorca.com\/fr\/entreprises-et-groupes\/","og_site_name":"Social Club Mallorca","article_modified_time":"2026-02-09T14:32:37+00:00","twitter_card":"summary_large_image","schema":{"@context":"https:\/\/schema.org","@graph":[{"@type":"WebPage","@id":"https:\/\/socialclubmallorca.com\/fr\/entreprises-et-groupes\/","url":"https:\/\/socialclubmallorca.com\/fr\/entreprises-et-groupes\/","name":"Entreprises et groupes | Social Club Mallorca","isPartOf":{"@id":"https:\/\/socialclubmallorca.com\/fr\/#website"},"datePublished":"2025-05-28T17:59:31+00:00","dateModified":"2026-02-09T14:32:37+00:00","description":"Le Social Club Mallorca propose une gamme d\u2019espaces exclusifs, parfaits pour une location priv\u00e9e, que vous organisiez une c\u00e9l\u00e9bration sp\u00e9ciale, un \u00e9v\u00e9nement d\u2019entreprise ou une soir\u00e9e de groupe.","breadcrumb":{"@id":"https:\/\/socialclubmallorca.com\/fr\/entreprises-et-groupes\/#breadcrumb"},"inLanguage":"fr-FR","potentialAction":[{"@type":"ReadAction","target":["https:\/\/socialclubmallorca.com\/fr\/entreprises-et-groupes\/"]}]},{"@type":"BreadcrumbList","@id":"https:\/\/socialclubmallorca.com\/fr\/entreprises-et-groupes\/#breadcrumb","itemListElement":[{"@type":"ListItem","position":1,"name":"Home","item":"https:\/\/socialclubmallorca.com\/fr\/social-club\/"},{"@type":"ListItem","position":2,"name":"Entreprises et groupes"}]},{"@type":"WebSite","@id":"https:\/\/socialclubmallorca.com\/fr\/#website","url":"https:\/\/socialclubmallorca.com\/fr\/","name":"Social Club Mallorca","description":"","publisher":{"@id":"https:\/\/socialclubmallorca.com\/fr\/#organization"},"potentialAction":[{"@type":"SearchAction","target":{"@type":"EntryPoint","urlTemplate":"https:\/\/socialclubmallorca.com\/fr\/?s={search_term_string}"},"query-input":{"@type":"PropertyValueSpecification","valueRequired":true,"valueName":"search_term_string"}}],"inLanguage":"fr-FR"},{"@type":"Organization","@id":"https:\/\/socialclubmallorca.com\/fr\/#organization","name":"Social Club","url":"https:\/\/socialclubmallorca.com\/fr\/","logo":{"@type":"ImageObject","inLanguage":"fr-FR","@id":"https:\/\/socialclubmallorca.com\/fr\/#\/schema\/logo\/image\/","url":"https:\/\/socialclubmallorca.com\/wp-content\/uploads\/2026\/03\/symbol_.png","contentUrl":"https:\/\/socialclubmallorca.com\/wp-content\/uploads\/2026\/03\/symbol_.png","width":918,"height":836,"caption":"Social Club"},"image":{"@id":"https:\/\/socialclubmallorca.com\/fr\/#\/schema\/logo\/image\/"}}]}},"_links":{"self":[{"href":"https:\/\/socialclubmallorca.com\/fr\/wp-json\/wp\/v2\/pages\/1141","targetHints":{"allow":["GET"]}}],"collection":[{"href":"https:\/\/socialclubmallorca.com\/fr\/wp-json\/wp\/v2\/pages"}],"about":[{"href":"https:\/\/socialclubmallorca.com\/fr\/wp-json\/wp\/v2\/types\/page"}],"author":[{"embeddable":true,"href":"https:\/\/socialclubmallorca.com\/fr\/wp-json\/wp\/v2\/users\/1"}],"replies":[{"embeddable":true,"href":"https:\/\/socialclubmallorca.com\/fr\/wp-json\/wp\/v2\/comments?post=1141"}],"version-history":[{"count":1,"href":"https:\/\/socialclubmallorca.com\/fr\/wp-json\/wp\/v2\/pages\/1141\/revisions"}],"predecessor-version":[{"id":1142,"href":"https:\/\/socialclubmallorca.com\/fr\/wp-json\/wp\/v2\/pages\/1141\/revisions\/1142"}],"wp:attachment":[{"href":"https:\/\/socialclubmallorca.com\/fr\/wp-json\/wp\/v2\/media?parent=1141"}],"curies":[{"name":"wp","href":"https:\/\/api.w.org\/{rel}","templated":true}]}}