{"id":1204,"date":"2025-05-28T17:59:49","date_gmt":"2025-05-28T17:59:49","guid":{"rendered":"https:\/\/socialclubmallorca.com\/emplacement\/"},"modified":"2026-02-09T15:57:49","modified_gmt":"2026-02-09T15:57:49","slug":"emplacement","status":"publish","type":"page","link":"https:\/\/socialclubmallorca.com\/fr\/emplacement\/","title":{"rendered":"Emplacement"},"content":{"rendered":"\t\t<div data-elementor-type=\"wp-page\" data-elementor-id=\"1204\" class=\"elementor elementor-1204\" data-elementor-post-type=\"page\">\n\t\t\t\t<div class=\"elementor-element elementor-element-178d1b4 e-flex e-con-boxed e-con e-parent\" data-id=\"178d1b4\" data-element_type=\"container\" data-e-type=\"container\" data-settings=\"{&quot;background_background&quot;:&quot;classic&quot;,&quot;jet_parallax_layout_list&quot;:[]}\">\n\t\t\t\t\t<div class=\"e-con-inner\">\n\t\t\t\t<div class=\"elementor-element elementor-element-250f457 elementor-invisible elementor-widget elementor-widget-heading\" data-id=\"250f457\" data-element_type=\"widget\" data-e-type=\"widget\" data-settings=\"{&quot;_animation&quot;:&quot;fadeIn&quot;}\" data-widget_type=\"heading.default\">\n\t\t\t\t<div class=\"elementor-widget-container\">\n\t\t\t\t\t<h1 class=\"elementor-heading-title elementor-size-default\">Emplacement<\/h1>\t\t\t\t<\/div>\n\t\t\t\t<\/div>\n\t\t\t\t<div class=\"elementor-element elementor-element-a3e7717 elementor-widget-divider--view-line elementor-invisible elementor-widget elementor-widget-divider\" data-id=\"a3e7717\" data-element_type=\"widget\" data-e-type=\"widget\" data-settings=\"{&quot;_animation&quot;:&quot;fadeInDown&quot;}\" data-widget_type=\"divider.default\">\n\t\t\t\t<div class=\"elementor-widget-container\">\n\t\t\t\t\t\t\t<div class=\"elementor-divider\">\n\t\t\t<span class=\"elementor-divider-separator\">\n\t\t\t\t\t\t<\/span>\n\t\t<\/div>\n\t\t\t\t\t\t<\/div>\n\t\t\t\t<\/div>\n\t\t\t\t\t<\/div>\n\t\t\t\t<\/div>\n\t\t<div class=\"elementor-element elementor-element-187f2d6 e-con-full e-flex e-con e-parent\" data-id=\"187f2d6\" data-element_type=\"container\" data-e-type=\"container\" data-settings=\"{&quot;jet_parallax_layout_list&quot;:[]}\">\n\t\t\t\t<div class=\"elementor-element elementor-element-46c530e elementor-widget elementor-widget-html\" data-id=\"46c530e\" data-element_type=\"widget\" data-e-type=\"widget\" data-widget_type=\"html.default\">\n\t\t\t\t<div class=\"elementor-widget-container\">\n\t\t\t\t\t<link href=\"https:\/\/api.mapbox.com\/mapbox-gl-js\/v3.18.1\/mapbox-gl.css\" rel=\"stylesheet\">\n<script src=\"https:\/\/api.mapbox.com\/mapbox-gl-js\/v3.18.1\/mapbox-gl.js\"><\/script>\n\n<div id=\"socialclub-map\" style=\"width:100%;height:420px;border-radius:16px;overflow:hidden;\"><\/div>\n\n<script>\n  mapboxgl.accessToken =\n    \"pk.eyJ1Ijoiamxjb2JiMjIiLCJhIjoiY2x0YTE3YWF1MG5ndTJrcWY2OWZwaGUxMyJ9.sUJwEUp4dQ45DiurfPv1pQ\";\n\n  \/\/ \u2705 Verified exact Social Club location\n  const socialClubLngLat = [2.627203, 39.5634167];\n  const googleMapsLink = \"https:\/\/maps.app.goo.gl\/z7nv5VnxauP2gJey7\";\n\n  const map = new mapboxgl.Map({\n    container: \"socialclub-map\",\n    style: \"mapbox:\/\/styles\/mapbox\/dark-v11\",\n    center: socialClubLngLat,\n    zoom: 14\n  });\n  \n\n\n  map.addControl(new mapboxgl.NavigationControl(), \"top-right\");\n  map.scrollZoom.disable(); \/\/ better UX on pages\n\n  \/\/ \u2705 Default Mapbox marker icon\n  const marker = new mapboxgl.Marker({ color: \"#cca87f\" })\n    .setLngLat(socialClubLngLat)\n    .addTo(map);\n\n  \/\/ Make marker clickable (no popup)\n  marker.getElement().style.cursor = \"pointer\";\n  marker.getElement().addEventListener(\"click\", () => {\n    window.open(googleMapsLink, \"_blank\", \"noopener\");\n  });\n<\/script>\n\t\t\t\t<\/div>\n\t\t\t\t<\/div>\n\t\t\t\t<\/div>\n\t\t<div class=\"elementor-element elementor-element-0c6d176 e-flex e-con-boxed e-con e-parent\" data-id=\"0c6d176\" data-element_type=\"container\" data-e-type=\"container\" data-settings=\"{&quot;jet_parallax_layout_list&quot;:[]}\">\n\t\t\t\t\t<div class=\"e-con-inner\">\n\t\t\t\t<div class=\"elementor-element elementor-element-904c64a elementor-invisible elementor-widget elementor-widget-heading\" data-id=\"904c64a\" data-element_type=\"widget\" data-e-type=\"widget\" data-settings=\"{&quot;_animation&quot;:&quot;fadeIn&quot;}\" data-widget_type=\"heading.default\">\n\t\t\t\t<div class=\"elementor-widget-container\">\n\t\t\t\t\t<h2 class=\"elementor-heading-title elementor-size-default\">O\u00f9 se trouve le <span class=\"highlight-word\">nouveau<\/span> Social Club Mallorca&nbsp;?\n<\/h2>\t\t\t\t<\/div>\n\t\t\t\t<\/div>\n\t\t\t\t<div class=\"elementor-element elementor-element-10c81ea elementor-widget-divider--view-line elementor-invisible elementor-widget elementor-widget-divider\" data-id=\"10c81ea\" data-element_type=\"widget\" data-e-type=\"widget\" data-settings=\"{&quot;_animation&quot;:&quot;fadeInDown&quot;}\" data-widget_type=\"divider.default\">\n\t\t\t\t<div class=\"elementor-widget-container\">\n\t\t\t\t\t\t\t<div class=\"elementor-divider\">\n\t\t\t<span class=\"elementor-divider-separator\">\n\t\t\t\t\t\t<\/span>\n\t\t<\/div>\n\t\t\t\t\t\t<\/div>\n\t\t\t\t<\/div>\n\t\t\t\t<div class=\"elementor-element elementor-element-c00e949 elementor-invisible elementor-widget elementor-widget-text-editor\" data-id=\"c00e949\" data-element_type=\"widget\" data-e-type=\"widget\" data-settings=\"{&quot;_animation&quot;:&quot;fadeIn&quot;}\" data-widget_type=\"text-editor.default\">\n\t\t\t\t<div class=\"elementor-widget-container\">\n\t\t\t\t\t\t\t\t\t<p>Social Club Mallorca est fi\u00e8rement situ\u00e9 \u00e0 l\u2019une des adresses les plus embl\u00e9matiques de Palma&nbsp;: le l\u00e9gendaire Hotel Victoria, surplombant les eaux scintillantes du Paseo Mar\u00edtimo. Ce cadre prestigieux se trouve non seulement au c\u0153ur de la vie nocturne anim\u00e9e de la ville, mais est \u00e9galement impr\u00e9gn\u00e9 d\u2019histoire, d\u2019\u00e9l\u00e9gance et de charme m\u00e9diterran\u00e9en. <\/p><h3>H\u00f4tel Victoria&nbsp;: un point de rep\u00e8re \u00e0 Palma<\/h3><p>L\u2019Hotel Victoria est l\u2019un des h\u00f4tels les plus renomm\u00e9s et historiques de Palma, datant du milieu du XXe&nbsp;si\u00e8cle. Au fil des d\u00e9cennies, il a accueilli des voyageurs internationaux, des c\u00e9l\u00e9brit\u00e9s, des artistes et des membres de la royaut\u00e9, devenant ainsi un symbole du luxe intemporel \u00e0 Majorque. Sa position au sommet d\u2019une colline offre une vue panoramique imprenable sur le port de plaisance, la cath\u00e9drale et la baie, ce qui en fait une destination pris\u00e9e de ceux qui recherchent \u00e0 la fois le confort et une touche de glamour d\u2019antan.  <\/p><p>L\u2019architecture classique de l\u2019h\u00f4tel, ses int\u00e9rieurs \u00e9l\u00e9gants et son riche h\u00e9ritage en font plus qu\u2019un simple lieu de s\u00e9jour&nbsp;: c\u2019est un point de rep\u00e8re culturel. Nich\u00e9 dans ses murs se trouve d\u00e9sormais Social Club Mallorca, une expression audacieuse et moderne de la vie nocturne, de la musique et des exp\u00e9riences organis\u00e9es qui compl\u00e8tent le raffinement de son environnement. <\/p><h3>Paseo Mar\u00edtimo&nbsp;: le c\u0153ur battant du front de mer de Palma<\/h3><p>Longeant le port de plaisance, le Paseo Mar\u00edtimo est l\u2019une des promenades les plus embl\u00e9matiques d\u2019Espagne. Initialement construite comme une petite route c\u00f4ti\u00e8re, elle s\u2019est transform\u00e9e au fil des ans en une avenue anim\u00e9e bord\u00e9e de palmiers reliant le riche pass\u00e9 maritime de Palma \u00e0 son style de vie moderne et cosmopolite. <\/p><p>Bord\u00e9 de yachts de luxe, de bars anim\u00e9s, de restaurants renomm\u00e9s et de clubs haut de gamme, le Paseo Mar\u00edtimo est depuis longtemps l\u2019\u00e9picentre de la vie nocturne \u00e0 Palma. Les habitants et les visiteurs sont attir\u00e9s par son \u00e9nergie, qu\u2019il s\u2019agisse d\u2019une promenade au coucher du soleil, d\u2019une soir\u00e9e ou d\u2019un jogging matinal avec la brise m\u00e9diterran\u00e9enne. <\/p><p>La r\u00e9gion subit une transformation passionnante, avec des investissements et des d\u00e9veloppements r\u00e9cents con\u00e7us pour la rendre plus conviviale pour les pi\u00e9tons, plus verte et plus ouverte sur la mer. Alors que ce prochain chapitre du Paseo Mar\u00edtimo se d\u00e9roule, Social Club est fier de faire partie de son \u00e9volution, apportant une vie nocturne de classe mondiale \u00e0 cette \u00e9tendue historique de l\u2019\u00eele. <\/p><p>Que tu arrives pour une soir\u00e9e inoubliable ou que tu t\u2019impr\u00e8gnes simplement de l\u2019atmosph\u00e8re, Social Club \u00e0 l\u2019Hotel Victoria offre le point de d\u00e9part id\u00e9al pour d\u00e9couvrir la beaut\u00e9, l\u2019\u00e9nergie et l\u2019histoire de Palma.<\/p>\t\t\t\t\t\t\t\t<\/div>\n\t\t\t\t<\/div>\n\t\t\t\t\t<\/div>\n\t\t\t\t<\/div>\n\t\t\t\t<\/div>\n\t\t","protected":false},"excerpt":{"rendered":"<p>Emplacement O\u00f9 se trouve le nouveau Social Club Mallorca&nbsp;? Social Club Mallorca est fi\u00e8rement situ\u00e9 \u00e0 l\u2019une des adresses les plus embl\u00e9matiques de Palma&nbsp;: le l\u00e9gendaire Hotel Victoria, surplombant les eaux scintillantes du Paseo Mar\u00edtimo. Ce cadre prestigieux se trouve non seulement au c\u0153ur de la vie nocturne anim\u00e9e de la ville, mais est \u00e9galement [&hellip;]<\/p>\n","protected":false},"author":1,"featured_media":0,"parent":0,"menu_order":0,"comment_status":"closed","ping_status":"closed","template":"","meta":{"footnotes":""},"class_list":["post-1204","page","type-page","status-publish","hentry"],"blocksy_meta":[],"yoast_head":"<!-- This site is optimized with the Yoast SEO plugin v26.9 - https:\/\/yoast.com\/product\/yoast-seo-wordpress\/ -->\n<title>Emplacement | Social Club Mallorca<\/title>\n<meta name=\"robots\" content=\"index, follow, max-snippet:-1, max-image-preview:large, max-video-preview:-1\" \/>\n<link rel=\"canonical\" href=\"https:\/\/socialclubmallorca.com\/fr\/emplacement\/\" \/>\n<meta property=\"og:locale\" content=\"fr_FR\" \/>\n<meta property=\"og:type\" content=\"article\" \/>\n<meta property=\"og:title\" content=\"Emplacement | Social Club Mallorca\" \/>\n<meta property=\"og:description\" content=\"Emplacement O\u00f9 se trouve le nouveau Social Club Mallorca&nbsp;? Social Club Mallorca est fi\u00e8rement situ\u00e9 \u00e0 l\u2019une des adresses les plus embl\u00e9matiques de Palma&nbsp;: le l\u00e9gendaire Hotel Victoria, surplombant les eaux scintillantes du Paseo Mar\u00edtimo. Ce cadre prestigieux se trouve non seulement au c\u0153ur de la vie nocturne anim\u00e9e de la ville, mais est \u00e9galement [&hellip;]\" \/>\n<meta property=\"og:url\" content=\"https:\/\/socialclubmallorca.com\/fr\/emplacement\/\" \/>\n<meta property=\"og:site_name\" content=\"Social Club Mallorca\" \/>\n<meta property=\"article:modified_time\" content=\"2026-02-09T15:57:49+00:00\" \/>\n<meta name=\"twitter:card\" content=\"summary_large_image\" \/>\n<meta name=\"twitter:label1\" content=\"Dur\u00e9e de lecture estim\u00e9e\" \/>\n\t<meta name=\"twitter:data1\" content=\"3 minutes\" \/>\n<script type=\"application\/ld+json\" class=\"yoast-schema-graph\">{\"@context\":\"https:\/\/schema.org\",\"@graph\":[{\"@type\":\"WebPage\",\"@id\":\"https:\/\/socialclubmallorca.com\/fr\/emplacement\/\",\"url\":\"https:\/\/socialclubmallorca.com\/fr\/emplacement\/\",\"name\":\"Emplacement | Social Club Mallorca\",\"isPartOf\":{\"@id\":\"https:\/\/socialclubmallorca.com\/fr\/#website\"},\"datePublished\":\"2025-05-28T17:59:49+00:00\",\"dateModified\":\"2026-02-09T15:57:49+00:00\",\"breadcrumb\":{\"@id\":\"https:\/\/socialclubmallorca.com\/fr\/emplacement\/#breadcrumb\"},\"inLanguage\":\"fr-FR\",\"potentialAction\":[{\"@type\":\"ReadAction\",\"target\":[\"https:\/\/socialclubmallorca.com\/fr\/emplacement\/\"]}]},{\"@type\":\"BreadcrumbList\",\"@id\":\"https:\/\/socialclubmallorca.com\/fr\/emplacement\/#breadcrumb\",\"itemListElement\":[{\"@type\":\"ListItem\",\"position\":1,\"name\":\"Home\",\"item\":\"https:\/\/socialclubmallorca.com\/fr\/social-club\/\"},{\"@type\":\"ListItem\",\"position\":2,\"name\":\"Emplacement\"}]},{\"@type\":\"WebSite\",\"@id\":\"https:\/\/socialclubmallorca.com\/fr\/#website\",\"url\":\"https:\/\/socialclubmallorca.com\/fr\/\",\"name\":\"Social Club Mallorca\",\"description\":\"\",\"publisher\":{\"@id\":\"https:\/\/socialclubmallorca.com\/fr\/#organization\"},\"potentialAction\":[{\"@type\":\"SearchAction\",\"target\":{\"@type\":\"EntryPoint\",\"urlTemplate\":\"https:\/\/socialclubmallorca.com\/fr\/?s={search_term_string}\"},\"query-input\":{\"@type\":\"PropertyValueSpecification\",\"valueRequired\":true,\"valueName\":\"search_term_string\"}}],\"inLanguage\":\"fr-FR\"},{\"@type\":\"Organization\",\"@id\":\"https:\/\/socialclubmallorca.com\/fr\/#organization\",\"name\":\"Social Club\",\"url\":\"https:\/\/socialclubmallorca.com\/fr\/\",\"logo\":{\"@type\":\"ImageObject\",\"inLanguage\":\"fr-FR\",\"@id\":\"https:\/\/socialclubmallorca.com\/fr\/#\/schema\/logo\/image\/\",\"url\":\"https:\/\/socialclubmallorca.com\/wp-content\/uploads\/2026\/03\/symbol_.png\",\"contentUrl\":\"https:\/\/socialclubmallorca.com\/wp-content\/uploads\/2026\/03\/symbol_.png\",\"width\":918,\"height\":836,\"caption\":\"Social Club\"},\"image\":{\"@id\":\"https:\/\/socialclubmallorca.com\/fr\/#\/schema\/logo\/image\/\"}}]}<\/script>\n<!-- \/ Yoast SEO plugin. -->","yoast_head_json":{"title":"Emplacement | Social Club Mallorca","robots":{"index":"index","follow":"follow","max-snippet":"max-snippet:-1","max-image-preview":"max-image-preview:large","max-video-preview":"max-video-preview:-1"},"canonical":"https:\/\/socialclubmallorca.com\/fr\/emplacement\/","og_locale":"fr_FR","og_type":"article","og_title":"Emplacement | Social Club Mallorca","og_description":"Emplacement O\u00f9 se trouve le nouveau Social Club Mallorca&nbsp;? Social Club Mallorca est fi\u00e8rement situ\u00e9 \u00e0 l\u2019une des adresses les plus embl\u00e9matiques de Palma&nbsp;: le l\u00e9gendaire Hotel Victoria, surplombant les eaux scintillantes du Paseo Mar\u00edtimo. Ce cadre prestigieux se trouve non seulement au c\u0153ur de la vie nocturne anim\u00e9e de la ville, mais est \u00e9galement [&hellip;]","og_url":"https:\/\/socialclubmallorca.com\/fr\/emplacement\/","og_site_name":"Social Club Mallorca","article_modified_time":"2026-02-09T15:57:49+00:00","twitter_card":"summary_large_image","twitter_misc":{"Dur\u00e9e de lecture estim\u00e9e":"3 minutes"},"schema":{"@context":"https:\/\/schema.org","@graph":[{"@type":"WebPage","@id":"https:\/\/socialclubmallorca.com\/fr\/emplacement\/","url":"https:\/\/socialclubmallorca.com\/fr\/emplacement\/","name":"Emplacement | Social Club Mallorca","isPartOf":{"@id":"https:\/\/socialclubmallorca.com\/fr\/#website"},"datePublished":"2025-05-28T17:59:49+00:00","dateModified":"2026-02-09T15:57:49+00:00","breadcrumb":{"@id":"https:\/\/socialclubmallorca.com\/fr\/emplacement\/#breadcrumb"},"inLanguage":"fr-FR","potentialAction":[{"@type":"ReadAction","target":["https:\/\/socialclubmallorca.com\/fr\/emplacement\/"]}]},{"@type":"BreadcrumbList","@id":"https:\/\/socialclubmallorca.com\/fr\/emplacement\/#breadcrumb","itemListElement":[{"@type":"ListItem","position":1,"name":"Home","item":"https:\/\/socialclubmallorca.com\/fr\/social-club\/"},{"@type":"ListItem","position":2,"name":"Emplacement"}]},{"@type":"WebSite","@id":"https:\/\/socialclubmallorca.com\/fr\/#website","url":"https:\/\/socialclubmallorca.com\/fr\/","name":"Social Club Mallorca","description":"","publisher":{"@id":"https:\/\/socialclubmallorca.com\/fr\/#organization"},"potentialAction":[{"@type":"SearchAction","target":{"@type":"EntryPoint","urlTemplate":"https:\/\/socialclubmallorca.com\/fr\/?s={search_term_string}"},"query-input":{"@type":"PropertyValueSpecification","valueRequired":true,"valueName":"search_term_string"}}],"inLanguage":"fr-FR"},{"@type":"Organization","@id":"https:\/\/socialclubmallorca.com\/fr\/#organization","name":"Social Club","url":"https:\/\/socialclubmallorca.com\/fr\/","logo":{"@type":"ImageObject","inLanguage":"fr-FR","@id":"https:\/\/socialclubmallorca.com\/fr\/#\/schema\/logo\/image\/","url":"https:\/\/socialclubmallorca.com\/wp-content\/uploads\/2026\/03\/symbol_.png","contentUrl":"https:\/\/socialclubmallorca.com\/wp-content\/uploads\/2026\/03\/symbol_.png","width":918,"height":836,"caption":"Social Club"},"image":{"@id":"https:\/\/socialclubmallorca.com\/fr\/#\/schema\/logo\/image\/"}}]}},"_links":{"self":[{"href":"https:\/\/socialclubmallorca.com\/fr\/wp-json\/wp\/v2\/pages\/1204","targetHints":{"allow":["GET"]}}],"collection":[{"href":"https:\/\/socialclubmallorca.com\/fr\/wp-json\/wp\/v2\/pages"}],"about":[{"href":"https:\/\/socialclubmallorca.com\/fr\/wp-json\/wp\/v2\/types\/page"}],"author":[{"embeddable":true,"href":"https:\/\/socialclubmallorca.com\/fr\/wp-json\/wp\/v2\/users\/1"}],"replies":[{"embeddable":true,"href":"https:\/\/socialclubmallorca.com\/fr\/wp-json\/wp\/v2\/comments?post=1204"}],"version-history":[{"count":2,"href":"https:\/\/socialclubmallorca.com\/fr\/wp-json\/wp\/v2\/pages\/1204\/revisions"}],"predecessor-version":[{"id":1417,"href":"https:\/\/socialclubmallorca.com\/fr\/wp-json\/wp\/v2\/pages\/1204\/revisions\/1417"}],"wp:attachment":[{"href":"https:\/\/socialclubmallorca.com\/fr\/wp-json\/wp\/v2\/media?parent=1204"}],"curies":[{"name":"wp","href":"https:\/\/api.w.org\/{rel}","templated":true}]}}