{"id":1246,"date":"2025-05-30T19:47:49","date_gmt":"2025-05-30T19:47:49","guid":{"rendered":"https:\/\/socialclubmallorca.com\/lieu\/"},"modified":"2026-03-24T15:17:10","modified_gmt":"2026-03-24T15:17:10","slug":"lieu","status":"publish","type":"page","link":"https:\/\/socialclubmallorca.com\/fr\/lieu\/","title":{"rendered":"Lieu"},"content":{"rendered":"\t\t<div data-elementor-type=\"wp-page\" data-elementor-id=\"1246\" class=\"elementor elementor-1246 elementor-369\" data-elementor-post-type=\"page\">\n\t\t\t\t<div class=\"elementor-element elementor-element-f3afe05 e-flex e-con-boxed e-con e-parent\" data-id=\"f3afe05\" data-element_type=\"container\" data-e-type=\"container\" data-settings=\"{&quot;background_background&quot;:&quot;classic&quot;,&quot;jet_parallax_layout_list&quot;:[]}\">\n\t\t\t\t\t<div class=\"e-con-inner\">\n\t\t\t\t<div class=\"elementor-element elementor-element-ad57309 elementor-invisible elementor-widget elementor-widget-heading\" data-id=\"ad57309\" data-element_type=\"widget\" data-e-type=\"widget\" data-settings=\"{&quot;_animation&quot;:&quot;fadeIn&quot;}\" data-widget_type=\"heading.default\">\n\t\t\t\t<div class=\"elementor-widget-container\">\n\t\t\t\t\t<h1 class=\"elementor-heading-title elementor-size-default\">Lieu<\/h1>\t\t\t\t<\/div>\n\t\t\t\t<\/div>\n\t\t\t\t<div class=\"elementor-element elementor-element-af4ebde elementor-widget-divider--view-line elementor-invisible elementor-widget elementor-widget-divider\" data-id=\"af4ebde\" data-element_type=\"widget\" data-e-type=\"widget\" data-settings=\"{&quot;_animation&quot;:&quot;fadeInDown&quot;}\" data-widget_type=\"divider.default\">\n\t\t\t\t<div class=\"elementor-widget-container\">\n\t\t\t\t\t\t\t<div class=\"elementor-divider\">\n\t\t\t<span class=\"elementor-divider-separator\">\n\t\t\t\t\t\t<\/span>\n\t\t<\/div>\n\t\t\t\t\t\t<\/div>\n\t\t\t\t<\/div>\n\t\t\t\t\t<\/div>\n\t\t\t\t<\/div>\n\t\t<div class=\"elementor-element elementor-element-f35fa5e e-flex e-con-boxed e-con e-parent\" data-id=\"f35fa5e\" data-element_type=\"container\" data-e-type=\"container\" data-settings=\"{&quot;jet_parallax_layout_list&quot;:[]}\">\n\t\t\t\t\t<div class=\"e-con-inner\">\n\t\t<div class=\"elementor-element elementor-element-4f72e42 e-con-full e-flex e-con e-child\" data-id=\"4f72e42\" data-element_type=\"container\" data-e-type=\"container\" data-settings=\"{&quot;jet_parallax_layout_list&quot;:[],&quot;animation&quot;:&quot;none&quot;}\">\n\t\t\t\t<div class=\"elementor-element elementor-element-6d9b29d elementor-invisible elementor-widget elementor-widget-heading\" data-id=\"6d9b29d\" data-element_type=\"widget\" data-e-type=\"widget\" data-settings=\"{&quot;_animation&quot;:&quot;fadeIn&quot;}\" data-widget_type=\"heading.default\">\n\t\t\t\t<div class=\"elementor-widget-container\">\n\t\t\t\t\t<h2 class=\"elementor-heading-title elementor-size-default\">Club Boutique <span class=\"highlight-word\">Et<\/span> Salon VIP<\/h2>\t\t\t\t<\/div>\n\t\t\t\t<\/div>\n\t\t\t\t<div class=\"elementor-element elementor-element-c1d238f elementor-widget-divider--view-line elementor-invisible elementor-widget elementor-widget-divider\" data-id=\"c1d238f\" data-element_type=\"widget\" data-e-type=\"widget\" data-settings=\"{&quot;_animation&quot;:&quot;fadeInDown&quot;}\" data-widget_type=\"divider.default\">\n\t\t\t\t<div class=\"elementor-widget-container\">\n\t\t\t\t\t\t\t<div class=\"elementor-divider\">\n\t\t\t<span class=\"elementor-divider-separator\">\n\t\t\t\t\t\t<\/span>\n\t\t<\/div>\n\t\t\t\t\t\t<\/div>\n\t\t\t\t<\/div>\n\t\t\t\t<div class=\"elementor-element elementor-element-ba9afd9 elementor-invisible elementor-widget elementor-widget-text-editor\" data-id=\"ba9afd9\" data-element_type=\"widget\" data-e-type=\"widget\" data-settings=\"{&quot;_animation&quot;:&quot;fadeIn&quot;}\" data-widget_type=\"text-editor.default\">\n\t\t\t\t<div class=\"elementor-widget-container\">\n\t\t\t\t\t\t\t\t\t<p><strong>Social Club Mallorca &#8211; Une approche moderne d&rsquo;un classique intemporel.<\/strong><\/p><p>Inspir\u00e9 par les clubs de membres embl\u00e9matiques du centre-ville, Social est un espace \u00e9l\u00e9gant, intime et raffin\u00e9, id\u00e9al pour accueillir tout type d&rsquo;\u00e9v\u00e9nement priv\u00e9 avec un air sophistiqu\u00e9 et cosmopolite.<\/p><p>Situ\u00e9 au c\u0153ur du prestigieux Paseo Mar\u00edtimo de Palma, ce club boutique exclusif offre une ambiance int\u00e9rieure soigneusement con\u00e7ue, o\u00f9 le d\u00e9tail et l&rsquo;atmosph\u00e8re cr\u00e9ent le cadre parfait pour profiter de l&rsquo;essence urbaine et maritime de la ville.<\/p>\t\t\t\t\t\t\t\t<\/div>\n\t\t\t\t<\/div>\n\t\t\t\t<\/div>\n\t\t<div class=\"elementor-element elementor-element-ea3d88a e-con-full e-flex elementor-invisible e-con e-child\" data-id=\"ea3d88a\" data-element_type=\"container\" data-e-type=\"container\" data-settings=\"{&quot;background_background&quot;:&quot;classic&quot;,&quot;jet_parallax_layout_list&quot;:[],&quot;animation&quot;:&quot;fadeInRight&quot;}\">\n\t\t\t\t<\/div>\n\t\t\t\t\t<\/div>\n\t\t\t\t<\/div>\n\t\t<div class=\"elementor-element elementor-element-fda7517 e-flex e-con-boxed e-con e-parent\" data-id=\"fda7517\" data-element_type=\"container\" data-e-type=\"container\" data-settings=\"{&quot;jet_parallax_layout_list&quot;:[]}\">\n\t\t\t\t\t<div class=\"e-con-inner\">\n\t\t<div class=\"elementor-element elementor-element-445d3d0 e-con-full e-flex e-con e-child\" data-id=\"445d3d0\" data-element_type=\"container\" data-e-type=\"container\" data-settings=\"{&quot;jet_parallax_layout_list&quot;:[],&quot;animation&quot;:&quot;none&quot;}\">\n\t\t\t\t<div class=\"elementor-element elementor-element-3b84434 elementor-invisible elementor-widget elementor-widget-text-editor\" data-id=\"3b84434\" data-element_type=\"widget\" data-e-type=\"widget\" data-settings=\"{&quot;_animation&quot;:&quot;fadeIn&quot;}\" data-widget_type=\"text-editor.default\">\n\t\t\t\t<div class=\"elementor-widget-container\">\n\t\t\t\t\t\t\t\t\t<p>Au c\u0153ur du club se trouvent des espaces con\u00e7us pour une exp\u00e9rience de sophistication sans compromis : la Salle Principale, l&rsquo;\u00e9picentre vibrant de la nuit ; la Salle 2 intime, pour des rencontres plus s\u00e9lectes ; le Cocktail Bar raffin\u00e9, o\u00f9 la mixologie est \u00e9lev\u00e9e au rang d&rsquo;art ; et le Salon VIP exclusif, somptueusement meubl\u00e9, avec service de table personnalis\u00e9 et salles de bains priv\u00e9es, r\u00e9serv\u00e9 \u00e0 ceux qui appr\u00e9cient la vraie distinction.<\/p>\t\t\t\t\t\t\t\t<\/div>\n\t\t\t\t<\/div>\n\t\t\t\t<\/div>\n\t\t<div class=\"elementor-element elementor-element-edf52bb e-con-full e-flex elementor-invisible e-con e-child\" data-id=\"edf52bb\" data-element_type=\"container\" data-e-type=\"container\" data-settings=\"{&quot;background_background&quot;:&quot;classic&quot;,&quot;jet_parallax_layout_list&quot;:[],&quot;animation&quot;:&quot;fadeInLeft&quot;}\">\n\t\t\t\t<\/div>\n\t\t\t\t\t<\/div>\n\t\t\t\t<\/div>\n\t\t<div class=\"elementor-element elementor-element-f99bd06 e-flex e-con-boxed e-con e-parent\" data-id=\"f99bd06\" data-element_type=\"container\" data-e-type=\"container\" data-settings=\"{&quot;jet_parallax_layout_list&quot;:[]}\">\n\t\t\t\t\t<div class=\"e-con-inner\">\n\t\t<div class=\"elementor-element elementor-element-3abd5fc e-con-full e-flex e-con e-child\" data-id=\"3abd5fc\" data-element_type=\"container\" data-e-type=\"container\" data-settings=\"{&quot;jet_parallax_layout_list&quot;:[],&quot;animation&quot;:&quot;none&quot;}\">\n\t\t\t\t<div class=\"elementor-element elementor-element-7475fb2 elementor-invisible elementor-widget elementor-widget-text-editor\" data-id=\"7475fb2\" data-element_type=\"widget\" data-e-type=\"widget\" data-settings=\"{&quot;_animation&quot;:&quot;fadeIn&quot;}\" data-widget_type=\"text-editor.default\">\n\t\t\t\t<div class=\"elementor-widget-container\">\n\t\t\t\t\t\t\t\t\t<p>Social dispose de quatre espaces uniques : Salle Principale, Salle 2, Cocktail Bar et Salon VIP, con\u00e7us pour r\u00e9pondre aux besoins de tout type d&rsquo;\u00e9v\u00e9nement.<\/p><p>Avec plusieurs zones et espaces de spectacle, chaque zone peut \u00eatre configur\u00e9e pour r\u00e9pondre aux exigences sp\u00e9cifiques de ton \u00e9v\u00e9nement.<\/p><p>Nous proposons une large gamme de forfaits boissons et de menus finger food con\u00e7us pour compl\u00e9ter ta c\u00e9l\u00e9bration. Le service de boissons est disponible aux bars de chaque salle ou dans la zone de ton choix, tandis que des serveurs itin\u00e9rants servent des hors-d&rsquo;\u0153uvre pour assurer le bon d\u00e9roulement de l&rsquo;\u00e9v\u00e9nement et la pleine satisfaction de tes invit\u00e9s. <\/p>\t\t\t\t\t\t\t\t<\/div>\n\t\t\t\t<\/div>\n\t\t\t\t<\/div>\n\t\t<div class=\"elementor-element elementor-element-fcf9816 e-con-full e-flex elementor-invisible e-con e-child\" data-id=\"fcf9816\" data-element_type=\"container\" data-e-type=\"container\" data-settings=\"{&quot;background_background&quot;:&quot;classic&quot;,&quot;jet_parallax_layout_list&quot;:[],&quot;animation&quot;:&quot;fadeInRight&quot;}\">\n\t\t\t\t<\/div>\n\t\t\t\t\t<\/div>\n\t\t\t\t<\/div>\n\t\t<div class=\"elementor-element elementor-element-60484f7 e-flex e-con-boxed e-con e-parent\" data-id=\"60484f7\" data-element_type=\"container\" data-e-type=\"container\" data-settings=\"{&quot;jet_parallax_layout_list&quot;:[]}\">\n\t\t\t\t\t<div class=\"e-con-inner\">\n\t\t\t\t<div class=\"elementor-element elementor-element-de08e3d elementor-invisible elementor-widget elementor-widget-heading\" data-id=\"de08e3d\" data-element_type=\"widget\" data-e-type=\"widget\" data-settings=\"{&quot;_animation&quot;:&quot;fadeIn&quot;}\" data-widget_type=\"heading.default\">\n\t\t\t\t<div class=\"elementor-widget-container\">\n\t\t\t\t\t<h2 class=\"elementor-heading-title elementor-size-default\">O\u00f9 se trouve le <span class=\"highlight-word\">nouveau<\/span> Social Club Mallorca&nbsp;?\n<\/h2>\t\t\t\t<\/div>\n\t\t\t\t<\/div>\n\t\t\t\t<div class=\"elementor-element elementor-element-8adcc5e elementor-widget-divider--view-line elementor-invisible elementor-widget elementor-widget-divider\" data-id=\"8adcc5e\" data-element_type=\"widget\" data-e-type=\"widget\" data-settings=\"{&quot;_animation&quot;:&quot;fadeInDown&quot;}\" data-widget_type=\"divider.default\">\n\t\t\t\t<div class=\"elementor-widget-container\">\n\t\t\t\t\t\t\t<div class=\"elementor-divider\">\n\t\t\t<span class=\"elementor-divider-separator\">\n\t\t\t\t\t\t<\/span>\n\t\t<\/div>\n\t\t\t\t\t\t<\/div>\n\t\t\t\t<\/div>\n\t\t\t\t<div class=\"elementor-element elementor-element-000c8b2 elementor-invisible elementor-widget elementor-widget-text-editor\" data-id=\"000c8b2\" data-element_type=\"widget\" data-e-type=\"widget\" data-settings=\"{&quot;_animation&quot;:&quot;fadeIn&quot;}\" data-widget_type=\"text-editor.default\">\n\t\t\t\t<div class=\"elementor-widget-container\">\n\t\t\t\t\t\t\t\t\t<p>Social Club Mallorca est fi\u00e8rement situ\u00e9 \u00e0 l\u2019une des adresses les plus embl\u00e9matiques de Palma&nbsp;: le l\u00e9gendaire Hotel Victoria, surplombant les eaux scintillantes du Paseo Mar\u00edtimo. Ce cadre prestigieux se trouve non seulement au c\u0153ur de la vie nocturne anim\u00e9e de la ville, mais est \u00e9galement impr\u00e9gn\u00e9 d\u2019histoire, d\u2019\u00e9l\u00e9gance et de charme m\u00e9diterran\u00e9en. <\/p><h3>H\u00f4tel Victoria&nbsp;: un point de rep\u00e8re \u00e0 Palma<\/h3><p>L\u2019Hotel Victoria est l\u2019un des h\u00f4tels les plus renomm\u00e9s et historiques de Palma, datant du milieu du XXe&nbsp;si\u00e8cle. Au fil des d\u00e9cennies, il a accueilli des voyageurs internationaux, des c\u00e9l\u00e9brit\u00e9s, des artistes et des membres de la royaut\u00e9, devenant ainsi un symbole du luxe intemporel \u00e0 Majorque. Sa position au sommet d\u2019une colline offre une vue panoramique imprenable sur le port de plaisance, la cath\u00e9drale et la baie, ce qui en fait une destination pris\u00e9e de ceux qui recherchent \u00e0 la fois le confort et une touche de glamour d\u2019antan.  <\/p><p>L\u2019architecture classique de l\u2019h\u00f4tel, ses int\u00e9rieurs \u00e9l\u00e9gants et son riche h\u00e9ritage en font plus qu\u2019un simple lieu de s\u00e9jour&nbsp;: c\u2019est un point de rep\u00e8re culturel. Nich\u00e9 dans ses murs se trouve d\u00e9sormais Social Club Mallorca, une expression audacieuse et moderne de la vie nocturne, de la musique et des exp\u00e9riences organis\u00e9es qui compl\u00e8tent le raffinement de son environnement. <\/p><h3>Paseo Mar\u00edtimo&nbsp;: le c\u0153ur battant du front de mer de Palma<\/h3><p>Longeant le port de plaisance, le Paseo Mar\u00edtimo est l\u2019une des promenades les plus embl\u00e9matiques d\u2019Espagne. Initialement construite comme une petite route c\u00f4ti\u00e8re, elle s\u2019est transform\u00e9e au fil des ans en une avenue anim\u00e9e bord\u00e9e de palmiers reliant le riche pass\u00e9 maritime de Palma \u00e0 son style de vie moderne et cosmopolite. <\/p><p>Bord\u00e9 de yachts de luxe, de bars anim\u00e9s, de restaurants renomm\u00e9s et de clubs haut de gamme, le Paseo Mar\u00edtimo est depuis longtemps l\u2019\u00e9picentre de la vie nocturne \u00e0 Palma. Les habitants et les visiteurs sont attir\u00e9s par son \u00e9nergie, qu\u2019il s\u2019agisse d\u2019une promenade au coucher du soleil, d\u2019une soir\u00e9e ou d\u2019un jogging matinal avec la brise m\u00e9diterran\u00e9enne. <\/p><p>La r\u00e9gion subit une transformation passionnante, avec des investissements et des d\u00e9veloppements r\u00e9cents con\u00e7us pour la rendre plus conviviale pour les pi\u00e9tons, plus verte et plus ouverte sur la mer. Alors que ce prochain chapitre du Paseo Mar\u00edtimo se d\u00e9roule, Social Club est fier de faire partie de son \u00e9volution, apportant une vie nocturne de classe mondiale \u00e0 cette \u00e9tendue historique de l\u2019\u00eele. <\/p><p>Que tu arrives pour une soir\u00e9e inoubliable ou que tu t\u2019impr\u00e8gnes simplement de l\u2019atmosph\u00e8re, Social Club \u00e0 l\u2019Hotel Victoria offre le point de d\u00e9part id\u00e9al pour d\u00e9couvrir la beaut\u00e9, l\u2019\u00e9nergie et l\u2019histoire de Palma.<\/p>\t\t\t\t\t\t\t\t<\/div>\n\t\t\t\t<\/div>\n\t\t\t\t\t<\/div>\n\t\t\t\t<\/div>\n\t\t\t\t<\/div>\n\t\t","protected":false},"excerpt":{"rendered":"<p>Lieu Club Boutique Et Salon VIP Social Club Mallorca &#8211; Une approche moderne d&rsquo;un classique intemporel. Inspir\u00e9 par les clubs de membres embl\u00e9matiques du centre-ville, Social est un espace \u00e9l\u00e9gant, intime et raffin\u00e9, id\u00e9al pour accueillir tout type d&rsquo;\u00e9v\u00e9nement priv\u00e9 avec un air sophistiqu\u00e9 et cosmopolite. Situ\u00e9 au c\u0153ur du prestigieux Paseo Mar\u00edtimo de Palma, [&hellip;]<\/p>\n","protected":false},"author":1,"featured_media":0,"parent":0,"menu_order":0,"comment_status":"closed","ping_status":"closed","template":"","meta":{"footnotes":""},"class_list":["post-1246","page","type-page","status-publish","hentry"],"blocksy_meta":[],"yoast_head":"<!-- This site is optimized with the Yoast SEO plugin v26.9 - https:\/\/yoast.com\/product\/yoast-seo-wordpress\/ -->\n<title>Lieu | Social Club Mallorca<\/title>\n<meta name=\"description\" content=\"Inspir\u00e9 par les clubs de membres embl\u00e9matiques du centre-ville, Social est un espace \u00e9l\u00e9gant, intime et raffin\u00e9.\" \/>\n<meta name=\"robots\" content=\"index, follow, max-snippet:-1, max-image-preview:large, max-video-preview:-1\" \/>\n<link rel=\"canonical\" href=\"https:\/\/socialclubmallorca.com\/fr\/lieu\/\" \/>\n<meta property=\"og:locale\" content=\"fr_FR\" \/>\n<meta property=\"og:type\" content=\"article\" \/>\n<meta property=\"og:title\" content=\"Lieu | Social Club Mallorca\" \/>\n<meta property=\"og:description\" content=\"Inspir\u00e9 par les clubs de membres embl\u00e9matiques du centre-ville, Social est un espace \u00e9l\u00e9gant, intime et raffin\u00e9.\" \/>\n<meta property=\"og:url\" content=\"https:\/\/socialclubmallorca.com\/fr\/lieu\/\" \/>\n<meta property=\"og:site_name\" content=\"Social Club Mallorca\" \/>\n<meta property=\"article:modified_time\" content=\"2026-03-24T15:17:10+00:00\" \/>\n<meta name=\"twitter:card\" content=\"summary_large_image\" \/>\n<meta name=\"twitter:label1\" content=\"Dur\u00e9e de lecture estim\u00e9e\" \/>\n\t<meta name=\"twitter:data1\" content=\"4 minutes\" \/>\n<script type=\"application\/ld+json\" class=\"yoast-schema-graph\">{\"@context\":\"https:\/\/schema.org\",\"@graph\":[{\"@type\":\"WebPage\",\"@id\":\"https:\/\/socialclubmallorca.com\/fr\/lieu\/\",\"url\":\"https:\/\/socialclubmallorca.com\/fr\/lieu\/\",\"name\":\"Lieu | Social Club Mallorca\",\"isPartOf\":{\"@id\":\"https:\/\/socialclubmallorca.com\/fr\/#website\"},\"datePublished\":\"2025-05-30T19:47:49+00:00\",\"dateModified\":\"2026-03-24T15:17:10+00:00\",\"description\":\"Inspir\u00e9 par les clubs de membres embl\u00e9matiques du centre-ville, Social est un espace \u00e9l\u00e9gant, intime et raffin\u00e9.\",\"breadcrumb\":{\"@id\":\"https:\/\/socialclubmallorca.com\/fr\/lieu\/#breadcrumb\"},\"inLanguage\":\"fr-FR\",\"potentialAction\":[{\"@type\":\"ReadAction\",\"target\":[\"https:\/\/socialclubmallorca.com\/fr\/lieu\/\"]}]},{\"@type\":\"BreadcrumbList\",\"@id\":\"https:\/\/socialclubmallorca.com\/fr\/lieu\/#breadcrumb\",\"itemListElement\":[{\"@type\":\"ListItem\",\"position\":1,\"name\":\"Home\",\"item\":\"https:\/\/socialclubmallorca.com\/fr\/social-club\/\"},{\"@type\":\"ListItem\",\"position\":2,\"name\":\"Lieu\"}]},{\"@type\":\"WebSite\",\"@id\":\"https:\/\/socialclubmallorca.com\/fr\/#website\",\"url\":\"https:\/\/socialclubmallorca.com\/fr\/\",\"name\":\"Social Club Mallorca\",\"description\":\"\",\"publisher\":{\"@id\":\"https:\/\/socialclubmallorca.com\/fr\/#organization\"},\"potentialAction\":[{\"@type\":\"SearchAction\",\"target\":{\"@type\":\"EntryPoint\",\"urlTemplate\":\"https:\/\/socialclubmallorca.com\/fr\/?s={search_term_string}\"},\"query-input\":{\"@type\":\"PropertyValueSpecification\",\"valueRequired\":true,\"valueName\":\"search_term_string\"}}],\"inLanguage\":\"fr-FR\"},{\"@type\":\"Organization\",\"@id\":\"https:\/\/socialclubmallorca.com\/fr\/#organization\",\"name\":\"Social Club\",\"url\":\"https:\/\/socialclubmallorca.com\/fr\/\",\"logo\":{\"@type\":\"ImageObject\",\"inLanguage\":\"fr-FR\",\"@id\":\"https:\/\/socialclubmallorca.com\/fr\/#\/schema\/logo\/image\/\",\"url\":\"https:\/\/socialclubmallorca.com\/wp-content\/uploads\/2026\/03\/symbol_.png\",\"contentUrl\":\"https:\/\/socialclubmallorca.com\/wp-content\/uploads\/2026\/03\/symbol_.png\",\"width\":918,\"height\":836,\"caption\":\"Social Club\"},\"image\":{\"@id\":\"https:\/\/socialclubmallorca.com\/fr\/#\/schema\/logo\/image\/\"}}]}<\/script>\n<!-- \/ Yoast SEO plugin. -->","yoast_head_json":{"title":"Lieu | Social Club Mallorca","description":"Inspir\u00e9 par les clubs de membres embl\u00e9matiques du centre-ville, Social est un espace \u00e9l\u00e9gant, intime et raffin\u00e9.","robots":{"index":"index","follow":"follow","max-snippet":"max-snippet:-1","max-image-preview":"max-image-preview:large","max-video-preview":"max-video-preview:-1"},"canonical":"https:\/\/socialclubmallorca.com\/fr\/lieu\/","og_locale":"fr_FR","og_type":"article","og_title":"Lieu | Social Club Mallorca","og_description":"Inspir\u00e9 par les clubs de membres embl\u00e9matiques du centre-ville, Social est un espace \u00e9l\u00e9gant, intime et raffin\u00e9.","og_url":"https:\/\/socialclubmallorca.com\/fr\/lieu\/","og_site_name":"Social Club Mallorca","article_modified_time":"2026-03-24T15:17:10+00:00","twitter_card":"summary_large_image","twitter_misc":{"Dur\u00e9e de lecture estim\u00e9e":"4 minutes"},"schema":{"@context":"https:\/\/schema.org","@graph":[{"@type":"WebPage","@id":"https:\/\/socialclubmallorca.com\/fr\/lieu\/","url":"https:\/\/socialclubmallorca.com\/fr\/lieu\/","name":"Lieu | Social Club Mallorca","isPartOf":{"@id":"https:\/\/socialclubmallorca.com\/fr\/#website"},"datePublished":"2025-05-30T19:47:49+00:00","dateModified":"2026-03-24T15:17:10+00:00","description":"Inspir\u00e9 par les clubs de membres embl\u00e9matiques du centre-ville, Social est un espace \u00e9l\u00e9gant, intime et raffin\u00e9.","breadcrumb":{"@id":"https:\/\/socialclubmallorca.com\/fr\/lieu\/#breadcrumb"},"inLanguage":"fr-FR","potentialAction":[{"@type":"ReadAction","target":["https:\/\/socialclubmallorca.com\/fr\/lieu\/"]}]},{"@type":"BreadcrumbList","@id":"https:\/\/socialclubmallorca.com\/fr\/lieu\/#breadcrumb","itemListElement":[{"@type":"ListItem","position":1,"name":"Home","item":"https:\/\/socialclubmallorca.com\/fr\/social-club\/"},{"@type":"ListItem","position":2,"name":"Lieu"}]},{"@type":"WebSite","@id":"https:\/\/socialclubmallorca.com\/fr\/#website","url":"https:\/\/socialclubmallorca.com\/fr\/","name":"Social Club Mallorca","description":"","publisher":{"@id":"https:\/\/socialclubmallorca.com\/fr\/#organization"},"potentialAction":[{"@type":"SearchAction","target":{"@type":"EntryPoint","urlTemplate":"https:\/\/socialclubmallorca.com\/fr\/?s={search_term_string}"},"query-input":{"@type":"PropertyValueSpecification","valueRequired":true,"valueName":"search_term_string"}}],"inLanguage":"fr-FR"},{"@type":"Organization","@id":"https:\/\/socialclubmallorca.com\/fr\/#organization","name":"Social Club","url":"https:\/\/socialclubmallorca.com\/fr\/","logo":{"@type":"ImageObject","inLanguage":"fr-FR","@id":"https:\/\/socialclubmallorca.com\/fr\/#\/schema\/logo\/image\/","url":"https:\/\/socialclubmallorca.com\/wp-content\/uploads\/2026\/03\/symbol_.png","contentUrl":"https:\/\/socialclubmallorca.com\/wp-content\/uploads\/2026\/03\/symbol_.png","width":918,"height":836,"caption":"Social Club"},"image":{"@id":"https:\/\/socialclubmallorca.com\/fr\/#\/schema\/logo\/image\/"}}]}},"_links":{"self":[{"href":"https:\/\/socialclubmallorca.com\/fr\/wp-json\/wp\/v2\/pages\/1246","targetHints":{"allow":["GET"]}}],"collection":[{"href":"https:\/\/socialclubmallorca.com\/fr\/wp-json\/wp\/v2\/pages"}],"about":[{"href":"https:\/\/socialclubmallorca.com\/fr\/wp-json\/wp\/v2\/types\/page"}],"author":[{"embeddable":true,"href":"https:\/\/socialclubmallorca.com\/fr\/wp-json\/wp\/v2\/users\/1"}],"replies":[{"embeddable":true,"href":"https:\/\/socialclubmallorca.com\/fr\/wp-json\/wp\/v2\/comments?post=1246"}],"version-history":[{"count":2,"href":"https:\/\/socialclubmallorca.com\/fr\/wp-json\/wp\/v2\/pages\/1246\/revisions"}],"predecessor-version":[{"id":2027,"href":"https:\/\/socialclubmallorca.com\/fr\/wp-json\/wp\/v2\/pages\/1246\/revisions\/2027"}],"wp:attachment":[{"href":"https:\/\/socialclubmallorca.com\/fr\/wp-json\/wp\/v2\/media?parent=1246"}],"curies":[{"name":"wp","href":"https:\/\/api.w.org\/{rel}","templated":true}]}}