{"id":1963,"date":"2026-03-24T14:39:59","date_gmt":"2026-03-24T14:39:59","guid":{"rendered":"https:\/\/socialclubmallorca.com\/location-privee\/"},"modified":"2026-04-07T08:37:52","modified_gmt":"2026-04-07T08:37:52","slug":"location-privee","status":"publish","type":"page","link":"https:\/\/socialclubmallorca.com\/fr\/location-privee\/","title":{"rendered":"Location priv\u00e9e"},"content":{"rendered":"\t\t<div data-elementor-type=\"wp-page\" data-elementor-id=\"1963\" class=\"elementor elementor-1963 elementor-1931\" data-elementor-post-type=\"page\">\n\t\t\t\t<div class=\"elementor-element elementor-element-0c69c0a e-flex e-con-boxed e-con e-parent\" data-id=\"0c69c0a\" data-element_type=\"container\" data-e-type=\"container\" data-settings=\"{&quot;background_background&quot;:&quot;classic&quot;,&quot;jet_parallax_layout_list&quot;:[]}\">\n\t\t\t\t\t<div class=\"e-con-inner\">\n\t\t\t\t<div class=\"elementor-element elementor-element-6523b04 elementor-invisible elementor-widget elementor-widget-heading\" data-id=\"6523b04\" data-element_type=\"widget\" data-e-type=\"widget\" data-settings=\"{&quot;_animation&quot;:&quot;fadeIn&quot;}\" data-widget_type=\"heading.default\">\n\t\t\t\t<div class=\"elementor-widget-container\">\n\t\t\t\t\t<h1 class=\"elementor-heading-title elementor-size-default\">Privatisation &amp; \u00e9v\u00e9nements d\u2019entreprise<\/h1>\t\t\t\t<\/div>\n\t\t\t\t<\/div>\n\t\t\t\t<div class=\"elementor-element elementor-element-6f3e065 elementor-widget-divider--view-line elementor-invisible elementor-widget elementor-widget-divider\" data-id=\"6f3e065\" data-element_type=\"widget\" data-e-type=\"widget\" data-settings=\"{&quot;_animation&quot;:&quot;fadeInDown&quot;}\" data-widget_type=\"divider.default\">\n\t\t\t\t<div class=\"elementor-widget-container\">\n\t\t\t\t\t\t\t<div class=\"elementor-divider\">\n\t\t\t<span class=\"elementor-divider-separator\">\n\t\t\t\t\t\t<\/span>\n\t\t<\/div>\n\t\t\t\t\t\t<\/div>\n\t\t\t\t<\/div>\n\t\t\t\t\t<\/div>\n\t\t\t\t<\/div>\n\t\t<div class=\"elementor-element elementor-element-e7d4484 e-flex e-con-boxed e-con e-parent\" data-id=\"e7d4484\" data-element_type=\"container\" data-e-type=\"container\" data-settings=\"{&quot;jet_parallax_layout_list&quot;:[]}\">\n\t\t\t\t\t<div class=\"e-con-inner\">\n\t\t\t\t<div class=\"elementor-element elementor-element-2111606 elementor-invisible elementor-widget elementor-widget-text-editor\" data-id=\"2111606\" data-element_type=\"widget\" data-e-type=\"widget\" data-settings=\"{&quot;_animation&quot;:&quot;fadeIn&quot;}\" data-widget_type=\"text-editor.default\">\n\t\t\t\t<div class=\"elementor-widget-container\">\n\t\t\t\t\t\t\t\t\t<div>Social Club offre un cadre raffin\u00e9 aux marques, partenaires et clients priv\u00e9s qui souhaitent cr\u00e9er des exp\u00e9riences \u00e0 grande \u00e9chelle.<\/div><div>Bien plus qu\u2019un lieu, c\u2019est une plateforme nightlife pleinement op\u00e9rationnelle \u2014 qui associe un son, une production et un design spatial de niveau international \u00e0 un format pens\u00e9 pour l\u2019\u00e9nergie, le flow et l\u2019impact.<\/div><div> <\/div><div>L\u2019espace peut \u00eatre configur\u00e9 pour s\u2019adapter \u00e0 un large \u00e9ventail de formats, notamment les \u00e9v\u00e9nements d\u2019entreprise, l\u2019hospitalit\u00e9 clients, les lancements de produits, les groupes de conf\u00e9rence, les activations de marque et les c\u00e9l\u00e9brations priv\u00e9es.<\/div><div> <\/div><div>Des zones VIP bien d\u00e9finies, une piste de danse centrale et des espaces sur\u00e9lev\u00e9s comme la Social Suite permettent de vivre plusieurs niveaux d\u2019exp\u00e9rience au sein d\u2019un m\u00eame environnement.<\/div><div>La privatisation compl\u00e8te du lieu offre un contr\u00f4le total sur la programmation, le branding et le parcours des invit\u00e9s \u2014 transformant le club en un univers sur mesure, totalement immersif.<\/div><div>Port\u00e9 par une \u00e9quipe exp\u00e9riment\u00e9e et une base centr\u00e9e sur la musique, Social Club propose des \u00e9v\u00e9nements non seulement fluides \u00e0 mettre en place, mais impossibles \u00e0 reproduire ailleurs sur l\u2019\u00eele.<\/div><div> <\/div><div>Un espace con\u00e7u pour les marques et les clients qui comprennent la valeur de l\u2019atmosph\u00e8re, de l\u2019\u00e9nergie et de la pr\u00e9sence.<\/div>\t\t\t\t\t\t\t\t<\/div>\n\t\t\t\t<\/div>\n\t\t\t\t<div class=\"elementor-element elementor-element-02af2f8 elementor-align-center elementor-invisible elementor-widget elementor-widget-button\" data-id=\"02af2f8\" data-element_type=\"widget\" data-e-type=\"widget\" data-settings=\"{&quot;_animation&quot;:&quot;fadeIn&quot;}\" data-widget_type=\"button.default\">\n\t\t\t\t<div class=\"elementor-widget-container\">\n\t\t\t\t\t\t\t\t\t<div class=\"elementor-button-wrapper\">\n\t\t\t\t\t<a class=\"elementor-button elementor-button-link elementor-size-sm\" href=\"https:\/\/socialclubmallorca.com\/wp-content\/uploads\/2026\/04\/Social_Club_Dossier_EN-1_compressed.pdf\" target=\"_blank\">\n\t\t\t\t\t\t<span class=\"elementor-button-content-wrapper\">\n\t\t\t\t\t\t\t\t\t<span class=\"elementor-button-text\">T\u00e9l\u00e9charger le dossier<\/span>\n\t\t\t\t\t<\/span>\n\t\t\t\t\t<\/a>\n\t\t\t\t<\/div>\n\t\t\t\t\t\t\t\t<\/div>\n\t\t\t\t<\/div>\n\t\t\t\t<div class=\"elementor-element elementor-element-46d3ade elementor-invisible elementor-widget elementor-widget-heading\" data-id=\"46d3ade\" data-element_type=\"widget\" data-e-type=\"widget\" data-settings=\"{&quot;_animation&quot;:&quot;fadeIn&quot;}\" data-widget_type=\"heading.default\">\n\t\t\t\t<div class=\"elementor-widget-container\">\n\t\t\t\t\t<h3 class=\"elementor-heading-title elementor-size-default\">Contact<\/h3>\t\t\t\t<\/div>\n\t\t\t\t<\/div>\n\t\t\t\t<div class=\"elementor-element elementor-element-468facb elementor-invisible elementor-widget elementor-widget-text-editor\" data-id=\"468facb\" data-element_type=\"widget\" data-e-type=\"widget\" data-settings=\"{&quot;_animation&quot;:&quot;fadeIn&quot;}\" data-widget_type=\"text-editor.default\">\n\t\t\t\t<div class=\"elementor-widget-container\">\n\t\t\t\t\t\t\t\t\t<p class=\"p1\"><a href=\"mailto:events@socialclubmallorca.com\">events@socialclubmallorca.com<\/a><\/p>\t\t\t\t\t\t\t\t<\/div>\n\t\t\t\t<\/div>\n\t\t\t\t\t<\/div>\n\t\t\t\t<\/div>\n\t\t\t\t<\/div>\n\t\t","protected":false},"excerpt":{"rendered":"<p>Privatisation &amp; \u00e9v\u00e9nements d\u2019entreprise Social Club offre un cadre raffin\u00e9 aux marques, partenaires et clients priv\u00e9s qui souhaitent cr\u00e9er des exp\u00e9riences \u00e0 grande \u00e9chelle.Bien plus qu\u2019un lieu, c\u2019est une plateforme nightlife pleinement op\u00e9rationnelle \u2014 qui associe un son, une production et un design spatial de niveau international \u00e0 un format pens\u00e9 pour l\u2019\u00e9nergie, le flow [&hellip;]<\/p>\n","protected":false},"author":1,"featured_media":1130,"parent":0,"menu_order":0,"comment_status":"closed","ping_status":"closed","template":"","meta":{"footnotes":""},"class_list":["post-1963","page","type-page","status-publish","has-post-thumbnail","hentry"],"blocksy_meta":[],"yoast_head":"<!-- This site is optimized with the Yoast SEO plugin v26.9 - https:\/\/yoast.com\/product\/yoast-seo-wordpress\/ -->\n<title>Location priv\u00e9e | Social Club Mallorca<\/title>\n<meta name=\"description\" content=\"Social Club offre un cadre raffin\u00e9 aux marques, partenaires et clients priv\u00e9s qui souhaitent cr\u00e9er des exp\u00e9riences \u00e0 grande \u00e9chelle.\" \/>\n<meta name=\"robots\" content=\"index, follow, max-snippet:-1, max-image-preview:large, max-video-preview:-1\" \/>\n<link rel=\"canonical\" href=\"https:\/\/socialclubmallorca.com\/fr\/location-privee\/\" \/>\n<meta property=\"og:locale\" content=\"fr_FR\" \/>\n<meta property=\"og:type\" content=\"article\" \/>\n<meta property=\"og:title\" content=\"Location priv\u00e9e | Social Club Mallorca\" \/>\n<meta property=\"og:description\" content=\"Social Club offre un cadre raffin\u00e9 aux marques, partenaires et clients priv\u00e9s qui souhaitent cr\u00e9er des exp\u00e9riences \u00e0 grande \u00e9chelle.\" \/>\n<meta property=\"og:url\" content=\"https:\/\/socialclubmallorca.com\/fr\/location-privee\/\" \/>\n<meta property=\"og:site_name\" content=\"Social Club Mallorca\" \/>\n<meta property=\"article:modified_time\" content=\"2026-04-07T08:37:52+00:00\" \/>\n<meta property=\"og:image\" content=\"https:\/\/socialclubmallorca.com\/wp-content\/uploads\/2025\/06\/dj.jpg\" \/>\n\t<meta property=\"og:image:width\" content=\"427\" \/>\n\t<meta property=\"og:image:height\" content=\"640\" \/>\n\t<meta property=\"og:image:type\" content=\"image\/jpeg\" \/>\n<meta name=\"twitter:card\" content=\"summary_large_image\" \/>\n<meta name=\"twitter:label1\" content=\"Dur\u00e9e de lecture estim\u00e9e\" \/>\n\t<meta name=\"twitter:data1\" content=\"1 minute\" \/>\n<script type=\"application\/ld+json\" class=\"yoast-schema-graph\">{\"@context\":\"https:\/\/schema.org\",\"@graph\":[{\"@type\":\"WebPage\",\"@id\":\"https:\/\/socialclubmallorca.com\/fr\/location-privee\/\",\"url\":\"https:\/\/socialclubmallorca.com\/fr\/location-privee\/\",\"name\":\"Location priv\u00e9e | Social Club Mallorca\",\"isPartOf\":{\"@id\":\"https:\/\/socialclubmallorca.com\/fr\/#website\"},\"primaryImageOfPage\":{\"@id\":\"https:\/\/socialclubmallorca.com\/fr\/location-privee\/#primaryimage\"},\"image\":{\"@id\":\"https:\/\/socialclubmallorca.com\/fr\/location-privee\/#primaryimage\"},\"thumbnailUrl\":\"https:\/\/socialclubmallorca.com\/wp-content\/uploads\/2025\/06\/dj.jpg\",\"datePublished\":\"2026-03-24T14:39:59+00:00\",\"dateModified\":\"2026-04-07T08:37:52+00:00\",\"description\":\"Social Club offre un cadre raffin\u00e9 aux marques, partenaires et clients priv\u00e9s qui souhaitent cr\u00e9er des exp\u00e9riences \u00e0 grande \u00e9chelle.\",\"breadcrumb\":{\"@id\":\"https:\/\/socialclubmallorca.com\/fr\/location-privee\/#breadcrumb\"},\"inLanguage\":\"fr-FR\",\"potentialAction\":[{\"@type\":\"ReadAction\",\"target\":[\"https:\/\/socialclubmallorca.com\/fr\/location-privee\/\"]}]},{\"@type\":\"ImageObject\",\"inLanguage\":\"fr-FR\",\"@id\":\"https:\/\/socialclubmallorca.com\/fr\/location-privee\/#primaryimage\",\"url\":\"https:\/\/socialclubmallorca.com\/wp-content\/uploads\/2025\/06\/dj.jpg\",\"contentUrl\":\"https:\/\/socialclubmallorca.com\/wp-content\/uploads\/2025\/06\/dj.jpg\",\"width\":427,\"height\":640,\"caption\":\"Social Club mallorca\"},{\"@type\":\"BreadcrumbList\",\"@id\":\"https:\/\/socialclubmallorca.com\/fr\/location-privee\/#breadcrumb\",\"itemListElement\":[{\"@type\":\"ListItem\",\"position\":1,\"name\":\"Home\",\"item\":\"https:\/\/socialclubmallorca.com\/fr\/social-club\/\"},{\"@type\":\"ListItem\",\"position\":2,\"name\":\"Location priv\u00e9e\"}]},{\"@type\":\"WebSite\",\"@id\":\"https:\/\/socialclubmallorca.com\/fr\/#website\",\"url\":\"https:\/\/socialclubmallorca.com\/fr\/\",\"name\":\"Social Club Mallorca\",\"description\":\"\",\"publisher\":{\"@id\":\"https:\/\/socialclubmallorca.com\/fr\/#organization\"},\"potentialAction\":[{\"@type\":\"SearchAction\",\"target\":{\"@type\":\"EntryPoint\",\"urlTemplate\":\"https:\/\/socialclubmallorca.com\/fr\/?s={search_term_string}\"},\"query-input\":{\"@type\":\"PropertyValueSpecification\",\"valueRequired\":true,\"valueName\":\"search_term_string\"}}],\"inLanguage\":\"fr-FR\"},{\"@type\":\"Organization\",\"@id\":\"https:\/\/socialclubmallorca.com\/fr\/#organization\",\"name\":\"Social Club\",\"url\":\"https:\/\/socialclubmallorca.com\/fr\/\",\"logo\":{\"@type\":\"ImageObject\",\"inLanguage\":\"fr-FR\",\"@id\":\"https:\/\/socialclubmallorca.com\/fr\/#\/schema\/logo\/image\/\",\"url\":\"https:\/\/socialclubmallorca.com\/wp-content\/uploads\/2026\/03\/symbol_.png\",\"contentUrl\":\"https:\/\/socialclubmallorca.com\/wp-content\/uploads\/2026\/03\/symbol_.png\",\"width\":918,\"height\":836,\"caption\":\"Social Club\"},\"image\":{\"@id\":\"https:\/\/socialclubmallorca.com\/fr\/#\/schema\/logo\/image\/\"}}]}<\/script>\n<!-- \/ Yoast SEO plugin. -->","yoast_head_json":{"title":"Location priv\u00e9e | Social Club Mallorca","description":"Social Club offre un cadre raffin\u00e9 aux marques, partenaires et clients priv\u00e9s qui souhaitent cr\u00e9er des exp\u00e9riences \u00e0 grande \u00e9chelle.","robots":{"index":"index","follow":"follow","max-snippet":"max-snippet:-1","max-image-preview":"max-image-preview:large","max-video-preview":"max-video-preview:-1"},"canonical":"https:\/\/socialclubmallorca.com\/fr\/location-privee\/","og_locale":"fr_FR","og_type":"article","og_title":"Location priv\u00e9e | Social Club Mallorca","og_description":"Social Club offre un cadre raffin\u00e9 aux marques, partenaires et clients priv\u00e9s qui souhaitent cr\u00e9er des exp\u00e9riences \u00e0 grande \u00e9chelle.","og_url":"https:\/\/socialclubmallorca.com\/fr\/location-privee\/","og_site_name":"Social Club Mallorca","article_modified_time":"2026-04-07T08:37:52+00:00","og_image":[{"width":427,"height":640,"url":"https:\/\/socialclubmallorca.com\/wp-content\/uploads\/2025\/06\/dj.jpg","type":"image\/jpeg"}],"twitter_card":"summary_large_image","twitter_misc":{"Dur\u00e9e de lecture estim\u00e9e":"1 minute"},"schema":{"@context":"https:\/\/schema.org","@graph":[{"@type":"WebPage","@id":"https:\/\/socialclubmallorca.com\/fr\/location-privee\/","url":"https:\/\/socialclubmallorca.com\/fr\/location-privee\/","name":"Location priv\u00e9e | Social Club Mallorca","isPartOf":{"@id":"https:\/\/socialclubmallorca.com\/fr\/#website"},"primaryImageOfPage":{"@id":"https:\/\/socialclubmallorca.com\/fr\/location-privee\/#primaryimage"},"image":{"@id":"https:\/\/socialclubmallorca.com\/fr\/location-privee\/#primaryimage"},"thumbnailUrl":"https:\/\/socialclubmallorca.com\/wp-content\/uploads\/2025\/06\/dj.jpg","datePublished":"2026-03-24T14:39:59+00:00","dateModified":"2026-04-07T08:37:52+00:00","description":"Social Club offre un cadre raffin\u00e9 aux marques, partenaires et clients priv\u00e9s qui souhaitent cr\u00e9er des exp\u00e9riences \u00e0 grande \u00e9chelle.","breadcrumb":{"@id":"https:\/\/socialclubmallorca.com\/fr\/location-privee\/#breadcrumb"},"inLanguage":"fr-FR","potentialAction":[{"@type":"ReadAction","target":["https:\/\/socialclubmallorca.com\/fr\/location-privee\/"]}]},{"@type":"ImageObject","inLanguage":"fr-FR","@id":"https:\/\/socialclubmallorca.com\/fr\/location-privee\/#primaryimage","url":"https:\/\/socialclubmallorca.com\/wp-content\/uploads\/2025\/06\/dj.jpg","contentUrl":"https:\/\/socialclubmallorca.com\/wp-content\/uploads\/2025\/06\/dj.jpg","width":427,"height":640,"caption":"Social Club mallorca"},{"@type":"BreadcrumbList","@id":"https:\/\/socialclubmallorca.com\/fr\/location-privee\/#breadcrumb","itemListElement":[{"@type":"ListItem","position":1,"name":"Home","item":"https:\/\/socialclubmallorca.com\/fr\/social-club\/"},{"@type":"ListItem","position":2,"name":"Location priv\u00e9e"}]},{"@type":"WebSite","@id":"https:\/\/socialclubmallorca.com\/fr\/#website","url":"https:\/\/socialclubmallorca.com\/fr\/","name":"Social Club Mallorca","description":"","publisher":{"@id":"https:\/\/socialclubmallorca.com\/fr\/#organization"},"potentialAction":[{"@type":"SearchAction","target":{"@type":"EntryPoint","urlTemplate":"https:\/\/socialclubmallorca.com\/fr\/?s={search_term_string}"},"query-input":{"@type":"PropertyValueSpecification","valueRequired":true,"valueName":"search_term_string"}}],"inLanguage":"fr-FR"},{"@type":"Organization","@id":"https:\/\/socialclubmallorca.com\/fr\/#organization","name":"Social Club","url":"https:\/\/socialclubmallorca.com\/fr\/","logo":{"@type":"ImageObject","inLanguage":"fr-FR","@id":"https:\/\/socialclubmallorca.com\/fr\/#\/schema\/logo\/image\/","url":"https:\/\/socialclubmallorca.com\/wp-content\/uploads\/2026\/03\/symbol_.png","contentUrl":"https:\/\/socialclubmallorca.com\/wp-content\/uploads\/2026\/03\/symbol_.png","width":918,"height":836,"caption":"Social Club"},"image":{"@id":"https:\/\/socialclubmallorca.com\/fr\/#\/schema\/logo\/image\/"}}]}},"_links":{"self":[{"href":"https:\/\/socialclubmallorca.com\/fr\/wp-json\/wp\/v2\/pages\/1963","targetHints":{"allow":["GET"]}}],"collection":[{"href":"https:\/\/socialclubmallorca.com\/fr\/wp-json\/wp\/v2\/pages"}],"about":[{"href":"https:\/\/socialclubmallorca.com\/fr\/wp-json\/wp\/v2\/types\/page"}],"author":[{"embeddable":true,"href":"https:\/\/socialclubmallorca.com\/fr\/wp-json\/wp\/v2\/users\/1"}],"replies":[{"embeddable":true,"href":"https:\/\/socialclubmallorca.com\/fr\/wp-json\/wp\/v2\/comments?post=1963"}],"version-history":[{"count":9,"href":"https:\/\/socialclubmallorca.com\/fr\/wp-json\/wp\/v2\/pages\/1963\/revisions"}],"predecessor-version":[{"id":2383,"href":"https:\/\/socialclubmallorca.com\/fr\/wp-json\/wp\/v2\/pages\/1963\/revisions\/2383"}],"wp:featuredmedia":[{"embeddable":true,"href":"https:\/\/socialclubmallorca.com\/fr\/wp-json\/wp\/v2\/media\/1130"}],"wp:attachment":[{"href":"https:\/\/socialclubmallorca.com\/fr\/wp-json\/wp\/v2\/media?parent=1963"}],"curies":[{"name":"wp","href":"https:\/\/api.w.org\/{rel}","templated":true}]}}