{"id":1971,"date":"2026-03-24T14:52:26","date_gmt":"2026-03-24T14:52:26","guid":{"rendered":"https:\/\/socialclubmallorca.com\/vip\/"},"modified":"2026-03-27T14:49:51","modified_gmt":"2026-03-27T14:49:51","slug":"vip","status":"publish","type":"page","link":"https:\/\/socialclubmallorca.com\/fr\/vip\/","title":{"rendered":"VIP"},"content":{"rendered":"\t\t<div data-elementor-type=\"wp-page\" data-elementor-id=\"1971\" class=\"elementor elementor-1971 elementor-1945\" data-elementor-post-type=\"page\">\n\t\t\t\t<div class=\"elementor-element elementor-element-d70152d e-flex e-con-boxed e-con e-parent\" data-id=\"d70152d\" data-element_type=\"container\" data-e-type=\"container\" data-settings=\"{&quot;background_background&quot;:&quot;classic&quot;,&quot;jet_parallax_layout_list&quot;:[]}\">\n\t\t\t\t\t<div class=\"e-con-inner\">\n\t\t\t\t<div class=\"elementor-element elementor-element-588fced elementor-invisible elementor-widget elementor-widget-heading\" data-id=\"588fced\" data-element_type=\"widget\" data-e-type=\"widget\" data-settings=\"{&quot;_animation&quot;:&quot;fadeIn&quot;}\" data-widget_type=\"heading.default\">\n\t\t\t\t<div class=\"elementor-widget-container\">\n\t\t\t\t\t<h1 class=\"elementor-heading-title elementor-size-default\">VIP<\/h1>\t\t\t\t<\/div>\n\t\t\t\t<\/div>\n\t\t\t\t<div class=\"elementor-element elementor-element-0be4c2c elementor-widget-divider--view-line elementor-invisible elementor-widget elementor-widget-divider\" data-id=\"0be4c2c\" data-element_type=\"widget\" data-e-type=\"widget\" data-settings=\"{&quot;_animation&quot;:&quot;fadeInDown&quot;}\" data-widget_type=\"divider.default\">\n\t\t\t\t<div class=\"elementor-widget-container\">\n\t\t\t\t\t\t\t<div class=\"elementor-divider\">\n\t\t\t<span class=\"elementor-divider-separator\">\n\t\t\t\t\t\t<\/span>\n\t\t<\/div>\n\t\t\t\t\t\t<\/div>\n\t\t\t\t<\/div>\n\t\t\t\t\t<\/div>\n\t\t\t\t<\/div>\n\t\t<div class=\"elementor-element elementor-element-84b4146 e-flex e-con-boxed e-con e-parent\" data-id=\"84b4146\" data-element_type=\"container\" data-e-type=\"container\" data-settings=\"{&quot;jet_parallax_layout_list&quot;:[]}\">\n\t\t\t\t\t<div class=\"e-con-inner\">\n\t\t<div class=\"elementor-element elementor-element-14e9eb4 e-con-full e-flex e-con e-child\" data-id=\"14e9eb4\" data-element_type=\"container\" data-e-type=\"container\" data-settings=\"{&quot;jet_parallax_layout_list&quot;:[],&quot;animation&quot;:&quot;none&quot;}\">\n\t\t\t\t<div class=\"elementor-element elementor-element-119d223 elementor-invisible elementor-widget elementor-widget-text-editor\" data-id=\"119d223\" data-element_type=\"widget\" data-e-type=\"widget\" data-settings=\"{&quot;_animation&quot;:&quot;fadeIn&quot;}\" data-widget_type=\"text-editor.default\">\n\t\t\t\t<div class=\"elementor-widget-container\">\n\t\t\t\t\t\t\t\t\t<div>L&rsquo;exp\u00e9rience VIP au Social Club est con\u00e7ue autour de la proximit\u00e9, du positionnement et du contr\u00f4le \u2014 offrant de multiples fa\u00e7ons de vivre la salle \u00e0 un niveau sup\u00e9rieur. <\/div><div> <\/div><div>Au centre de l&rsquo;espace, les tables DJ placent les invit\u00e9s \u00e0 l&rsquo;int\u00e9rieur de la cabine, totalement immerg\u00e9s dans l&rsquo;\u00e9nergie de l&rsquo;artiste. Positionn\u00e9es comme les tables les plus centrales du lieu, elles offrent une relation directe avec la musique et le moment. <\/div><div> <\/div><div>Autour de cela, le Dancefloor VIP et le Salon VIP offrent un \u00e9quilibre entre intensit\u00e9 et confort \u2014 permettant aux invit\u00e9s de rester dans l&rsquo;ambiance tout en profitant de plus d&rsquo;espace, de service et de visibilit\u00e9 sur la salle.<\/div>\t\t\t\t\t\t\t\t<\/div>\n\t\t\t\t<\/div>\n\t\t\t\t<\/div>\n\t\t<div class=\"elementor-element elementor-element-c827966 e-con-full e-flex elementor-invisible e-con e-child\" data-id=\"c827966\" data-element_type=\"container\" data-e-type=\"container\" data-settings=\"{&quot;background_background&quot;:&quot;video&quot;,&quot;jet_parallax_layout_list&quot;:[],&quot;animation&quot;:&quot;fadeInRight&quot;,&quot;background_video_link&quot;:&quot;https:\\\/\\\/socialclubmallorca.com\\\/wp-content\\\/uploads\\\/2026\\\/03\\\/WhatsApp-Video-2026-03-24-at-20.40.00.mp4&quot;,&quot;background_play_on_mobile&quot;:&quot;yes&quot;}\">\n\t\t<div class=\"elementor-background-video-container\">\n\t\t\t\t\t\t\t<video class=\"elementor-background-video-hosted\" role=\"presentation\" autoplay muted playsinline loop><\/video>\n\t\t\t\t\t<\/div>\t\t<\/div>\n\t\t\t\t\t<\/div>\n\t\t\t\t<\/div>\n\t\t<div class=\"elementor-element elementor-element-33437b5 e-flex e-con-boxed e-con e-parent\" data-id=\"33437b5\" data-element_type=\"container\" data-e-type=\"container\" data-settings=\"{&quot;jet_parallax_layout_list&quot;:[]}\">\n\t\t\t\t\t<div class=\"e-con-inner\">\n\t\t\t\t<div class=\"elementor-element elementor-element-378a4ec elementor-invisible elementor-widget elementor-widget-heading\" data-id=\"378a4ec\" data-element_type=\"widget\" data-e-type=\"widget\" data-settings=\"{&quot;_animation&quot;:&quot;fadeIn&quot;}\" data-widget_type=\"heading.default\">\n\t\t\t\t<div class=\"elementor-widget-container\">\n\t\t\t\t\t<h2 class=\"elementor-heading-title elementor-size-default\">\u00ab Un <span class=\"highlight-word\">super club<\/span>, c\u2019est cr\u00e9er un <span class=\"highlight-word\">univers<\/span> que les gens n\u2019ont pas envie de quitter. \u00bb<\/h2>\t\t\t\t<\/div>\n\t\t\t\t<\/div>\n\t\t\t\t<div class=\"elementor-element elementor-element-71f9f5f elementor-invisible elementor-widget elementor-widget-heading\" data-id=\"71f9f5f\" data-element_type=\"widget\" data-e-type=\"widget\" data-settings=\"{&quot;_animation&quot;:&quot;fadeIn&quot;,&quot;_animation_delay&quot;:400}\" data-widget_type=\"heading.default\">\n\t\t\t\t<div class=\"elementor-widget-container\">\n\t\t\t\t\t<div class=\"elementor-heading-title elementor-size-default\">Solomun<\/div>\t\t\t\t<\/div>\n\t\t\t\t<\/div>\n\t\t\t\t\t<\/div>\n\t\t\t\t<\/div>\n\t\t<div class=\"elementor-element elementor-element-bb823a3 e-flex e-con-boxed e-con e-parent\" data-id=\"bb823a3\" data-element_type=\"container\" data-e-type=\"container\" data-settings=\"{&quot;jet_parallax_layout_list&quot;:[]}\">\n\t\t\t\t\t<div class=\"e-con-inner\">\n\t\t<div class=\"elementor-element elementor-element-75aae71 e-con-full e-flex e-con e-child\" data-id=\"75aae71\" data-element_type=\"container\" data-e-type=\"container\" data-settings=\"{&quot;jet_parallax_layout_list&quot;:[],&quot;animation&quot;:&quot;none&quot;}\">\n\t\t\t\t<div class=\"elementor-element elementor-element-1adae14 elementor-invisible elementor-widget elementor-widget-text-editor\" data-id=\"1adae14\" data-element_type=\"widget\" data-e-type=\"widget\" data-settings=\"{&quot;_animation&quot;:&quot;fadeIn&quot;}\" data-widget_type=\"text-editor.default\">\n\t\t\t\t<div class=\"elementor-widget-container\">\n\t\t\t\t\t\t\t\t\t<div><div>Pour une exp\u00e9rience plus exclusive et priv\u00e9e, la Suite du Social offre un cadre priv\u00e9 et sur\u00e9lev\u00e9 pouvant accueillir jusqu&rsquo;\u00e0 15 invit\u00e9s. Positionn\u00e9e au-dessus de la zone VIP avec son propre point de vue sur le club, elle offre une intimit\u00e9 sans d\u00e9connexion \u2014 un environnement autonome au sein de l&rsquo;\u00e9nergie plus large du lieu. <\/div><div> <\/div><div>Dans toutes les zones, le service est fluide et attentif, avec des h\u00f4tes d\u00e9di\u00e9s, des s\u00e9lections de bouteilles premium et des snacks pr\u00e9par\u00e9s disponibles toute la nuit.<\/div><div> <\/div><div>Les invit\u00e9s VIP b\u00e9n\u00e9ficient d&rsquo;une entr\u00e9e s\u00e9par\u00e9e, d&rsquo;une zone d&rsquo;accueil, d&rsquo;un bar d\u00e9di\u00e9 et de toilettes VIP. Un service de navette VIP est disponible sur demande, sous r\u00e9serve de disponibilit\u00e9.  <\/div><\/div>\t\t\t\t\t\t\t\t<\/div>\n\t\t\t\t<\/div>\n\t\t\t\t<\/div>\n\t\t<div class=\"elementor-element elementor-element-d15a723 e-con-full e-flex elementor-invisible e-con e-child\" data-id=\"d15a723\" data-element_type=\"container\" data-e-type=\"container\" data-settings=\"{&quot;background_background&quot;:&quot;classic&quot;,&quot;jet_parallax_layout_list&quot;:[],&quot;animation&quot;:&quot;fadeInLeft&quot;}\">\n\t\t\t\t<\/div>\n\t\t\t\t\t<\/div>\n\t\t\t\t<\/div>\n\t\t<div class=\"elementor-element elementor-element-3bb7a1a e-flex e-con-boxed e-con e-parent\" data-id=\"3bb7a1a\" data-element_type=\"container\" data-e-type=\"container\" data-settings=\"{&quot;jet_parallax_layout_list&quot;:[]}\">\n\t\t\t\t\t<div class=\"e-con-inner\">\n\t\t\t\t<div class=\"elementor-element elementor-element-d1fe86a elementor-invisible elementor-widget elementor-widget-text-editor\" data-id=\"d1fe86a\" data-element_type=\"widget\" data-e-type=\"widget\" data-settings=\"{&quot;_animation&quot;:&quot;fadeIn&quot;}\" data-widget_type=\"text-editor.default\">\n\t\t\t\t<div class=\"elementor-widget-container\">\n\t\t\t\t\t\t\t\t\t<div>Con\u00e7u pour ceux qui veulent vivre la nuit \u00e0 leur mani\u00e8re \u2014 sans s&rsquo;en \u00e9loigner.<\/div>\t\t\t\t\t\t\t\t<\/div>\n\t\t\t\t<\/div>\n\t\t\t\t<div class=\"elementor-element elementor-element-afb6b9c elementor-widget elementor-widget-heading\" data-id=\"afb6b9c\" data-element_type=\"widget\" data-e-type=\"widget\" data-widget_type=\"heading.default\">\n\t\t\t\t<div class=\"elementor-widget-container\">\n\t\t\t\t\t<h3 class=\"elementor-heading-title elementor-size-default\">Contact<\/h3>\t\t\t\t<\/div>\n\t\t\t\t<\/div>\n\t\t\t\t<div class=\"elementor-element elementor-element-f760934 elementor-invisible elementor-widget elementor-widget-text-editor\" data-id=\"f760934\" data-element_type=\"widget\" data-e-type=\"widget\" data-settings=\"{&quot;_animation&quot;:&quot;fadeIn&quot;}\" data-widget_type=\"text-editor.default\">\n\t\t\t\t<div class=\"elementor-widget-container\">\n\t\t\t\t\t\t\t\t\t<p class=\"p1\"><a href=\"mailto:events@socialclubmallorca.com\">events@socialclubmallorca.com<\/a><\/p>\t\t\t\t\t\t\t\t<\/div>\n\t\t\t\t<\/div>\n\t\t\t\t\t<\/div>\n\t\t\t\t<\/div>\n\t\t\t\t<\/div>\n\t\t","protected":false},"excerpt":{"rendered":"<p>VIP L&rsquo;exp\u00e9rience VIP au Social Club est con\u00e7ue autour de la proximit\u00e9, du positionnement et du contr\u00f4le \u2014 offrant de multiples fa\u00e7ons de vivre la salle \u00e0 un niveau sup\u00e9rieur. Au centre de l&rsquo;espace, les tables DJ placent les invit\u00e9s \u00e0 l&rsquo;int\u00e9rieur de la cabine, totalement immerg\u00e9s dans l&rsquo;\u00e9nergie de l&rsquo;artiste. Positionn\u00e9es comme les tables [&hellip;]<\/p>\n","protected":false},"author":1,"featured_media":1146,"parent":0,"menu_order":0,"comment_status":"closed","ping_status":"closed","template":"","meta":{"footnotes":""},"class_list":["post-1971","page","type-page","status-publish","has-post-thumbnail","hentry"],"blocksy_meta":[],"yoast_head":"<!-- This site is optimized with the Yoast SEO plugin v26.9 - https:\/\/yoast.com\/product\/yoast-seo-wordpress\/ -->\n<title>VIP | Social Club Mallorca<\/title>\n<meta name=\"description\" content=\"L&#039;exp\u00e9rience VIP au Social Club est con\u00e7ue autour de la proximit\u00e9, du positionnement et du contr\u00f4le \u2014 offrant de multiples fa\u00e7ons de vivre la salle \u00e0 un niveau sup\u00e9rieur.\" \/>\n<meta name=\"robots\" content=\"index, follow, max-snippet:-1, max-image-preview:large, max-video-preview:-1\" \/>\n<link rel=\"canonical\" href=\"https:\/\/socialclubmallorca.com\/fr\/vip\/\" \/>\n<meta property=\"og:locale\" content=\"fr_FR\" \/>\n<meta property=\"og:type\" content=\"article\" \/>\n<meta property=\"og:title\" content=\"VIP | Social Club Mallorca\" \/>\n<meta property=\"og:description\" content=\"L&#039;exp\u00e9rience VIP au Social Club est con\u00e7ue autour de la proximit\u00e9, du positionnement et du contr\u00f4le \u2014 offrant de multiples fa\u00e7ons de vivre la salle \u00e0 un niveau sup\u00e9rieur.\" \/>\n<meta property=\"og:url\" content=\"https:\/\/socialclubmallorca.com\/fr\/vip\/\" \/>\n<meta property=\"og:site_name\" content=\"Social Club Mallorca\" \/>\n<meta property=\"article:modified_time\" content=\"2026-03-27T14:49:51+00:00\" \/>\n<meta property=\"og:image\" content=\"https:\/\/socialclubmallorca.com\/wp-content\/uploads\/2026\/01\/P1076424.jpg\" \/>\n\t<meta property=\"og:image:width\" content=\"1537\" \/>\n\t<meta property=\"og:image:height\" content=\"2048\" \/>\n\t<meta property=\"og:image:type\" content=\"image\/jpeg\" \/>\n<meta name=\"twitter:card\" content=\"summary_large_image\" \/>\n<meta name=\"twitter:label1\" content=\"Dur\u00e9e de lecture estim\u00e9e\" \/>\n\t<meta name=\"twitter:data1\" content=\"1 minute\" \/>\n<script type=\"application\/ld+json\" class=\"yoast-schema-graph\">{\"@context\":\"https:\/\/schema.org\",\"@graph\":[{\"@type\":\"WebPage\",\"@id\":\"https:\/\/socialclubmallorca.com\/fr\/vip\/\",\"url\":\"https:\/\/socialclubmallorca.com\/fr\/vip\/\",\"name\":\"VIP | Social Club Mallorca\",\"isPartOf\":{\"@id\":\"https:\/\/socialclubmallorca.com\/fr\/#website\"},\"primaryImageOfPage\":{\"@id\":\"https:\/\/socialclubmallorca.com\/fr\/vip\/#primaryimage\"},\"image\":{\"@id\":\"https:\/\/socialclubmallorca.com\/fr\/vip\/#primaryimage\"},\"thumbnailUrl\":\"https:\/\/socialclubmallorca.com\/wp-content\/uploads\/2026\/01\/P1076424.jpg\",\"datePublished\":\"2026-03-24T14:52:26+00:00\",\"dateModified\":\"2026-03-27T14:49:51+00:00\",\"description\":\"L'exp\u00e9rience VIP au Social Club est con\u00e7ue autour de la proximit\u00e9, du positionnement et du contr\u00f4le \u2014 offrant de multiples fa\u00e7ons de vivre la salle \u00e0 un niveau sup\u00e9rieur.\",\"breadcrumb\":{\"@id\":\"https:\/\/socialclubmallorca.com\/fr\/vip\/#breadcrumb\"},\"inLanguage\":\"fr-FR\",\"potentialAction\":[{\"@type\":\"ReadAction\",\"target\":[\"https:\/\/socialclubmallorca.com\/fr\/vip\/\"]}]},{\"@type\":\"ImageObject\",\"inLanguage\":\"fr-FR\",\"@id\":\"https:\/\/socialclubmallorca.com\/fr\/vip\/#primaryimage\",\"url\":\"https:\/\/socialclubmallorca.com\/wp-content\/uploads\/2026\/01\/P1076424.jpg\",\"contentUrl\":\"https:\/\/socialclubmallorca.com\/wp-content\/uploads\/2026\/01\/P1076424.jpg\",\"width\":1537,\"height\":2048},{\"@type\":\"BreadcrumbList\",\"@id\":\"https:\/\/socialclubmallorca.com\/fr\/vip\/#breadcrumb\",\"itemListElement\":[{\"@type\":\"ListItem\",\"position\":1,\"name\":\"Home\",\"item\":\"https:\/\/socialclubmallorca.com\/fr\/social-club\/\"},{\"@type\":\"ListItem\",\"position\":2,\"name\":\"VIP\"}]},{\"@type\":\"WebSite\",\"@id\":\"https:\/\/socialclubmallorca.com\/fr\/#website\",\"url\":\"https:\/\/socialclubmallorca.com\/fr\/\",\"name\":\"Social Club Mallorca\",\"description\":\"\",\"publisher\":{\"@id\":\"https:\/\/socialclubmallorca.com\/fr\/#organization\"},\"potentialAction\":[{\"@type\":\"SearchAction\",\"target\":{\"@type\":\"EntryPoint\",\"urlTemplate\":\"https:\/\/socialclubmallorca.com\/fr\/?s={search_term_string}\"},\"query-input\":{\"@type\":\"PropertyValueSpecification\",\"valueRequired\":true,\"valueName\":\"search_term_string\"}}],\"inLanguage\":\"fr-FR\"},{\"@type\":\"Organization\",\"@id\":\"https:\/\/socialclubmallorca.com\/fr\/#organization\",\"name\":\"Social Club\",\"url\":\"https:\/\/socialclubmallorca.com\/fr\/\",\"logo\":{\"@type\":\"ImageObject\",\"inLanguage\":\"fr-FR\",\"@id\":\"https:\/\/socialclubmallorca.com\/fr\/#\/schema\/logo\/image\/\",\"url\":\"https:\/\/socialclubmallorca.com\/wp-content\/uploads\/2026\/03\/symbol_.png\",\"contentUrl\":\"https:\/\/socialclubmallorca.com\/wp-content\/uploads\/2026\/03\/symbol_.png\",\"width\":918,\"height\":836,\"caption\":\"Social Club\"},\"image\":{\"@id\":\"https:\/\/socialclubmallorca.com\/fr\/#\/schema\/logo\/image\/\"}}]}<\/script>\n<!-- \/ Yoast SEO plugin. -->","yoast_head_json":{"title":"VIP | Social Club Mallorca","description":"L'exp\u00e9rience VIP au Social Club est con\u00e7ue autour de la proximit\u00e9, du positionnement et du contr\u00f4le \u2014 offrant de multiples fa\u00e7ons de vivre la salle \u00e0 un niveau sup\u00e9rieur.","robots":{"index":"index","follow":"follow","max-snippet":"max-snippet:-1","max-image-preview":"max-image-preview:large","max-video-preview":"max-video-preview:-1"},"canonical":"https:\/\/socialclubmallorca.com\/fr\/vip\/","og_locale":"fr_FR","og_type":"article","og_title":"VIP | Social Club Mallorca","og_description":"L'exp\u00e9rience VIP au Social Club est con\u00e7ue autour de la proximit\u00e9, du positionnement et du contr\u00f4le \u2014 offrant de multiples fa\u00e7ons de vivre la salle \u00e0 un niveau sup\u00e9rieur.","og_url":"https:\/\/socialclubmallorca.com\/fr\/vip\/","og_site_name":"Social Club Mallorca","article_modified_time":"2026-03-27T14:49:51+00:00","og_image":[{"width":1537,"height":2048,"url":"https:\/\/socialclubmallorca.com\/wp-content\/uploads\/2026\/01\/P1076424.jpg","type":"image\/jpeg"}],"twitter_card":"summary_large_image","twitter_misc":{"Dur\u00e9e de lecture estim\u00e9e":"1 minute"},"schema":{"@context":"https:\/\/schema.org","@graph":[{"@type":"WebPage","@id":"https:\/\/socialclubmallorca.com\/fr\/vip\/","url":"https:\/\/socialclubmallorca.com\/fr\/vip\/","name":"VIP | Social Club Mallorca","isPartOf":{"@id":"https:\/\/socialclubmallorca.com\/fr\/#website"},"primaryImageOfPage":{"@id":"https:\/\/socialclubmallorca.com\/fr\/vip\/#primaryimage"},"image":{"@id":"https:\/\/socialclubmallorca.com\/fr\/vip\/#primaryimage"},"thumbnailUrl":"https:\/\/socialclubmallorca.com\/wp-content\/uploads\/2026\/01\/P1076424.jpg","datePublished":"2026-03-24T14:52:26+00:00","dateModified":"2026-03-27T14:49:51+00:00","description":"L'exp\u00e9rience VIP au Social Club est con\u00e7ue autour de la proximit\u00e9, du positionnement et du contr\u00f4le \u2014 offrant de multiples fa\u00e7ons de vivre la salle \u00e0 un niveau sup\u00e9rieur.","breadcrumb":{"@id":"https:\/\/socialclubmallorca.com\/fr\/vip\/#breadcrumb"},"inLanguage":"fr-FR","potentialAction":[{"@type":"ReadAction","target":["https:\/\/socialclubmallorca.com\/fr\/vip\/"]}]},{"@type":"ImageObject","inLanguage":"fr-FR","@id":"https:\/\/socialclubmallorca.com\/fr\/vip\/#primaryimage","url":"https:\/\/socialclubmallorca.com\/wp-content\/uploads\/2026\/01\/P1076424.jpg","contentUrl":"https:\/\/socialclubmallorca.com\/wp-content\/uploads\/2026\/01\/P1076424.jpg","width":1537,"height":2048},{"@type":"BreadcrumbList","@id":"https:\/\/socialclubmallorca.com\/fr\/vip\/#breadcrumb","itemListElement":[{"@type":"ListItem","position":1,"name":"Home","item":"https:\/\/socialclubmallorca.com\/fr\/social-club\/"},{"@type":"ListItem","position":2,"name":"VIP"}]},{"@type":"WebSite","@id":"https:\/\/socialclubmallorca.com\/fr\/#website","url":"https:\/\/socialclubmallorca.com\/fr\/","name":"Social Club Mallorca","description":"","publisher":{"@id":"https:\/\/socialclubmallorca.com\/fr\/#organization"},"potentialAction":[{"@type":"SearchAction","target":{"@type":"EntryPoint","urlTemplate":"https:\/\/socialclubmallorca.com\/fr\/?s={search_term_string}"},"query-input":{"@type":"PropertyValueSpecification","valueRequired":true,"valueName":"search_term_string"}}],"inLanguage":"fr-FR"},{"@type":"Organization","@id":"https:\/\/socialclubmallorca.com\/fr\/#organization","name":"Social Club","url":"https:\/\/socialclubmallorca.com\/fr\/","logo":{"@type":"ImageObject","inLanguage":"fr-FR","@id":"https:\/\/socialclubmallorca.com\/fr\/#\/schema\/logo\/image\/","url":"https:\/\/socialclubmallorca.com\/wp-content\/uploads\/2026\/03\/symbol_.png","contentUrl":"https:\/\/socialclubmallorca.com\/wp-content\/uploads\/2026\/03\/symbol_.png","width":918,"height":836,"caption":"Social Club"},"image":{"@id":"https:\/\/socialclubmallorca.com\/fr\/#\/schema\/logo\/image\/"}}]}},"_links":{"self":[{"href":"https:\/\/socialclubmallorca.com\/fr\/wp-json\/wp\/v2\/pages\/1971","targetHints":{"allow":["GET"]}}],"collection":[{"href":"https:\/\/socialclubmallorca.com\/fr\/wp-json\/wp\/v2\/pages"}],"about":[{"href":"https:\/\/socialclubmallorca.com\/fr\/wp-json\/wp\/v2\/types\/page"}],"author":[{"embeddable":true,"href":"https:\/\/socialclubmallorca.com\/fr\/wp-json\/wp\/v2\/users\/1"}],"replies":[{"embeddable":true,"href":"https:\/\/socialclubmallorca.com\/fr\/wp-json\/wp\/v2\/comments?post=1971"}],"version-history":[{"count":5,"href":"https:\/\/socialclubmallorca.com\/fr\/wp-json\/wp\/v2\/pages\/1971\/revisions"}],"predecessor-version":[{"id":2367,"href":"https:\/\/socialclubmallorca.com\/fr\/wp-json\/wp\/v2\/pages\/1971\/revisions\/2367"}],"wp:featuredmedia":[{"embeddable":true,"href":"https:\/\/socialclubmallorca.com\/fr\/wp-json\/wp\/v2\/media\/1146"}],"wp:attachment":[{"href":"https:\/\/socialclubmallorca.com\/fr\/wp-json\/wp\/v2\/media?parent=1971"}],"curies":[{"name":"wp","href":"https:\/\/api.w.org\/{rel}","templated":true}]}}