{"id":2021,"date":"2026-03-24T14:42:07","date_gmt":"2026-03-24T14:42:07","guid":{"rendered":"https:\/\/socialclubmallorca.com\/groupes-et-celebrations\/"},"modified":"2026-03-27T14:37:19","modified_gmt":"2026-03-27T14:37:19","slug":"groupes-et-celebrations","status":"publish","type":"page","link":"https:\/\/socialclubmallorca.com\/fr\/groupes-et-celebrations\/","title":{"rendered":"Groupes et c\u00e9l\u00e9brations"},"content":{"rendered":"\t\t<div data-elementor-type=\"wp-page\" data-elementor-id=\"2021\" class=\"elementor elementor-2021 elementor-1936\" data-elementor-post-type=\"page\">\n\t\t\t\t<div class=\"elementor-element elementor-element-af9023c e-flex e-con-boxed e-con e-parent\" data-id=\"af9023c\" data-element_type=\"container\" data-e-type=\"container\" data-settings=\"{&quot;background_background&quot;:&quot;classic&quot;,&quot;jet_parallax_layout_list&quot;:[]}\">\n\t\t\t\t\t<div class=\"e-con-inner\">\n\t\t\t\t<div class=\"elementor-element elementor-element-dc36961 elementor-invisible elementor-widget elementor-widget-heading\" data-id=\"dc36961\" data-element_type=\"widget\" data-e-type=\"widget\" data-settings=\"{&quot;_animation&quot;:&quot;fadeIn&quot;}\" data-widget_type=\"heading.default\">\n\t\t\t\t<div class=\"elementor-widget-container\">\n\t\t\t\t\t<h1 class=\"elementor-heading-title elementor-size-default\">Groupes et c\u00e9l\u00e9brations<\/h1>\t\t\t\t<\/div>\n\t\t\t\t<\/div>\n\t\t\t\t<div class=\"elementor-element elementor-element-6247af3 elementor-widget-divider--view-line elementor-invisible elementor-widget elementor-widget-divider\" data-id=\"6247af3\" data-element_type=\"widget\" data-e-type=\"widget\" data-settings=\"{&quot;_animation&quot;:&quot;fadeInDown&quot;}\" data-widget_type=\"divider.default\">\n\t\t\t\t<div class=\"elementor-widget-container\">\n\t\t\t\t\t\t\t<div class=\"elementor-divider\">\n\t\t\t<span class=\"elementor-divider-separator\">\n\t\t\t\t\t\t<\/span>\n\t\t<\/div>\n\t\t\t\t\t\t<\/div>\n\t\t\t\t<\/div>\n\t\t\t\t\t<\/div>\n\t\t\t\t<\/div>\n\t\t<div class=\"elementor-element elementor-element-cf498f1 e-flex e-con-boxed e-con e-parent\" data-id=\"cf498f1\" data-element_type=\"container\" data-e-type=\"container\" data-settings=\"{&quot;jet_parallax_layout_list&quot;:[]}\">\n\t\t\t\t\t<div class=\"e-con-inner\">\n\t\t<div class=\"elementor-element elementor-element-a53940a e-con-full e-flex e-con e-child\" data-id=\"a53940a\" data-element_type=\"container\" data-e-type=\"container\" data-settings=\"{&quot;jet_parallax_layout_list&quot;:[],&quot;animation&quot;:&quot;none&quot;}\">\n\t\t\t\t<div class=\"elementor-element elementor-element-603dd0d elementor-invisible elementor-widget elementor-widget-text-editor\" data-id=\"603dd0d\" data-element_type=\"widget\" data-e-type=\"widget\" data-settings=\"{&quot;_animation&quot;:&quot;fadeIn&quot;}\" data-widget_type=\"text-editor.default\">\n\t\t\t\t<div class=\"elementor-widget-container\">\n\t\t\t\t\t\t\t\t\t<div>Le Social Club propose des exp\u00e9riences sur mesure pour les groupes de toutes tailles \u2014 des c\u00e9l\u00e9brations intimes aux soir\u00e9es plus larges et enti\u00e8rement personnalis\u00e9es.<\/div><div>Que tu r\u00e9serves une table dans la salle principale ou que tu combines plusieurs espaces pour cr\u00e9er un cadre plus priv\u00e9, chaque exp\u00e9rience de groupe est con\u00e7ue en mettant l\u2019accent sur la fluidit\u00e9, le service et l\u2019ambiance.<\/div><div> <\/div><div>Les anniversaires, les c\u00e9l\u00e9brations et les occasions sp\u00e9ciales s\u2019int\u00e8grent parfaitement \u00e0 l\u2019\u00e9nergie du club \u2014 permettant aux invit\u00e9s de profiter d\u2019une exp\u00e9rience personnalis\u00e9e sans perdre la connexion avec le reste de la salle.<\/div>\t\t\t\t\t\t\t\t<\/div>\n\t\t\t\t<\/div>\n\t\t\t\t<\/div>\n\t\t<div class=\"elementor-element elementor-element-b24b910 e-con-full e-flex elementor-invisible e-con e-child\" data-id=\"b24b910\" data-element_type=\"container\" data-e-type=\"container\" data-settings=\"{&quot;background_background&quot;:&quot;classic&quot;,&quot;jet_parallax_layout_list&quot;:[],&quot;animation&quot;:&quot;fadeInRight&quot;}\">\n\t\t\t\t<\/div>\n\t\t\t\t\t<\/div>\n\t\t\t\t<\/div>\n\t\t<div class=\"elementor-element elementor-element-fa6e523 e-flex e-con-boxed e-con e-parent\" data-id=\"fa6e523\" data-element_type=\"container\" data-e-type=\"container\" data-settings=\"{&quot;jet_parallax_layout_list&quot;:[]}\">\n\t\t\t\t\t<div class=\"e-con-inner\">\n\t\t\t\t<div class=\"elementor-element elementor-element-8d1941b elementor-invisible elementor-widget elementor-widget-heading\" data-id=\"8d1941b\" data-element_type=\"widget\" data-e-type=\"widget\" data-settings=\"{&quot;_animation&quot;:&quot;fadeIn&quot;}\" data-widget_type=\"heading.default\">\n\t\t\t\t<div class=\"elementor-widget-container\">\n\t\t\t\t\t<h2 class=\"elementor-heading-title elementor-size-default\">\u00ab Les gens <span class=\"highlight-word\">oublieront<\/span> ce que tu as dit, mais ils <span class=\"highlight-word\">n\u2019oublieront jamais<\/span> ce que tu leur as fait ressentir. \u00bb<\/h2>\t\t\t\t<\/div>\n\t\t\t\t<\/div>\n\t\t\t\t<div class=\"elementor-element elementor-element-5dc009a elementor-invisible elementor-widget elementor-widget-heading\" data-id=\"5dc009a\" data-element_type=\"widget\" data-e-type=\"widget\" data-settings=\"{&quot;_animation&quot;:&quot;fadeIn&quot;,&quot;_animation_delay&quot;:400}\" data-widget_type=\"heading.default\">\n\t\t\t\t<div class=\"elementor-widget-container\">\n\t\t\t\t\t<div class=\"elementor-heading-title elementor-size-default\">Maya Angelou<\/div>\t\t\t\t<\/div>\n\t\t\t\t<\/div>\n\t\t\t\t\t<\/div>\n\t\t\t\t<\/div>\n\t\t<div class=\"elementor-element elementor-element-d913cf8 e-flex e-con-boxed e-con e-parent\" data-id=\"d913cf8\" data-element_type=\"container\" data-e-type=\"container\" data-settings=\"{&quot;jet_parallax_layout_list&quot;:[]}\">\n\t\t\t\t\t<div class=\"e-con-inner\">\n\t\t<div class=\"elementor-element elementor-element-5802a45 e-con-full e-flex e-con e-child\" data-id=\"5802a45\" data-element_type=\"container\" data-e-type=\"container\" data-settings=\"{&quot;jet_parallax_layout_list&quot;:[],&quot;animation&quot;:&quot;none&quot;}\">\n\t\t\t\t<div class=\"elementor-element elementor-element-db37a6c elementor-invisible elementor-widget elementor-widget-text-editor\" data-id=\"db37a6c\" data-element_type=\"widget\" data-e-type=\"widget\" data-settings=\"{&quot;_animation&quot;:&quot;fadeIn&quot;}\" data-widget_type=\"text-editor.default\">\n\t\t\t\t<div class=\"elementor-widget-container\">\n\t\t\t\t\t\t\t\t\t<div>Pour une option plus exclusive, la Social Suite offre un espace priv\u00e9 et sur\u00e9lev\u00e9 pouvant accueillir de 15 \u00e0 20 personnes. Positionn\u00e9e au-dessus de la piste principale avec son propre point de vue sur le club, elle offre un environnement plus contr\u00f4l\u00e9 tout en restant pleinement connect\u00e9e \u00e0 l\u2019ambiance en bas. <\/div><div> <\/div><div>Les groupes plus importants peuvent \u00eatre accueillis sur plusieurs tables ou dans des zones d\u00e9di\u00e9es, cr\u00e9ant ainsi une exp\u00e9rience partag\u00e9e avec plus d\u2019intimit\u00e9 et de flexibilit\u00e9.<\/div><div> <\/div>\t\t\t\t\t\t\t\t<\/div>\n\t\t\t\t<\/div>\n\t\t\t\t<\/div>\n\t\t<div class=\"elementor-element elementor-element-86a0a41 e-con-full e-flex elementor-invisible e-con e-child\" data-id=\"86a0a41\" data-element_type=\"container\" data-e-type=\"container\" data-settings=\"{&quot;background_background&quot;:&quot;classic&quot;,&quot;jet_parallax_layout_list&quot;:[],&quot;animation&quot;:&quot;fadeInLeft&quot;}\">\n\t\t\t\t<\/div>\n\t\t\t\t\t<\/div>\n\t\t\t\t<\/div>\n\t\t<div class=\"elementor-element elementor-element-c7bb447 e-flex e-con-boxed e-con e-parent\" data-id=\"c7bb447\" data-element_type=\"container\" data-e-type=\"container\" data-settings=\"{&quot;jet_parallax_layout_list&quot;:[]}\">\n\t\t\t\t\t<div class=\"e-con-inner\">\n\t\t\t\t<div class=\"elementor-element elementor-element-6f5d568 elementor-invisible elementor-widget elementor-widget-text-editor\" data-id=\"6f5d568\" data-element_type=\"widget\" data-e-type=\"widget\" data-settings=\"{&quot;_animation&quot;:&quot;fadeIn&quot;}\" data-widget_type=\"text-editor.default\">\n\t\t\t\t<div class=\"elementor-widget-container\">\n\t\t\t\t\t\t\t\t\t<div>Notre \u00e9quipe travaille en \u00e9troite collaboration avec chaque r\u00e9servation pour garantir une exp\u00e9rience fluide, de ton arriv\u00e9e jusqu\u2019\u00e0 la fin de la nuit.<\/div><div>Une approche flexible permet \u00e0 chaque groupe de fa\u00e7onner sa propre exp\u00e9rience \u2014 tout en restant immerg\u00e9 dans l\u2019atmosph\u00e8re du Social Club.<\/div>\t\t\t\t\t\t\t\t<\/div>\n\t\t\t\t<\/div>\n\t\t\t\t<div class=\"elementor-element elementor-element-86b5384 elementor-widget elementor-widget-heading\" data-id=\"86b5384\" data-element_type=\"widget\" data-e-type=\"widget\" data-widget_type=\"heading.default\">\n\t\t\t\t<div class=\"elementor-widget-container\">\n\t\t\t\t\t<h3 class=\"elementor-heading-title elementor-size-default\">Contact<\/h3>\t\t\t\t<\/div>\n\t\t\t\t<\/div>\n\t\t\t\t<div class=\"elementor-element elementor-element-8cb092f elementor-invisible elementor-widget elementor-widget-text-editor\" data-id=\"8cb092f\" data-element_type=\"widget\" data-e-type=\"widget\" data-settings=\"{&quot;_animation&quot;:&quot;fadeIn&quot;}\" data-widget_type=\"text-editor.default\">\n\t\t\t\t<div class=\"elementor-widget-container\">\n\t\t\t\t\t\t\t\t\t<p class=\"p1\"><a href=\"mailto:events@socialclubmallorca.com\">events@socialclubmallorca.com<\/a><\/p>\t\t\t\t\t\t\t\t<\/div>\n\t\t\t\t<\/div>\n\t\t\t\t\t<\/div>\n\t\t\t\t<\/div>\n\t\t\t\t<\/div>\n\t\t","protected":false},"excerpt":{"rendered":"<p>Groupes et c\u00e9l\u00e9brations Le Social Club propose des exp\u00e9riences sur mesure pour les groupes de toutes tailles \u2014 des c\u00e9l\u00e9brations intimes aux soir\u00e9es plus larges et enti\u00e8rement personnalis\u00e9es.Que tu r\u00e9serves une table dans la salle principale ou que tu combines plusieurs espaces pour cr\u00e9er un cadre plus priv\u00e9, chaque exp\u00e9rience de groupe est con\u00e7ue en [&hellip;]<\/p>\n","protected":false},"author":1,"featured_media":1177,"parent":0,"menu_order":0,"comment_status":"closed","ping_status":"closed","template":"","meta":{"footnotes":""},"class_list":["post-2021","page","type-page","status-publish","has-post-thumbnail","hentry"],"blocksy_meta":[],"yoast_head":"<!-- This site is optimized with the Yoast SEO plugin v26.9 - https:\/\/yoast.com\/product\/yoast-seo-wordpress\/ -->\n<title>Groupes et c\u00e9l\u00e9brations | Social Club Mallorca<\/title>\n<meta name=\"description\" content=\"Que tu r\u00e9serves une table dans la salle principale ou que tu combines plusieurs espaces pour cr\u00e9er un cadre plus priv\u00e9, chaque exp\u00e9rience de groupe est con\u00e7ue en mettant l\u2019accent sur la fluidit\u00e9.\" \/>\n<meta name=\"robots\" content=\"index, follow, max-snippet:-1, max-image-preview:large, max-video-preview:-1\" \/>\n<link rel=\"canonical\" href=\"https:\/\/socialclubmallorca.com\/fr\/groupes-et-celebrations\/\" \/>\n<meta property=\"og:locale\" content=\"fr_FR\" \/>\n<meta property=\"og:type\" content=\"article\" \/>\n<meta property=\"og:title\" content=\"Groupes et c\u00e9l\u00e9brations | Social Club Mallorca\" \/>\n<meta property=\"og:description\" content=\"Que tu r\u00e9serves une table dans la salle principale ou que tu combines plusieurs espaces pour cr\u00e9er un cadre plus priv\u00e9, chaque exp\u00e9rience de groupe est con\u00e7ue en mettant l\u2019accent sur la fluidit\u00e9.\" \/>\n<meta property=\"og:url\" content=\"https:\/\/socialclubmallorca.com\/fr\/groupes-et-celebrations\/\" \/>\n<meta property=\"og:site_name\" content=\"Social Club Mallorca\" \/>\n<meta property=\"article:modified_time\" content=\"2026-03-27T14:37:19+00:00\" \/>\n<meta property=\"og:image\" content=\"https:\/\/socialclubmallorca.com\/wp-content\/uploads\/2026\/01\/bottles-1.jpg\" \/>\n\t<meta property=\"og:image:width\" content=\"1537\" \/>\n\t<meta property=\"og:image:height\" content=\"2048\" \/>\n\t<meta property=\"og:image:type\" content=\"image\/jpeg\" \/>\n<meta name=\"twitter:card\" content=\"summary_large_image\" \/>\n<meta name=\"twitter:label1\" content=\"Dur\u00e9e de lecture estim\u00e9e\" \/>\n\t<meta name=\"twitter:data1\" content=\"1 minute\" \/>\n<script type=\"application\/ld+json\" class=\"yoast-schema-graph\">{\"@context\":\"https:\/\/schema.org\",\"@graph\":[{\"@type\":\"WebPage\",\"@id\":\"https:\/\/socialclubmallorca.com\/fr\/groupes-et-celebrations\/\",\"url\":\"https:\/\/socialclubmallorca.com\/fr\/groupes-et-celebrations\/\",\"name\":\"Groupes et c\u00e9l\u00e9brations | Social Club Mallorca\",\"isPartOf\":{\"@id\":\"https:\/\/socialclubmallorca.com\/fr\/#website\"},\"primaryImageOfPage\":{\"@id\":\"https:\/\/socialclubmallorca.com\/fr\/groupes-et-celebrations\/#primaryimage\"},\"image\":{\"@id\":\"https:\/\/socialclubmallorca.com\/fr\/groupes-et-celebrations\/#primaryimage\"},\"thumbnailUrl\":\"https:\/\/socialclubmallorca.com\/wp-content\/uploads\/2026\/01\/bottles-1.jpg\",\"datePublished\":\"2026-03-24T14:42:07+00:00\",\"dateModified\":\"2026-03-27T14:37:19+00:00\",\"description\":\"Que tu r\u00e9serves une table dans la salle principale ou que tu combines plusieurs espaces pour cr\u00e9er un cadre plus priv\u00e9, chaque exp\u00e9rience de groupe est con\u00e7ue en mettant l\u2019accent sur la fluidit\u00e9.\",\"breadcrumb\":{\"@id\":\"https:\/\/socialclubmallorca.com\/fr\/groupes-et-celebrations\/#breadcrumb\"},\"inLanguage\":\"fr-FR\",\"potentialAction\":[{\"@type\":\"ReadAction\",\"target\":[\"https:\/\/socialclubmallorca.com\/fr\/groupes-et-celebrations\/\"]}]},{\"@type\":\"ImageObject\",\"inLanguage\":\"fr-FR\",\"@id\":\"https:\/\/socialclubmallorca.com\/fr\/groupes-et-celebrations\/#primaryimage\",\"url\":\"https:\/\/socialclubmallorca.com\/wp-content\/uploads\/2026\/01\/bottles-1.jpg\",\"contentUrl\":\"https:\/\/socialclubmallorca.com\/wp-content\/uploads\/2026\/01\/bottles-1.jpg\",\"width\":1537,\"height\":2048,\"caption\":\"Social Club Mallorca\"},{\"@type\":\"BreadcrumbList\",\"@id\":\"https:\/\/socialclubmallorca.com\/fr\/groupes-et-celebrations\/#breadcrumb\",\"itemListElement\":[{\"@type\":\"ListItem\",\"position\":1,\"name\":\"Home\",\"item\":\"https:\/\/socialclubmallorca.com\/fr\/social-club\/\"},{\"@type\":\"ListItem\",\"position\":2,\"name\":\"Groupes et c\u00e9l\u00e9brations\"}]},{\"@type\":\"WebSite\",\"@id\":\"https:\/\/socialclubmallorca.com\/fr\/#website\",\"url\":\"https:\/\/socialclubmallorca.com\/fr\/\",\"name\":\"Social Club Mallorca\",\"description\":\"\",\"publisher\":{\"@id\":\"https:\/\/socialclubmallorca.com\/fr\/#organization\"},\"potentialAction\":[{\"@type\":\"SearchAction\",\"target\":{\"@type\":\"EntryPoint\",\"urlTemplate\":\"https:\/\/socialclubmallorca.com\/fr\/?s={search_term_string}\"},\"query-input\":{\"@type\":\"PropertyValueSpecification\",\"valueRequired\":true,\"valueName\":\"search_term_string\"}}],\"inLanguage\":\"fr-FR\"},{\"@type\":\"Organization\",\"@id\":\"https:\/\/socialclubmallorca.com\/fr\/#organization\",\"name\":\"Social Club\",\"url\":\"https:\/\/socialclubmallorca.com\/fr\/\",\"logo\":{\"@type\":\"ImageObject\",\"inLanguage\":\"fr-FR\",\"@id\":\"https:\/\/socialclubmallorca.com\/fr\/#\/schema\/logo\/image\/\",\"url\":\"https:\/\/socialclubmallorca.com\/wp-content\/uploads\/2026\/03\/symbol_.png\",\"contentUrl\":\"https:\/\/socialclubmallorca.com\/wp-content\/uploads\/2026\/03\/symbol_.png\",\"width\":918,\"height\":836,\"caption\":\"Social Club\"},\"image\":{\"@id\":\"https:\/\/socialclubmallorca.com\/fr\/#\/schema\/logo\/image\/\"}}]}<\/script>\n<!-- \/ Yoast SEO plugin. -->","yoast_head_json":{"title":"Groupes et c\u00e9l\u00e9brations | Social Club Mallorca","description":"Que tu r\u00e9serves une table dans la salle principale ou que tu combines plusieurs espaces pour cr\u00e9er un cadre plus priv\u00e9, chaque exp\u00e9rience de groupe est con\u00e7ue en mettant l\u2019accent sur la fluidit\u00e9.","robots":{"index":"index","follow":"follow","max-snippet":"max-snippet:-1","max-image-preview":"max-image-preview:large","max-video-preview":"max-video-preview:-1"},"canonical":"https:\/\/socialclubmallorca.com\/fr\/groupes-et-celebrations\/","og_locale":"fr_FR","og_type":"article","og_title":"Groupes et c\u00e9l\u00e9brations | Social Club Mallorca","og_description":"Que tu r\u00e9serves une table dans la salle principale ou que tu combines plusieurs espaces pour cr\u00e9er un cadre plus priv\u00e9, chaque exp\u00e9rience de groupe est con\u00e7ue en mettant l\u2019accent sur la fluidit\u00e9.","og_url":"https:\/\/socialclubmallorca.com\/fr\/groupes-et-celebrations\/","og_site_name":"Social Club Mallorca","article_modified_time":"2026-03-27T14:37:19+00:00","og_image":[{"width":1537,"height":2048,"url":"https:\/\/socialclubmallorca.com\/wp-content\/uploads\/2026\/01\/bottles-1.jpg","type":"image\/jpeg"}],"twitter_card":"summary_large_image","twitter_misc":{"Dur\u00e9e de lecture estim\u00e9e":"1 minute"},"schema":{"@context":"https:\/\/schema.org","@graph":[{"@type":"WebPage","@id":"https:\/\/socialclubmallorca.com\/fr\/groupes-et-celebrations\/","url":"https:\/\/socialclubmallorca.com\/fr\/groupes-et-celebrations\/","name":"Groupes et c\u00e9l\u00e9brations | Social Club Mallorca","isPartOf":{"@id":"https:\/\/socialclubmallorca.com\/fr\/#website"},"primaryImageOfPage":{"@id":"https:\/\/socialclubmallorca.com\/fr\/groupes-et-celebrations\/#primaryimage"},"image":{"@id":"https:\/\/socialclubmallorca.com\/fr\/groupes-et-celebrations\/#primaryimage"},"thumbnailUrl":"https:\/\/socialclubmallorca.com\/wp-content\/uploads\/2026\/01\/bottles-1.jpg","datePublished":"2026-03-24T14:42:07+00:00","dateModified":"2026-03-27T14:37:19+00:00","description":"Que tu r\u00e9serves une table dans la salle principale ou que tu combines plusieurs espaces pour cr\u00e9er un cadre plus priv\u00e9, chaque exp\u00e9rience de groupe est con\u00e7ue en mettant l\u2019accent sur la fluidit\u00e9.","breadcrumb":{"@id":"https:\/\/socialclubmallorca.com\/fr\/groupes-et-celebrations\/#breadcrumb"},"inLanguage":"fr-FR","potentialAction":[{"@type":"ReadAction","target":["https:\/\/socialclubmallorca.com\/fr\/groupes-et-celebrations\/"]}]},{"@type":"ImageObject","inLanguage":"fr-FR","@id":"https:\/\/socialclubmallorca.com\/fr\/groupes-et-celebrations\/#primaryimage","url":"https:\/\/socialclubmallorca.com\/wp-content\/uploads\/2026\/01\/bottles-1.jpg","contentUrl":"https:\/\/socialclubmallorca.com\/wp-content\/uploads\/2026\/01\/bottles-1.jpg","width":1537,"height":2048,"caption":"Social Club Mallorca"},{"@type":"BreadcrumbList","@id":"https:\/\/socialclubmallorca.com\/fr\/groupes-et-celebrations\/#breadcrumb","itemListElement":[{"@type":"ListItem","position":1,"name":"Home","item":"https:\/\/socialclubmallorca.com\/fr\/social-club\/"},{"@type":"ListItem","position":2,"name":"Groupes et c\u00e9l\u00e9brations"}]},{"@type":"WebSite","@id":"https:\/\/socialclubmallorca.com\/fr\/#website","url":"https:\/\/socialclubmallorca.com\/fr\/","name":"Social Club Mallorca","description":"","publisher":{"@id":"https:\/\/socialclubmallorca.com\/fr\/#organization"},"potentialAction":[{"@type":"SearchAction","target":{"@type":"EntryPoint","urlTemplate":"https:\/\/socialclubmallorca.com\/fr\/?s={search_term_string}"},"query-input":{"@type":"PropertyValueSpecification","valueRequired":true,"valueName":"search_term_string"}}],"inLanguage":"fr-FR"},{"@type":"Organization","@id":"https:\/\/socialclubmallorca.com\/fr\/#organization","name":"Social Club","url":"https:\/\/socialclubmallorca.com\/fr\/","logo":{"@type":"ImageObject","inLanguage":"fr-FR","@id":"https:\/\/socialclubmallorca.com\/fr\/#\/schema\/logo\/image\/","url":"https:\/\/socialclubmallorca.com\/wp-content\/uploads\/2026\/03\/symbol_.png","contentUrl":"https:\/\/socialclubmallorca.com\/wp-content\/uploads\/2026\/03\/symbol_.png","width":918,"height":836,"caption":"Social Club"},"image":{"@id":"https:\/\/socialclubmallorca.com\/fr\/#\/schema\/logo\/image\/"}}]}},"_links":{"self":[{"href":"https:\/\/socialclubmallorca.com\/fr\/wp-json\/wp\/v2\/pages\/2021","targetHints":{"allow":["GET"]}}],"collection":[{"href":"https:\/\/socialclubmallorca.com\/fr\/wp-json\/wp\/v2\/pages"}],"about":[{"href":"https:\/\/socialclubmallorca.com\/fr\/wp-json\/wp\/v2\/types\/page"}],"author":[{"embeddable":true,"href":"https:\/\/socialclubmallorca.com\/fr\/wp-json\/wp\/v2\/users\/1"}],"replies":[{"embeddable":true,"href":"https:\/\/socialclubmallorca.com\/fr\/wp-json\/wp\/v2\/comments?post=2021"}],"version-history":[{"count":2,"href":"https:\/\/socialclubmallorca.com\/fr\/wp-json\/wp\/v2\/pages\/2021\/revisions"}],"predecessor-version":[{"id":2302,"href":"https:\/\/socialclubmallorca.com\/fr\/wp-json\/wp\/v2\/pages\/2021\/revisions\/2302"}],"wp:featuredmedia":[{"embeddable":true,"href":"https:\/\/socialclubmallorca.com\/fr\/wp-json\/wp\/v2\/media\/1177"}],"wp:attachment":[{"href":"https:\/\/socialclubmallorca.com\/fr\/wp-json\/wp\/v2\/media?parent=2021"}],"curies":[{"name":"wp","href":"https:\/\/api.w.org\/{rel}","templated":true}]}}