{"id":1207,"date":"2025-05-28T17:59:49","date_gmt":"2025-05-28T17:59:49","guid":{"rendered":"https:\/\/socialclubmallorca.com\/sede\/"},"modified":"2026-02-09T15:58:00","modified_gmt":"2026-02-09T15:58:00","slug":"sede","status":"publish","type":"page","link":"https:\/\/socialclubmallorca.com\/it\/sede\/","title":{"rendered":"Sede"},"content":{"rendered":"\t\t<div data-elementor-type=\"wp-page\" data-elementor-id=\"1207\" class=\"elementor elementor-1207\" data-elementor-post-type=\"page\">\n\t\t\t\t<div class=\"elementor-element elementor-element-178d1b4 e-flex e-con-boxed e-con e-parent\" data-id=\"178d1b4\" data-element_type=\"container\" data-e-type=\"container\" data-settings=\"{&quot;background_background&quot;:&quot;classic&quot;,&quot;jet_parallax_layout_list&quot;:[]}\">\n\t\t\t\t\t<div class=\"e-con-inner\">\n\t\t\t\t<div class=\"elementor-element elementor-element-250f457 elementor-invisible elementor-widget elementor-widget-heading\" data-id=\"250f457\" data-element_type=\"widget\" data-e-type=\"widget\" data-settings=\"{&quot;_animation&quot;:&quot;fadeIn&quot;}\" data-widget_type=\"heading.default\">\n\t\t\t\t<div class=\"elementor-widget-container\">\n\t\t\t\t\t<h1 class=\"elementor-heading-title elementor-size-default\">Sede<\/h1>\t\t\t\t<\/div>\n\t\t\t\t<\/div>\n\t\t\t\t<div class=\"elementor-element elementor-element-a3e7717 elementor-widget-divider--view-line elementor-invisible elementor-widget elementor-widget-divider\" data-id=\"a3e7717\" data-element_type=\"widget\" data-e-type=\"widget\" data-settings=\"{&quot;_animation&quot;:&quot;fadeInDown&quot;}\" data-widget_type=\"divider.default\">\n\t\t\t\t<div class=\"elementor-widget-container\">\n\t\t\t\t\t\t\t<div class=\"elementor-divider\">\n\t\t\t<span class=\"elementor-divider-separator\">\n\t\t\t\t\t\t<\/span>\n\t\t<\/div>\n\t\t\t\t\t\t<\/div>\n\t\t\t\t<\/div>\n\t\t\t\t\t<\/div>\n\t\t\t\t<\/div>\n\t\t<div class=\"elementor-element elementor-element-187f2d6 e-con-full e-flex e-con e-parent\" data-id=\"187f2d6\" data-element_type=\"container\" data-e-type=\"container\" data-settings=\"{&quot;jet_parallax_layout_list&quot;:[]}\">\n\t\t\t\t<div class=\"elementor-element elementor-element-46c530e elementor-widget elementor-widget-html\" data-id=\"46c530e\" data-element_type=\"widget\" data-e-type=\"widget\" data-widget_type=\"html.default\">\n\t\t\t\t<div class=\"elementor-widget-container\">\n\t\t\t\t\t<link href=\"https:\/\/api.mapbox.com\/mapbox-gl-js\/v3.18.1\/mapbox-gl.css\" rel=\"stylesheet\">\n<script src=\"https:\/\/api.mapbox.com\/mapbox-gl-js\/v3.18.1\/mapbox-gl.js\"><\/script>\n\n<div id=\"socialclub-map\" style=\"width:100%;height:420px;border-radius:16px;overflow:hidden;\"><\/div>\n\n<script>\n  mapboxgl.accessToken =\n    \"pk.eyJ1Ijoiamxjb2JiMjIiLCJhIjoiY2x0YTE3YWF1MG5ndTJrcWY2OWZwaGUxMyJ9.sUJwEUp4dQ45DiurfPv1pQ\";\n\n  \/\/ \u2705 Verified exact Social Club location\n  const socialClubLngLat = [2.627203, 39.5634167];\n  const googleMapsLink = \"https:\/\/maps.app.goo.gl\/z7nv5VnxauP2gJey7\";\n\n  const map = new mapboxgl.Map({\n    container: \"socialclub-map\",\n    style: \"mapbox:\/\/styles\/mapbox\/dark-v11\",\n    center: socialClubLngLat,\n    zoom: 14\n  });\n  \n\n\n  map.addControl(new mapboxgl.NavigationControl(), \"top-right\");\n  map.scrollZoom.disable(); \/\/ better UX on pages\n\n  \/\/ \u2705 Default Mapbox marker icon\n  const marker = new mapboxgl.Marker({ color: \"#cca87f\" })\n    .setLngLat(socialClubLngLat)\n    .addTo(map);\n\n  \/\/ Make marker clickable (no popup)\n  marker.getElement().style.cursor = \"pointer\";\n  marker.getElement().addEventListener(\"click\", () => {\n    window.open(googleMapsLink, \"_blank\", \"noopener\");\n  });\n<\/script>\n\t\t\t\t<\/div>\n\t\t\t\t<\/div>\n\t\t\t\t<\/div>\n\t\t<div class=\"elementor-element elementor-element-0c6d176 e-flex e-con-boxed e-con e-parent\" data-id=\"0c6d176\" data-element_type=\"container\" data-e-type=\"container\" data-settings=\"{&quot;jet_parallax_layout_list&quot;:[]}\">\n\t\t\t\t\t<div class=\"e-con-inner\">\n\t\t\t\t<div class=\"elementor-element elementor-element-904c64a elementor-invisible elementor-widget elementor-widget-heading\" data-id=\"904c64a\" data-element_type=\"widget\" data-e-type=\"widget\" data-settings=\"{&quot;_animation&quot;:&quot;fadeIn&quot;}\" data-widget_type=\"heading.default\">\n\t\t\t\t<div class=\"elementor-widget-container\">\n\t\t\t\t\t<h2 class=\"elementor-heading-title elementor-size-default\">Dov'\u00e8 il <span class=\"highlight-word\">nuovo<\/span> Social Club Mallorca?\n<\/h2>\t\t\t\t<\/div>\n\t\t\t\t<\/div>\n\t\t\t\t<div class=\"elementor-element elementor-element-10c81ea elementor-widget-divider--view-line elementor-invisible elementor-widget elementor-widget-divider\" data-id=\"10c81ea\" data-element_type=\"widget\" data-e-type=\"widget\" data-settings=\"{&quot;_animation&quot;:&quot;fadeInDown&quot;}\" data-widget_type=\"divider.default\">\n\t\t\t\t<div class=\"elementor-widget-container\">\n\t\t\t\t\t\t\t<div class=\"elementor-divider\">\n\t\t\t<span class=\"elementor-divider-separator\">\n\t\t\t\t\t\t<\/span>\n\t\t<\/div>\n\t\t\t\t\t\t<\/div>\n\t\t\t\t<\/div>\n\t\t\t\t<div class=\"elementor-element elementor-element-c00e949 elementor-invisible elementor-widget elementor-widget-text-editor\" data-id=\"c00e949\" data-element_type=\"widget\" data-e-type=\"widget\" data-settings=\"{&quot;_animation&quot;:&quot;fadeIn&quot;}\" data-widget_type=\"text-editor.default\">\n\t\t\t\t<div class=\"elementor-widget-container\">\n\t\t\t\t\t\t\t\t\t<p>Social Club Mallorca si trova in una delle location pi\u00f9 iconiche di Palma: il leggendario Hotel Victoria, affacciato sulle acque scintillanti del Paseo Mar\u00edtimo. Questa prestigiosa posizione non \u00e8 solo nel cuore della vivace vita notturna della citt\u00e0, ma \u00e8 anche ricca di storia, eleganza e fascino mediterraneo. <\/p><h3>Hotel Victoria: un punto di riferimento a Palma<\/h3><p>L&#8217;Hotel Victoria \u00e8 uno degli hotel pi\u00f9 rinomati e storici di Palma, risalente alla met\u00e0 del XX secolo. Nel corso dei decenni, ha accolto viaggiatori internazionali, celebrit\u00e0, artisti e reali, diventando un simbolo del lusso senza tempo a Maiorca. La sua posizione collinare offre splendide viste panoramiche sul porto turistico, sulla cattedrale e sulla baia, rendendolo una destinazione preferita per chi cerca comfort e un tocco di glamour d&#8217;altri tempi.  <\/p><p>L&#8217;architettura classica dell&#8217;hotel, gli interni eleganti e la ricca eredit\u00e0 lo rendono pi\u00f9 di un semplice luogo in cui soggiornare: \u00e8 un punto di riferimento culturale. All&#8217;interno delle sue mura si trova ora Social Club Mallorca, un&#8217;espressione audace e moderna di vita notturna, musica ed esperienze curate che completano la raffinatezza dei suoi dintorni. <\/p><h3>Paseo Mar\u00edtimo: il cuore pulsante del lungomare di Palma<\/h3><p>Costeggiando il porto turistico, il Paseo Mar\u00edtimo \u00e8 uno dei lungomare pi\u00f9 iconici della Spagna. Originariamente costruito come una piccola strada costiera, si \u00e8 trasformato nel corso degli anni in un viale vivace e fiancheggiato da palme che collega il ricco passato marittimo di Palma con il suo stile di vita moderno e cosmopolita. <\/p><p>Ornato di yacht di lusso, bar vivaci, ristoranti acclamati e club esclusivi, il Paseo Mar\u00edtimo \u00e8 stato a lungo l&#8217;epicentro della vita notturna di Palma. Sia i residenti che i visitatori sono attratti dalla sua energia, che si tratti di una passeggiata al tramonto, di una serata fuori o di una corsetta mattutina con la brezza mediterranea. <\/p><p>L&#8217;area sta subendo un&#8217;entusiasmante trasformazione, con recenti investimenti e sviluppi progettati per renderla pi\u00f9 adatta ai pedoni, pi\u00f9 verde e pi\u00f9 aperta al mare. Mentre questo prossimo capitolo del Paseo Mar\u00edtimo si sviluppa, Social Club \u00e8 orgoglioso di far parte della sua evoluzione, portando la vita notturna di livello mondiale in questo tratto storico dell&#8217;isola. <\/p><p>Che tu stia arrivando per una serata indimenticabile o semplicemente per immergerti nell&#8217;atmosfera, Social Club all&#8217;Hotel Victoria offre la base perfetta per vivere la bellezza, l&#8217;energia e la storia di Palma.<\/p>\t\t\t\t\t\t\t\t<\/div>\n\t\t\t\t<\/div>\n\t\t\t\t\t<\/div>\n\t\t\t\t<\/div>\n\t\t\t\t<\/div>\n\t\t","protected":false},"excerpt":{"rendered":"<p>Sede Dov&#8217;\u00e8 il nuovo Social Club Mallorca? Social Club Mallorca si trova in una delle location pi\u00f9 iconiche di Palma: il leggendario Hotel Victoria, affacciato sulle acque scintillanti del Paseo Mar\u00edtimo. Questa prestigiosa posizione non \u00e8 solo nel cuore della vivace vita notturna della citt\u00e0, ma \u00e8 anche ricca di storia, eleganza e fascino mediterraneo. [&hellip;]<\/p>\n","protected":false},"author":1,"featured_media":0,"parent":0,"menu_order":0,"comment_status":"closed","ping_status":"closed","template":"","meta":{"footnotes":""},"class_list":["post-1207","page","type-page","status-publish","hentry"],"blocksy_meta":[],"yoast_head":"<!-- This site is optimized with the Yoast SEO plugin v26.9 - https:\/\/yoast.com\/product\/yoast-seo-wordpress\/ -->\n<title>Sede | Social Club Mallorca<\/title>\n<meta name=\"robots\" content=\"index, follow, max-snippet:-1, max-image-preview:large, max-video-preview:-1\" \/>\n<link rel=\"canonical\" href=\"https:\/\/socialclubmallorca.com\/it\/sede\/\" \/>\n<meta property=\"og:locale\" content=\"it_IT\" \/>\n<meta property=\"og:type\" content=\"article\" \/>\n<meta property=\"og:title\" content=\"Sede | Social Club Mallorca\" \/>\n<meta property=\"og:description\" content=\"Sede Dov&#8217;\u00e8 il nuovo Social Club Mallorca? Social Club Mallorca si trova in una delle location pi\u00f9 iconiche di Palma: il leggendario Hotel Victoria, affacciato sulle acque scintillanti del Paseo Mar\u00edtimo. Questa prestigiosa posizione non \u00e8 solo nel cuore della vivace vita notturna della citt\u00e0, ma \u00e8 anche ricca di storia, eleganza e fascino mediterraneo. [&hellip;]\" \/>\n<meta property=\"og:url\" content=\"https:\/\/socialclubmallorca.com\/it\/sede\/\" \/>\n<meta property=\"og:site_name\" content=\"Social Club Mallorca\" \/>\n<meta property=\"article:modified_time\" content=\"2026-02-09T15:58:00+00:00\" \/>\n<meta name=\"twitter:card\" content=\"summary_large_image\" \/>\n<meta name=\"twitter:label1\" content=\"Tempo di lettura stimato\" \/>\n\t<meta name=\"twitter:data1\" content=\"2 minuti\" \/>\n<script type=\"application\/ld+json\" class=\"yoast-schema-graph\">{\"@context\":\"https:\/\/schema.org\",\"@graph\":[{\"@type\":\"WebPage\",\"@id\":\"https:\/\/socialclubmallorca.com\/it\/sede\/\",\"url\":\"https:\/\/socialclubmallorca.com\/it\/sede\/\",\"name\":\"Sede | Social Club Mallorca\",\"isPartOf\":{\"@id\":\"https:\/\/socialclubmallorca.com\/it\/#website\"},\"datePublished\":\"2025-05-28T17:59:49+00:00\",\"dateModified\":\"2026-02-09T15:58:00+00:00\",\"breadcrumb\":{\"@id\":\"https:\/\/socialclubmallorca.com\/it\/sede\/#breadcrumb\"},\"inLanguage\":\"it-IT\",\"potentialAction\":[{\"@type\":\"ReadAction\",\"target\":[\"https:\/\/socialclubmallorca.com\/it\/sede\/\"]}]},{\"@type\":\"BreadcrumbList\",\"@id\":\"https:\/\/socialclubmallorca.com\/it\/sede\/#breadcrumb\",\"itemListElement\":[{\"@type\":\"ListItem\",\"position\":1,\"name\":\"Home\",\"item\":\"https:\/\/socialclubmallorca.com\/it\/social-club\/\"},{\"@type\":\"ListItem\",\"position\":2,\"name\":\"Sede\"}]},{\"@type\":\"WebSite\",\"@id\":\"https:\/\/socialclubmallorca.com\/it\/#website\",\"url\":\"https:\/\/socialclubmallorca.com\/it\/\",\"name\":\"Social Club Mallorca\",\"description\":\"\",\"publisher\":{\"@id\":\"https:\/\/socialclubmallorca.com\/it\/#organization\"},\"potentialAction\":[{\"@type\":\"SearchAction\",\"target\":{\"@type\":\"EntryPoint\",\"urlTemplate\":\"https:\/\/socialclubmallorca.com\/it\/?s={search_term_string}\"},\"query-input\":{\"@type\":\"PropertyValueSpecification\",\"valueRequired\":true,\"valueName\":\"search_term_string\"}}],\"inLanguage\":\"it-IT\"},{\"@type\":\"Organization\",\"@id\":\"https:\/\/socialclubmallorca.com\/it\/#organization\",\"name\":\"Social Club\",\"url\":\"https:\/\/socialclubmallorca.com\/it\/\",\"logo\":{\"@type\":\"ImageObject\",\"inLanguage\":\"it-IT\",\"@id\":\"https:\/\/socialclubmallorca.com\/it\/#\/schema\/logo\/image\/\",\"url\":\"https:\/\/socialclubmallorca.com\/wp-content\/uploads\/2026\/03\/symbol_.png\",\"contentUrl\":\"https:\/\/socialclubmallorca.com\/wp-content\/uploads\/2026\/03\/symbol_.png\",\"width\":918,\"height\":836,\"caption\":\"Social Club\"},\"image\":{\"@id\":\"https:\/\/socialclubmallorca.com\/it\/#\/schema\/logo\/image\/\"}}]}<\/script>\n<!-- \/ Yoast SEO plugin. -->","yoast_head_json":{"title":"Sede | Social Club Mallorca","robots":{"index":"index","follow":"follow","max-snippet":"max-snippet:-1","max-image-preview":"max-image-preview:large","max-video-preview":"max-video-preview:-1"},"canonical":"https:\/\/socialclubmallorca.com\/it\/sede\/","og_locale":"it_IT","og_type":"article","og_title":"Sede | Social Club Mallorca","og_description":"Sede Dov&#8217;\u00e8 il nuovo Social Club Mallorca? Social Club Mallorca si trova in una delle location pi\u00f9 iconiche di Palma: il leggendario Hotel Victoria, affacciato sulle acque scintillanti del Paseo Mar\u00edtimo. Questa prestigiosa posizione non \u00e8 solo nel cuore della vivace vita notturna della citt\u00e0, ma \u00e8 anche ricca di storia, eleganza e fascino mediterraneo. [&hellip;]","og_url":"https:\/\/socialclubmallorca.com\/it\/sede\/","og_site_name":"Social Club Mallorca","article_modified_time":"2026-02-09T15:58:00+00:00","twitter_card":"summary_large_image","twitter_misc":{"Tempo di lettura stimato":"2 minuti"},"schema":{"@context":"https:\/\/schema.org","@graph":[{"@type":"WebPage","@id":"https:\/\/socialclubmallorca.com\/it\/sede\/","url":"https:\/\/socialclubmallorca.com\/it\/sede\/","name":"Sede | Social Club Mallorca","isPartOf":{"@id":"https:\/\/socialclubmallorca.com\/it\/#website"},"datePublished":"2025-05-28T17:59:49+00:00","dateModified":"2026-02-09T15:58:00+00:00","breadcrumb":{"@id":"https:\/\/socialclubmallorca.com\/it\/sede\/#breadcrumb"},"inLanguage":"it-IT","potentialAction":[{"@type":"ReadAction","target":["https:\/\/socialclubmallorca.com\/it\/sede\/"]}]},{"@type":"BreadcrumbList","@id":"https:\/\/socialclubmallorca.com\/it\/sede\/#breadcrumb","itemListElement":[{"@type":"ListItem","position":1,"name":"Home","item":"https:\/\/socialclubmallorca.com\/it\/social-club\/"},{"@type":"ListItem","position":2,"name":"Sede"}]},{"@type":"WebSite","@id":"https:\/\/socialclubmallorca.com\/it\/#website","url":"https:\/\/socialclubmallorca.com\/it\/","name":"Social Club Mallorca","description":"","publisher":{"@id":"https:\/\/socialclubmallorca.com\/it\/#organization"},"potentialAction":[{"@type":"SearchAction","target":{"@type":"EntryPoint","urlTemplate":"https:\/\/socialclubmallorca.com\/it\/?s={search_term_string}"},"query-input":{"@type":"PropertyValueSpecification","valueRequired":true,"valueName":"search_term_string"}}],"inLanguage":"it-IT"},{"@type":"Organization","@id":"https:\/\/socialclubmallorca.com\/it\/#organization","name":"Social Club","url":"https:\/\/socialclubmallorca.com\/it\/","logo":{"@type":"ImageObject","inLanguage":"it-IT","@id":"https:\/\/socialclubmallorca.com\/it\/#\/schema\/logo\/image\/","url":"https:\/\/socialclubmallorca.com\/wp-content\/uploads\/2026\/03\/symbol_.png","contentUrl":"https:\/\/socialclubmallorca.com\/wp-content\/uploads\/2026\/03\/symbol_.png","width":918,"height":836,"caption":"Social Club"},"image":{"@id":"https:\/\/socialclubmallorca.com\/it\/#\/schema\/logo\/image\/"}}]}},"_links":{"self":[{"href":"https:\/\/socialclubmallorca.com\/it\/wp-json\/wp\/v2\/pages\/1207","targetHints":{"allow":["GET"]}}],"collection":[{"href":"https:\/\/socialclubmallorca.com\/it\/wp-json\/wp\/v2\/pages"}],"about":[{"href":"https:\/\/socialclubmallorca.com\/it\/wp-json\/wp\/v2\/types\/page"}],"author":[{"embeddable":true,"href":"https:\/\/socialclubmallorca.com\/it\/wp-json\/wp\/v2\/users\/1"}],"replies":[{"embeddable":true,"href":"https:\/\/socialclubmallorca.com\/it\/wp-json\/wp\/v2\/comments?post=1207"}],"version-history":[{"count":2,"href":"https:\/\/socialclubmallorca.com\/it\/wp-json\/wp\/v2\/pages\/1207\/revisions"}],"predecessor-version":[{"id":1421,"href":"https:\/\/socialclubmallorca.com\/it\/wp-json\/wp\/v2\/pages\/1207\/revisions\/1421"}],"wp:attachment":[{"href":"https:\/\/socialclubmallorca.com\/it\/wp-json\/wp\/v2\/media?parent=1207"}],"curies":[{"name":"wp","href":"https:\/\/api.w.org\/{rel}","templated":true}]}}