{"id":1254,"date":"2025-05-30T19:47:49","date_gmt":"2025-05-30T19:47:49","guid":{"rendered":"https:\/\/socialclubmallorca.com\/sede-2\/"},"modified":"2026-03-24T15:17:10","modified_gmt":"2026-03-24T15:17:10","slug":"sede-2","status":"publish","type":"page","link":"https:\/\/socialclubmallorca.com\/it\/sede-2\/","title":{"rendered":"Sede"},"content":{"rendered":"\t\t<div data-elementor-type=\"wp-page\" data-elementor-id=\"1254\" class=\"elementor elementor-1254 elementor-369\" data-elementor-post-type=\"page\">\n\t\t\t\t<div class=\"elementor-element elementor-element-f3afe05 e-flex e-con-boxed e-con e-parent\" data-id=\"f3afe05\" data-element_type=\"container\" data-e-type=\"container\" data-settings=\"{&quot;background_background&quot;:&quot;classic&quot;,&quot;jet_parallax_layout_list&quot;:[]}\">\n\t\t\t\t\t<div class=\"e-con-inner\">\n\t\t\t\t<div class=\"elementor-element elementor-element-ad57309 elementor-invisible elementor-widget elementor-widget-heading\" data-id=\"ad57309\" data-element_type=\"widget\" data-e-type=\"widget\" data-settings=\"{&quot;_animation&quot;:&quot;fadeIn&quot;}\" data-widget_type=\"heading.default\">\n\t\t\t\t<div class=\"elementor-widget-container\">\n\t\t\t\t\t<h1 class=\"elementor-heading-title elementor-size-default\">Sede<\/h1>\t\t\t\t<\/div>\n\t\t\t\t<\/div>\n\t\t\t\t<div class=\"elementor-element elementor-element-af4ebde elementor-widget-divider--view-line elementor-invisible elementor-widget elementor-widget-divider\" data-id=\"af4ebde\" data-element_type=\"widget\" data-e-type=\"widget\" data-settings=\"{&quot;_animation&quot;:&quot;fadeInDown&quot;}\" data-widget_type=\"divider.default\">\n\t\t\t\t<div class=\"elementor-widget-container\">\n\t\t\t\t\t\t\t<div class=\"elementor-divider\">\n\t\t\t<span class=\"elementor-divider-separator\">\n\t\t\t\t\t\t<\/span>\n\t\t<\/div>\n\t\t\t\t\t\t<\/div>\n\t\t\t\t<\/div>\n\t\t\t\t\t<\/div>\n\t\t\t\t<\/div>\n\t\t<div class=\"elementor-element elementor-element-f35fa5e e-flex e-con-boxed e-con e-parent\" data-id=\"f35fa5e\" data-element_type=\"container\" data-e-type=\"container\" data-settings=\"{&quot;jet_parallax_layout_list&quot;:[]}\">\n\t\t\t\t\t<div class=\"e-con-inner\">\n\t\t<div class=\"elementor-element elementor-element-4f72e42 e-con-full e-flex e-con e-child\" data-id=\"4f72e42\" data-element_type=\"container\" data-e-type=\"container\" data-settings=\"{&quot;jet_parallax_layout_list&quot;:[],&quot;animation&quot;:&quot;none&quot;}\">\n\t\t\t\t<div class=\"elementor-element elementor-element-6d9b29d elementor-invisible elementor-widget elementor-widget-heading\" data-id=\"6d9b29d\" data-element_type=\"widget\" data-e-type=\"widget\" data-settings=\"{&quot;_animation&quot;:&quot;fadeIn&quot;}\" data-widget_type=\"heading.default\">\n\t\t\t\t<div class=\"elementor-widget-container\">\n\t\t\t\t\t<h2 class=\"elementor-heading-title elementor-size-default\">Boutique Club <span class=\"highlight-word\">e<\/span> VIP Lounge<\/h2>\t\t\t\t<\/div>\n\t\t\t\t<\/div>\n\t\t\t\t<div class=\"elementor-element elementor-element-c1d238f elementor-widget-divider--view-line elementor-invisible elementor-widget elementor-widget-divider\" data-id=\"c1d238f\" data-element_type=\"widget\" data-e-type=\"widget\" data-settings=\"{&quot;_animation&quot;:&quot;fadeInDown&quot;}\" data-widget_type=\"divider.default\">\n\t\t\t\t<div class=\"elementor-widget-container\">\n\t\t\t\t\t\t\t<div class=\"elementor-divider\">\n\t\t\t<span class=\"elementor-divider-separator\">\n\t\t\t\t\t\t<\/span>\n\t\t<\/div>\n\t\t\t\t\t\t<\/div>\n\t\t\t\t<\/div>\n\t\t\t\t<div class=\"elementor-element elementor-element-ba9afd9 elementor-invisible elementor-widget elementor-widget-text-editor\" data-id=\"ba9afd9\" data-element_type=\"widget\" data-e-type=\"widget\" data-settings=\"{&quot;_animation&quot;:&quot;fadeIn&quot;}\" data-widget_type=\"text-editor.default\">\n\t\t\t\t<div class=\"elementor-widget-container\">\n\t\t\t\t\t\t\t\t\t<p><strong>Social Club Mallorca &#8211; Una rivisitazione moderna di un classico intramontabile.<\/strong><\/p><p>Ispirato agli emblematici club per soci del centro citt\u00e0, Social \u00e8 uno spazio elegante, intimo e raffinato, ideale per ospitare qualsiasi tipo di evento privato con un&#8217;atmosfera sofisticata e cosmopolita.<\/p><p>Situato nel cuore del prestigioso Paseo Mar\u00edtimo di Palma, questo esclusivo boutique club offre un ambiente interno accuratamente progettato, dove i dettagli e l&#8217;atmosfera creano l&#8217;ambiente perfetto per godere dell&#8217;essenza urbana e marittima della citt\u00e0.<\/p>\t\t\t\t\t\t\t\t<\/div>\n\t\t\t\t<\/div>\n\t\t\t\t<\/div>\n\t\t<div class=\"elementor-element elementor-element-ea3d88a e-con-full e-flex elementor-invisible e-con e-child\" data-id=\"ea3d88a\" data-element_type=\"container\" data-e-type=\"container\" data-settings=\"{&quot;background_background&quot;:&quot;classic&quot;,&quot;jet_parallax_layout_list&quot;:[],&quot;animation&quot;:&quot;fadeInRight&quot;}\">\n\t\t\t\t<\/div>\n\t\t\t\t\t<\/div>\n\t\t\t\t<\/div>\n\t\t<div class=\"elementor-element elementor-element-fda7517 e-flex e-con-boxed e-con e-parent\" data-id=\"fda7517\" data-element_type=\"container\" data-e-type=\"container\" data-settings=\"{&quot;jet_parallax_layout_list&quot;:[]}\">\n\t\t\t\t\t<div class=\"e-con-inner\">\n\t\t<div class=\"elementor-element elementor-element-445d3d0 e-con-full e-flex e-con e-child\" data-id=\"445d3d0\" data-element_type=\"container\" data-e-type=\"container\" data-settings=\"{&quot;jet_parallax_layout_list&quot;:[],&quot;animation&quot;:&quot;none&quot;}\">\n\t\t\t\t<div class=\"elementor-element elementor-element-3b84434 elementor-invisible elementor-widget elementor-widget-text-editor\" data-id=\"3b84434\" data-element_type=\"widget\" data-e-type=\"widget\" data-settings=\"{&quot;_animation&quot;:&quot;fadeIn&quot;}\" data-widget_type=\"text-editor.default\">\n\t\t\t\t<div class=\"elementor-widget-container\">\n\t\t\t\t\t\t\t\t\t<p>Nel cuore del club si trovano spazi progettati per un&#8217;esperienza di sofisticazione senza compromessi: la Main Room, vibrante epicentro della notte; l&#8217;intima Room 2, per incontri pi\u00f9 selezionati; il raffinato Cocktail Bar, dove la mixology \u00e8 elevata ad arte; e l&#8217;esclusiva VIP Lounge, sontuosamente arredata, con servizio al tavolo personalizzato e bagni privati, riservata a coloro che apprezzano la vera distinzione.<\/p>\t\t\t\t\t\t\t\t<\/div>\n\t\t\t\t<\/div>\n\t\t\t\t<\/div>\n\t\t<div class=\"elementor-element elementor-element-edf52bb e-con-full e-flex elementor-invisible e-con e-child\" data-id=\"edf52bb\" data-element_type=\"container\" data-e-type=\"container\" data-settings=\"{&quot;background_background&quot;:&quot;classic&quot;,&quot;jet_parallax_layout_list&quot;:[],&quot;animation&quot;:&quot;fadeInLeft&quot;}\">\n\t\t\t\t<\/div>\n\t\t\t\t\t<\/div>\n\t\t\t\t<\/div>\n\t\t<div class=\"elementor-element elementor-element-f99bd06 e-flex e-con-boxed e-con e-parent\" data-id=\"f99bd06\" data-element_type=\"container\" data-e-type=\"container\" data-settings=\"{&quot;jet_parallax_layout_list&quot;:[]}\">\n\t\t\t\t\t<div class=\"e-con-inner\">\n\t\t<div class=\"elementor-element elementor-element-3abd5fc e-con-full e-flex e-con e-child\" data-id=\"3abd5fc\" data-element_type=\"container\" data-e-type=\"container\" data-settings=\"{&quot;jet_parallax_layout_list&quot;:[],&quot;animation&quot;:&quot;none&quot;}\">\n\t\t\t\t<div class=\"elementor-element elementor-element-7475fb2 elementor-invisible elementor-widget elementor-widget-text-editor\" data-id=\"7475fb2\" data-element_type=\"widget\" data-e-type=\"widget\" data-settings=\"{&quot;_animation&quot;:&quot;fadeIn&quot;}\" data-widget_type=\"text-editor.default\">\n\t\t\t\t<div class=\"elementor-widget-container\">\n\t\t\t\t\t\t\t\t\t<p>Social dispone di quattro spazi unici: Main Room, Room 2, Cocktail Bar e VIP Lounge, progettati per soddisfare le esigenze di qualsiasi tipo di evento.<\/p><p>Con molteplici aree e spazi per esibizioni, ogni zona pu\u00f2 essere configurata per soddisfare le esigenze specifiche del tuo evento.<\/p><p>Offriamo un&#8217;ampia gamma di pacchetti bevande e menu finger food pensati per completare la tua celebrazione. Il servizio bevande \u00e8 disponibile presso i bar di ogni sala o nell&#8217;area di tua scelta, mentre camerieri itineranti servono gli stuzzichini per garantire che l&#8217;evento si svolga senza intoppi e che i tuoi ospiti siano pienamente soddisfatti. <\/p>\t\t\t\t\t\t\t\t<\/div>\n\t\t\t\t<\/div>\n\t\t\t\t<\/div>\n\t\t<div class=\"elementor-element elementor-element-fcf9816 e-con-full e-flex elementor-invisible e-con e-child\" data-id=\"fcf9816\" data-element_type=\"container\" data-e-type=\"container\" data-settings=\"{&quot;background_background&quot;:&quot;classic&quot;,&quot;jet_parallax_layout_list&quot;:[],&quot;animation&quot;:&quot;fadeInRight&quot;}\">\n\t\t\t\t<\/div>\n\t\t\t\t\t<\/div>\n\t\t\t\t<\/div>\n\t\t<div class=\"elementor-element elementor-element-60484f7 e-flex e-con-boxed e-con e-parent\" data-id=\"60484f7\" data-element_type=\"container\" data-e-type=\"container\" data-settings=\"{&quot;jet_parallax_layout_list&quot;:[]}\">\n\t\t\t\t\t<div class=\"e-con-inner\">\n\t\t\t\t<div class=\"elementor-element elementor-element-de08e3d elementor-invisible elementor-widget elementor-widget-heading\" data-id=\"de08e3d\" data-element_type=\"widget\" data-e-type=\"widget\" data-settings=\"{&quot;_animation&quot;:&quot;fadeIn&quot;}\" data-widget_type=\"heading.default\">\n\t\t\t\t<div class=\"elementor-widget-container\">\n\t\t\t\t\t<h2 class=\"elementor-heading-title elementor-size-default\">Dov'\u00e8 il <span class=\"highlight-word\">nuovo<\/span> Social Club Mallorca?\n<\/h2>\t\t\t\t<\/div>\n\t\t\t\t<\/div>\n\t\t\t\t<div class=\"elementor-element elementor-element-8adcc5e elementor-widget-divider--view-line elementor-invisible elementor-widget elementor-widget-divider\" data-id=\"8adcc5e\" data-element_type=\"widget\" data-e-type=\"widget\" data-settings=\"{&quot;_animation&quot;:&quot;fadeInDown&quot;}\" data-widget_type=\"divider.default\">\n\t\t\t\t<div class=\"elementor-widget-container\">\n\t\t\t\t\t\t\t<div class=\"elementor-divider\">\n\t\t\t<span class=\"elementor-divider-separator\">\n\t\t\t\t\t\t<\/span>\n\t\t<\/div>\n\t\t\t\t\t\t<\/div>\n\t\t\t\t<\/div>\n\t\t\t\t<div class=\"elementor-element elementor-element-000c8b2 elementor-invisible elementor-widget elementor-widget-text-editor\" data-id=\"000c8b2\" data-element_type=\"widget\" data-e-type=\"widget\" data-settings=\"{&quot;_animation&quot;:&quot;fadeIn&quot;}\" data-widget_type=\"text-editor.default\">\n\t\t\t\t<div class=\"elementor-widget-container\">\n\t\t\t\t\t\t\t\t\t<p>Social Club Mallorca si trova in una delle location pi\u00f9 iconiche di Palma: il leggendario Hotel Victoria, affacciato sulle acque scintillanti del Paseo Mar\u00edtimo. Questa prestigiosa posizione non \u00e8 solo nel cuore della vivace vita notturna della citt\u00e0, ma \u00e8 anche ricca di storia, eleganza e fascino mediterraneo. <\/p><h3>Hotel Victoria: un punto di riferimento a Palma<\/h3><p>L&#8217;Hotel Victoria \u00e8 uno degli hotel pi\u00f9 rinomati e storici di Palma, risalente alla met\u00e0 del XX secolo. Nel corso dei decenni, ha accolto viaggiatori internazionali, celebrit\u00e0, artisti e reali, diventando un simbolo del lusso senza tempo a Maiorca. La sua posizione collinare offre splendide viste panoramiche sul porto turistico, sulla cattedrale e sulla baia, rendendolo una destinazione preferita per chi cerca comfort e un tocco di glamour d&#8217;altri tempi.  <\/p><p>L&#8217;architettura classica dell&#8217;hotel, gli interni eleganti e la ricca eredit\u00e0 lo rendono pi\u00f9 di un semplice luogo in cui soggiornare: \u00e8 un punto di riferimento culturale. All&#8217;interno delle sue mura si trova ora Social Club Mallorca, un&#8217;espressione audace e moderna di vita notturna, musica ed esperienze curate che completano la raffinatezza dei suoi dintorni. <\/p><h3>Paseo Mar\u00edtimo: il cuore pulsante del lungomare di Palma<\/h3><p>Costeggiando il porto turistico, il Paseo Mar\u00edtimo \u00e8 uno dei lungomare pi\u00f9 iconici della Spagna. Originariamente costruito come una piccola strada costiera, si \u00e8 trasformato nel corso degli anni in un viale vivace e fiancheggiato da palme che collega il ricco passato marittimo di Palma con il suo stile di vita moderno e cosmopolita. <\/p><p>Ornato di yacht di lusso, bar vivaci, ristoranti acclamati e club esclusivi, il Paseo Mar\u00edtimo \u00e8 stato a lungo l&#8217;epicentro della vita notturna di Palma. Sia i residenti che i visitatori sono attratti dalla sua energia, che si tratti di una passeggiata al tramonto, di una serata fuori o di una corsetta mattutina con la brezza mediterranea. <\/p><p>L&#8217;area sta subendo un&#8217;entusiasmante trasformazione, con recenti investimenti e sviluppi progettati per renderla pi\u00f9 adatta ai pedoni, pi\u00f9 verde e pi\u00f9 aperta al mare. Mentre questo prossimo capitolo del Paseo Mar\u00edtimo si sviluppa, Social Club \u00e8 orgoglioso di far parte della sua evoluzione, portando la vita notturna di livello mondiale in questo tratto storico dell&#8217;isola. <\/p><p>Che tu stia arrivando per una serata indimenticabile o semplicemente per immergerti nell&#8217;atmosfera, Social Club all&#8217;Hotel Victoria offre la base perfetta per vivere la bellezza, l&#8217;energia e la storia di Palma.<\/p>\t\t\t\t\t\t\t\t<\/div>\n\t\t\t\t<\/div>\n\t\t\t\t\t<\/div>\n\t\t\t\t<\/div>\n\t\t\t\t<\/div>\n\t\t","protected":false},"excerpt":{"rendered":"<p>Sede Boutique Club e VIP Lounge Social Club Mallorca &#8211; Una rivisitazione moderna di un classico intramontabile. Ispirato agli emblematici club per soci del centro citt\u00e0, Social \u00e8 uno spazio elegante, intimo e raffinato, ideale per ospitare qualsiasi tipo di evento privato con un&#8217;atmosfera sofisticata e cosmopolita. Situato nel cuore del prestigioso Paseo Mar\u00edtimo di [&hellip;]<\/p>\n","protected":false},"author":1,"featured_media":0,"parent":0,"menu_order":0,"comment_status":"closed","ping_status":"closed","template":"","meta":{"footnotes":""},"class_list":["post-1254","page","type-page","status-publish","hentry"],"blocksy_meta":[],"yoast_head":"<!-- This site is optimized with the Yoast SEO plugin v26.9 - https:\/\/yoast.com\/product\/yoast-seo-wordpress\/ -->\n<title>Sede | Social Club Mallorca<\/title>\n<meta name=\"description\" content=\"Ispirato agli emblematici club per soci del centro citt\u00e0, Social \u00e8 uno spazio elegante, intimo e raffinato.\" \/>\n<meta name=\"robots\" content=\"index, follow, max-snippet:-1, max-image-preview:large, max-video-preview:-1\" \/>\n<link rel=\"canonical\" href=\"https:\/\/socialclubmallorca.com\/it\/sede-2\/\" \/>\n<meta property=\"og:locale\" content=\"it_IT\" \/>\n<meta property=\"og:type\" content=\"article\" \/>\n<meta property=\"og:title\" content=\"Sede | Social Club Mallorca\" \/>\n<meta property=\"og:description\" content=\"Ispirato agli emblematici club per soci del centro citt\u00e0, Social \u00e8 uno spazio elegante, intimo e raffinato.\" \/>\n<meta property=\"og:url\" content=\"https:\/\/socialclubmallorca.com\/it\/sede-2\/\" \/>\n<meta property=\"og:site_name\" content=\"Social Club Mallorca\" \/>\n<meta property=\"article:modified_time\" content=\"2026-03-24T15:17:10+00:00\" \/>\n<meta name=\"twitter:card\" content=\"summary_large_image\" \/>\n<meta name=\"twitter:label1\" content=\"Tempo di lettura stimato\" \/>\n\t<meta name=\"twitter:data1\" content=\"3 minuti\" \/>\n<script type=\"application\/ld+json\" class=\"yoast-schema-graph\">{\"@context\":\"https:\/\/schema.org\",\"@graph\":[{\"@type\":\"WebPage\",\"@id\":\"https:\/\/socialclubmallorca.com\/it\/sede-2\/\",\"url\":\"https:\/\/socialclubmallorca.com\/it\/sede-2\/\",\"name\":\"Sede | Social Club Mallorca\",\"isPartOf\":{\"@id\":\"https:\/\/socialclubmallorca.com\/it\/#website\"},\"datePublished\":\"2025-05-30T19:47:49+00:00\",\"dateModified\":\"2026-03-24T15:17:10+00:00\",\"description\":\"Ispirato agli emblematici club per soci del centro citt\u00e0, Social \u00e8 uno spazio elegante, intimo e raffinato.\",\"breadcrumb\":{\"@id\":\"https:\/\/socialclubmallorca.com\/it\/sede-2\/#breadcrumb\"},\"inLanguage\":\"it-IT\",\"potentialAction\":[{\"@type\":\"ReadAction\",\"target\":[\"https:\/\/socialclubmallorca.com\/it\/sede-2\/\"]}]},{\"@type\":\"BreadcrumbList\",\"@id\":\"https:\/\/socialclubmallorca.com\/it\/sede-2\/#breadcrumb\",\"itemListElement\":[{\"@type\":\"ListItem\",\"position\":1,\"name\":\"Home\",\"item\":\"https:\/\/socialclubmallorca.com\/it\/social-club\/\"},{\"@type\":\"ListItem\",\"position\":2,\"name\":\"Sede\"}]},{\"@type\":\"WebSite\",\"@id\":\"https:\/\/socialclubmallorca.com\/it\/#website\",\"url\":\"https:\/\/socialclubmallorca.com\/it\/\",\"name\":\"Social Club Mallorca\",\"description\":\"\",\"publisher\":{\"@id\":\"https:\/\/socialclubmallorca.com\/it\/#organization\"},\"potentialAction\":[{\"@type\":\"SearchAction\",\"target\":{\"@type\":\"EntryPoint\",\"urlTemplate\":\"https:\/\/socialclubmallorca.com\/it\/?s={search_term_string}\"},\"query-input\":{\"@type\":\"PropertyValueSpecification\",\"valueRequired\":true,\"valueName\":\"search_term_string\"}}],\"inLanguage\":\"it-IT\"},{\"@type\":\"Organization\",\"@id\":\"https:\/\/socialclubmallorca.com\/it\/#organization\",\"name\":\"Social Club\",\"url\":\"https:\/\/socialclubmallorca.com\/it\/\",\"logo\":{\"@type\":\"ImageObject\",\"inLanguage\":\"it-IT\",\"@id\":\"https:\/\/socialclubmallorca.com\/it\/#\/schema\/logo\/image\/\",\"url\":\"https:\/\/socialclubmallorca.com\/wp-content\/uploads\/2026\/03\/symbol_.png\",\"contentUrl\":\"https:\/\/socialclubmallorca.com\/wp-content\/uploads\/2026\/03\/symbol_.png\",\"width\":918,\"height\":836,\"caption\":\"Social Club\"},\"image\":{\"@id\":\"https:\/\/socialclubmallorca.com\/it\/#\/schema\/logo\/image\/\"}}]}<\/script>\n<!-- \/ Yoast SEO plugin. -->","yoast_head_json":{"title":"Sede | Social Club Mallorca","description":"Ispirato agli emblematici club per soci del centro citt\u00e0, Social \u00e8 uno spazio elegante, intimo e raffinato.","robots":{"index":"index","follow":"follow","max-snippet":"max-snippet:-1","max-image-preview":"max-image-preview:large","max-video-preview":"max-video-preview:-1"},"canonical":"https:\/\/socialclubmallorca.com\/it\/sede-2\/","og_locale":"it_IT","og_type":"article","og_title":"Sede | Social Club Mallorca","og_description":"Ispirato agli emblematici club per soci del centro citt\u00e0, Social \u00e8 uno spazio elegante, intimo e raffinato.","og_url":"https:\/\/socialclubmallorca.com\/it\/sede-2\/","og_site_name":"Social Club Mallorca","article_modified_time":"2026-03-24T15:17:10+00:00","twitter_card":"summary_large_image","twitter_misc":{"Tempo di lettura stimato":"3 minuti"},"schema":{"@context":"https:\/\/schema.org","@graph":[{"@type":"WebPage","@id":"https:\/\/socialclubmallorca.com\/it\/sede-2\/","url":"https:\/\/socialclubmallorca.com\/it\/sede-2\/","name":"Sede | Social Club Mallorca","isPartOf":{"@id":"https:\/\/socialclubmallorca.com\/it\/#website"},"datePublished":"2025-05-30T19:47:49+00:00","dateModified":"2026-03-24T15:17:10+00:00","description":"Ispirato agli emblematici club per soci del centro citt\u00e0, Social \u00e8 uno spazio elegante, intimo e raffinato.","breadcrumb":{"@id":"https:\/\/socialclubmallorca.com\/it\/sede-2\/#breadcrumb"},"inLanguage":"it-IT","potentialAction":[{"@type":"ReadAction","target":["https:\/\/socialclubmallorca.com\/it\/sede-2\/"]}]},{"@type":"BreadcrumbList","@id":"https:\/\/socialclubmallorca.com\/it\/sede-2\/#breadcrumb","itemListElement":[{"@type":"ListItem","position":1,"name":"Home","item":"https:\/\/socialclubmallorca.com\/it\/social-club\/"},{"@type":"ListItem","position":2,"name":"Sede"}]},{"@type":"WebSite","@id":"https:\/\/socialclubmallorca.com\/it\/#website","url":"https:\/\/socialclubmallorca.com\/it\/","name":"Social Club Mallorca","description":"","publisher":{"@id":"https:\/\/socialclubmallorca.com\/it\/#organization"},"potentialAction":[{"@type":"SearchAction","target":{"@type":"EntryPoint","urlTemplate":"https:\/\/socialclubmallorca.com\/it\/?s={search_term_string}"},"query-input":{"@type":"PropertyValueSpecification","valueRequired":true,"valueName":"search_term_string"}}],"inLanguage":"it-IT"},{"@type":"Organization","@id":"https:\/\/socialclubmallorca.com\/it\/#organization","name":"Social Club","url":"https:\/\/socialclubmallorca.com\/it\/","logo":{"@type":"ImageObject","inLanguage":"it-IT","@id":"https:\/\/socialclubmallorca.com\/it\/#\/schema\/logo\/image\/","url":"https:\/\/socialclubmallorca.com\/wp-content\/uploads\/2026\/03\/symbol_.png","contentUrl":"https:\/\/socialclubmallorca.com\/wp-content\/uploads\/2026\/03\/symbol_.png","width":918,"height":836,"caption":"Social Club"},"image":{"@id":"https:\/\/socialclubmallorca.com\/it\/#\/schema\/logo\/image\/"}}]}},"_links":{"self":[{"href":"https:\/\/socialclubmallorca.com\/it\/wp-json\/wp\/v2\/pages\/1254","targetHints":{"allow":["GET"]}}],"collection":[{"href":"https:\/\/socialclubmallorca.com\/it\/wp-json\/wp\/v2\/pages"}],"about":[{"href":"https:\/\/socialclubmallorca.com\/it\/wp-json\/wp\/v2\/types\/page"}],"author":[{"embeddable":true,"href":"https:\/\/socialclubmallorca.com\/it\/wp-json\/wp\/v2\/users\/1"}],"replies":[{"embeddable":true,"href":"https:\/\/socialclubmallorca.com\/it\/wp-json\/wp\/v2\/comments?post=1254"}],"version-history":[{"count":2,"href":"https:\/\/socialclubmallorca.com\/it\/wp-json\/wp\/v2\/pages\/1254\/revisions"}],"predecessor-version":[{"id":2026,"href":"https:\/\/socialclubmallorca.com\/it\/wp-json\/wp\/v2\/pages\/1254\/revisions\/2026"}],"wp:attachment":[{"href":"https:\/\/socialclubmallorca.com\/it\/wp-json\/wp\/v2\/media?parent=1254"}],"curies":[{"name":"wp","href":"https:\/\/api.w.org\/{rel}","templated":true}]}}