{"id":2017,"date":"2026-03-24T14:42:07","date_gmt":"2026-03-24T14:42:07","guid":{"rendered":"https:\/\/socialclubmallorca.com\/gruppi-e-celebrazioni\/"},"modified":"2026-03-27T14:37:20","modified_gmt":"2026-03-27T14:37:20","slug":"gruppi-e-celebrazioni","status":"publish","type":"page","link":"https:\/\/socialclubmallorca.com\/it\/gruppi-e-celebrazioni\/","title":{"rendered":"Gruppi e celebrazioni"},"content":{"rendered":"\t\t<div data-elementor-type=\"wp-page\" data-elementor-id=\"2017\" class=\"elementor elementor-2017 elementor-1936\" data-elementor-post-type=\"page\">\n\t\t\t\t<div class=\"elementor-element elementor-element-af9023c e-flex e-con-boxed e-con e-parent\" data-id=\"af9023c\" data-element_type=\"container\" data-e-type=\"container\" data-settings=\"{&quot;background_background&quot;:&quot;classic&quot;,&quot;jet_parallax_layout_list&quot;:[]}\">\n\t\t\t\t\t<div class=\"e-con-inner\">\n\t\t\t\t<div class=\"elementor-element elementor-element-dc36961 elementor-invisible elementor-widget elementor-widget-heading\" data-id=\"dc36961\" data-element_type=\"widget\" data-e-type=\"widget\" data-settings=\"{&quot;_animation&quot;:&quot;fadeIn&quot;}\" data-widget_type=\"heading.default\">\n\t\t\t\t<div class=\"elementor-widget-container\">\n\t\t\t\t\t<h1 class=\"elementor-heading-title elementor-size-default\">Gruppi e celebrazioni<\/h1>\t\t\t\t<\/div>\n\t\t\t\t<\/div>\n\t\t\t\t<div class=\"elementor-element elementor-element-6247af3 elementor-widget-divider--view-line elementor-invisible elementor-widget elementor-widget-divider\" data-id=\"6247af3\" data-element_type=\"widget\" data-e-type=\"widget\" data-settings=\"{&quot;_animation&quot;:&quot;fadeInDown&quot;}\" data-widget_type=\"divider.default\">\n\t\t\t\t<div class=\"elementor-widget-container\">\n\t\t\t\t\t\t\t<div class=\"elementor-divider\">\n\t\t\t<span class=\"elementor-divider-separator\">\n\t\t\t\t\t\t<\/span>\n\t\t<\/div>\n\t\t\t\t\t\t<\/div>\n\t\t\t\t<\/div>\n\t\t\t\t\t<\/div>\n\t\t\t\t<\/div>\n\t\t<div class=\"elementor-element elementor-element-cf498f1 e-flex e-con-boxed e-con e-parent\" data-id=\"cf498f1\" data-element_type=\"container\" data-e-type=\"container\" data-settings=\"{&quot;jet_parallax_layout_list&quot;:[]}\">\n\t\t\t\t\t<div class=\"e-con-inner\">\n\t\t<div class=\"elementor-element elementor-element-a53940a e-con-full e-flex e-con e-child\" data-id=\"a53940a\" data-element_type=\"container\" data-e-type=\"container\" data-settings=\"{&quot;jet_parallax_layout_list&quot;:[],&quot;animation&quot;:&quot;none&quot;}\">\n\t\t\t\t<div class=\"elementor-element elementor-element-603dd0d elementor-invisible elementor-widget elementor-widget-text-editor\" data-id=\"603dd0d\" data-element_type=\"widget\" data-e-type=\"widget\" data-settings=\"{&quot;_animation&quot;:&quot;fadeIn&quot;}\" data-widget_type=\"text-editor.default\">\n\t\t\t\t<div class=\"elementor-widget-container\">\n\t\t\t\t\t\t\t\t\t<div>Social Club offre esperienze su misura per gruppi di ogni dimensione: dalle celebrazioni intime a serate pi\u00f9 grandi e completamente curate.<\/div><div>Sia che prenoti un tavolo nella sala principale o che combini pi\u00f9 aree per creare un ambiente pi\u00f9 riservato, ogni esperienza di gruppo \u00e8 progettata con un&#8217;attenzione particolare alla fluidit\u00e0, al servizio e all&#8217;atmosfera.<\/div><div> <\/div><div>Compleanni, celebrazioni e occasioni speciali sono integrati perfettamente nell&#8217;energia del club, permettendo agli ospiti di godersi un&#8217;esperienza personalizzata senza perdere il contatto con il resto della sala.<\/div>\t\t\t\t\t\t\t\t<\/div>\n\t\t\t\t<\/div>\n\t\t\t\t<\/div>\n\t\t<div class=\"elementor-element elementor-element-b24b910 e-con-full e-flex elementor-invisible e-con e-child\" data-id=\"b24b910\" data-element_type=\"container\" data-e-type=\"container\" data-settings=\"{&quot;background_background&quot;:&quot;classic&quot;,&quot;jet_parallax_layout_list&quot;:[],&quot;animation&quot;:&quot;fadeInRight&quot;}\">\n\t\t\t\t<\/div>\n\t\t\t\t\t<\/div>\n\t\t\t\t<\/div>\n\t\t<div class=\"elementor-element elementor-element-fa6e523 e-flex e-con-boxed e-con e-parent\" data-id=\"fa6e523\" data-element_type=\"container\" data-e-type=\"container\" data-settings=\"{&quot;jet_parallax_layout_list&quot;:[]}\">\n\t\t\t\t\t<div class=\"e-con-inner\">\n\t\t\t\t<div class=\"elementor-element elementor-element-8d1941b elementor-invisible elementor-widget elementor-widget-heading\" data-id=\"8d1941b\" data-element_type=\"widget\" data-e-type=\"widget\" data-settings=\"{&quot;_animation&quot;:&quot;fadeIn&quot;}\" data-widget_type=\"heading.default\">\n\t\t\t\t<div class=\"elementor-widget-container\">\n\t\t\t\t\t<h2 class=\"elementor-heading-title elementor-size-default\">\u201cLe persone <span class=\"highlight-word\">dimenticheranno<\/span> ci\u00f2 che hai detto, ma <span class=\"highlight-word\">non dimenticheranno mai<\/span> come le hai fatte sentire.\u201d<\/h2>\t\t\t\t<\/div>\n\t\t\t\t<\/div>\n\t\t\t\t<div class=\"elementor-element elementor-element-5dc009a elementor-invisible elementor-widget elementor-widget-heading\" data-id=\"5dc009a\" data-element_type=\"widget\" data-e-type=\"widget\" data-settings=\"{&quot;_animation&quot;:&quot;fadeIn&quot;,&quot;_animation_delay&quot;:400}\" data-widget_type=\"heading.default\">\n\t\t\t\t<div class=\"elementor-widget-container\">\n\t\t\t\t\t<div class=\"elementor-heading-title elementor-size-default\">Maya Angelou<\/div>\t\t\t\t<\/div>\n\t\t\t\t<\/div>\n\t\t\t\t\t<\/div>\n\t\t\t\t<\/div>\n\t\t<div class=\"elementor-element elementor-element-d913cf8 e-flex e-con-boxed e-con e-parent\" data-id=\"d913cf8\" data-element_type=\"container\" data-e-type=\"container\" data-settings=\"{&quot;jet_parallax_layout_list&quot;:[]}\">\n\t\t\t\t\t<div class=\"e-con-inner\">\n\t\t<div class=\"elementor-element elementor-element-5802a45 e-con-full e-flex e-con e-child\" data-id=\"5802a45\" data-element_type=\"container\" data-e-type=\"container\" data-settings=\"{&quot;jet_parallax_layout_list&quot;:[],&quot;animation&quot;:&quot;none&quot;}\">\n\t\t\t\t<div class=\"elementor-element elementor-element-db37a6c elementor-invisible elementor-widget elementor-widget-text-editor\" data-id=\"db37a6c\" data-element_type=\"widget\" data-e-type=\"widget\" data-settings=\"{&quot;_animation&quot;:&quot;fadeIn&quot;}\" data-widget_type=\"text-editor.default\">\n\t\t\t\t<div class=\"elementor-widget-container\">\n\t\t\t\t\t\t\t\t\t<div>Per un&#8217;opzione pi\u00f9 esclusiva, la Social Suite offre uno spazio privato ed elevato per un massimo di 15\u201320 ospiti. Posizionata sopra la pista principale con il proprio punto di osservazione sul club, offre un ambiente pi\u00f9 controllato pur rimanendo pienamente connessa all&#8217;atmosfera sottostante. <\/div><div> <\/div><div>I gruppi pi\u00f9 numerosi possono essere ospitati su pi\u00f9 tavoli o in zone dedicate, creando un&#8217;esperienza condivisa con maggiore privacy e flessibilit\u00e0.<\/div><div> <\/div>\t\t\t\t\t\t\t\t<\/div>\n\t\t\t\t<\/div>\n\t\t\t\t<\/div>\n\t\t<div class=\"elementor-element elementor-element-86a0a41 e-con-full e-flex elementor-invisible e-con e-child\" data-id=\"86a0a41\" data-element_type=\"container\" data-e-type=\"container\" data-settings=\"{&quot;background_background&quot;:&quot;classic&quot;,&quot;jet_parallax_layout_list&quot;:[],&quot;animation&quot;:&quot;fadeInLeft&quot;}\">\n\t\t\t\t<\/div>\n\t\t\t\t\t<\/div>\n\t\t\t\t<\/div>\n\t\t<div class=\"elementor-element elementor-element-c7bb447 e-flex e-con-boxed e-con e-parent\" data-id=\"c7bb447\" data-element_type=\"container\" data-e-type=\"container\" data-settings=\"{&quot;jet_parallax_layout_list&quot;:[]}\">\n\t\t\t\t\t<div class=\"e-con-inner\">\n\t\t\t\t<div class=\"elementor-element elementor-element-6f5d568 elementor-invisible elementor-widget elementor-widget-text-editor\" data-id=\"6f5d568\" data-element_type=\"widget\" data-e-type=\"widget\" data-settings=\"{&quot;_animation&quot;:&quot;fadeIn&quot;}\" data-widget_type=\"text-editor.default\">\n\t\t\t\t<div class=\"elementor-widget-container\">\n\t\t\t\t\t\t\t\t\t<div>Il nostro team lavora a stretto contatto con ogni prenotazione per garantire un&#8217;esperienza fluida dall&#8217;arrivo fino alla fine della serata.<\/div><div>Un approccio flessibile permette a ogni gruppo di dare forma alla propria esperienza, pur rimanendo parte dell&#8217;atmosfera del Social Club.<\/div>\t\t\t\t\t\t\t\t<\/div>\n\t\t\t\t<\/div>\n\t\t\t\t<div class=\"elementor-element elementor-element-86b5384 elementor-widget elementor-widget-heading\" data-id=\"86b5384\" data-element_type=\"widget\" data-e-type=\"widget\" data-widget_type=\"heading.default\">\n\t\t\t\t<div class=\"elementor-widget-container\">\n\t\t\t\t\t<h3 class=\"elementor-heading-title elementor-size-default\">Contatto<\/h3>\t\t\t\t<\/div>\n\t\t\t\t<\/div>\n\t\t\t\t<div class=\"elementor-element elementor-element-8cb092f elementor-invisible elementor-widget elementor-widget-text-editor\" data-id=\"8cb092f\" data-element_type=\"widget\" data-e-type=\"widget\" data-settings=\"{&quot;_animation&quot;:&quot;fadeIn&quot;}\" data-widget_type=\"text-editor.default\">\n\t\t\t\t<div class=\"elementor-widget-container\">\n\t\t\t\t\t\t\t\t\t<p class=\"p1\"><a href=\"mailto:events@socialclubmallorca.com\">events@socialclubmallorca.com<\/a><\/p>\t\t\t\t\t\t\t\t<\/div>\n\t\t\t\t<\/div>\n\t\t\t\t\t<\/div>\n\t\t\t\t<\/div>\n\t\t\t\t<\/div>\n\t\t","protected":false},"excerpt":{"rendered":"<p>Gruppi e celebrazioni Social Club offre esperienze su misura per gruppi di ogni dimensione: dalle celebrazioni intime a serate pi\u00f9 grandi e completamente curate.Sia che prenoti un tavolo nella sala principale o che combini pi\u00f9 aree per creare un ambiente pi\u00f9 riservato, ogni esperienza di gruppo \u00e8 progettata con un&#8217;attenzione particolare alla fluidit\u00e0, al servizio [&hellip;]<\/p>\n","protected":false},"author":1,"featured_media":1194,"parent":0,"menu_order":0,"comment_status":"closed","ping_status":"closed","template":"","meta":{"footnotes":""},"class_list":["post-2017","page","type-page","status-publish","has-post-thumbnail","hentry"],"blocksy_meta":[],"yoast_head":"<!-- This site is optimized with the Yoast SEO plugin v26.9 - https:\/\/yoast.com\/product\/yoast-seo-wordpress\/ -->\n<title>Gruppi e celebrazioni | Social Club Mallorca<\/title>\n<meta name=\"description\" content=\"Sia che prenoti un tavolo nella sala principale o che combini pi\u00f9 aree per creare un ambiente pi\u00f9 riservato, ogni esperienza di gruppo \u00e8 progettata con un&#039;attenzione particolare alla fluidit\u00e0.\" \/>\n<meta name=\"robots\" content=\"index, follow, max-snippet:-1, max-image-preview:large, max-video-preview:-1\" \/>\n<link rel=\"canonical\" href=\"https:\/\/socialclubmallorca.com\/it\/gruppi-e-celebrazioni\/\" \/>\n<meta property=\"og:locale\" content=\"it_IT\" \/>\n<meta property=\"og:type\" content=\"article\" \/>\n<meta property=\"og:title\" content=\"Gruppi e celebrazioni | Social Club Mallorca\" \/>\n<meta property=\"og:description\" content=\"Sia che prenoti un tavolo nella sala principale o che combini pi\u00f9 aree per creare un ambiente pi\u00f9 riservato, ogni esperienza di gruppo \u00e8 progettata con un&#039;attenzione particolare alla fluidit\u00e0.\" \/>\n<meta property=\"og:url\" content=\"https:\/\/socialclubmallorca.com\/it\/gruppi-e-celebrazioni\/\" \/>\n<meta property=\"og:site_name\" content=\"Social Club Mallorca\" \/>\n<meta property=\"article:modified_time\" content=\"2026-03-27T14:37:20+00:00\" \/>\n<meta property=\"og:image\" content=\"https:\/\/socialclubmallorca.com\/wp-content\/uploads\/2026\/01\/bottles-1.jpg\" \/>\n\t<meta property=\"og:image:width\" content=\"1537\" \/>\n\t<meta property=\"og:image:height\" content=\"2048\" \/>\n\t<meta property=\"og:image:type\" content=\"image\/jpeg\" \/>\n<meta name=\"twitter:card\" content=\"summary_large_image\" \/>\n<meta name=\"twitter:label1\" content=\"Tempo di lettura stimato\" \/>\n\t<meta name=\"twitter:data1\" content=\"1 minuto\" \/>\n<script type=\"application\/ld+json\" class=\"yoast-schema-graph\">{\"@context\":\"https:\/\/schema.org\",\"@graph\":[{\"@type\":\"WebPage\",\"@id\":\"https:\/\/socialclubmallorca.com\/it\/gruppi-e-celebrazioni\/\",\"url\":\"https:\/\/socialclubmallorca.com\/it\/gruppi-e-celebrazioni\/\",\"name\":\"Gruppi e celebrazioni | Social Club Mallorca\",\"isPartOf\":{\"@id\":\"https:\/\/socialclubmallorca.com\/it\/#website\"},\"primaryImageOfPage\":{\"@id\":\"https:\/\/socialclubmallorca.com\/it\/gruppi-e-celebrazioni\/#primaryimage\"},\"image\":{\"@id\":\"https:\/\/socialclubmallorca.com\/it\/gruppi-e-celebrazioni\/#primaryimage\"},\"thumbnailUrl\":\"https:\/\/socialclubmallorca.com\/wp-content\/uploads\/2026\/01\/bottles-1.jpg\",\"datePublished\":\"2026-03-24T14:42:07+00:00\",\"dateModified\":\"2026-03-27T14:37:20+00:00\",\"description\":\"Sia che prenoti un tavolo nella sala principale o che combini pi\u00f9 aree per creare un ambiente pi\u00f9 riservato, ogni esperienza di gruppo \u00e8 progettata con un'attenzione particolare alla fluidit\u00e0.\",\"breadcrumb\":{\"@id\":\"https:\/\/socialclubmallorca.com\/it\/gruppi-e-celebrazioni\/#breadcrumb\"},\"inLanguage\":\"it-IT\",\"potentialAction\":[{\"@type\":\"ReadAction\",\"target\":[\"https:\/\/socialclubmallorca.com\/it\/gruppi-e-celebrazioni\/\"]}]},{\"@type\":\"ImageObject\",\"inLanguage\":\"it-IT\",\"@id\":\"https:\/\/socialclubmallorca.com\/it\/gruppi-e-celebrazioni\/#primaryimage\",\"url\":\"https:\/\/socialclubmallorca.com\/wp-content\/uploads\/2026\/01\/bottles-1.jpg\",\"contentUrl\":\"https:\/\/socialclubmallorca.com\/wp-content\/uploads\/2026\/01\/bottles-1.jpg\",\"width\":1537,\"height\":2048,\"caption\":\"Social club mallorca\"},{\"@type\":\"BreadcrumbList\",\"@id\":\"https:\/\/socialclubmallorca.com\/it\/gruppi-e-celebrazioni\/#breadcrumb\",\"itemListElement\":[{\"@type\":\"ListItem\",\"position\":1,\"name\":\"Home\",\"item\":\"https:\/\/socialclubmallorca.com\/it\/social-club\/\"},{\"@type\":\"ListItem\",\"position\":2,\"name\":\"Gruppi e celebrazioni\"}]},{\"@type\":\"WebSite\",\"@id\":\"https:\/\/socialclubmallorca.com\/it\/#website\",\"url\":\"https:\/\/socialclubmallorca.com\/it\/\",\"name\":\"Social Club Mallorca\",\"description\":\"\",\"publisher\":{\"@id\":\"https:\/\/socialclubmallorca.com\/it\/#organization\"},\"potentialAction\":[{\"@type\":\"SearchAction\",\"target\":{\"@type\":\"EntryPoint\",\"urlTemplate\":\"https:\/\/socialclubmallorca.com\/it\/?s={search_term_string}\"},\"query-input\":{\"@type\":\"PropertyValueSpecification\",\"valueRequired\":true,\"valueName\":\"search_term_string\"}}],\"inLanguage\":\"it-IT\"},{\"@type\":\"Organization\",\"@id\":\"https:\/\/socialclubmallorca.com\/it\/#organization\",\"name\":\"Social Club\",\"url\":\"https:\/\/socialclubmallorca.com\/it\/\",\"logo\":{\"@type\":\"ImageObject\",\"inLanguage\":\"it-IT\",\"@id\":\"https:\/\/socialclubmallorca.com\/it\/#\/schema\/logo\/image\/\",\"url\":\"https:\/\/socialclubmallorca.com\/wp-content\/uploads\/2026\/03\/symbol_.png\",\"contentUrl\":\"https:\/\/socialclubmallorca.com\/wp-content\/uploads\/2026\/03\/symbol_.png\",\"width\":918,\"height\":836,\"caption\":\"Social Club\"},\"image\":{\"@id\":\"https:\/\/socialclubmallorca.com\/it\/#\/schema\/logo\/image\/\"}}]}<\/script>\n<!-- \/ Yoast SEO plugin. -->","yoast_head_json":{"title":"Gruppi e celebrazioni | Social Club Mallorca","description":"Sia che prenoti un tavolo nella sala principale o che combini pi\u00f9 aree per creare un ambiente pi\u00f9 riservato, ogni esperienza di gruppo \u00e8 progettata con un'attenzione particolare alla fluidit\u00e0.","robots":{"index":"index","follow":"follow","max-snippet":"max-snippet:-1","max-image-preview":"max-image-preview:large","max-video-preview":"max-video-preview:-1"},"canonical":"https:\/\/socialclubmallorca.com\/it\/gruppi-e-celebrazioni\/","og_locale":"it_IT","og_type":"article","og_title":"Gruppi e celebrazioni | Social Club Mallorca","og_description":"Sia che prenoti un tavolo nella sala principale o che combini pi\u00f9 aree per creare un ambiente pi\u00f9 riservato, ogni esperienza di gruppo \u00e8 progettata con un'attenzione particolare alla fluidit\u00e0.","og_url":"https:\/\/socialclubmallorca.com\/it\/gruppi-e-celebrazioni\/","og_site_name":"Social Club Mallorca","article_modified_time":"2026-03-27T14:37:20+00:00","og_image":[{"width":1537,"height":2048,"url":"https:\/\/socialclubmallorca.com\/wp-content\/uploads\/2026\/01\/bottles-1.jpg","type":"image\/jpeg"}],"twitter_card":"summary_large_image","twitter_misc":{"Tempo di lettura stimato":"1 minuto"},"schema":{"@context":"https:\/\/schema.org","@graph":[{"@type":"WebPage","@id":"https:\/\/socialclubmallorca.com\/it\/gruppi-e-celebrazioni\/","url":"https:\/\/socialclubmallorca.com\/it\/gruppi-e-celebrazioni\/","name":"Gruppi e celebrazioni | Social Club Mallorca","isPartOf":{"@id":"https:\/\/socialclubmallorca.com\/it\/#website"},"primaryImageOfPage":{"@id":"https:\/\/socialclubmallorca.com\/it\/gruppi-e-celebrazioni\/#primaryimage"},"image":{"@id":"https:\/\/socialclubmallorca.com\/it\/gruppi-e-celebrazioni\/#primaryimage"},"thumbnailUrl":"https:\/\/socialclubmallorca.com\/wp-content\/uploads\/2026\/01\/bottles-1.jpg","datePublished":"2026-03-24T14:42:07+00:00","dateModified":"2026-03-27T14:37:20+00:00","description":"Sia che prenoti un tavolo nella sala principale o che combini pi\u00f9 aree per creare un ambiente pi\u00f9 riservato, ogni esperienza di gruppo \u00e8 progettata con un'attenzione particolare alla fluidit\u00e0.","breadcrumb":{"@id":"https:\/\/socialclubmallorca.com\/it\/gruppi-e-celebrazioni\/#breadcrumb"},"inLanguage":"it-IT","potentialAction":[{"@type":"ReadAction","target":["https:\/\/socialclubmallorca.com\/it\/gruppi-e-celebrazioni\/"]}]},{"@type":"ImageObject","inLanguage":"it-IT","@id":"https:\/\/socialclubmallorca.com\/it\/gruppi-e-celebrazioni\/#primaryimage","url":"https:\/\/socialclubmallorca.com\/wp-content\/uploads\/2026\/01\/bottles-1.jpg","contentUrl":"https:\/\/socialclubmallorca.com\/wp-content\/uploads\/2026\/01\/bottles-1.jpg","width":1537,"height":2048,"caption":"Social club mallorca"},{"@type":"BreadcrumbList","@id":"https:\/\/socialclubmallorca.com\/it\/gruppi-e-celebrazioni\/#breadcrumb","itemListElement":[{"@type":"ListItem","position":1,"name":"Home","item":"https:\/\/socialclubmallorca.com\/it\/social-club\/"},{"@type":"ListItem","position":2,"name":"Gruppi e celebrazioni"}]},{"@type":"WebSite","@id":"https:\/\/socialclubmallorca.com\/it\/#website","url":"https:\/\/socialclubmallorca.com\/it\/","name":"Social Club Mallorca","description":"","publisher":{"@id":"https:\/\/socialclubmallorca.com\/it\/#organization"},"potentialAction":[{"@type":"SearchAction","target":{"@type":"EntryPoint","urlTemplate":"https:\/\/socialclubmallorca.com\/it\/?s={search_term_string}"},"query-input":{"@type":"PropertyValueSpecification","valueRequired":true,"valueName":"search_term_string"}}],"inLanguage":"it-IT"},{"@type":"Organization","@id":"https:\/\/socialclubmallorca.com\/it\/#organization","name":"Social Club","url":"https:\/\/socialclubmallorca.com\/it\/","logo":{"@type":"ImageObject","inLanguage":"it-IT","@id":"https:\/\/socialclubmallorca.com\/it\/#\/schema\/logo\/image\/","url":"https:\/\/socialclubmallorca.com\/wp-content\/uploads\/2026\/03\/symbol_.png","contentUrl":"https:\/\/socialclubmallorca.com\/wp-content\/uploads\/2026\/03\/symbol_.png","width":918,"height":836,"caption":"Social Club"},"image":{"@id":"https:\/\/socialclubmallorca.com\/it\/#\/schema\/logo\/image\/"}}]}},"_links":{"self":[{"href":"https:\/\/socialclubmallorca.com\/it\/wp-json\/wp\/v2\/pages\/2017","targetHints":{"allow":["GET"]}}],"collection":[{"href":"https:\/\/socialclubmallorca.com\/it\/wp-json\/wp\/v2\/pages"}],"about":[{"href":"https:\/\/socialclubmallorca.com\/it\/wp-json\/wp\/v2\/types\/page"}],"author":[{"embeddable":true,"href":"https:\/\/socialclubmallorca.com\/it\/wp-json\/wp\/v2\/users\/1"}],"replies":[{"embeddable":true,"href":"https:\/\/socialclubmallorca.com\/it\/wp-json\/wp\/v2\/comments?post=2017"}],"version-history":[{"count":2,"href":"https:\/\/socialclubmallorca.com\/it\/wp-json\/wp\/v2\/pages\/2017\/revisions"}],"predecessor-version":[{"id":2305,"href":"https:\/\/socialclubmallorca.com\/it\/wp-json\/wp\/v2\/pages\/2017\/revisions\/2305"}],"wp:featuredmedia":[{"embeddable":true,"href":"https:\/\/socialclubmallorca.com\/it\/wp-json\/wp\/v2\/media\/1194"}],"wp:attachment":[{"href":"https:\/\/socialclubmallorca.com\/it\/wp-json\/wp\/v2\/media?parent=2017"}],"curies":[{"name":"wp","href":"https:\/\/api.w.org\/{rel}","templated":true}]}}